{"id":2,"date":"2015-11-02T14:32:21","date_gmt":"2015-11-02T13:32:21","guid":{"rendered":"http:\/\/e-doc.univ-avignon.fr\/sifac\/?page_id=2"},"modified":"2026-01-06T08:05:51","modified_gmt":"2026-01-06T07:05:51","slug":"affaires-financieres","status":"publish","type":"page","link":"https:\/\/e-doc.univ-avignon.fr\/affaires-financieres\/","title":{"rendered":"Affaires Financi\u00e8res"},"content":{"rendered":"<p>La gestion des affaires financi\u00e8res d\u2019Avignon Universit\u00e9 est confi\u00e9e \u00e0 deux services :<\/p>\n<ul>\n<li><strong>L&rsquo;agence comptable<\/strong><\/li>\n<\/ul>\n<p>Agent comptable : Claude Guintoli (bureau 3E19)<\/p>\n<p>Adjoint : Corinne Estrata (bureau 3E21)<\/p>\n<p>L&rsquo;agence comptable est compos\u00e9e de trois p\u00f4les :<\/p>\n<p><strong>&#8211; P\u00f4le service facturier<\/strong><\/p>\n<p>Responsable du p\u00f4le : Carole Mahieu<\/p>\n<p>Bureau 3E23<\/p>\n<p><strong>\u00c9quipe<\/strong><\/p>\n<p>Christine Augustin<strong>, <\/strong>Bureau 3E24<\/p>\n<p>Val\u00e9rie Befve<strong>, <\/strong>Bureau 3E24<\/p>\n<p>Sonia Heliot<strong>, <\/strong>Bureau 3E24<\/p>\n<p>Vongprachanh Gaugier<strong>, <\/strong>Bureau 3E24<\/p>\n<p><strong>&#8211; P\u00f4le comptabilit\u00e9 g\u00e9n\u00e9rale<\/strong><\/p>\n<p>Estelle Debiol, Bureau 3E22<\/p>\n<p>C\u00e9cile Von\u00e9, Bureau 3E22<\/p>\n<p><strong>&#8211; P\u00f4le recouvrement<\/strong><\/p>\n<p>Isabelle CARLI-CHEVAL, Bureau 3E20<\/p>\n<p>&nbsp;<\/p>\n<ul>\n<li><strong>La direction des affaires financi\u00e8res (DAF)<br \/>\n<\/strong><\/li>\n<\/ul>\n<p>Directrice : Laurence Sommazi (bureau 1W61)<\/p>\n<p>Directeur adjoint et responsable du budget : S\u00e9bastien Bouyer (bureau 1W62)<\/p>\n<p>La DAF est compos\u00e9e de\u00a0 :<\/p>\n<p><strong>&#8211; P\u00f4le recherche et formation<\/strong><\/p>\n<p>Responsable : Philippe Martin<\/p>\n<p>Bureaux 1W57-1W59<\/p>\n<p><strong>&#8211; Cellule contr\u00f4le et appui &#8211; correspondante fonctionnelle SIFAC<br \/>\n<\/strong><\/p>\n<p>Responsable : Virginie Menichetti<\/p>\n<p>Bureau 1W60bis<\/p>\n<p><strong>&#8211; Service des achats et de la commande publique<\/strong><\/p>\n<p>Responsable : Vasco Gomez<\/p>\n<p>Bureaux 1W65-1W60<\/p>\n<p><strong>&#8211; Centre de services partag\u00e9s central<\/strong><\/p>\n<p>Responsable : Magali Lauvergeon<\/p>\n<p>Bureaux 1W64-1W63<\/p>\n<p>&nbsp;<\/p>\n<p>&nbsp;<\/p>\n","protected":false},"excerpt":{"rendered":"<p>La gestion des affaires financi\u00e8res d\u2019Avignon Universit\u00e9 est confi\u00e9e \u00e0 deux services : L&rsquo;agence comptable Agent comptable : Claude Guintoli (bureau 3E19) Adjoint : Corinne Estrata (bureau 3E21) L&rsquo;agence comptable est compos\u00e9e de trois p\u00f4les : &#8211; P\u00f4le service facturier Responsable du p\u00f4le : Carole Mahieu Bureau 3E23 \u00c9quipe Christine Augustin, Bureau 3E24 Val\u00e9rie Befve, &hellip; <a href=\"https:\/\/e-doc.univ-avignon.fr\/affaires-financieres\/\" class=\"more-link\">Continuer la lecture de <span class=\"screen-reader-text\">Affaires Financi\u00e8res<\/span><\/a><\/p>\n","protected":false},"author":1,"featured_media":0,"parent":0,"menu_order":0,"comment_status":"closed","ping_status":"closed","template":"","meta":{"footnotes":""},"class_list":["post-2","page","type-page","status-publish","hentry"],"_links":{"self":[{"href":"https:\/\/e-doc.univ-avignon.fr\/affaires-financieres\/wp-json\/wp\/v2\/pages\/2","targetHints":{"allow":["GET"]}}],"collection":[{"href":"https:\/\/e-doc.univ-avignon.fr\/affaires-financieres\/wp-json\/wp\/v2\/pages"}],"about":[{"href":"https:\/\/e-doc.univ-avignon.fr\/affaires-financieres\/wp-json\/wp\/v2\/types\/page"}],"author":[{"embeddable":true,"href":"https:\/\/e-doc.univ-avignon.fr\/affaires-financieres\/wp-json\/wp\/v2\/users\/1"}],"replies":[{"embeddable":true,"href":"https:\/\/e-doc.univ-avignon.fr\/affaires-financieres\/wp-json\/wp\/v2\/comments?post=2"}],"version-history":[{"count":33,"href":"https:\/\/e-doc.univ-avignon.fr\/affaires-financieres\/wp-json\/wp\/v2\/pages\/2\/revisions"}],"predecessor-version":[{"id":2511,"href":"https:\/\/e-doc.univ-avignon.fr\/affaires-financieres\/wp-json\/wp\/v2\/pages\/2\/revisions\/2511"}],"wp:attachment":[{"href":"https:\/\/e-doc.univ-avignon.fr\/affaires-financieres\/wp-json\/wp\/v2\/media?parent=2"}],"curies":[{"name":"wp","href":"https:\/\/api.w.org\/{rel}","templated":true}]}}