{"id":1699,"date":"2017-03-29T10:46:20","date_gmt":"2017-03-29T09:46:20","guid":{"rendered":"http:\/\/e-doc.univ-avignon.fr\/affaires-juridiques\/?page_id=1699"},"modified":"2017-03-29T11:11:07","modified_gmt":"2017-03-29T10:11:07","slug":"arretes-electoraux-du-president-2016","status":"publish","type":"page","link":"https:\/\/e-doc.univ-avignon.fr\/affaires-juridiques\/actes-reglementaires\/arretes-electoraux-du-president-2016\/","title":{"rendered":"Arr\u00eat\u00e9s \u00e9lectoraux du Pr\u00e9sident &#8211; 2016"},"content":{"rendered":"<p class=\"bodytext\">&#8211; <a class=\"download\" href=\"\/affaires-juridiques\/wp-content\/uploads\/sites\/11\/2016\/03\/Arrete_SAJ_n_2016-01_du_18janv2016_elections_partielles_conseil_UFR-ipALL_colleges_A_et_B_1ermars2016.pdf\" target=\"_self\">Arr\u00eat\u00e9 SAJ n\u00b02016-01 du 18 janvier 2016<\/a> : Portant organisation d&rsquo;\u00e9lections partielles pour le remplacement de repr\u00e9sentants des personnels (coll\u00e8ges A et B) au conseil d&rsquo;UFR-ip ALL &#8211; scrutins du 1er mars 2016.<\/p>\n<p class=\"bodytext\">&#8211; <a class=\"download\" href=\"\/affaires-juridiques\/wp-content\/uploads\/sites\/11\/2016\/03\/Arrete_SAJ_n_2016-02_du_2fev2016_election_partielle_etudiants_CD_BU_scrutin_CA_29mars2016_.pdf\" target=\"_self\">Arr\u00eat\u00e9 SAJ n\u00b02016-02 du 2 f\u00e9vrier 2016<\/a> : Portant organisation de l&rsquo;\u00e9lection partielle pour le renouvellement de trois repr\u00e9sentants des \u00e9tudiants au conseil documentaire de la biblioth\u00e8que universitaire &#8211; scrutin le 29 mars 2016 en conseil d&rsquo;administration.<\/p>\n<p class=\"bodytext\">&#8211;\u00a0 <a href=\"http:\/\/e-doc.univ-avignon.fr\/affaires-juridiques\/wp-content\/uploads\/sites\/11\/2016\/03\/Arrete_SAJ_n_2016-03_du_22fev2016_modif_date_election_partielle_etudiants_CD_BU_scrutin_CA_22mars2016_-1.pdf\">Arr\u00eat\u00e9 SAJ n\u00b02016-03 du 22 f\u00e9vrier 2016 <\/a>: Modification de l&rsquo;arr\u00eat\u00e9 d&rsquo;organisation de l&rsquo;\u00e9lection partielle pour le renouvellement de trois repr\u00e9sentants \u00e9tudiants au conseil documentaire de la biblioth\u00e8que universitaire &#8211; scrutin avanc\u00e9 au 22 mars 2016 en conseil d&rsquo;administration.<\/p>\n<p class=\"bodytext\">&#8211;\u00a0<a href=\"http:\/\/e-doc.univ-avignon.fr\/affaires-juridiques\/wp-content\/uploads\/sites\/11\/2016\/03\/Arrete_SAJ_n_2016-04_du_23mars2016_election_directeur_rice__IUT_-_scrutin_du_9mai2016_en_conseil_IUT.pdf\">Arr\u00eat\u00e9 SAJ n\u00b02016-04 du 23 mars 2016<\/a> : Portant organisation de l&rsquo;\u00e9lection du (de la) directeur(trice) de l&rsquo;IUT &#8211; scrutin du 9 mai 2016 en conseil d&rsquo;IUT.<\/p>\n<p class=\"bodytext\">&#8211;\u00a0<a href=\"http:\/\/e-doc.univ-avignon.fr\/affaires-juridiques\/wp-content\/uploads\/sites\/11\/2016\/03\/Arrete_SAJ_n_2016-05_du_6avril2016_-_Election_partielle_CD_pers_BU_2e_college-_scrutin_19mai2016.pdf\">Arr\u00eat\u00e9 SAJ n\u00b02016-05 du 6 avril 2016<\/a> : Portant organisation de l&rsquo;\u00e9lection partielle pour le remplacement d&rsquo;un repr\u00e9sentant des personnels BU au conseil documentaire de la Biblioth\u00e8que Universitaire &#8211; scrutin du 19 mai 2016.<\/p>\n<p>&#8211; <a href=\"http:\/\/e-doc.univ-avignon.fr\/affaires-juridiques\/wp-content\/uploads\/sites\/11\/2016\/03\/Arrete_electoral_SAJ_n_2016-06_du_30sept2016_-_elections_USAGERS_Conseil_IUT_-_scrutins_17nov2016.pdf\">Arr\u00eat\u00e9 SAJ n\u00b02016-06 du 30 septembre 2016 <\/a>: Portant organisation des \u00e9lections pour le renouvellement des repr\u00e9sentants du coll\u00e8ge des usagers des 4 d\u00e9partements (GB &#8211; PEC &#8211; STID &#8211; TC) au conseil de l&rsquo;IUT &#8211; scrutins du 17 novembre 2016.<\/p>\n<p>&#8211;\u00a0<a href=\"http:\/\/e-doc.univ-avignon.fr\/affaires-juridiques\/wp-content\/uploads\/sites\/11\/2016\/03\/Arrete_electoral_SAJ_n_2016-07_du_5oct2016_election_partielle_CR_coll_A_secteur_DEG_scrutin_du_29nov2016.pdf\">Arr\u00eat\u00e9 SAJ n\u00b02016-07 du 5 octobre 2016<\/a> : Portant organisation de l&rsquo;\u00e9lection partielle pour le remplacement d&rsquo;un repr\u00e9sentant des enseignants du coll\u00e8ge A -secteur DEG- \u00e0 la Commission de la Recherche du Conseil Acad\u00e9mique &#8211; scrutin du 29 novembre 2016.<\/p>\n<p>&#8211;\u00a0<a href=\"http:\/\/e-doc.univ-avignon.fr\/affaires-juridiques\/wp-content\/uploads\/sites\/11\/2016\/03\/Arrete_electoral_SAJ_n_2016-08_du_5oct2016_election_partielle_CR_USAGERS_-_scrutin_29nov2016.pdf\">Arr\u00eat\u00e9 SAJ n\u00b0 2016-08 du 5 octobre 2016<\/a> : Portant organisation de l&rsquo;\u00e9lection partielle pour le remplacement d&rsquo;un repr\u00e9sentant du coll\u00e8ge des usagers \u00e0 la Commission de la Recherche du Conseil Acad\u00e9mique &#8211; scrutin du 29 novembre 2016.<\/p>\n<p>&#8211;\u00a0<a href=\"http:\/\/e-doc.univ-avignon.fr\/affaires-juridiques\/wp-content\/uploads\/sites\/11\/2016\/03\/Arrete_electoral_SAJ_n_2016-09_du_6oct2016_-_Elections_partielles_colleges_C_et_D_Conseil_IUT_-_scrutins_17nov2016.pdf\">Arr\u00eat\u00e9 SAJ n\u00b02016-09 du 6 octobre 2016<\/a> : Portant organisation des \u00e9lections partielles pour le remplacement de repr\u00e9sentants des personnels des coll\u00e8ges C et D au Conseil de l&rsquo;IUT &#8211; scrutin du 17 novembre 2016.<\/p>\n<p>&#8211;<a class=\"download\" href=\"http:\/\/www.univ-avignon.fr\/fileadmin\/documents\/Users\/Intranet\/cellule_juridique\/Arrete_electoral_SAJ_n_2016-10_du_7oct2016_Election_partielle_B_Conseil_UFR_SHS_-_scrutin_15nov2016_V2.pdf\">\u00a0<\/a><a href=\"http:\/\/e-doc.univ-avignon.fr\/affaires-juridiques\/wp-content\/uploads\/sites\/11\/2016\/03\/Arrete_electoral_SAJ_n_2016-10_du_7oct2016_Election_partielle_B_Conseil_UFR_SHS_-_scrutin_15nov2016_V2.pdf\">Arr\u00eat\u00e9 SAJ n\u00b02016-10 du 7 octobre 2016<\/a> et <a href=\"http:\/\/e-doc.univ-avignon.fr\/affaires-juridiques\/wp-content\/uploads\/sites\/11\/2016\/03\/Rectificatif_de_l_arrete_electoral_SAJ_n_2016-10_election_partielle_college_B_conseil_UFR_SHS_-_scrutin_15nov2016.pdf\">Rectificatif<\/a> : Portant organisation de l&rsquo;\u00e9lection partielle pour le remplacement d&rsquo;un repr\u00e9sentant des personnels du coll\u00e8ge B au Conseil d&rsquo;UFR Sciences Humaines et Sociales &#8211; scrutin du 15 novembre 2016.<\/p>\n<p>&#8211; <a href=\"http:\/\/e-doc.univ-avignon.fr\/affaires-juridiques\/wp-content\/uploads\/sites\/11\/2016\/03\/Arrete_electoral_SAJ_n_2016-11_du_20oct2016_renouvelt_Usagers_Conseil_UFR_ALL_-_scrutin_8dec2016.pdf\">Arr\u00eat\u00e9 SAJ n\u00b02016-11 du 20 octobre 2016 <\/a>: Portant organisation des \u00e9lections pour le renouvellement des repr\u00e9sentants du coll\u00e8ge des usagers au conseil d&rsquo;UFR ALL (Arts, Lettres et Langues) &#8211; scrutin du 8 d\u00e9cembre 2016.<\/p>\n<p>&#8211; <a href=\"http:\/\/e-doc.univ-avignon.fr\/affaires-juridiques\/wp-content\/uploads\/sites\/11\/2016\/03\/Arrete_electoral_SAJ_n_2016-12_du_20oct2016_renouvellement_Usagers_Conseil_UFR_STS_-_scrutin_8dec2016.pdf\">Arr\u00eat\u00e9 SAJ n\u00b02016-12 du 20 octobre 2016 <\/a>: Portant organisation des \u00e9lections pour le renouvellement des repr\u00e9sentants du coll\u00e8ge des usagers au conseil d&rsquo;UFR <a href=\"http:\/\/e-doc.univ-avignon.fr\/affaires-juridiques\/wp-content\/uploads\/sites\/11\/2016\/03\/Rectificatif_de_l_arrete_electoral_SAJ_n_2016-10_election_partielle_college_B_conseil_UFR_SHS_-_scrutin_15nov2016.pdf\">Rectificatif<\/a>STS (Sciences, Technologies, Sant\u00e9) &#8211; scrutin du 8 d\u00e9cembre 2016.<\/p>\n<p>&#8211;\u00a0<a href=\"http:\/\/e-doc.univ-avignon.fr\/affaires-juridiques\/wp-content\/uploads\/sites\/11\/2016\/03\/Arrete_electoral_SAJ_n_2016-13_du_20oct2016_renouvellt_Usagers_Conseil_UFR_SHS_-_scrutin_8dec2016.pdf\">Arr\u00eat\u00e9 SAJ n\u00b02016-13 du 20 octobre 2016<\/a> et\u00a0<a href=\"http:\/\/e-doc.univ-avignon.fr\/affaires-juridiques\/wp-content\/uploads\/sites\/11\/2016\/03\/Rectificatif_arrete_electoral_SAJ_n_2016-13_du_20octobre2016_renouvellt_Usagers_Conseil_UFR_SHS_-_scrutin_8dec2016.pdf\">Rectificatif<\/a> : Portant organisation des \u00e9lections pour le renouvellement des repr\u00e9sentants du coll\u00e8ge des usagers au conseil d&rsquo;UFR SHS (Sciences Humaines et Sociales) &#8211; scrutin du 8 d\u00e9cembre 2016.<\/p>\n<p>&#8211;\u00a0<a href=\"http:\/\/e-doc.univ-avignon.fr\/affaires-juridiques\/wp-content\/uploads\/sites\/11\/2016\/03\/Arrete_electoral_SAJ_n_2016-14_du_20oct2016_renouvellt_Usagers_Conseil_UFR_DEG_-_scrutin_8dec2016.pdf\">Arr\u00eat\u00e9 SAJ n\u00b02016-14 du 20 octobre 2016<\/a> : Portant organisation des \u00e9lections pour le renouvellement des repr\u00e9sentants du coll\u00e8ge des usagers au conseil d&rsquo;UFR DEG (Droit, Economie, Gestion) &#8211; scrutin du 8 d\u00e9cembre 2016.<\/p>\n<p>&#8211;\u00a0<a href=\"http:\/\/e-doc.univ-avignon.fr\/affaires-juridiques\/wp-content\/uploads\/sites\/11\/2016\/03\/Arrete_electoral_SAJ_n_2016-15_du_24nov2016_modif_compo_bureau_vote_-_Usagers_SHS_scrutin_8dec2016.pdf\">Arr\u00eat\u00e9 SAJ n\u00b02016-15 du 24 novembre 2016<\/a> : Modifiant la composition du bureau de vote pour les \u00e9lections relatives au renouvellement des repr\u00e9sentants du coll\u00e8ge des usagers au conseil d&rsquo;UFR SHS &#8211; scrutin du 8 d\u00e9cembre 2016.<\/p>\n","protected":false},"excerpt":{"rendered":"<p>&#8211; Arr\u00eat\u00e9 SAJ n\u00b02016-01 du 18 janvier 2016 : Portant organisation d&rsquo;\u00e9lections partielles pour le remplacement de repr\u00e9sentants des personnels (coll\u00e8ges A et B) au conseil d&rsquo;UFR-ip ALL &#8211; scrutins du 1er mars 2016. &#8211; Arr\u00eat\u00e9 SAJ n\u00b02016-02 du 2 f\u00e9vrier 2016 : Portant organisation de l&rsquo;\u00e9lection partielle pour le renouvellement de trois repr\u00e9sentants des &hellip; <a href=\"https:\/\/e-doc.univ-avignon.fr\/affaires-juridiques\/actes-reglementaires\/arretes-electoraux-du-president-2016\/\" class=\"more-link\">Continuer la lecture de <span class=\"screen-reader-text\">Arr\u00eat\u00e9s \u00e9lectoraux du Pr\u00e9sident &#8211; 2016<\/span><\/a><\/p>\n","protected":false},"author":1,"featured_media":0,"parent":1714,"menu_order":0,"comment_status":"closed","ping_status":"closed","template":"","meta":{"footnotes":""},"class_list":["post-1699","page","type-page","status-publish","hentry"],"_links":{"self":[{"href":"https:\/\/e-doc.univ-avignon.fr\/affaires-juridiques\/wp-json\/wp\/v2\/pages\/1699","targetHints":{"allow":["GET"]}}],"collection":[{"href":"https:\/\/e-doc.univ-avignon.fr\/affaires-juridiques\/wp-json\/wp\/v2\/pages"}],"about":[{"href":"https:\/\/e-doc.univ-avignon.fr\/affaires-juridiques\/wp-json\/wp\/v2\/types\/page"}],"author":[{"embeddable":true,"href":"https:\/\/e-doc.univ-avignon.fr\/affaires-juridiques\/wp-json\/wp\/v2\/users\/1"}],"replies":[{"embeddable":true,"href":"https:\/\/e-doc.univ-avignon.fr\/affaires-juridiques\/wp-json\/wp\/v2\/comments?post=1699"}],"version-history":[{"count":1,"href":"https:\/\/e-doc.univ-avignon.fr\/affaires-juridiques\/wp-json\/wp\/v2\/pages\/1699\/revisions"}],"predecessor-version":[{"id":1701,"href":"https:\/\/e-doc.univ-avignon.fr\/affaires-juridiques\/wp-json\/wp\/v2\/pages\/1699\/revisions\/1701"}],"up":[{"embeddable":true,"href":"https:\/\/e-doc.univ-avignon.fr\/affaires-juridiques\/wp-json\/wp\/v2\/pages\/1714"}],"wp:attachment":[{"href":"https:\/\/e-doc.univ-avignon.fr\/affaires-juridiques\/wp-json\/wp\/v2\/media?parent=1699"}],"curies":[{"name":"wp","href":"https:\/\/api.w.org\/{rel}","templated":true}]}}