{"id":1702,"date":"2017-03-29T10:48:39","date_gmt":"2017-03-29T09:48:39","guid":{"rendered":"http:\/\/e-doc.univ-avignon.fr\/affaires-juridiques\/?page_id=1702"},"modified":"2018-01-12T15:09:32","modified_gmt":"2018-01-12T14:09:32","slug":"arretes-electoraux-du-president-2015","status":"publish","type":"page","link":"https:\/\/e-doc.univ-avignon.fr\/affaires-juridiques\/actes-reglementaires\/arretes-electoraux-du-president-2015\/","title":{"rendered":"Arr\u00eat\u00e9s \u00e9lectoraux du Pr\u00e9sident &#8211; 2015"},"content":{"rendered":"<p class=\"bodytext\">&#8211; <a class=\"download\" href=\"\/affaires-juridiques\/wp-content\/uploads\/sites\/11\/2016\/03\/Arrete_ceju_n_2015-01_du_14janv2015_Rectif_elections_pers_UFR-ip_STS_du_27janv2015.pdf\" target=\"_self\">Arr\u00eat\u00e9 CEJU n\u00b02015-01 du 14 janvier 2015<\/a> : Modification de la composition du bureau de vote concernant les \u00e9lections du 27 janvier 2015 pour le renouvellement des repr\u00e9sentant des personnels (enseignants et BIATSS) au conseil de l&rsquo;UFR-ip STS.<\/p>\n<p class=\"bodytext\">&#8211; <a class=\"download\" href=\"\/affaires-juridiques\/wp-content\/uploads\/sites\/11\/2016\/03\/Arrete_ceju_n_2015-02_du_14janv2015_Rectif_elections_pers_conseil_UFR-ip_SHS_du_27janv2015.pdf\" target=\"_self\">Arr\u00eat\u00e9 CEJU n\u00b02015-02 du 14 janvier 2015<\/a> : Modification de la composition du bureau de vote concernant les \u00e9lections du 27 janvier 2015 pour le renouvellement des repr\u00e9sentants des personnels (enseignants et BIATSS) au conseil de l&rsquo;UFR-ip SHS.<\/p>\n<p class=\"bodytext\">&#8211; <a class=\"download\" href=\"\/affaires-juridiques\/wp-content\/uploads\/sites\/11\/2016\/03\/Arrete_ceju_n_2015-03_du_9fev2015_elections_USAGERS_conseil_UFR-ip_ALL_-_scrutin_10mars2015.pdf\" target=\"_self\">Arr\u00eat\u00e9 CEJU n\u00b02015-03 du 9 f\u00e9vrier 2015<\/a> : Organisation des \u00e9lections pour le renouvellement des repr\u00e9sentants du coll\u00e8ge des usagers au conseil d&rsquo;UFR-ip Arts, Lettres et Langues (ALL) &#8211; scrutin du 10 mars 2015.<\/p>\n<p class=\"bodytext\">&#8211; <a class=\"download\" href=\"\/affaires-juridiques\/wp-content\/uploads\/sites\/11\/2016\/03\/Arrete_ceju_n_2015-04_du_9fev2015_elections_USAGERS_conseil_UFR-ip_SHS_-_scrutin_du_10mars2015.pdf\" target=\"_self\">Arr\u00eat\u00e9 CEJU n\u00b02015-04 du 9 f\u00e9vrier 2015<\/a> : Organisation des \u00e9lections pour le renouvellement des repr\u00e9sentants du coll\u00e8ge des usagers au conseil d&rsquo;UFR-ip Sciences Humaines et Sociales (SHS) &#8211; scrutin du 10 mars 2015.<\/p>\n<p class=\"bodytext\">&#8211; <a class=\"download\" href=\"\/affaires-juridiques\/wp-content\/uploads\/sites\/11\/2016\/03\/Arrete_ceju_n_2015-05_du_9fev2015_elections_USAGERS_conseil_UFR-ip_DEG_-_scrutin_du_10mars2015.pdf\" target=\"_self\">Arr\u00eat\u00e9 CEJU n\u00b02015-05 du 9 f\u00e9vrier 2015<\/a> : Organisation des \u00e9lections pour le renouvellement des repr\u00e9sentants du coll\u00e8ge des usagers au conseil d&rsquo;UFR-ip Droit, Economie, Gestion (DEG) &#8211; scrutin du 10 mars 2015.<\/p>\n<p class=\"bodytext\">&#8211; <a class=\"download\" href=\"\/affaires-juridiques\/wp-content\/uploads\/sites\/11\/2016\/03\/Arrete_ceju_n_2015-06_du_9fev2015_elections_USAGERS_conseil_UFR-ip_STS_-_scrutin_du_10mars2015.pdf\" target=\"_self\">Arr\u00eat\u00e9 CEJU n\u00b02015-06 du 9 f\u00e9vrier 2015<\/a> : Organisation des \u00e9lections pour le renouvellement des repr\u00e9sentants du coll\u00e8ge des usagers au conseil d&rsquo;UFR-ip Sciences, Technologies, Sant\u00e9 (STS) &#8211; scrutin du 10 mars 2015.<\/p>\n<p class=\"bodytext\">&#8211; <a class=\"download\" href=\"\/affaires-juridiques\/wp-content\/uploads\/sites\/11\/2016\/03\/CPE_partielle_2015_-_Arrete_ceju_n_2015-07_du_2fev2015.pdf\" target=\"_self\">Arr\u00eat\u00e9 CEJU n\u00b02015-07 du 2 f\u00e9vrier 2015<\/a> : Organisation de l&rsquo;\u00e9lection partielle pour le remplacement d&rsquo;un repr\u00e9sentant des personnels (Groupe 3 &#8211; BU &#8211; cat\u00e9gorie C) \u00e0 la CPE (commission paritaire d&rsquo;\u00e9tablissement) &#8211; scrutin du 2 avril 2015.<\/p>\n<p class=\"bodytext\">&#8211; <a class=\"download\" href=\"\/affaires-juridiques\/wp-content\/uploads\/sites\/11\/2016\/03\/Arrete_ceju_n_2015-08_du_16fev2015_etudiants_au_CD_BU_-_scrutin_CA_du_31mars2015.pdf\" target=\"_self\">Arr\u00eat\u00e9 CEJU n\u00b02015-08 du 16 f\u00e9vrier 2015<\/a> : Election pour le renouvellement des repr\u00e9sentants \u00e9tudiants au Conseil Documentaire de la Biblioth\u00e8que Universitaire &#8211; scrutin en conseil d&rsquo;administration du 31 mars 2015 \u00e0 14h30.<\/p>\n<p class=\"bodytext\">&#8211; <a class=\"download\" href=\"\/affaires-juridiques\/wp-content\/uploads\/sites\/11\/2016\/03\/Arrete_ceju_n_2015-09_election_partielle_coll_D_IUT_-_scrutin_du_24mars2015.pdf\" target=\"_self\">Arr\u00eat\u00e9 CEJU n\u00b02015-09 du 11 f\u00e9vrier 2015<\/a> : Organisation d&rsquo;une \u00e9lection partielle des repr\u00e9sentants des personnels du coll\u00e8ge D (charg\u00e9s d&rsquo;enseignement) du conseil d&rsquo;IUT &#8211; scrutin du 24 mars 2015.<\/p>\n<p class=\"bodytext\">&#8211; <a class=\"download\" href=\"\/affaires-juridiques\/wp-content\/uploads\/sites\/11\/2016\/03\/Arrete_ceju_n_2015-10_du_19_fevrier_2015_EP_CR_college_D_-_scrutin_du_16avril2015.pdf\" target=\"_self\">Arr\u00eat\u00e9 CEJU n\u00b02015-10 du 19 f\u00e9vrier 2015<\/a> : Organisation d&rsquo;une \u00e9lection partielle pour le remplacement d&rsquo;un repr\u00e9sentant des enseignants au coll\u00e8ge D de la commission de la recherche &#8211; scrutin du 16 avril 2015.<\/p>\n<p class=\"bodytext\">&#8211; <a class=\"download\" href=\"\/affaires-juridiques\/wp-content\/uploads\/sites\/11\/2016\/03\/Arrete_2_ceju_n_2015-11_du_31mars2015_EP_coll_B_-_CA_scrutin_du_19mai2015.pdf\" target=\"_self\">Arr\u00eat\u00e9 CEJU n\u00b02015-11 du 31 mars 2015<\/a> : Organisation d&rsquo;une \u00e9lection partielle pour le remplacement de deux repr\u00e9sentants des enseignants au coll\u00e8ge B du conseil d&rsquo;administration &#8211; scrutin du 19 mai 2015.<\/p>\n<p class=\"bodytext\">&#8211; <a class=\"download\" href=\"\/affaires-juridiques\/wp-content\/uploads\/sites\/11\/2016\/03\/Arrete_ceju_n_2015-12_elections_doctorants_ED_-_scrutins_du_19mars2015.pdf\" target=\"_self\">Arr\u00eat\u00e9 CEJU n\u00b02015-12 du 12 f\u00e9vrier 2015<\/a> : Organisation des \u00e9lections des repr\u00e9sentants des doctorants aux conseils des \u00e9coles doctorales (ED 356 \u00ab\u00a0Agrosciences et\u00a0 Sciences\u00a0\u00bb et ED 537 \u00ab\u00a0Culture et Patrimoine\u00a0\u00bb) &#8211; scrutins du 19 mars 2015.<\/p>\n<p class=\"bodytext\">&#8211; <a class=\"download\" href=\"\/affaires-juridiques\/wp-content\/uploads\/sites\/11\/2016\/03\/Arrete_ceju_n_2015-13_modif_election_ED_-_scrutin_du_19mars2015.pdf\" target=\"_self\">Arr\u00eat\u00e9 CEJU n\u00b02015-13 du 11 mars 2015<\/a> : Modification de l&rsquo;arr\u00eat\u00e9 n\u00b02015-12 du 12 f\u00e9vrier 2015 portant organisation des \u00e9lections de repr\u00e9sentants des doctorants aux conseils des \u00e9coles doctorales (ED 536 \u00ab\u00a0Agrosciences et Sciences\u00a0\u00bb et ED 537 \u00ab\u00a0Culture et Patrimoine\u00a0\u00bb scrutin du 19 mars 2015 &#8211; scrutin report\u00e9 faute de candidature recevable.<\/p>\n<p class=\"bodytext\">&#8211; <a class=\"download\" href=\"\/affaires-juridiques\/wp-content\/uploads\/sites\/11\/2016\/03\/Arrete_ceju_n_2015-14_du_26mars2015_elections_pers_CNESER_scrutin_du_28mai2015.pdf\" target=\"_self\">Arr\u00eat\u00e9 CEJU n\u00b02015-14 du 26 mars 2015<\/a> : Organisation des \u00e9lections des repr\u00e9sentants des personnels au CNESER (Conseil National de l&rsquo;Enseignement Sup\u00e9rieur et de la Recherche) &#8211; scrutins du 28 mai 2015.<\/p>\n<p class=\"bodytext\">&#8211; <a class=\"download\" href=\"\/affaires-juridiques\/wp-content\/uploads\/sites\/11\/2016\/03\/Arrete_ceju_n_2015-15_du_30_mars_2015_elections_doctorants_aux_conseils_des_2_ED.pdf\" target=\"_self\">Arr\u00eat\u00e9 CEJU n\u00b02015-15 du 30 mars 2015<\/a> : Organisation des \u00e9lections des repr\u00e9sentants des doctorants aux conseils des \u00e9coles doctorales (ED 536 \u00ab\u00a0Agrosciences et Sciences\u00a0\u00bb et ED 537 \u00ab\u00a0Culture et Patrimoine\u00a0\u00bb &#8211; scrutins du 21 mai 2015.<\/p>\n<p class=\"bodytext\">\u00a0&#8211; <a class=\"download\" href=\"\/affaires-juridiques\/wp-content\/uploads\/sites\/11\/2016\/03\/Arrete_ceju_n_2015-16_du_8avril2015_election_partielle_CD_BU_usagers_-_scrutin_26mai2015_en_CA.pdf\" target=\"_self\">Arr\u00eat\u00e9 CEJU n\u00b02015-16 du 8 avril 2015<\/a> : Organisation de l&rsquo;\u00e9lection partielle pour le renouvellement de trois repr\u00e9sentants des \u00e9tudiants au conseil documentaire de la biblioth\u00e8que universitaire &#8211; Scrutin en conseil d&rsquo;administration du 26 mai 2015 \u00e0 14h30.<\/p>\n<p class=\"bodytext\">&#8211; <a class=\"download\" href=\"\/affaires-juridiques\/wp-content\/uploads\/sites\/11\/2016\/03\/Arrete_ceju_n_2015-17_du_21mai2015_compo_bur_vote_CNESER_pers_scrutin_du_28mai2015.pdf\" target=\"_self\">Arr\u00eat\u00e9 CEJU n\u00b02015-17 du 21 mai 2015<\/a> : Fixant la composition du bureau de vote pour l&rsquo;\u00e9lection des repr\u00e9sentants des personnels au CNESER &#8211; scrutin du 28 mai 2015.<\/p>\n<p class=\"bodytext\">&#8211; <a class=\"download\" href=\"\/affaires-juridiques\/wp-content\/uploads\/sites\/11\/2016\/03\/2015_Arrete_ceju_n_2015-19_elections_USAGERS_CA-CFVU-CR_10nov2015.pdf\" target=\"_self\">Arr\u00eat\u00e9 CEJU n\u00b02015-19 du 24 septembre 2015<\/a> : Portant convocation des coll\u00e8ges \u00e9lectoraux et fixant les modalit\u00e9s d&rsquo;organisation des \u00e9lections pour le renouvellement des repr\u00e9sentants des usagers aux conseils centraux de l&rsquo;universit\u00e9 (CA, CFVU du CAC et CR du CAC) &#8211; scrutins du 10 novembre 2015.<\/p>\n<p class=\"bodytext\">&#8211; <a class=\"download\" href=\"\/affaires-juridiques\/wp-content\/uploads\/sites\/11\/2016\/03\/2015_Arrete_ceju_n_2015-20_elections_PERS_CA-CFVU-CR_10nov2015.pdf\" target=\"_self\">Arr\u00eat\u00e9 CEJU n\u00b02015-20 du 24 septembre 2015<\/a> : Portant convocation des coll\u00e8ges \u00e9lectoraux et fixant les modalit\u00e9s d&rsquo;organisation des \u00e9lections pour le renouvellement des repr\u00e9sentants des personnels (enseignants et BIATSS) aux conseils centraux de l&rsquo;universit\u00e9 (CA, CFVU du CAC et CR du CAC) &#8211; scrutins du 10 novembre 2015.<\/p>\n<p class=\"bodytext\">&#8211; <a class=\"download\" href=\"\/affaires-juridiques\/wp-content\/uploads\/sites\/11\/2016\/03\/Arrete_ceju_n_2015-21_election_Pt_CA_4dec2015.pdf\" target=\"_self\">Arr\u00eat\u00e9 CEJU n\u00b02015-21 du 12 novembre 2015<\/a> : Portant organisation de l&rsquo;\u00e9lection du pr\u00e9sident de l&rsquo;universit\u00e9 en conseil d&rsquo;administration du 4 d\u00e9cembre 2015.<\/p>\n<p class=\"bodytext\">&#8211; <a class=\"download\" href=\"\/affaires-juridiques\/wp-content\/uploads\/sites\/11\/2016\/03\/Arrete_SAJ_n_2015-22_du11dec2015_election_partielle_college_B_conseil_IUT.pdf\" target=\"_self\">Arr\u00eat\u00e9 SAJ n\u00b02015-22 du 11 d\u00e9cembre 2015<\/a> : Portant organisation de l&rsquo;\u00e9lection partielle au coll\u00e8ge B du conseil de l&rsquo;IUT (1 si\u00e8ge \u00e0 pourvoir) &#8211; Scrutin du 23 f\u00e9vrier 2015.<\/p>\n<p class=\"bodytext\">&#8211; <a class=\"download\" href=\"\/affaires-juridiques\/wp-content\/uploads\/sites\/11\/2016\/03\/Arrete_SAJ_n_2015-23_du_16dec2015_election_doyen_UFR-ip_DEG.pdf\" target=\"_self\">Arr\u00eat\u00e9 SAJ n\u00b02015-23 du 16 d\u00e9cembre 2015<\/a> : Portant organisation de l&rsquo;\u00e9lection du doyen de l&rsquo;UFR-ip Droit, Economie, Gestion en conseil d&rsquo;UFR du 4 f\u00e9vrier 2016.<\/p>\n<p class=\"bodytext\">&#8211; <a class=\"download\" href=\"\/affaires-juridiques\/wp-content\/uploads\/sites\/11\/2016\/03\/Arrete_SAJ_n_2015-24_du_17dec2015_election_doyen_UFR-ip_STS.pdf\" target=\"_self\">Arr\u00eat\u00e9 SAJ n\u00b02015-24 du 17 d\u00e9cembre 2015<\/a> : Portant organisation de l&rsquo;\u00e9lection du doyen de l&rsquo;UFR-ip Sciences, Technologies, Sant\u00e9 en conseil d&rsquo;UFR du 4 f\u00e9vrier 2016.<\/p>\n<p class=\"bodytext\">&#8211; <a class=\"download\" href=\"\/affaires-juridiques\/wp-content\/uploads\/sites\/11\/2016\/03\/Arrete_SAJ_n_2015-25_du_16dec2015_election_doyen_UFR-ip_SHS.pdf\" target=\"_self\">Arr\u00eat\u00e9 SAJ n\u00b02015-25 du 16 d\u00e9cembre 2015<\/a> : Portant organisation de l&rsquo;\u00e9lection du doyen de l&rsquo;UFR-ip Sciences Humaines et Sociales en conseil d&rsquo;UFR du 4 f\u00e9vrier 2016.<\/p>\n","protected":false},"excerpt":{"rendered":"<p>&#8211; Arr\u00eat\u00e9 CEJU n\u00b02015-01 du 14 janvier 2015 : Modification de la composition du bureau de vote concernant les \u00e9lections du 27 janvier 2015 pour le renouvellement des repr\u00e9sentant des personnels (enseignants et BIATSS) au conseil de l&rsquo;UFR-ip STS. &#8211; Arr\u00eat\u00e9 CEJU n\u00b02015-02 du 14 janvier 2015 : Modification de la composition du bureau de &hellip; <a href=\"https:\/\/e-doc.univ-avignon.fr\/affaires-juridiques\/actes-reglementaires\/arretes-electoraux-du-president-2015\/\" class=\"more-link\">Continuer la lecture de <span class=\"screen-reader-text\">Arr\u00eat\u00e9s \u00e9lectoraux du Pr\u00e9sident &#8211; 2015<\/span><\/a><\/p>\n","protected":false},"author":1,"featured_media":0,"parent":1714,"menu_order":0,"comment_status":"closed","ping_status":"closed","template":"","meta":{"footnotes":""},"class_list":["post-1702","page","type-page","status-publish","hentry"],"_links":{"self":[{"href":"https:\/\/e-doc.univ-avignon.fr\/affaires-juridiques\/wp-json\/wp\/v2\/pages\/1702","targetHints":{"allow":["GET"]}}],"collection":[{"href":"https:\/\/e-doc.univ-avignon.fr\/affaires-juridiques\/wp-json\/wp\/v2\/pages"}],"about":[{"href":"https:\/\/e-doc.univ-avignon.fr\/affaires-juridiques\/wp-json\/wp\/v2\/types\/page"}],"author":[{"embeddable":true,"href":"https:\/\/e-doc.univ-avignon.fr\/affaires-juridiques\/wp-json\/wp\/v2\/users\/1"}],"replies":[{"embeddable":true,"href":"https:\/\/e-doc.univ-avignon.fr\/affaires-juridiques\/wp-json\/wp\/v2\/comments?post=1702"}],"version-history":[{"count":7,"href":"https:\/\/e-doc.univ-avignon.fr\/affaires-juridiques\/wp-json\/wp\/v2\/pages\/1702\/revisions"}],"predecessor-version":[{"id":2552,"href":"https:\/\/e-doc.univ-avignon.fr\/affaires-juridiques\/wp-json\/wp\/v2\/pages\/1702\/revisions\/2552"}],"up":[{"embeddable":true,"href":"https:\/\/e-doc.univ-avignon.fr\/affaires-juridiques\/wp-json\/wp\/v2\/pages\/1714"}],"wp:attachment":[{"href":"https:\/\/e-doc.univ-avignon.fr\/affaires-juridiques\/wp-json\/wp\/v2\/media?parent=1702"}],"curies":[{"name":"wp","href":"https:\/\/api.w.org\/{rel}","templated":true}]}}