{"id":1706,"date":"2017-03-29T10:51:09","date_gmt":"2017-03-29T09:51:09","guid":{"rendered":"http:\/\/e-doc.univ-avignon.fr\/affaires-juridiques\/?page_id=1706"},"modified":"2018-01-12T15:12:32","modified_gmt":"2018-01-12T14:12:32","slug":"arretes-electoraux-du-president-2014","status":"publish","type":"page","link":"https:\/\/e-doc.univ-avignon.fr\/affaires-juridiques\/actes-reglementaires\/arretes-electoraux-du-president-2014\/","title":{"rendered":"Arr\u00eat\u00e9s \u00e9lectoraux du Pr\u00e9sident &#8211; 2014"},"content":{"rendered":"<p class=\"bodytext\" style=\"text-align: justify;\">&#8211; <a class=\"download\" href=\"\/affaires-juridiques\/wp-content\/uploads\/sites\/11\/2016\/03\/Arrete_Pt_n_2014-03_du_21janv2014.pdf\" target=\"_self\">Arr\u00eat\u00e9 CEJU N\u00b0 2014-03 du 21 janvier 2014<\/a> :Scrutins de renouvellement des repr\u00e9sentants des usagers aux conseils centraux<\/p>\n<p class=\"bodytext\" style=\"text-align: justify;\">&#8211; <a class=\"download\" href=\"\/affaires-juridiques\/wp-content\/uploads\/sites\/11\/2016\/03\/arrete_ceju_n_2014-01_modif_compo_CCP_ANT.pdf\" target=\"_self\">Arr\u00eat\u00e9 CEJU N\u00b02014-01 du 31 janvier 2014<\/a> : Modification de la composition de la Commission Consultative Paritaire comp\u00e9tente \u00e0 l&rsquo;\u00e9gard des Agents Non Titulaires (CCP ANT).<\/p>\n<p class=\"bodytext\" style=\"text-align: justify;\">&#8211; <a class=\"download\" href=\"\/affaires-juridiques\/wp-content\/uploads\/sites\/11\/2016\/03\/Arrete_Pt_n_2014-02_du_6fev2014_modif_compo_CHSCT.pdf\" target=\"_self\">Arr\u00eat\u00e9 CEJU N\u00b02014-02 du 6 f\u00e9vrier 2014<\/a> : Modification de la composition du Comit\u00e9 d&rsquo;Hygi\u00e8ne, de S\u00e9curit\u00e9 et des Conditions de Travail (CHSCT).<\/p>\n<p class=\"bodytext\" style=\"text-align: justify;\">&#8211; <a class=\"download\" href=\"\/affaires-juridiques\/wp-content\/uploads\/sites\/11\/2016\/03\/Arrete_Pt_n_2014-03_du_21janv2014.pdf\" target=\"_self\">Arr\u00eat\u00e9 CEJU n\u00b0 2014-03 du 21 janvier 2014<\/a> : Organisation des \u00e9lections pour le renouvellement des repr\u00e9sentants du coll\u00e8ge des usagers aux trois conseils centraux.<\/p>\n<p class=\"bodytext\" style=\"text-align: justify;\">&#8211; <a class=\"download\" href=\"\/affaires-juridiques\/wp-content\/uploads\/sites\/11\/2016\/03\/Arrete_Pt_n_2014-04_du_5_mars_2014_modificatif_art_12.pdf\" target=\"_self\">Arr\u00eat\u00e9 CEJU n\u00b0 2014-04 du 5 mars 2014<\/a> : Modification de l&rsquo;article 12de l&rsquo;arr\u00eat\u00e9 CEJU n\u00b02014-03 concernant la proc\u00e9dure des procurations.<\/p>\n<p class=\"bodytext\" style=\"text-align: justify;\">&#8211; <a class=\"download\" href=\"\/affaires-juridiques\/wp-content\/uploads\/sites\/11\/2016\/03\/Arrete_Pt_n_2014-05_du_18mars2014_proclam_resultats.pdf\" target=\"_self\">Arr\u00eat\u00e9 CEJU n\u00b0 2014-05 du 18 mars 2014<\/a> : Proclamation des r\u00e9sultats des scrutins du 18 mars 2014 de renouvellement des repr\u00e9sentants usagers aux trois conseils centraux.<\/p>\n<p class=\"bodytext\" style=\"text-align: justify;\">&#8211; <a class=\"download\" href=\"\/affaires-juridiques\/wp-content\/uploads\/sites\/11\/2016\/03\/Arrete_Pt_n_2014-06_du_19_mars_2014_modif_compo_CS.pdf\" target=\"_self\">Arr\u00eat\u00e9 CEJU n\u00b0 2014-06 du 19 mars 2014<\/a> : Modification de la composition du coll\u00e8ge G \u00ab\u00a0usagers\u00a0\u00bb du conseil scientifique issue des scrutins du 18 mars 2014 de renouvellement des repr\u00e9sentants usagers aux trois conseils centraux.<\/p>\n<p class=\"bodytext\" style=\"text-align: justify;\">&#8211; <a class=\"download\" href=\"\/affaires-juridiques\/wp-content\/uploads\/sites\/11\/2016\/03\/Arrete_Pt_2014-07_du_31mars2014_modif_compo_CT.pdf\" target=\"_self\">Arr\u00eat\u00e9 CEJU n\u00b0 2014-07 du 31 mars 2014<\/a> : Modification de la composition du comit\u00e9 technique.<\/p>\n<p class=\"bodytext\" style=\"text-align: justify;\">&#8211; <a class=\"download\" href=\"\/affaires-juridiques\/wp-content\/uploads\/sites\/11\/2016\/03\/Arrete_Pt_n_2014-08_du_31mars2014_nouvelle_repartition_sieges_usagers_CHSCT.pdf\" target=\"_self\">Arr\u00eat\u00e9 CEJU n\u00b0 2014-08 du 31 mars 2014<\/a> :Fixation de la nouvelle r\u00e9partition des si\u00e8ges des repr\u00e9sentants usagers au CHSCT \u00e0 l&rsquo;issue des \u00e9lections du 18 mars 2014 de renouvellement des repr\u00e9sentants usagers du conseil d&rsquo;administration.<\/p>\n<p class=\"bodytext\" style=\"text-align: justify;\">&#8211; <a class=\"download\" href=\"\/affaires-juridiques\/wp-content\/uploads\/sites\/11\/2016\/03\/Arrete_Pt_n_2014-09_du_3avril2014_modif_compo_CHSCT.pdf\" target=\"_self\">Arr\u00eat\u00e9 CEJU n\u00b02014-09 du 3 avril 2014<\/a> : Modification de la composition du Comit\u00e9 d&rsquo;Hygi\u00e8ne, de S\u00e9curit\u00e9 et des Conditions de Travail (CHSCT) &#8211; nouveaux repr\u00e9sentants des \u00e9tudiants-usagers.<\/p>\n<p class=\"bodytext\" style=\"text-align: justify;\"><a class=\"download\" href=\"\/affaires-juridiques\/wp-content\/uploads\/sites\/11\/2016\/03\/arrete_ceju_n_2014-10_reduction_mandat_CCP_ANT.pdf\" target=\"_self\">&#8211; Arr\u00eat\u00e9 CEJU n\u00b02014-10 du 14 mai 2014<\/a> : R\u00e9duction de dur\u00e9e du mandat des membres de la Commission Consultative Paritaire comp\u00e9tente \u00e0 l&rsquo;\u00e9gard des Agents Non Titulaires (CCP ANT) &#8211; fin de mandat au 31\/12\/2014.<\/p>\n<p class=\"bodytext\" style=\"text-align: justify;\"><a class=\"download\" href=\"\/affaires-juridiques\/wp-content\/uploads\/sites\/11\/2016\/03\/Arrete_Pt_ceju-n_2014-11_du_2juin2014_renouvellt_mandat_etudiants.pdf\" target=\"_self\">&#8211; Arr\u00eat\u00e9 CEJU n\u00b02014-11 du 2 juin 2014<\/a> : Renouvellement du mandat des repr\u00e9sentants \u00e9tudiants au Comit\u00e9 Electoral Consultatif pour deux ans \u00e0 compter du 1er mai 2014.<\/p>\n<p class=\"bodytext\" style=\"text-align: justify;\"><a class=\"download\" href=\"\/affaires-juridiques\/wp-content\/uploads\/sites\/11\/2016\/03\/Arrete_Pt_ceju_2014-12_du_16sept2014.pdf\" target=\"_self\">&#8211; Arr\u00eat\u00e9 CEJU n\u00b02014-12 du 16 septembre 2014<\/a> : Modification de la composition du Comit\u00e9 Technique.<\/p>\n<p class=\"bodytext\" style=\"text-align: justify;\"><a class=\"download\" href=\"\/affaires-juridiques\/wp-content\/uploads\/sites\/11\/2016\/03\/Arrete_ceju_n_2014-13_du_15sept2014.pdf\" target=\"_self\">&#8211; Arr\u00eat\u00e9 CEJU n\u00b02014-13 du 15 septembre 2014<\/a> : Organisation des \u00e9lections pour le renouvellement des repr\u00e9sentants des usagers des quatre d\u00e9partements (GB-PEC-STID &amp; TC) au conseil d&rsquo;IUT.<\/p>\n<p class=\"bodytext\" style=\"text-align: justify;\"><a class=\"download\" href=\"\/affaires-juridiques\/wp-content\/uploads\/sites\/11\/2016\/03\/Arrete-2_ceju_n_2014-14_du_15sept2014.pdf\" target=\"_self\">&#8211; Arr\u00eat\u00e9 CEJU n\u00b02014-14 du 15 septembre 2014<\/a> : Organisation des \u00e9lections pour le renouvellement des repr\u00e9sentants des personnels au conseil d&rsquo;IUT.<\/p>\n<p class=\"bodytext\" style=\"text-align: justify;\"><a class=\"download\" href=\"\/affaires-juridiques\/wp-content\/uploads\/sites\/11\/2016\/03\/Arrete_Pt_n_2014-15_du_15sept2014_modif_compo_CPE.pdf\" target=\"_self\">&#8211; Arr\u00eat\u00e9 CEJU n\u00b02014-15 du 15 septembre 2014 <\/a>: Modification de la composition de la Commission Paritaire d&rsquo;Etablissement.<\/p>\n<p class=\"bodytext\" style=\"text-align: justify;\"><a class=\"download\" href=\"\/affaires-juridiques\/wp-content\/uploads\/sites\/11\/2016\/03\/Arrete_ceju_n_2014-16_-_EP_coll_D_CR.pdf\" target=\"_self\">&#8211; Arr\u00eat\u00e9 CEJU n\u00b02014-16 du 13 octobre 2014<\/a> : Organisation d&rsquo;une \u00e9lection partielle pour le remplacement d&rsquo;un repr\u00e9sentant des enseignants au coll\u00e8ge D de la Commission de la Recherche. (<a class=\"download\" href=\"\/affaires-juridiques\/wp-content\/uploads\/sites\/11\/2016\/03\/Etat_de_carence_de_candidature_CR-D_scrutin_25nov2014.pdf\" target=\"_self\">Etat de carence de candidature <\/a>du 17 novembre 2014 sign\u00e9 du pr\u00e9sident).<\/p>\n<p class=\"bodytext\" style=\"text-align: justify;\"><a class=\"download\" href=\"\/affaires-juridiques\/wp-content\/uploads\/sites\/11\/2016\/03\/Arrete_ceju_n_2014-17_election_doyen_UFR-ip_ALL_scrutin_3nov2014.pdf\" target=\"_self\">&#8211; Arr\u00eat\u00e9 CEJU n\u00b02014-17 du 23 septembre 2014 <\/a>: Organisation de l&rsquo;\u00e9lection du doyen de l&rsquo;UFR-ip ALL (scrutin du 3 novembre 2014) <span style=\"text-decoration: underline;\">remplac\u00e9 par arr\u00eat\u00e9 n\u00b02014-22<\/span> (voir ci-dessous)<\/p>\n<p class=\"bodytext\" style=\"text-align: justify;\"><a class=\"download\" href=\"\/affaires-juridiques\/wp-content\/uploads\/sites\/11\/2016\/03\/Arrete_Pt_2014-18_du_6oct2014_election_CT.pdf\" target=\"_self\">&#8211; Arr\u00eat\u00e9 CEJU n\u00b02014-18 du 6 octobre 2014<\/a> : Organisation de l&rsquo;\u00e9lection des repr\u00e9sentants des personnels au Comit\u00e9 Technique d&rsquo;\u00e9tablissement &#8211; scrutin du 4 d\u00e9cembre 2014 (modifi\u00e9 par arr\u00eat\u00e9 n\u00b02014-24 du 12\/11\/2014 voir plus bas).<\/p>\n<p class=\"bodytext\" style=\"text-align: justify;\"><a class=\"download\" href=\"\/affaires-juridiques\/wp-content\/uploads\/sites\/11\/2016\/03\/Arrete_Pt_n_2014-19_du_6oct2014_election_CCP_ANT.pdf\" target=\"_self\">&#8211; Arr\u00eat\u00e9 CEJU n\u00b02014-19 du 6 octobre 2014<\/a> : Organisation de l&rsquo;\u00e9lection pour la d\u00e9signation des repr\u00e9sentants des personnels \u00e0 la Commission Consultative Paritaire comp\u00e9tente \u00e0 l&rsquo;\u00e9gard des Agents Non Titulaires. (modifi\u00e9 par arr\u00eat\u00e9 n\u00b02014-23 du 12\/11\/2014 voir plus bas).<\/p>\n<p class=\"bodytext\" style=\"text-align: justify;\">&#8211; <a class=\"download\" href=\"\/affaires-juridiques\/wp-content\/uploads\/sites\/11\/2016\/03\/Arrete_ceju_2_2014-20_election_CTMESR.pdf\" target=\"_self\">Arr\u00eat\u00e9 CEJU n\u00b02014-20 du 22 octobre 2014<\/a> : organisation de l&rsquo;\u00e9lection des repr\u00e9sentants des personnels au Comit\u00e9 Technique Minist\u00e9riel de l&rsquo;Enseignement Sup\u00e9rieur et de la Recherche (CTMESR) &#8211; scrutin du 4 d\u00e9cembre 2014. (modifi\u00e9 par arr\u00eat\u00e9 n\u00b02014-25 du 12\/11\/2014 voir plus bas).<\/p>\n<p class=\"bodytext\" style=\"text-align: justify;\">&#8211; <a class=\"download\" href=\"\/affaires-juridiques\/wp-content\/uploads\/sites\/11\/2016\/03\/Arrete_ceju_2_n_2014-21_election_CTU.pdf\" target=\"_self\">Arr\u00eat\u00e9 CEJU n\u00b02014-21 du 22 octobre 2014<\/a> : organisation de l&rsquo;\u00e9lection des repr\u00e9sentants des personnels au Comit\u00e9 Technique des personnels enseignants titulaires et stagiaires de statut universitaire (CTU) &#8211; scrutin du 4 d\u00e9cembre 2014. (modifi\u00e9 par arr\u00eat\u00e9 n\u00b02014-26 du 12\/11\/2014 voir plus bas).<\/p>\n<p class=\"bodytext\" style=\"text-align: justify;\">&#8211; <a class=\"download\" href=\"\/affaires-juridiques\/wp-content\/uploads\/sites\/11\/2016\/03\/Arrete_ceju_n_2014-22_election_doyen_UFR-ip_ALL_scrutin_du_24nov2014.pdf\" target=\"_self\">Arr\u00eat\u00e9 CEJU n\u00b02014-22 du 28 octobre 2014<\/a> : Organisation de l&rsquo;\u00e9lection du doyen de l&rsquo;UFR-ip ALL (scrutin du 24 novembre 2014)<\/p>\n<p class=\"bodytext\" style=\"text-align: justify;\">&#8211; <a class=\"download\" href=\"\/affaires-juridiques\/wp-content\/uploads\/sites\/11\/2016\/03\/Arrete_ceju_n_2014-23_modif_section_vote_CCP_ANT_scrutin_4dec2014.pdf\" target=\"_self\">Arr\u00eat\u00e9 CEJU n\u00b02014-23 du 12 novembre 2014<\/a> : modifiant la composition de la section de vote constitu\u00e9e au campus Jean-Henri Fabre site Agroparc pour l&rsquo;\u00e9lection des repr\u00e9sentants des personnels \u00e0 la CCP ANT &#8211; scrutin du 4 d\u00e9cembre 2014.<\/p>\n<p class=\"bodytext\" style=\"text-align: justify;\">&#8211; <a class=\"download\" href=\"\/affaires-juridiques\/wp-content\/uploads\/sites\/11\/2016\/03\/Arrete_ceju_n_2014-24_modif_section_vote_CT_scrutin_4dec2014.pdf\" target=\"_self\">Arr\u00eat\u00e9 CEJU n\u00b02014-24 du 12 novembre 2014<\/a> : modifiant la composition de la section de vote constitu\u00e9e au campus Jean-Henri Fabre site Agroparc pour l&rsquo;\u00e9lection des repr\u00e9sentants des personnels au CT.<\/p>\n<p class=\"bodytext\" style=\"text-align: justify;\">&#8211; <a class=\"download\" href=\"\/affaires-juridiques\/wp-content\/uploads\/sites\/11\/2016\/03\/Arrete_ceju_n_2014-25_modif_section_vote_CTMESR_scrutin_4dec2014.pdf\" target=\"_self\">Arr\u00eat\u00e9 CEJU n\u00b02014-25 du 12 novembre 2014<\/a> : modifiant la composition de la section de vote constitu\u00e9e au campus Jean-Henri Fabre site Agroparc pour l&rsquo;\u00e9lection des repr\u00e9sentants des personnels au CTMESR.<\/p>\n<p class=\"bodytext\" style=\"text-align: justify;\">&#8211; <a class=\"download\" href=\"\/affaires-juridiques\/wp-content\/uploads\/sites\/11\/2016\/03\/Arrete_ceju_n_2014-26_modif_section_vote_CTU_scrutin_4dec2014.pdf\" target=\"_self\">Arr\u00eat\u00e9 CEJU n\u00b02014-26 du 12 novembre 2014<\/a> : modifiant la composition de la section de vote constitu\u00e9e au campus Jean-Henri Fabre site Agroparc pour l&rsquo;\u00e9lection des repr\u00e9sentants des personnels au CTU (enseignants titulaires et stagiaires de statut universitaire).<\/p>\n<p class=\"bodytext\" style=\"text-align: justify;\">&#8211; <a class=\"download\" href=\"\/affaires-juridiques\/wp-content\/uploads\/sites\/11\/2016\/03\/Arrete_ceju_n_2014-27_nouvelle_compo_CT_au_1-1-2015.pdf\" target=\"_self\">Arr\u00eat\u00e9 CEJU n\u00b02014-27 du 10 d\u00e9cembre 2014<\/a> : Nouvelle composition du Comit\u00e9 Technique au 1\/1\/2015 (issue des r\u00e9sultats du scrutin du 4\/12\/2014).<\/p>\n<p class=\"bodytext\" style=\"text-align: justify;\">&#8211; <a class=\"download\" href=\"\/affaires-juridiques\/wp-content\/uploads\/sites\/11\/2016\/03\/Arrete_ceju_n_2014-28_du_16dec2014_elections_pers_conseil_UFR-ip_ALL_scrutin_du_27janv2015.pdf\" target=\"_self\">Arr\u00eat\u00e9 CEJU n\u00b02014-28 du 16 d\u00e9cembre 2014<\/a> : Organisation des \u00e9lections pour le renouvellement des repr\u00e9sentants des personnels (enseignants et BIATSS) au conseil de l&rsquo;UFR-ip Arts, Lettres et Langues (ALL) &#8211; scrutins du 27 janvier 2015.<\/p>\n<p class=\"bodytext\" style=\"text-align: justify;\">&#8211; <a class=\"download\" href=\"\/affaires-juridiques\/wp-content\/uploads\/sites\/11\/2016\/03\/Arrete_ceju_n_2014-29_du_16dec2014_elections_pers_UFR-ip_STS_scrutins_du_27janv2015.pdf\" target=\"_self\">Arr\u00eat\u00e9 CEJU n\u00b02014-29 du 16 d\u00e9cembre 2014<\/a> : Organisation des \u00e9lections pour le renouvellement des repr\u00e9sentants des personnels (enseignants et BIATSS) au conseil de l&rsquo;UFR-ip Sciences, Technologies, Sant\u00e9 (STS) &#8211; scrutins du 27 janvier 2015. (<span style=\"text-decoration: underline;\">modifi\u00e9 par<\/span> <a class=\"download\" href=\"\/affaires-juridiques\/wp-content\/uploads\/sites\/11\/2016\/03\/Arrete_ceju_n_2015-01_du_14janv2015_Rectif_elections_pers_UFR-ip_STS_du_27janv2015.pdf\" target=\"_self\">arr\u00eat\u00e9 ceju n\u00b02015-01 du 14 janvier 2015<\/a>)<\/p>\n<p class=\"bodytext\" style=\"text-align: justify;\">&#8211; <a class=\"download\" href=\"\/affaires-juridiques\/wp-content\/uploads\/sites\/11\/2016\/03\/Arrete_ceju_n_2014-30_du_16dec2014_elections_pers_conseil_UFR-ip_DEG_scrutins_du_27janv2015.pdf\" target=\"_self\">Arr\u00eat\u00e9 CEJU n\u00b02014-30 du 16 d\u00e9cembre 2014<\/a> : Organisation des \u00e9lections pour le renouvellement des repr\u00e9sentants des personnels (enseignants et BIATSS) au conseil de l&rsquo;UFR-ip Droit, Economie, Gestion (DEG) &#8211; scrutins du 27 janvier 2015.<\/p>\n<p class=\"bodytext\" style=\"text-align: justify;\">&#8211; <a class=\"download\" href=\"\/affaires-juridiques\/wp-content\/uploads\/sites\/11\/2016\/03\/Arrete_ceju_n_2014-31_du_16dec2014_elections_pers_conseil_UFR-ip_SHS_scrutins_du_27janv2015.pdf\" target=\"_self\">Arr\u00eat\u00e9 CEJU n\u00b02014-31 du 16 d\u00e9cembre 2014<\/a> : Organisation des \u00e9lections pour le renouvellement des repr\u00e9sentants des personnels (enseignants et BIATSS) au conseil de l&rsquo;UFR-ip Sciences Humaines et Sociales (SHS) &#8211; scrutins du 27 janvier 2015. (<span style=\"text-decoration: underline;\">modifi\u00e9 par<\/span> <a class=\"download\" href=\"\/affaires-juridiques\/wp-content\/uploads\/sites\/11\/2016\/03\/Arrete_ceju_n_2015-02_du_14janv2015_Rectif_elections_pers_conseil_UFR-ip_SHS_du_27janv2015.pdf\" target=\"_self\">arr\u00eat\u00e9 ceju n\u00b02015-02 du 14 janvier 2015<\/a>)<\/p>\n<p class=\"bodytext\" style=\"text-align: justify;\">&#8211; <a class=\"download\" href=\"\/affaires-juridiques\/wp-content\/uploads\/sites\/11\/2016\/03\/Arrete_ceju_n_2014-32_du_11dec2014_repartion_des_sieges_OS_elues_au_CT_scrutin_du_4dec2014.pdf\" target=\"_self\">Arr\u00eat\u00e9 CEJU n\u00b02014-32 du 11 d\u00e9cembre 2014<\/a> : R\u00e9partition des si\u00e8ges des repr\u00e9sentants des personnels du CHSCT sur la base des r\u00e9sultats aux \u00e9lections des repr\u00e9sentants du personnel au comit\u00e9 technique scrutin du 4 d\u00e9cembre 2014.<\/p>\n","protected":false},"excerpt":{"rendered":"<p>&#8211; Arr\u00eat\u00e9 CEJU N\u00b0 2014-03 du 21 janvier 2014 :Scrutins de renouvellement des repr\u00e9sentants des usagers aux conseils centraux &#8211; Arr\u00eat\u00e9 CEJU N\u00b02014-01 du 31 janvier 2014 : Modification de la composition de la Commission Consultative Paritaire comp\u00e9tente \u00e0 l&rsquo;\u00e9gard des Agents Non Titulaires (CCP ANT). &#8211; Arr\u00eat\u00e9 CEJU N\u00b02014-02 du 6 f\u00e9vrier 2014 : &hellip; <a href=\"https:\/\/e-doc.univ-avignon.fr\/affaires-juridiques\/actes-reglementaires\/arretes-electoraux-du-president-2014\/\" class=\"more-link\">Continuer la lecture de <span class=\"screen-reader-text\">Arr\u00eat\u00e9s \u00e9lectoraux du Pr\u00e9sident &#8211; 2014<\/span><\/a><\/p>\n","protected":false},"author":1,"featured_media":0,"parent":1714,"menu_order":0,"comment_status":"closed","ping_status":"closed","template":"","meta":{"footnotes":""},"class_list":["post-1706","page","type-page","status-publish","hentry"],"_links":{"self":[{"href":"https:\/\/e-doc.univ-avignon.fr\/affaires-juridiques\/wp-json\/wp\/v2\/pages\/1706","targetHints":{"allow":["GET"]}}],"collection":[{"href":"https:\/\/e-doc.univ-avignon.fr\/affaires-juridiques\/wp-json\/wp\/v2\/pages"}],"about":[{"href":"https:\/\/e-doc.univ-avignon.fr\/affaires-juridiques\/wp-json\/wp\/v2\/types\/page"}],"author":[{"embeddable":true,"href":"https:\/\/e-doc.univ-avignon.fr\/affaires-juridiques\/wp-json\/wp\/v2\/users\/1"}],"replies":[{"embeddable":true,"href":"https:\/\/e-doc.univ-avignon.fr\/affaires-juridiques\/wp-json\/wp\/v2\/comments?post=1706"}],"version-history":[{"count":3,"href":"https:\/\/e-doc.univ-avignon.fr\/affaires-juridiques\/wp-json\/wp\/v2\/pages\/1706\/revisions"}],"predecessor-version":[{"id":2555,"href":"https:\/\/e-doc.univ-avignon.fr\/affaires-juridiques\/wp-json\/wp\/v2\/pages\/1706\/revisions\/2555"}],"up":[{"embeddable":true,"href":"https:\/\/e-doc.univ-avignon.fr\/affaires-juridiques\/wp-json\/wp\/v2\/pages\/1714"}],"wp:attachment":[{"href":"https:\/\/e-doc.univ-avignon.fr\/affaires-juridiques\/wp-json\/wp\/v2\/media?parent=1706"}],"curies":[{"name":"wp","href":"https:\/\/api.w.org\/{rel}","templated":true}]}}