{"id":1714,"date":"2017-03-29T11:07:42","date_gmt":"2017-03-29T10:07:42","guid":{"rendered":"http:\/\/e-doc.univ-avignon.fr\/affaires-juridiques\/?page_id=1714"},"modified":"2026-01-26T09:15:51","modified_gmt":"2026-01-26T08:15:51","slug":"actes-reglementaires","status":"publish","type":"page","link":"https:\/\/e-doc.univ-avignon.fr\/affaires-juridiques\/actes-reglementaires\/","title":{"rendered":"Actes r\u00e9glementaires &#8211; DAJI"},"content":{"rendered":"\n<h4 class=\"wp-block-heading\">Arr\u00eat\u00e9s du Pr\u00e9sident :<\/h4>\n\n\n\n<p>A compter de l&rsquo;ann\u00e9e 2026, les actes sont publi\u00e9s sur le nouveau <a href=\"https:\/\/services.univ-avignon.fr\/daji\/question\/recueil-des-actes-administratifs-raa\/\">recueil des actes disponible dans le catalogue de service<\/a>s.<\/p>\n\n\n\n<ul class=\"wp-block-list\">\n<li><a href=\"https:\/\/e-doc.univ-avignon.fr\/affaires-juridiques\/arretes-du-president-2025-daji\/\">Ann\u00e9e 2025<\/a><\/li>\n\n\n\n<li><a href=\"https:\/\/e-doc.univ-avignon.fr\/affaires-juridiques\/arretes-du-president-2024-dagap\/\">Ann\u00e9e 2024<\/a><\/li>\n\n\n\n<li><a href=\"https:\/\/e-doc.univ-avignon.fr\/affaires-juridiques\/annee-2023\/\">Ann\u00e9e 2023<\/a><\/li>\n\n\n\n<li><a href=\"https:\/\/e-doc.univ-avignon.fr\/affaires-juridiques\/actes-reglementaires\/arretes-du-president-2022-dagap\/\" data-type=\"page\" data-id=\"5698\">Ann\u00e9e 2022<\/a><\/li>\n\n\n\n<li><a href=\"https:\/\/e-doc.univ-avignon.fr\/affaires-juridiques\/actes-reglementaires\/anterieurs-a-2022\/\" data-type=\"page\" data-id=\"5701\">Ant\u00e9rieurs \u00e0 2022<\/a><\/li>\n\n\n\n<li><a href=\"http:\/\/e-doc.univ-avignon.fr\/affaires-juridiques\/delegation-signature\/\">D\u00e9l\u00e9gations de signature<\/a> en vigueur<\/li>\n\n\n\n<li><a href=\"https:\/\/e-doc.univ-avignon.fr\/affaires-juridiques\/wp-content\/uploads\/sites\/11\/2023\/12\/Arrete-n\u00b02023-43-DAGAP-du-5dec.2023-2.pdf\">D\u00e9l\u00e9gation de pouvoir en mati\u00e8re de maintien de l&rsquo;ordre<\/a> en vigueur<\/li>\n<\/ul>\n\n\n\n<p><\/p>\n","protected":false},"excerpt":{"rendered":"<p>Arr\u00eat\u00e9s du Pr\u00e9sident : A compter de l&rsquo;ann\u00e9e 2026, les actes sont publi\u00e9s sur le nouveau recueil des actes disponible dans le catalogue de services.<\/p>\n","protected":false},"author":1,"featured_media":0,"parent":0,"menu_order":0,"comment_status":"closed","ping_status":"closed","template":"","meta":{"footnotes":""},"class_list":["post-1714","page","type-page","status-publish","hentry"],"_links":{"self":[{"href":"https:\/\/e-doc.univ-avignon.fr\/affaires-juridiques\/wp-json\/wp\/v2\/pages\/1714","targetHints":{"allow":["GET"]}}],"collection":[{"href":"https:\/\/e-doc.univ-avignon.fr\/affaires-juridiques\/wp-json\/wp\/v2\/pages"}],"about":[{"href":"https:\/\/e-doc.univ-avignon.fr\/affaires-juridiques\/wp-json\/wp\/v2\/types\/page"}],"author":[{"embeddable":true,"href":"https:\/\/e-doc.univ-avignon.fr\/affaires-juridiques\/wp-json\/wp\/v2\/users\/1"}],"replies":[{"embeddable":true,"href":"https:\/\/e-doc.univ-avignon.fr\/affaires-juridiques\/wp-json\/wp\/v2\/comments?post=1714"}],"version-history":[{"count":109,"href":"https:\/\/e-doc.univ-avignon.fr\/affaires-juridiques\/wp-json\/wp\/v2\/pages\/1714\/revisions"}],"predecessor-version":[{"id":7488,"href":"https:\/\/e-doc.univ-avignon.fr\/affaires-juridiques\/wp-json\/wp\/v2\/pages\/1714\/revisions\/7488"}],"wp:attachment":[{"href":"https:\/\/e-doc.univ-avignon.fr\/affaires-juridiques\/wp-json\/wp\/v2\/media?parent=1714"}],"curies":[{"name":"wp","href":"https:\/\/api.w.org\/{rel}","templated":true}]}}