{"id":1738,"date":"2017-03-29T12:26:44","date_gmt":"2017-03-29T11:26:44","guid":{"rendered":"http:\/\/e-doc.univ-avignon.fr\/affaires-juridiques\/?page_id=1738"},"modified":"2017-03-29T12:32:41","modified_gmt":"2017-03-29T11:32:41","slug":"autres-arretes-du-president-2016","status":"publish","type":"page","link":"https:\/\/e-doc.univ-avignon.fr\/affaires-juridiques\/actes-reglementaires\/autres-arretes-du-president-2016\/","title":{"rendered":"Autres arr\u00eat\u00e9s du Pr\u00e9sident &#8211; 2016"},"content":{"rendered":"<p class=\"bodytext\">&#8211; <a href=\"http:\/\/e-doc.univ-avignon.fr\/affaires-juridiques\/wp-content\/uploads\/sites\/11\/2016\/04\/Arrete_SAJ_n_2016-01_du_16_mars_2016_modifiant_la_composition_du_CT.pdf\">Arr\u00eat\u00e9 SAJ n\u00b02016-01 du 16 mars 2016<\/a>\u00a0 : modification de la composition du comit\u00e9 technique (CT).<\/p>\n<p class=\"bodytext\">&#8211;\u00a0<a href=\"http:\/\/e-doc.univ-avignon.fr\/affaires-juridiques\/wp-content\/uploads\/sites\/11\/2016\/04\/Arrete_SAJ_n_2016-02_du_16mars2016_sieges_usagers_CHSCT_scrutin_du_10nov2015.pdf\">Arr\u00eat\u00e9 SAJ n\u00b02016-02 du 16 mars 2016<\/a> : r\u00e9partition des si\u00e8ges des repr\u00e9sentants usagers du comit\u00e9 d&rsquo;hygi\u00e8ne et de s\u00e9curit\u00e9 (CHSCT) issue des \u00e9lections du 10 novembre 2015 relatives au renouvellement des repr\u00e9sentants des usagers au conseil d&rsquo;administration.<\/p>\n<p class=\"bodytext\">&#8211;\u00a0<a href=\"http:\/\/e-doc.univ-avignon.fr\/affaires-juridiques\/wp-content\/uploads\/sites\/11\/2016\/04\/Arrete_SAJ_n_2016-03_du_5_avril_2016_modif_compo_usagers_CHSCT.pdf\">Arr\u00eat\u00e9 SAJ n\u00b02016-03 du 5 avril 2016<\/a> : modification de la composition du comit\u00e9 d&rsquo;hygi\u00e8ne et de s\u00e9curit\u00e9 et des conditions de travail (CHSCT) issue des \u00e9lections du 10 novembre 2015 relatives au renouvellement des repr\u00e9sentants des usagers au conseil d&rsquo;administration.<\/p>\n<p class=\"bodytext\">&#8211;\u00a0<a href=\"http:\/\/e-doc.univ-avignon.fr\/affaires-juridiques\/wp-content\/uploads\/sites\/11\/2016\/04\/Arrete_SAJ_n_2016-04_du_21avril2016_modif_compo_CHSCT.pdf\">Arr\u00eat\u00e9 SAJ n\u00b02016-04 du 21 avril 2016<\/a> : modification de la composition du comit\u00e9 d&rsquo;hygi\u00e8ne et de s\u00e9curit\u00e9 et des conditions de travail (CHSCT).<\/p>\n<p class=\"bodytext\">&#8211;\u00a0<a href=\"http:\/\/e-doc.univ-avignon.fr\/affaires-juridiques\/wp-content\/uploads\/sites\/11\/2016\/04\/Arrete_saj_n_2016-05_du_2_juin_2016_renouvlt_compo_CCDC.pdf\"> Arr\u00eat\u00e9 SAJ n\u00b02016-05 du 2 juin 2016<\/a> : renouvellement de la composition de la commission consultative comp\u00e9tente \u00e0 l&rsquo;\u00e9gard des contractuels doctorants (CCDC).<\/p>\n<p>&#8211;\u00a0<a href=\"http:\/\/e-doc.univ-avignon.fr\/affaires-juridiques\/wp-content\/uploads\/sites\/11\/2016\/04\/Arrete_saj_n_2016-06_du_10juillet2016_modif_compo_CCP_ANT.pdf\">Arr\u00eat\u00e9 SAJ n\u00b02016-06 du 10 juillet 2016<\/a> : modification de la composition de la commission consultative paritaire comp\u00e9tente \u00e0 l&rsquo;\u00e9gard des agents non titulaires exer\u00e7ant leurs fonctions \u00e0 l&rsquo;universit\u00e9 d&rsquo;Avignon et des Pays de Vaucluse (CCP ANT).<\/p>\n<p>&#8211;\u00a0<a href=\"http:\/\/e-doc.univ-avignon.fr\/affaires-juridiques\/wp-content\/uploads\/sites\/11\/2016\/04\/Arrete_SAJ_n_2016-07_du_30sept2016_nouvelle_compo_CEC_au_1-05-2016.pdf\">Arr\u00eat\u00e9 SAJ n\u00b02016-07 du 30 septembre 2016<\/a> : nouvelle composition du Comit\u00e9 Electoral Consultatif (CEC) prenant effet au 1er mai 2016.<\/p>\n<p>&#8211;\u00a0<a href=\"http:\/\/e-doc.univ-avignon.fr\/affaires-juridiques\/wp-content\/uploads\/sites\/11\/2016\/04\/Arrete_saj_n_2016-08_du_6dec2016_modif_compo_CCDC.pdf\">Arr\u00eat\u00e9 SAJ n\u00b02016-08 du 6 d\u00e9cembre 2016<\/a> : modifiant la composition de la Commission Consultative comp\u00e9tente \u00e0 l&rsquo;\u00e9gard des Doctorants Contractuels (CCDC).<\/p>\n","protected":false},"excerpt":{"rendered":"<p>&#8211; Arr\u00eat\u00e9 SAJ n\u00b02016-01 du 16 mars 2016\u00a0 : modification de la composition du comit\u00e9 technique (CT). &#8211;\u00a0Arr\u00eat\u00e9 SAJ n\u00b02016-02 du 16 mars 2016 : r\u00e9partition des si\u00e8ges des repr\u00e9sentants usagers du comit\u00e9 d&rsquo;hygi\u00e8ne et de s\u00e9curit\u00e9 (CHSCT) issue des \u00e9lections du 10 novembre 2015 relatives au renouvellement des repr\u00e9sentants des usagers au conseil d&rsquo;administration. &hellip; <a href=\"https:\/\/e-doc.univ-avignon.fr\/affaires-juridiques\/actes-reglementaires\/autres-arretes-du-president-2016\/\" class=\"more-link\">Continuer la lecture de <span class=\"screen-reader-text\">Autres arr\u00eat\u00e9s du Pr\u00e9sident &#8211; 2016<\/span><\/a><\/p>\n","protected":false},"author":30,"featured_media":0,"parent":1714,"menu_order":0,"comment_status":"closed","ping_status":"closed","template":"","meta":{"footnotes":""},"class_list":["post-1738","page","type-page","status-publish","hentry"],"_links":{"self":[{"href":"https:\/\/e-doc.univ-avignon.fr\/affaires-juridiques\/wp-json\/wp\/v2\/pages\/1738","targetHints":{"allow":["GET"]}}],"collection":[{"href":"https:\/\/e-doc.univ-avignon.fr\/affaires-juridiques\/wp-json\/wp\/v2\/pages"}],"about":[{"href":"https:\/\/e-doc.univ-avignon.fr\/affaires-juridiques\/wp-json\/wp\/v2\/types\/page"}],"author":[{"embeddable":true,"href":"https:\/\/e-doc.univ-avignon.fr\/affaires-juridiques\/wp-json\/wp\/v2\/users\/30"}],"replies":[{"embeddable":true,"href":"https:\/\/e-doc.univ-avignon.fr\/affaires-juridiques\/wp-json\/wp\/v2\/comments?post=1738"}],"version-history":[{"count":2,"href":"https:\/\/e-doc.univ-avignon.fr\/affaires-juridiques\/wp-json\/wp\/v2\/pages\/1738\/revisions"}],"predecessor-version":[{"id":1750,"href":"https:\/\/e-doc.univ-avignon.fr\/affaires-juridiques\/wp-json\/wp\/v2\/pages\/1738\/revisions\/1750"}],"up":[{"embeddable":true,"href":"https:\/\/e-doc.univ-avignon.fr\/affaires-juridiques\/wp-json\/wp\/v2\/pages\/1714"}],"wp:attachment":[{"href":"https:\/\/e-doc.univ-avignon.fr\/affaires-juridiques\/wp-json\/wp\/v2\/media?parent=1738"}],"curies":[{"name":"wp","href":"https:\/\/api.w.org\/{rel}","templated":true}]}}