{"id":1741,"date":"2017-03-29T12:30:10","date_gmt":"2017-03-29T11:30:10","guid":{"rendered":"http:\/\/e-doc.univ-avignon.fr\/affaires-juridiques\/?page_id=1741"},"modified":"2017-03-29T13:05:20","modified_gmt":"2017-03-29T12:05:20","slug":"autres-arretes-du-president-2015","status":"publish","type":"page","link":"https:\/\/e-doc.univ-avignon.fr\/affaires-juridiques\/actes-reglementaires\/autres-arretes-du-president-2015\/","title":{"rendered":"Autres arr\u00eat\u00e9s du Pr\u00e9sident &#8211; 2015"},"content":{"rendered":"<p class=\"bodytext\">&#8211; <a class=\"download\" href=\"\/affaires-juridiques\/wp-content\/uploads\/sites\/11\/2016\/03\/arrete_ceju_n_2015-01_mesures_de_controle_d_acces_des_personnes_exterieures_a_l_universite-1.pdf\" target=\"_self\">Arr\u00eat\u00e9 ceju n\u00b02015-01 du 8 janvier 2015<\/a> : mesures de contr\u00f4le d&rsquo;acc\u00e8s des personnes ext\u00e9rieurs \u00e0 l&rsquo;Universit\u00e9 dans le cadre du dispositif Vigipirate.<\/p>\n<p class=\"bodytext\">&#8211; <a class=\"download\" href=\"\/affaires-juridiques\/wp-content\/uploads\/sites\/11\/2016\/03\/arrete_ceju_n_2015-02_fermeture_acces_site_centre_ville.pdf\" target=\"_self\">Arr\u00eat\u00e9 ceju n\u00b02015-02 du 8 janvier 2015<\/a> : fermeture de certains acc\u00e8s au campus Hannah Arendt de l&rsquo;Universit\u00e9 &#8211; site centre ville &#8211; dans le cadre du dispositif Vigipirate.<\/p>\n<p class=\"bodytext\">&#8211;<a class=\"download\" href=\"\/affaires-juridiques\/wp-content\/uploads\/sites\/11\/2016\/03\/arrete_ceju_n_2015-03_fermeture_acces_site_Pasteur.pdf\" target=\"_self\"> Arr\u00eat\u00e9 ceju n\u00b0 2015-03 du 8 janvier 2015<\/a> : fermeture de certains acc\u00e8s au campus Hannah Arendt de l&rsquo;Universit\u00e9 &#8211; site Pasteur &#8211; dans le cadre du dispositif Vigipirate.<\/p>\n<p class=\"bodytext\">&#8211; <a class=\"download\" href=\"\/affaires-juridiques\/wp-content\/uploads\/sites\/11\/2016\/03\/arrete_ceju_n_2015-04_fermeture_acces_site_IUT.pdf\" target=\"_self\">Arr\u00eat\u00e9 ceju n\u00b02015-04 du 8 janvier 2015<\/a> : fermeture de certains acc\u00e8s au campus Jean-Henri Fabre de l&rsquo;Universit\u00e9 &#8211; site IUT &#8211; dans le cadre du dispositif Vigipirate.<\/p>\n<p class=\"bodytext\">&#8211; <a class=\"download\" href=\"\/affaires-juridiques\/wp-content\/uploads\/sites\/11\/2016\/03\/arrete_ceju_n_2015-05_fermeture_acces_site_CERI.pdf\" target=\"_self\">Arr\u00eat\u00e9 ceju n\u00b02015-05 du 8 janvier 2015<\/a> : fermeture de certains acc\u00e8s au campus Jean-Henri Fabre de l&rsquo;Universit\u00e9 &#8211; site CERI &#8211; dans le cadre du dispositif Vigipirate.<\/p>\n<p class=\"bodytext\">&#8211; <a class=\"download\" href=\"\/affaires-juridiques\/wp-content\/uploads\/sites\/11\/2016\/03\/arrete_ceju_n_2015-06_fermeture_acces_site_Agrosciences.pdf\" target=\"_self\">Arr\u00eat\u00e9 ceju n\u00b02015-06 du 8 janvier 2015<\/a> : fermeture de certains acc\u00e8s au campus Jean-Henri Fabre de l&rsquo;Universit\u00e9 &#8211; site AGROSCIENCES &#8211; dans le cadre du dispositif Vigipirate.<\/p>\n<p class=\"bodytext\">&#8211; <a class=\"download\" href=\"\/affaires-juridiques\/wp-content\/uploads\/sites\/11\/2016\/03\/Arrete_ceju_n_2015-07_du_14janv2015_designation_representants_pers_au_CHSCT.pdf\" target=\"_self\">Arr\u00eat\u00e9 ceju n\u00b02015-07 du 14 janvier 2015<\/a> : d\u00e9signation des nouveaux repr\u00e9sentants des personnels au CHSCT \u00e0 compter du 14 janvier 2015 pour un mandat de quatre ans.<\/p>\n<p class=\"bodytext\">&#8211; <a class=\"download\" href=\"\/affaires-juridiques\/wp-content\/uploads\/sites\/11\/2016\/03\/Arrete_ceju_n_2015-08_du_2fev2015_composition_CCP_ANT_-_scrutin_du_4dec2015.pdf\" target=\"_self\">Arr\u00eat\u00e9 ceju n\u00b02015-08 du 2 f\u00e9vrier 2015<\/a> :\u00a0 nouvelle composition de la commission consultative paritaire comp\u00e9tente \u00e0 l&rsquo;\u00e9gard des agents non titulaires en fonction \u00e0 l&rsquo;universit\u00e9 d&rsquo;Avignon (CCP ANT) &#8211; issue du scrutin du 4 d\u00e9cembre 2014.<\/p>\n<p class=\"bodytext\">&#8211; <a class=\"download\" href=\"\/affaires-juridiques\/wp-content\/uploads\/sites\/11\/2016\/03\/Arrete_ceju_n_2015-09_du_8avril2015_modif_compo_CPE.pdf\" target=\"_self\">Arr\u00eat\u00e9 ceju n\u00b02015-09 du 8 avril 2015<\/a> : modification de la composition de la commission paritaire d&rsquo;\u00e9tablissement (CPE).<\/p>\n<p class=\"bodytext\">&#8211; <a class=\"download\" href=\"\/affaires-juridiques\/wp-content\/uploads\/sites\/11\/2016\/03\/Arrete_Pt_ceju_n_2015-10_du_5_juin_2015_creation_de_la_CCDC.pdf\" target=\"_self\">Arr\u00eat\u00e9 ceju n\u00b02015-10 du 5 juin 2015<\/a> : cr\u00e9ation de la commission consultative comp\u00e9tente \u00e0 l&rsquo;\u00e9gard des doctorants contractuels (CCDC).<\/p>\n<p class=\"bodytext\">&#8211; <a class=\"download\" href=\"\/affaires-juridiques\/wp-content\/uploads\/sites\/11\/2016\/03\/Arrete_ceju_n_2015-11_du_28_mai_2015_modif_compo_CT.pdf\" target=\"_self\">Arr\u00eat\u00e9 ceju n\u00b02015-11 du 28 mai 2015<\/a> : modification de la composition du comit\u00e9 technique (CT).<\/p>\n<p class=\"bodytext\">&#8211; <a class=\"download\" href=\"\/affaires-juridiques\/wp-content\/uploads\/sites\/11\/2016\/03\/Arrete_n_2015-12_du_19_juin_2015_portant_composition_de_la_CCDC.pdf\" target=\"_self\">Arr\u00eat\u00e9 ceju n\u00b02015-12 du 19 juin 2015<\/a> : composition de la commission consultative comp\u00e9tente \u00e0 l&rsquo;\u00e9gard des doctorants contractuels (CCDC).<\/p>\n<p class=\"bodytext\">&#8211; <a class=\"download\" href=\"\/affaires-juridiques\/wp-content\/uploads\/sites\/11\/2016\/03\/1_VIGIPIRATE_Arrete_ceju_n_2015-13_mesures_de_controle_d_acces_aux_enceintes_et_batiments_de_l_UAPV.pdf\" target=\"_self\">Arr\u00eat\u00e9 ceju n\u00b02015-13 du 18 septembre 2015<\/a> : mesures de contr\u00f4le d&rsquo;acc\u00e8s aux enceintes et b\u00e2timents de l&rsquo;universit\u00e9.<\/p>\n<p class=\"bodytext\">&#8211; <a class=\"download\" href=\"\/affaires-juridiques\/wp-content\/uploads\/sites\/11\/2016\/03\/Arretes_2015-14_a_22_Application_mesures_dispositif_Vigipirate_Nov.2015.pdf\" target=\"_self\">Arr\u00eat\u00e9s ceju n\u00b02015-14 \u00e0 22 du 17 novembre 2015<\/a> : mesures de contr\u00f4le d&rsquo;acc\u00e8s \u00e0 l&rsquo;universit\u00e9 dans le cadre du renforcement du dispositif Vigipirate.<\/p>\n<p class=\"bodytext\">&#8211; <a class=\"download\" href=\"\/affaires-juridiques\/wp-content\/uploads\/sites\/11\/2016\/03\/Arrete_2015-23_du_25_novembre_2015_portant_designation_des_PEX_du_CA.pdf\" target=\"_self\">Arr\u00eat\u00e9 ceju n\u00b02015-23 du 25 novembre 2015<\/a> : d\u00e9signation des personnalit\u00e9s ext\u00e9rieures du conseil d&rsquo;administration.<\/p>\n<p class=\"bodytext\">&#8211; <a href=\"http:\/\/e-doc.univ-avignon.fr\/affaires-juridiques\/wp-content\/uploads\/sites\/11\/2017\/03\/Arr\u00eat\u00e9-SAJ-n\u00b02015-24-du-6-janvier-2016-nouvelle-composition-CPE-scrutins-du-29oct2015.pdf\">Arr\u00eat\u00e9 ceju n\u00b02015-24 du 6 janvier 2016<\/a> : nouvelle composition de la commission paritaire d&rsquo;\u00e9tablissement (CPE) issue des scrutins du 29 octobre 2015.<\/p>\n<p class=\"bodytext\">&#8211; <a class=\"download\" href=\"\/affaires-juridiques\/wp-content\/uploads\/sites\/11\/2016\/03\/Arretes_ceju_2015-25_a_34_Posture_Vigipirate.pdf\" target=\"_self\">Arr\u00eat\u00e9s ceju n\u00b02015-25 \u00e0 34 du 18 d\u00e9cembre 2015<\/a> : mesures de contr\u00f4le d&rsquo;acc\u00e8s aux enceintes et b\u00e2timents de l&rsquo;universit\u00e9.<\/p>\n<p class=\"bodytext\">&#8211; <a href=\"http:\/\/e-doc.univ-avignon.fr\/affaires-juridiques\/wp-content\/uploads\/sites\/11\/2016\/04\/Arrete_SAJ_n_2015-35_du_6_janvier_2016_modif_compo_CT.pdf\"> Arr\u00eat\u00e9 SAJ n\u00b02015-35 du 6 janvier 2016 <\/a>: modification de la composition du comit\u00e9 technique (CT).<\/p>\n","protected":false},"excerpt":{"rendered":"<p>&#8211; Arr\u00eat\u00e9 ceju n\u00b02015-01 du 8 janvier 2015 : mesures de contr\u00f4le d&rsquo;acc\u00e8s des personnes ext\u00e9rieurs \u00e0 l&rsquo;Universit\u00e9 dans le cadre du dispositif Vigipirate. &#8211; Arr\u00eat\u00e9 ceju n\u00b02015-02 du 8 janvier 2015 : fermeture de certains acc\u00e8s au campus Hannah Arendt de l&rsquo;Universit\u00e9 &#8211; site centre ville &#8211; dans le cadre du dispositif Vigipirate. &#8211; &hellip; <a href=\"https:\/\/e-doc.univ-avignon.fr\/affaires-juridiques\/actes-reglementaires\/autres-arretes-du-president-2015\/\" class=\"more-link\">Continuer la lecture de <span class=\"screen-reader-text\">Autres arr\u00eat\u00e9s du Pr\u00e9sident &#8211; 2015<\/span><\/a><\/p>\n","protected":false},"author":30,"featured_media":0,"parent":1714,"menu_order":0,"comment_status":"closed","ping_status":"closed","template":"","meta":{"footnotes":""},"class_list":["post-1741","page","type-page","status-publish","hentry"],"_links":{"self":[{"href":"https:\/\/e-doc.univ-avignon.fr\/affaires-juridiques\/wp-json\/wp\/v2\/pages\/1741","targetHints":{"allow":["GET"]}}],"collection":[{"href":"https:\/\/e-doc.univ-avignon.fr\/affaires-juridiques\/wp-json\/wp\/v2\/pages"}],"about":[{"href":"https:\/\/e-doc.univ-avignon.fr\/affaires-juridiques\/wp-json\/wp\/v2\/types\/page"}],"author":[{"embeddable":true,"href":"https:\/\/e-doc.univ-avignon.fr\/affaires-juridiques\/wp-json\/wp\/v2\/users\/30"}],"replies":[{"embeddable":true,"href":"https:\/\/e-doc.univ-avignon.fr\/affaires-juridiques\/wp-json\/wp\/v2\/comments?post=1741"}],"version-history":[{"count":3,"href":"https:\/\/e-doc.univ-avignon.fr\/affaires-juridiques\/wp-json\/wp\/v2\/pages\/1741\/revisions"}],"predecessor-version":[{"id":1759,"href":"https:\/\/e-doc.univ-avignon.fr\/affaires-juridiques\/wp-json\/wp\/v2\/pages\/1741\/revisions\/1759"}],"up":[{"embeddable":true,"href":"https:\/\/e-doc.univ-avignon.fr\/affaires-juridiques\/wp-json\/wp\/v2\/pages\/1714"}],"wp:attachment":[{"href":"https:\/\/e-doc.univ-avignon.fr\/affaires-juridiques\/wp-json\/wp\/v2\/media?parent=1741"}],"curies":[{"name":"wp","href":"https:\/\/api.w.org\/{rel}","templated":true}]}}