{"id":2529,"date":"2018-01-11T10:12:18","date_gmt":"2018-01-11T09:12:18","guid":{"rendered":"http:\/\/e-doc.univ-avignon.fr\/affaires-juridiques\/?page_id=2529"},"modified":"2018-12-18T16:41:00","modified_gmt":"2018-12-18T15:41:00","slug":"arretes-electoraux-du-president-2018","status":"publish","type":"page","link":"https:\/\/e-doc.univ-avignon.fr\/affaires-juridiques\/actes-reglementaires\/arretes-electoraux-du-president-2018\/","title":{"rendered":"Arr\u00eat\u00e9s \u00e9lectoraux du Pr\u00e9sident &#8211; 2018"},"content":{"rendered":"<p>&#8211; <a href=\"http:\/\/e-doc.univ-avignon.fr\/affaires-juridiques\/wp-content\/uploads\/sites\/11\/2018\/01\/Arr\u00eat\u00e9-n\u00b02018-01-du-11janv2018-Partielle-D-IUT-scrutin-20f\u00e9v2018.pdf\">Arr\u00eat\u00e9 n\u00b02018-01-DAGAP du 11 janvier 2018<\/a> : relatif \u00e0 l&rsquo;organisation d&rsquo;une \u00e9lection partielle pour le remplacement d&rsquo;un repr\u00e9sentant des personnels du coll\u00e8ge D \u00ab\u00a0charg\u00e9s d&rsquo;enseignement\u00a0\u00bb au conseil de l&rsquo;IUT &#8211; scrutin du 20 f\u00e9vrier 2018.<\/p>\n<p>&#8211; <a href=\"http:\/\/e-doc.univ-avignon.fr\/affaires-juridiques\/wp-content\/uploads\/sites\/11\/2018\/01\/Arr\u00eat\u00e9-n\u00b02018-04-DAGAP-19janv2018-Compo-bur-vote-scrutin-30janv2018-UFR-ALL.pdf\">Arr\u00eat\u00e9 n\u00b02018-04-DAGAP du 19 janvier 2018<\/a> : portant composition du bureau de vote pour le scrutin du 30 janvier 2018 relatif au remplacement d&rsquo;un repr\u00e9sentant des personnels du coll\u00e8ge A au conseil d&rsquo;UFR Arts, Lettres et Langues (ALL).<\/p>\n<p>&#8211; <a href=\"http:\/\/e-doc.univ-avignon.fr\/affaires-juridiques\/wp-content\/uploads\/sites\/11\/2018\/02\/Arr\u00eat\u00e9-n\u00b02018-06-DAGAP-du-1erf\u00e9v2018-proclam-r\u00e9sultats-Partielle-A-UFR-ALL-scrutin-30janv2018.pdf\">Arr\u00eat\u00e9 n\u00b02018-06-DAGAP du 1er f\u00e9vrier 2018<\/a> : portant proclamation des r\u00e9sultats de l&rsquo;\u00e9lection partielle pour le remplacement d&rsquo;un repr\u00e9sentant des personnels du coll\u00e8ge A au conseil &lsquo;UFR Arts, Lettres et Langues (ALL) &#8211; scrutin du 30 janvier 2018.<\/p>\n<p>&#8211; <a href=\"http:\/\/e-doc.univ-avignon.fr\/affaires-juridiques\/wp-content\/uploads\/sites\/11\/2018\/02\/Arr\u00eat\u00e9-n\u00b02018-08-DAGAP-du-15f\u00e9v2018-compo-bur-vote-Partielle-D-IUT-scrutin-20f\u00e9v2018.pdf\">Arr\u00eat\u00e9 n\u00b02018-08-DAGAP du 15 f\u00e9vrier 2018<\/a>: portant composition du bureau de vote pour le scrutin du 20 f\u00e9vrier 2018 relatif au remplacement d&rsquo;un repr\u00e9sentant des personnels du coll\u00e8ge D \u00ab\u00a0charg\u00e9s d&rsquo;enseignement\u00a0\u00bb au conseil de l&rsquo;IUT.<\/p>\n<p>&#8211; <a href=\"http:\/\/e-doc.univ-avignon.fr\/affaires-juridiques\/wp-content\/uploads\/sites\/11\/2018\/02\/Arr\u00eat\u00e9-n\u00b02018-09-DAGAP-du-21f\u00e9v2018-proclam-r\u00e9sult-Partielle-D-IUT-scrutin-20f\u00e9v2018.pdf\">Arr\u00eat\u00e9 n\u00b02018-09 DAGAP du 21 f\u00e9vrier 2018<\/a> : portant proclamation des r\u00e9sultats de l&rsquo;\u00e9lection partielle pour le remplacement d&rsquo;un repr\u00e9sentant des personnels du coll\u00e8ge D au conseil de l&rsquo;IUT &#8211; scrutin du 20 f\u00e9vrier 2018.<\/p>\n<p>&#8211; <a href=\"http:\/\/e-doc.univ-avignon.fr\/affaires-juridiques\/wp-content\/uploads\/sites\/11\/2018\/04\/Arr\u00eat\u00e9-n\u00b02018-12-DAGAP-18avril2018-\u00e9lection-doyen-ALL-scrutin-12juin2018-conseil-UFR.pdf\">Arr\u00eat\u00e9 n\u00b02018-12-DAGAP du 18 avril 2018<\/a> : relatif \u00e0 l&rsquo;organisation de l&rsquo;\u00e9lection du doyen de l&rsquo;UFR-ip Arts, Lettres et Langues (ALL) &#8211; scrutin du 12 juin 2018 en conseil d&rsquo;UFR.<\/p>\n<p>&#8211; <a href=\"https:\/\/e-doc.univ-avignon.fr\/affaires-juridiques\/wp-content\/uploads\/sites\/11\/2018\/09\/Arr\u00eat\u00e9-n\u00b02018-17-DAGAP-du-11ssept2018-Partielles-A-CR-sect-LLSHS-CFVU-sect-STS-scrutins-11oct2018.pdf\">Arr\u00eat\u00e9 n\u00b02018-17-DAGAP du 11 septembre 2018<\/a> : relatif \u00e0 l&rsquo;organisation d&rsquo;\u00e9lections partielles pour le remplacement de repr\u00e9sentants du coll\u00e8ge A aux commissions du conseil acad\u00e9mique (CAC) &#8211; scrutins du 11 octobre 2018.<\/p>\n<p>&#8211; <a href=\"https:\/\/e-doc.univ-avignon.fr\/affaires-juridiques\/wp-content\/uploads\/sites\/11\/2018\/09\/Arr\u00eat\u00e9-n\u00b02018-20-DAGAP-du-26sept2018-\u00e9lections-Pers-IUT-scrutin-22nov2018.pdf\">Arr\u00eat\u00e9 n\u00b02018-20-DAGAP du 26 septembre 2018<\/a> : relatif \u00e0 l&rsquo;organisation des \u00e9lections pour le renouvellement des repr\u00e9sentants des personnels (Enseignants et BIATSS) au conseil de l&rsquo;IUT &#8211; scrutins du 22 novembre 2018.<\/p>\n<p>&#8211; <a href=\"https:\/\/e-doc.univ-avignon.fr\/affaires-juridiques\/wp-content\/uploads\/sites\/11\/2018\/09\/Arr\u00eat\u00e9-n\u00b02018-21-DAGAP-du-26sept2018-\u00e9lections-Usager-IUT-scrutin-22nov2018.pdf\">Arr\u00eat\u00e9 n\u00b02018-21-DAGAP du 26 septembre 2018<\/a> : relatif \u00e0 l&rsquo;organisation des \u00e9lections pour le renouvellement des repr\u00e9sentants des usagers des 4 d\u00e9partements (GB-PEC-STID et TC) au conseil de l&rsquo;IUT &#8211; scrutins du 22 novembre 2018.<\/p>\n<p>&#8211; <a href=\"https:\/\/e-doc.univ-avignon.fr\/affaires-juridiques\/wp-content\/uploads\/sites\/11\/2018\/10\/Arr\u00eat\u00e9-n\u00b02018-22-DAGAP-compo-bur-vote-11oct2018.pdf\">Arr\u00eat\u00e9 n\u00b02018-22-DAGAP du 5 octobre 2018<\/a> : portant composition des bureaux de vote pour les scrutins du 11 octobre 2018 relatifs au remplacement de repr\u00e9sentants du coll\u00e8ge A aux commissions du conseil acad\u00e9mique.<\/p>\n<p>&#8211; <a href=\"https:\/\/e-doc.univ-avignon.fr\/affaires-juridiques\/wp-content\/uploads\/sites\/11\/2018\/10\/Arr\u00eat\u00e9-n\u00b02018-24-DAGAP-\u00e9lection-partielle-usagers-DEG-20nov2018.pdf\">Arr\u00eat\u00e9 n\u00b02018-24-DAGAP du 8 octobre 2018<\/a> : relatif \u00e0 l&rsquo;organisation d&rsquo;une \u00e9lection partielle pour le remplacement d&rsquo;un repr\u00e9sentant des usagers au conseil d&rsquo;UFR Droit, \u00c9conomie, Gestion (DEG) &#8211; scrutin du 20 novembre 2018.<\/p>\n<p>&#8211; <a href=\"https:\/\/e-doc.univ-avignon.fr\/affaires-juridiques\/wp-content\/uploads\/sites\/11\/2018\/10\/Arr\u00eat\u00e9-n\u00b02018-25-DAGAP-du-12oct2018-Proclam-r\u00e9sult-scrutins-11oct2018.pdf\">Arr\u00eat\u00e9 n\u00b02018-25-DAGAP du 12 octobre 2018<\/a> : portant proclamation des r\u00e9sultats des scrutins du 11 octobre 2018 pour le remplacement de repr\u00e9sentants du coll\u00e8ge A aux commissions du conseil acad\u00e9mique.<\/p>\n<p>&#8211; <a href=\"https:\/\/e-doc.univ-avignon.fr\/affaires-juridiques\/wp-content\/uploads\/sites\/11\/2018\/10\/Arr\u00eat\u00e9-n\u00b02018-26-DAGAP-26oct2018-\u00e9lection-Usagers-UFR-ALL-11d\u00e9c2018.pdf\">Arr\u00eat\u00e9 n\u00b02018-26-DAGAP du 26 octobre 2018<\/a> : relatif \u00e0 l&rsquo;organisation d&rsquo;une \u00e9lection pour le renouvellement des repr\u00e9sentants des usagers au conseil d&rsquo;UFR Arts, Lettres et Langues (ALL) &#8211; scrutin du 11 d\u00e9cembre 2018.<\/p>\n<p>&#8211; <a href=\"https:\/\/e-doc.univ-avignon.fr\/affaires-juridiques\/wp-content\/uploads\/sites\/11\/2018\/10\/Arr\u00eat\u00e9-n\u00b02018-27-DAGAP-26oct2018-\u00e9lections-Pers-UFR-ALL-11d\u00e9c2018.pdf\">Arr\u00eat\u00e9 n\u00b02018-27-DAGAP du 26 octobre 2018<\/a> : relatif \u00e0 l&rsquo;organisation des \u00e9lections pour le renouvellement des repr\u00e9sentants des personnels au conseil d&rsquo;UFR Arts, Lettres et Langues (ALL) &#8211; scrutins du 11 d\u00e9cembre 2018.<\/p>\n<p>&#8211; <a href=\"https:\/\/e-doc.univ-avignon.fr\/affaires-juridiques\/wp-content\/uploads\/sites\/11\/2018\/10\/Arr\u00eat\u00e9-n\u00b02018-28-DAGAP-26oct2018-\u00e9lection-Usagers-UFR-SHS-11d\u00e9c2018.pdf\">Arr\u00eat\u00e9 n\u00b02018-28-DAGAP du 26 octobre 2018<\/a> : relatif \u00e0 l&rsquo;organisation d&rsquo;une \u00e9lection pour le renouvellement des repr\u00e9sentants des usagers au conseil d&rsquo;UFR Sciences Humaines et Sociales (SHS) &#8211; scrutin du 11 d\u00e9cembre 2018.<\/p>\n<p>&#8211; <a href=\"https:\/\/e-doc.univ-avignon.fr\/affaires-juridiques\/wp-content\/uploads\/sites\/11\/2018\/10\/Arr\u00eat\u00e9-n\u00b02018-29-DAGAP-26oct2018-\u00e9lections-Pers-UFR-SHS-11d\u00e9c2018.pdf\">Arr\u00eat\u00e9 n\u00b02018-29-DAGAP du 26 octobre 2018<\/a> : relatif \u00e0 l&rsquo;organisation des \u00e9lection pour le renouvellement des repr\u00e9sentants des personnels au conseil d&rsquo;UFR Sciences Humaines et Sociales (SHS) &#8211; scrutins du 11 d\u00e9cembre 2018.<\/p>\n<p>&#8211; <a href=\"https:\/\/e-doc.univ-avignon.fr\/affaires-juridiques\/wp-content\/uploads\/sites\/11\/2018\/10\/Arr\u00eat\u00e9-n\u00b02018-30-DAGAP-26oct2018-\u00e9lection-Usagers-UFR-STS-11d\u00e9c2018.pdf\">Arr\u00eat\u00e9 n\u00b02018-30-DAGAP du 26 octobre 2018<\/a> : relatif \u00e0 l&rsquo;organisation d&rsquo;une \u00e9lection pour le renouvellement des repr\u00e9sentants des usagers au conseil d&rsquo;UFR Sciences, Technologies, Sant\u00e9 (STS) &#8211; scrutin du 11 d\u00e9cembre 2018.<\/p>\n<p>&#8211; <a href=\"https:\/\/e-doc.univ-avignon.fr\/affaires-juridiques\/wp-content\/uploads\/sites\/11\/2018\/10\/Arr\u00eat\u00e9-n\u00b02018-31-DAGAP-26oct2018-\u00e9lections-Pers-UFR-STS-11d\u00e9c2018.pdf\">Arr\u00eat\u00e9 n\u00b02018-31-DAGAP du 26 octobre 2018<\/a> : relatif \u00e0 l&rsquo;organisation des \u00e9lections pour le renouvellement des repr\u00e9sentants des personnels au conseil d&rsquo;UFR Sciences, Technologies, Sant\u00e9 (STS) &#8211; scrutins du 11 d\u00e9cembre 2018.<\/p>\n<p>&#8211; <a href=\"https:\/\/e-doc.univ-avignon.fr\/affaires-juridiques\/wp-content\/uploads\/sites\/11\/2018\/11\/Arr\u00eat\u00e9-n\u00b02018-32-DAGAP-du-13nov2018-bueau-vote-Usagers-Conseil-IUT-scrutins-22nov2018.pdf\">Arr\u00eat\u00e9 n\u00b02018-32-DAGAP du 13 novembre 2018<\/a> : portant composition du bureau de vote pour les scrutins du 22 novembre 2018 relatifs \u00e0 l&rsquo;organisation des \u00e9lections pour le renouvellement des repr\u00e9sentants du coll\u00e8ge des usagers des 4 d\u00e9partements (GB-PEC-STID et TC) au conseil de l&rsquo;IUT.<\/p>\n<p>&#8211; <a href=\"https:\/\/e-doc.univ-avignon.fr\/affaires-juridiques\/wp-content\/uploads\/sites\/11\/2018\/11\/Arr\u00eat\u00e9-n\u00b02018-33-DAGAP-du-13nov2018-bueau-vote-Pers-Conseil-IUT-scrutins-22nov2018.pdf\">Arr\u00eat\u00e9 n\u00b02018-33-DAGAP du 13 novembre 2018<\/a> : portant composition du bureau de vote pour les scrutins du 22 novembre 2018 relatifs \u00e0 l&rsquo;organisation des \u00e9lections pour le renouvellement des repr\u00e9sentants des personnels (enseignants et BIATSS) au conseil de l&rsquo;IUT.<\/p>\n<p>&#8211; <a href=\"https:\/\/e-doc.univ-avignon.fr\/affaires-juridiques\/wp-content\/uploads\/sites\/11\/2018\/11\/Arr\u00eat\u00e9-n\u00b02018-36-DAGAP-modif.-calendrier-\u00e9lectoral-scrutins-11d\u00e9c2018.pdf\">Arr\u00eat\u00e9 n\u00b02018-36-DAGAP du 15 novembre 2018<\/a> : modifiant le calendrier des op\u00e9rations \u00e9lectorales des scrutins du 11 d\u00e9cembre 2018 relatifs au renouvellement des repr\u00e9sentants des personnels et des usagers aux conseils d&rsquo;UFR Arts, Lettres et Langues (ALL) ;\u00a0 Sciences Humaines et Sociales (SHS) et Sciences, Technologies, Sant\u00e9 (STS).<\/p>\n<p>&#8211; <a href=\"https:\/\/e-doc.univ-avignon.fr\/affaires-juridiques\/wp-content\/uploads\/sites\/11\/2018\/11\/Arr\u00eat\u00e9-n\u00b02018-37-DAGAP-compo-bur-vote-Partielle-Usagers-DEG-20nov2018.pdf\">Arr\u00eat\u00e9 n\u00b02018-37-DAGAP du 16 novembre 2018<\/a> : portant composition du bureau de vote pour le scrutin du 20 novembre 2018 relatif au remplacement d&rsquo;un repr\u00e9sentant des usagers au conseil d&rsquo;UFR Droit, \u00c9conomie, Gestion (DEG).<\/p>\n<p>&#8211; <a href=\"https:\/\/e-doc.univ-avignon.fr\/affaires-juridiques\/wp-content\/uploads\/sites\/11\/2018\/11\/Arr\u00eat\u00e9-n\u00b02018-38-DAGAP-21nov2018-proclam-r\u00e9sult-Partielle-Usagers-DEG-scrutin-20nov2018.pdf\">Arr\u00eat\u00e9 n\u00b02018-38-DAGAP du 21 novembre 2018<\/a> : portant proclamation des r\u00e9sultats de l&rsquo;\u00e9lection partielle pour le remplacement d&rsquo;un repr\u00e9sentant des usagers au conseil d&rsquo;UFR Droit, \u00c9conomie, Gestion (DEG) &#8211; scrutin du 20 novembre 2018.<\/p>\n<p>&#8211; <a href=\"https:\/\/e-doc.univ-avignon.fr\/affaires-juridiques\/wp-content\/uploads\/sites\/11\/2018\/11\/Arr\u00eat\u00e9-n\u00b02018-39-DAGAP-23nov2018-r\u00e9sultats-Usagers-IUT-scrutins-22nov2018.pdf\">Arr\u00eat\u00e9 n\u00b02018-39-DAGAP du 23 novembre 2018<\/a> : portant proclamation des r\u00e9sultats des scrutins du 22 novembre 2018 relatifs au renouvellement des repr\u00e9sentants des usagers au conseil de l&rsquo;IUT.<\/p>\n<p>&#8211; <a href=\"https:\/\/e-doc.univ-avignon.fr\/affaires-juridiques\/wp-content\/uploads\/sites\/11\/2018\/11\/Arr\u00eat\u00e9-n\u00b02018-40-DAGAP-23nov2018-proclam-r\u00e9sultats-Pers-conseil-IUT-scrutins-22nov2018.pdf\">Arr\u00eat\u00e9 n\u00b02018-40-DAGAP du 23 novembre 2018 <\/a>: portant proclamation des r\u00e9sultats des scrutins du 22 novembre 2018 relatifs au renouvellement des repr\u00e9sentants des personnels (coll\u00e8ges A, B, C et BIATSS) au conseil de l&rsquo;IUT.<\/p>\n<p>&#8211; <a href=\"https:\/\/e-doc.univ-avignon.fr\/affaires-juridiques\/wp-content\/uploads\/sites\/11\/2018\/12\/Arr\u00eat\u00e9-n\u00b02018-41-DAGAP-5d\u00e9c2018-compo-bur-vote-Pers-UFR-SHS-11d\u00e9c2018.pdf\">Arr\u00eat\u00e9 n\u00b02018-41-DAGAP du 5 d\u00e9cembre 2018<\/a> : portant composition du bureau de vote pour les scrutins du 11 d\u00e9cembre 2018 relatifs au renouvellement des repr\u00e9sentants des personnels au conseil d&rsquo;UFR Sciences humaines et Sociales (SHS).<\/p>\n<p>&#8211; <a href=\"https:\/\/e-doc.univ-avignon.fr\/affaires-juridiques\/wp-content\/uploads\/sites\/11\/2018\/12\/Arr\u00eat\u00e9-n\u00b02018-42-DAGAP-5d\u00e9c2018-compo-bur-vote-Usagers-UFR-ALL-11d\u00e9c2018.pdf\">Arr\u00eat\u00e9 n\u00b02018-42-DAGAP du 5 d\u00e9cembre 2018<\/a> : portant composition du bureau de vote pour le scrutin du 11 d\u00e9cembre 2018 relatif au renouvellement des repr\u00e9sentants des usagers au conseil d&rsquo;UFR Arts, Lettres et Langues (ALL).<\/p>\n<p>&#8211; <a href=\"https:\/\/e-doc.univ-avignon.fr\/affaires-juridiques\/wp-content\/uploads\/sites\/11\/2018\/12\/Arr\u00eat\u00e9-n\u00b02018-43-DAGAP-5d\u00e9c2018-compo-bur-vote-Pers-UFR-ALL-11d\u00e9c2018.pdf\">Arr\u00eat\u00e9 n\u00b02018-43-DAGAP du 5 d\u00e9cembre 2018<\/a> : portant composition du bureau de vote pour les scrutins du 11 d\u00e9cembre 2018 relatifs au renouvellement des repr\u00e9sentants des personnels au conseil d&rsquo;UFR Arts, Lettres et Langues (ALL).<\/p>\n<p>&#8211; <a href=\"https:\/\/e-doc.univ-avignon.fr\/affaires-juridiques\/wp-content\/uploads\/sites\/11\/2018\/12\/Arr\u00eat\u00e9-n\u00b02018-44-DAGAP-5d\u00e9c2018-compo-bur-vote-Usagers-UFR-STS-11d\u00e9c2018.pdf\">Arr\u00eat\u00e9 n\u00b02018-44-DAGAP du 5 d\u00e9cembre 2018 <\/a>: portant composition du bureau de vote et de la section de vote pour le scrutin du 11 d\u00e9cembre 2018 relatif au renouvellement des repr\u00e9sentants des usagers au conseil d&rsquo;UFR Sciences, Technologies, Sant\u00e9 (STS).<\/p>\n<p>&#8211; <a href=\"https:\/\/e-doc.univ-avignon.fr\/affaires-juridiques\/wp-content\/uploads\/sites\/11\/2018\/12\/Arr\u00eat\u00e9-n\u00b02018-45-DAGAP-5d\u00e9c2018-compo-bur-vote-Pers-UFR-STS-11d\u00e9c2018.pdf\">Arr\u00eat\u00e9 n\u00b02018-45-DAGAP du 5 d\u00e9cembre 2018<\/a> : portant composition du bureau de vote pour les scrutins du 11 d\u00e9cembre 2018 relatifs au renouvellement des repr\u00e9sentants des personnels au conseil d&rsquo;UFR Sciences, Technologies, Sant\u00e9 (STS).<\/p>\n<p>&#8211; <a href=\"https:\/\/e-doc.univ-avignon.fr\/affaires-juridiques\/wp-content\/uploads\/sites\/11\/2018\/12\/Arr\u00eat\u00e9-n\u00b02018-46-DAGAP-5d\u00e9c2018-fin-processus-\u00e9lect-Usagers-UFR-SHS-11d\u00e9c2018.pdf\">Arr\u00eat\u00e9 n\u00b02018-46-DAGAP du 5 d\u00e9cembre 2018<\/a> : mettant fin au processus \u00e9lectoral relatif \u00e0 l&rsquo;\u00e9lection du 11 d\u00e9cembre 2018 pour le renouvellement des repr\u00e9sentants des usagers au conseil d&rsquo;UFR Sciences Humaines et Sociales (SHS).<\/p>\n<p>&#8211; <a href=\"https:\/\/e-doc.univ-avignon.fr\/affaires-juridiques\/wp-content\/uploads\/sites\/11\/2018\/12\/Arr\u00eat\u00e9-n\u00b02018-53-DAGAP-18d\u00e9c2018-\u00e9lection-Usagers-UFR-ALL-5fev2019.pdf\">Arr\u00eat\u00e9 n\u00b02018-53-DAGAP du 18 d\u00e9cembre 2018 <\/a>: relatif \u00e0 l&rsquo;organisation d&rsquo;une \u00e9lection pour le renouvellement des repr\u00e9sentants des usagers au conseil d&rsquo;UFR Arts, Lettres et Langues (ALL) &#8211; scrutin du 5 f\u00e9vrier 2019.<\/p>\n<p>&#8211; <a href=\"https:\/\/e-doc.univ-avignon.fr\/affaires-juridiques\/wp-content\/uploads\/sites\/11\/2018\/12\/Arr\u00eat\u00e9-n\u00b02018-54-DAGAP-18d\u00e9c2018-\u00e9lections-Pers-UFR-ALL-5fev2019.pdf\">Arr\u00eat\u00e9 n\u00b02018-54-DAGAP du 18 d\u00e9cembre 2018<\/a> : relatif \u00e0 l&rsquo;organisation des \u00e9lections pour le renouvellement des repr\u00e9sentants des personnels au conseil d&rsquo;UFR Arts, Lettres et Langues (ALL) &#8211; scrutins du 5 f\u00e9vrier 2019.<\/p>\n<p>&#8211; <a href=\"https:\/\/e-doc.univ-avignon.fr\/affaires-juridiques\/wp-content\/uploads\/sites\/11\/2018\/12\/Arr\u00eat\u00e9-n\u00b02018-55-DAGAP-18d\u00e9c2018-\u00e9lection-Usagers-UFR-SHS-5fev2019.pdf\">Arr\u00eat\u00e9 n\u00b02018-55-DAGAP du 18 d\u00e9cembre 2018<\/a> : relatif \u00e0 l&rsquo;organisation d&rsquo;une \u00e9lection pour le renouvellement des repr\u00e9sentants des usagers au conseil d&rsquo;UFR Sciences Humaines et Sociales (SHS) &#8211; scrutin du 5 f\u00e9vrier 2019.<\/p>\n<p>&#8211; <a href=\"https:\/\/e-doc.univ-avignon.fr\/affaires-juridiques\/wp-content\/uploads\/sites\/11\/2018\/12\/Arr\u00eat\u00e9-n\u00b02018-56-DAGAP-18d\u00e9c2018-\u00e9lections-Pers-UFR-SHS-5fev2019.pdf\">Arr\u00eat\u00e9 n\u00b02018-56-DAGAP du 18 d\u00e9cembre 2018<\/a> : relatif \u00e0 l&rsquo;organisation des \u00e9lections pour le renouvellement des repr\u00e9sentants des personnels au conseil d&rsquo;UFR Sciences Humaines et Sociales (SHS) &#8211; scrutins du 5 f\u00e9vrier 2019.<\/p>\n<p>&#8211; <a href=\"https:\/\/e-doc.univ-avignon.fr\/affaires-juridiques\/wp-content\/uploads\/sites\/11\/2018\/12\/Arr\u00eat\u00e9-n\u00b02018-57-DAGAP-18d\u00e9c2018-\u00e9lection-Usagers-UFR-STS-5fev2019.pdf\">Arr\u00eat\u00e9 n\u00b02018-57-DAGAP du 18 d\u00e9cembre 2018<\/a> : relatif \u00e0 l&rsquo;organisation d&rsquo;une \u00e9lection pour le renouvellement des repr\u00e9sentants des usagers au conseil d&rsquo;UFR Sciences, Technologies, Sant\u00e9 (STS) &#8211; scrutin du 5 f\u00e9vrier 2019.<\/p>\n<p>&#8211; <a href=\"https:\/\/e-doc.univ-avignon.fr\/affaires-juridiques\/wp-content\/uploads\/sites\/11\/2018\/12\/Arr\u00eat\u00e9-n\u00b02018-58-DAGAP-18d\u00e9c2018-\u00e9lections-Pers-UFR-STS-5fev2019.pdf\">Arr\u00eat\u00e9 n\u00b02018-58-DAGAP du 18 d\u00e9cembre 2018<\/a> : relatif \u00e0 l&rsquo;organisation des \u00e9lections pour le renouvellement des repr\u00e9sentants des personnels au conseil d&rsquo;UFR Sciences, Technologies, Sant\u00e9 (STS) &#8211; scrutins du 5 f\u00e9vrier 2019.<\/p>\n<p>&nbsp;<\/p>\n<p>&nbsp;<\/p>\n","protected":false},"excerpt":{"rendered":"<p>&#8211; Arr\u00eat\u00e9 n\u00b02018-01-DAGAP du 11 janvier 2018 : relatif \u00e0 l&rsquo;organisation d&rsquo;une \u00e9lection partielle pour le remplacement d&rsquo;un repr\u00e9sentant des personnels du coll\u00e8ge D \u00ab\u00a0charg\u00e9s d&rsquo;enseignement\u00a0\u00bb au conseil de l&rsquo;IUT &#8211; scrutin du 20 f\u00e9vrier 2018. &#8211; Arr\u00eat\u00e9 n\u00b02018-04-DAGAP du 19 janvier 2018 : portant composition du bureau de vote pour le scrutin du 30 &hellip; <a href=\"https:\/\/e-doc.univ-avignon.fr\/affaires-juridiques\/actes-reglementaires\/arretes-electoraux-du-president-2018\/\" class=\"more-link\">Continuer la lecture de <span class=\"screen-reader-text\">Arr\u00eat\u00e9s \u00e9lectoraux du Pr\u00e9sident &#8211; 2018<\/span><\/a><\/p>\n","protected":false},"author":30,"featured_media":0,"parent":1714,"menu_order":0,"comment_status":"closed","ping_status":"closed","template":"","meta":{"footnotes":""},"class_list":["post-2529","page","type-page","status-publish","hentry"],"_links":{"self":[{"href":"https:\/\/e-doc.univ-avignon.fr\/affaires-juridiques\/wp-json\/wp\/v2\/pages\/2529","targetHints":{"allow":["GET"]}}],"collection":[{"href":"https:\/\/e-doc.univ-avignon.fr\/affaires-juridiques\/wp-json\/wp\/v2\/pages"}],"about":[{"href":"https:\/\/e-doc.univ-avignon.fr\/affaires-juridiques\/wp-json\/wp\/v2\/types\/page"}],"author":[{"embeddable":true,"href":"https:\/\/e-doc.univ-avignon.fr\/affaires-juridiques\/wp-json\/wp\/v2\/users\/30"}],"replies":[{"embeddable":true,"href":"https:\/\/e-doc.univ-avignon.fr\/affaires-juridiques\/wp-json\/wp\/v2\/comments?post=2529"}],"version-history":[{"count":30,"href":"https:\/\/e-doc.univ-avignon.fr\/affaires-juridiques\/wp-json\/wp\/v2\/pages\/2529\/revisions"}],"predecessor-version":[{"id":3272,"href":"https:\/\/e-doc.univ-avignon.fr\/affaires-juridiques\/wp-json\/wp\/v2\/pages\/2529\/revisions\/3272"}],"up":[{"embeddable":true,"href":"https:\/\/e-doc.univ-avignon.fr\/affaires-juridiques\/wp-json\/wp\/v2\/pages\/1714"}],"wp:attachment":[{"href":"https:\/\/e-doc.univ-avignon.fr\/affaires-juridiques\/wp-json\/wp\/v2\/media?parent=2529"}],"curies":[{"name":"wp","href":"https:\/\/api.w.org\/{rel}","templated":true}]}}