{"id":2796,"date":"2018-04-23T08:18:49","date_gmt":"2018-04-23T07:18:49","guid":{"rendered":"http:\/\/e-doc.univ-avignon.fr\/affaires-juridiques\/?page_id=2796"},"modified":"2018-12-12T09:49:24","modified_gmt":"2018-12-12T08:49:24","slug":"autres-arretes-du-president-2018","status":"publish","type":"page","link":"https:\/\/e-doc.univ-avignon.fr\/affaires-juridiques\/actes-reglementaires\/autres-arretes-du-president-2018\/","title":{"rendered":"Autres arr\u00eat\u00e9s du Pr\u00e9sident &#8211; 2018"},"content":{"rendered":"<p>&#8211;\u00a0<a href=\"http:\/\/e-doc.univ-avignon.fr\/affaires-juridiques\/wp-content\/uploads\/sites\/11\/2018\/04\/Arr\u00eat\u00e9-n\u00b02018-14-DAGAP-du-18avril2018-Fermeture-administrative-UAPV.pdf\">Arr\u00eat\u00e9 n\u00b02018-14 DAGAP du 18 avril 2018<\/a> : Fermeture administrative de l&rsquo;UAPV.<\/p>\n<p>&#8211; <a href=\"http:\/\/e-doc.univ-avignon.fr\/affaires-juridiques\/wp-content\/uploads\/sites\/11\/2018\/04\/Arr\u00eat\u00e9-2018-16-DAGAP-du-22-avril-2018-portant-r\u00e9ouverture-de-lUAPV.pdf\">Arr\u00eat\u00e9 n\u00b02018-16-DAGAP du 22 avril 2018<\/a> : R\u00e9ouverture de l&rsquo;UAPV.<\/p>\n<p>&#8211; <a href=\"https:\/\/e-doc.univ-avignon.fr\/affaires-juridiques\/wp-content\/uploads\/sites\/11\/2018\/12\/Arrete-Pr\u00e9sident-Avignon-Universit\u00e9-Fermeture-administrative-campus-Hannah-Arendt-07122018.pdf\">Arr\u00eat\u00e9 n\u00b02018-47-DAGAP du 7 d\u00e9cembre 2018 : Fermeture administrative du campus Hannah Arendt de l&rsquo;UAPV.<\/a><\/p>\n<p>&#8211; <a href=\"https:\/\/e-doc.univ-avignon.fr\/affaires-juridiques\/wp-content\/uploads\/sites\/11\/2018\/12\/Arrete-Pr\u00e9sident-Avignon-Universit\u00e9-Fermeture-administrative-campus-Jean-Henri-Fabre-07122018.pdf\">Arr\u00eat\u00e9 n\u00b02018-48-DAGAP du 7 d\u00e9cembre 2018 : Fermeture administrative du campus Jean-Henri Fabre de l&rsquo;UAPV.<\/a><\/p>\n<p>&#8211; <a href=\"https:\/\/e-doc.univ-avignon.fr\/affaires-juridiques\/wp-content\/uploads\/sites\/11\/2018\/12\/PROLONGATION-TOUS-SITES.pdf\">Arr\u00eat\u00e9 n\u00b02018-49-DAGAP du 9 d\u00e9cembre 2018 : Prolongation de fermeture administrative de l&rsquo;UAPV.<\/a><\/p>\n<p>&#8211; <a href=\"https:\/\/e-doc.univ-avignon.fr\/affaires-juridiques\/wp-content\/uploads\/sites\/11\/2018\/12\/Arrete-Pr\u00e9sident-Avignon-Universit\u00e9-R\u00e9ouverture-\u00e9tablissement-12122018.pdf\">Arr\u00eat\u00e9 n\u00b02018-52-DAGAP du 11 d\u00e9cembre 2018 : R\u00e9ouverture de l&rsquo;UAPV.<\/a><\/p>\n","protected":false},"excerpt":{"rendered":"<p>&#8211;\u00a0Arr\u00eat\u00e9 n\u00b02018-14 DAGAP du 18 avril 2018 : Fermeture administrative de l&rsquo;UAPV. &#8211; Arr\u00eat\u00e9 n\u00b02018-16-DAGAP du 22 avril 2018 : R\u00e9ouverture de l&rsquo;UAPV. &#8211; Arr\u00eat\u00e9 n\u00b02018-47-DAGAP du 7 d\u00e9cembre 2018 : Fermeture administrative du campus Hannah Arendt de l&rsquo;UAPV. &#8211; Arr\u00eat\u00e9 n\u00b02018-48-DAGAP du 7 d\u00e9cembre 2018 : Fermeture administrative du campus Jean-Henri Fabre de l&rsquo;UAPV. &hellip; <a href=\"https:\/\/e-doc.univ-avignon.fr\/affaires-juridiques\/actes-reglementaires\/autres-arretes-du-president-2018\/\" class=\"more-link\">Continuer la lecture de <span class=\"screen-reader-text\">Autres arr\u00eat\u00e9s du Pr\u00e9sident &#8211; 2018<\/span><\/a><\/p>\n","protected":false},"author":30,"featured_media":0,"parent":1714,"menu_order":0,"comment_status":"closed","ping_status":"closed","template":"","meta":{"footnotes":""},"class_list":["post-2796","page","type-page","status-publish","hentry"],"_links":{"self":[{"href":"https:\/\/e-doc.univ-avignon.fr\/affaires-juridiques\/wp-json\/wp\/v2\/pages\/2796","targetHints":{"allow":["GET"]}}],"collection":[{"href":"https:\/\/e-doc.univ-avignon.fr\/affaires-juridiques\/wp-json\/wp\/v2\/pages"}],"about":[{"href":"https:\/\/e-doc.univ-avignon.fr\/affaires-juridiques\/wp-json\/wp\/v2\/types\/page"}],"author":[{"embeddable":true,"href":"https:\/\/e-doc.univ-avignon.fr\/affaires-juridiques\/wp-json\/wp\/v2\/users\/30"}],"replies":[{"embeddable":true,"href":"https:\/\/e-doc.univ-avignon.fr\/affaires-juridiques\/wp-json\/wp\/v2\/comments?post=2796"}],"version-history":[{"count":15,"href":"https:\/\/e-doc.univ-avignon.fr\/affaires-juridiques\/wp-json\/wp\/v2\/pages\/2796\/revisions"}],"predecessor-version":[{"id":2802,"href":"https:\/\/e-doc.univ-avignon.fr\/affaires-juridiques\/wp-json\/wp\/v2\/pages\/2796\/revisions\/2802"}],"up":[{"embeddable":true,"href":"https:\/\/e-doc.univ-avignon.fr\/affaires-juridiques\/wp-json\/wp\/v2\/pages\/1714"}],"wp:attachment":[{"href":"https:\/\/e-doc.univ-avignon.fr\/affaires-juridiques\/wp-json\/wp\/v2\/media?parent=2796"}],"curies":[{"name":"wp","href":"https:\/\/api.w.org\/{rel}","templated":true}]}}