{"id":3432,"date":"2019-02-28T15:18:51","date_gmt":"2019-02-28T14:18:51","guid":{"rendered":"https:\/\/e-doc.univ-avignon.fr\/affaires-juridiques\/?page_id=3432"},"modified":"2019-10-15T12:45:12","modified_gmt":"2019-10-15T11:45:12","slug":"autres-arretes-du-president-2019","status":"publish","type":"page","link":"https:\/\/e-doc.univ-avignon.fr\/affaires-juridiques\/actes-reglementaires\/autres-arretes-du-president-2019\/","title":{"rendered":"Autres arr\u00eat\u00e9s du Pr\u00e9sident &#8211; 2019"},"content":{"rendered":"<p>&#8211;\u00a0<a href=\"https:\/\/e-doc.univ-avignon.fr\/affaires-juridiques\/wp-content\/uploads\/sites\/11\/2019\/02\/Arr\u00eat\u00e9-n\u00b02019-17-DAGAP-du-25f\u00e9v2019-modif-compo-CEC-2.pdf\">Arr\u00eat\u00e9 n\u00b02019-17-DAGAP du 25 f\u00e9vrier 2019<\/a> : Modification de la composition du Comit\u00e9 \u00c9lectoral Consultatif (CEC).<\/p>\n<hr \/>\n<p>&#8211; <a href=\"https:\/\/e-doc.univ-avignon.fr\/affaires-juridiques\/wp-content\/uploads\/sites\/11\/2019\/10\/Arr\u00eat\u00e9-n\u00b02019-32-DAGAP-Modifiant-la-composition-du-CEC-1.pdf\">Arr\u00eat\u00e9-n\u00b02019-32-DAGAP du 14 octobre 2019 <\/a>: Modification de la composition du Comit\u00e9 Electoral Consultatif (CEC).<\/p>\n","protected":false},"excerpt":{"rendered":"<p>&#8211;\u00a0Arr\u00eat\u00e9 n\u00b02019-17-DAGAP du 25 f\u00e9vrier 2019 : Modification de la composition du Comit\u00e9 \u00c9lectoral Consultatif (CEC). &#8211; Arr\u00eat\u00e9-n\u00b02019-32-DAGAP du 14 octobre 2019 : Modification de la composition du Comit\u00e9 Electoral Consultatif (CEC).<\/p>\n","protected":false},"author":30,"featured_media":0,"parent":1714,"menu_order":0,"comment_status":"closed","ping_status":"closed","template":"","meta":{"footnotes":""},"class_list":["post-3432","page","type-page","status-publish","hentry"],"_links":{"self":[{"href":"https:\/\/e-doc.univ-avignon.fr\/affaires-juridiques\/wp-json\/wp\/v2\/pages\/3432","targetHints":{"allow":["GET"]}}],"collection":[{"href":"https:\/\/e-doc.univ-avignon.fr\/affaires-juridiques\/wp-json\/wp\/v2\/pages"}],"about":[{"href":"https:\/\/e-doc.univ-avignon.fr\/affaires-juridiques\/wp-json\/wp\/v2\/types\/page"}],"author":[{"embeddable":true,"href":"https:\/\/e-doc.univ-avignon.fr\/affaires-juridiques\/wp-json\/wp\/v2\/users\/30"}],"replies":[{"embeddable":true,"href":"https:\/\/e-doc.univ-avignon.fr\/affaires-juridiques\/wp-json\/wp\/v2\/comments?post=3432"}],"version-history":[{"count":7,"href":"https:\/\/e-doc.univ-avignon.fr\/affaires-juridiques\/wp-json\/wp\/v2\/pages\/3432\/revisions"}],"predecessor-version":[{"id":3905,"href":"https:\/\/e-doc.univ-avignon.fr\/affaires-juridiques\/wp-json\/wp\/v2\/pages\/3432\/revisions\/3905"}],"up":[{"embeddable":true,"href":"https:\/\/e-doc.univ-avignon.fr\/affaires-juridiques\/wp-json\/wp\/v2\/pages\/1714"}],"wp:attachment":[{"href":"https:\/\/e-doc.univ-avignon.fr\/affaires-juridiques\/wp-json\/wp\/v2\/media?parent=3432"}],"curies":[{"name":"wp","href":"https:\/\/api.w.org\/{rel}","templated":true}]}}