{"id":4,"date":"2015-11-03T15:25:16","date_gmt":"2015-11-03T14:25:16","guid":{"rendered":"http:\/\/e-doc.univ-avignon.fr\/elections\/?page_id=4"},"modified":"2026-02-19T11:30:56","modified_gmt":"2026-02-19T10:30:56","slug":"delegation-signature","status":"publish","type":"page","link":"https:\/\/e-doc.univ-avignon.fr\/affaires-juridiques\/delegation-signature\/","title":{"rendered":"D\u00e9l\u00e9gations de signature"},"content":{"rendered":"\n<p><\/p>\n\n\n<p style=\"text-align: justify\"><span style=\"text-decoration: underline\"><strong>Rappel des dispositions r\u00e8glementaires concernant les d\u00e9l\u00e9gations de signature :<\/strong><\/span><\/p>\n<p style=\"text-align: justify\">Aux termes de l&rsquo;article L. 712-2 du code de l&rsquo;\u00e9ducation \u00ab\u00a0Le pr\u00e9sident peut d\u00e9l\u00e9guer sa signature \u00e0 des agents plac\u00e9s sous son autorit\u00e9.\u00a0\u00bb<\/p>\n<p style=\"text-align: justify\"><span style=\"text-decoration: underline\">TEXTES DE R\u00c9F\u00c9RENCE<\/span> : code de l&rsquo;\u00e9ducation, statuts de l&rsquo;universit\u00e9.<\/p>\n<p style=\"text-align: justify\"><strong>Attention cette page n&rsquo;est pas actualis\u00e9e.<\/strong>\u00a0A compter de l\u2019ann\u00e9e 2026, les d\u00e9l\u00e9gations de signature sont publi\u00e9es sur le nouveau <a href=\"https:\/\/services.univ-avignon.fr\/daji\/question\/recueil-des-actes-administratifs-raa\/\">recueil des actes disponible dans le catalogue de service<\/a>s.<\/p>\n<p><strong>VP CA :<br \/><\/strong><\/p>\n<ul>\n<li><a href=\"https:\/\/e-doc.univ-avignon.fr\/affaires-juridiques\/wp-content\/uploads\/sites\/11\/2025\/10\/Arrete-n\u00b02025-47-DAJI-du-29sept.2025.pdf\">ARR\u00caT\u00c9 n\u00b02025-47-DAJI du 29 septembre 2025<\/a>\u00a0<\/li>\n<\/ul>\n<p><strong>VP CFVU :<br \/><\/strong><\/p>\n<ul>\n<li><a href=\"https:\/\/e-doc.univ-avignon.fr\/affaires-juridiques\/wp-content\/uploads\/sites\/11\/2024\/03\/Arrete-n\u00b02024-08-DAGAP-du-11mars2024.pdf\">ARR\u00caT\u00c9 n\u00b0 2024-08-DAGAP du 11 mars 2024<\/a><\/li>\n<\/ul>\n<p><strong>VP CR :<br \/><\/strong><\/p>\n<ul>\n<li><a href=\"https:\/\/e-doc.univ-avignon.fr\/affaires-juridiques\/wp-content\/uploads\/sites\/11\/2023\/12\/Arrete-n\u00b02023-45-DAGAP-du-6dec.2023.pdf\">ARR\u00caT\u00c9 n\u00b0 2023-45-DAGAP du 6 d\u00e9cembre 2023<\/a><\/li>\n<\/ul>\n<p>&nbsp;<\/p>\n<p><strong>AFFAIRES FINANCI\u00c8RES :<\/strong><\/p>\n<ul>\n<li><a href=\"https:\/\/e-doc.univ-avignon.fr\/affaires-juridiques\/wp-content\/uploads\/sites\/11\/2025\/02\/Arrete-n\u00b02025-09-DAJI-du-27fev.2025-deleg-signature-affaires-financieres_signe-et-date.pdf\">ARR\u00caT\u00c9 n\u00b02025-09-DAJI du 27 f\u00e9vrier 2025<\/a> portant d\u00e9l\u00e9gations de signature pour les affaires financi\u00e8res<\/li>\n<\/ul>\n<p>&nbsp;<\/p>\n<p><strong>COMPOSANTES :<br \/><\/strong><\/p>\n<p><strong>Instituts<\/strong> (Directeurs et Directrices administratives) <strong>et CERI<\/strong> (Directrice et Responsable Administrative)<\/p>\n<ul>\n<li><a href=\"https:\/\/e-doc.univ-avignon.fr\/affaires-juridiques\/wp-content\/uploads\/sites\/11\/2025\/09\/Arrete-n\u00b02025-38-DAJI-du-9sept2025-modif.-DS-Dir-AgES_signe-et-date.pdf\">ARR\u00caT\u00c9 n\u00b02025-38-DAJI du 9 septembre 2025<\/a> portant d\u00e9l\u00e9gation de signature pour les affaires concernant l\u2019institut AgES<\/li>\n<li><a href=\"https:\/\/e-doc.univ-avignon.fr\/affaires-juridiques\/wp-content\/uploads\/sites\/11\/2025\/09\/Arrete-n\u00b02025-40-DAJI-du-9sept2025-modif.DS-Dir-ICPSN_signe-et-date.pdf\">ARR\u00caT\u00c9 n\u00b02025-40-DAJI du 9 septembre 2025<\/a> portant d\u00e9l\u00e9gation de signature pour les affaires concernant l\u2019institut CPSN<\/li>\n<li><a href=\"https:\/\/e-doc.univ-avignon.fr\/affaires-juridiques\/wp-content\/uploads\/sites\/11\/2025\/09\/Arrete-n\u00b02025-39-DAJI-du-9sept2025-modif.DS-Dir-CERI_signe-et-date.pdf\">ARR\u00caT\u00c9 n\u00b02025-39-DAJI du 9 septembre 2025<\/a> portant d\u00e9l\u00e9gation de signature pour les affaires concernant le CERI<\/li>\n<\/ul>\n<p><strong>\u00a0IUT :<\/strong>\u00a0 Directrice et Directeur administratif<\/p>\n<ul>\n<li><a href=\"https:\/\/e-doc.univ-avignon.fr\/affaires-juridiques\/wp-content\/uploads\/sites\/11\/2025\/01\/Arrete-n\u00b0-2025-01-DAJI-6janv.2025-Dir_IUT-Mme-MAURAND-VALET.pdf\">ARR\u00caT\u00c9 n\u00b0 2025-01-DAJI du 6 janvier 2025<\/a><\/li>\n<li><a href=\"https:\/\/e-doc.univ-avignon.fr\/affaires-juridiques\/wp-content\/uploads\/sites\/11\/2025\/04\/325191-arrete-2025-002-du-14-avril-2025-Delegation-Signature-Directrice-IUT-au-DA-IUT.pdf\">ARR\u00caT\u00c9 IUT N\u00b0 2025-002 du 14 avril 2025<\/a><\/li>\n<\/ul>\n<p>&nbsp;<\/p>\n<p><strong>SERVICES COMMUNS\u00a0 :\u00a0 <br \/><\/strong><\/p>\n<p>Directeurs \/ Adjoints ou Responsable administratif<\/p>\n<ul>\n<li><a href=\"https:\/\/e-doc.univ-avignon.fr\/affaires-juridiques\/wp-content\/uploads\/sites\/11\/2025\/03\/Arrete-n\u00b02025-14-DAJI-du-18mars2025_DS-DRI_signe-et-date.pdf\">ARR\u00caT\u00c9 n\u00b02025-14-DAJI du 18 mars 2025<\/a> portant d\u00e9l\u00e9gation de signature \u00e0 la directrice des relations internationales<\/li>\n<li><a href=\"https:\/\/e-doc.univ-avignon.fr\/affaires-juridiques\/wp-content\/uploads\/sites\/11\/2025\/09\/Arrete-n\u00b02025-42-DAJI-du-9sept.2025-modif.DS-SAFIRE_signe-et-date.pdf\">ARR\u00caT\u00c9 n\u00b02025-42-DAJI du 9 septembre 2025<\/a> portant d\u00e9l\u00e9gation de signature \u00e0 la direction du SAFIRE<\/li>\n<li><a href=\"https:\/\/e-doc.univ-avignon.fr\/affaires-juridiques\/wp-content\/uploads\/sites\/11\/2025\/09\/Arrete-n\u00b02025-43-DAJI-du-9sept.2025-modif.DS-SFTLV_signe-et-date.pdf\">ARR\u00caT\u00c9 n\u00b02025-43-DAJI du 9 septembre 2025<\/a> portant d\u00e9l\u00e9gation de signature \u00e0 la direction du SFTLV<\/li>\n<li><a href=\"https:\/\/e-doc.univ-avignon.fr\/affaires-juridiques\/wp-content\/uploads\/sites\/11\/2025\/09\/Arrete-n\u00b02025-44-DAJI-du-9sept.2025-modif.DS-SSE_signe-et-date.pdf\">ARR\u00caT\u00c9 n\u00b02025-44-DAJI du 9 septembre 2025<\/a> portant d\u00e9l\u00e9gation de signature \u00e0 la directrice du SSE<\/li>\n<li><a href=\"https:\/\/e-doc.univ-avignon.fr\/affaires-juridiques\/wp-content\/uploads\/sites\/11\/2025\/09\/Arrete-n\u00b02025-45-DAJI-du-9sept.2025-modif.DS-SUAPS_signe-et-date.pdf\">ARR\u00caT\u00c9 n\u00b02025-45-DAJI du 9 septembre 2025<\/a> portant d\u00e9l\u00e9gation de signature au directeur du SUAPS<\/li>\n<li><a href=\"https:\/\/e-doc.univ-avignon.fr\/affaires-juridiques\/wp-content\/uploads\/sites\/11\/2025\/09\/Arrete-n\u00b02025-41-DAJI-du-9sept.2025-modif.DS-BU_signe-et-date.pdf\">ARR\u00caT\u00c9 n\u00b02025-41-DAJI du 9 septembre 2025<\/a> portant d\u00e9l\u00e9gation de signature au directeur de la BU<\/li>\n<\/ul>\n<p><strong>Directrice de la Maison de l&rsquo;International (MdI) <\/strong>pour signer les accords institutionnels dans le cadre du programme ERASMUS<\/p>\n<ul>\n<li><a href=\"https:\/\/e-doc.univ-avignon.fr\/affaires-juridiques\/wp-content\/uploads\/sites\/11\/2023\/12\/Arrete-n\u00b02023-40-DAGAP-du-5dec.2023.pdf\">ARR\u00caT\u00c9 n\u00b0 2023-40-DAGAP du 5 d\u00e9cembre 2023<\/a><\/li>\n<\/ul>\n<p>&nbsp;<\/p>\n<p style=\"text-align: justify\"><strong>DIRECTIONS CENTRALES :<\/strong><strong> <br \/><\/strong><\/p>\n<ul>\n<li><a href=\"https:\/\/e-doc.univ-avignon.fr\/affaires-juridiques\/wp-content\/uploads\/sites\/11\/2025\/03\/Arrete-n\u00b02025-21-DAJI-du-18mars2025_DS-DAF_signe-et-date.pdf\">ARR\u00caT\u00c9 n\u00b02025-21-DAJI du 18 mars 2025<\/a> portant d\u00e9l\u00e9gation de signature \u00e0 la directrice de la DAF<\/li>\n<li><a href=\"https:\/\/e-doc.univ-avignon.fr\/affaires-juridiques\/wp-content\/uploads\/sites\/11\/2025\/03\/Arrete-n\u00b02025-22-DAJI-du-18mars2025_DS-DAJI_signe-et-date.pdf\">ARR\u00caT\u00c9 n\u00b02025-22-DAJI du 18 mars 2025<\/a> portant d\u00e9l\u00e9gation de signature \u00e0 la directrice de la DAJI<\/li>\n<li><a href=\"https:\/\/e-doc.univ-avignon.fr\/affaires-juridiques\/wp-content\/uploads\/sites\/11\/2025\/03\/Arrete-n\u00b02025-23-DAJI-du-18mars2025_DS-DARI_signe-et-date.pdf\">ARR\u00caT\u00c9 n\u00b02025-23-DAJI du 18 mars 2025<\/a> portant d\u00e9l\u00e9gation de signature \u00e0 la directrice de la DARI<\/li>\n<li><a href=\"https:\/\/e-doc.univ-avignon.fr\/affaires-juridiques\/wp-content\/uploads\/sites\/11\/2025\/03\/Arrete-n\u00b02025-24-DAJI-du-18mars2025_DS-DES_signe-et-date.pdf\">ARR\u00caT\u00c9 n\u00b02025-24-DAJI du 18 mars 2025<\/a> portant d\u00e9l\u00e9gation de signature \u00e0 la directrice de la DES<\/li>\n<li><a href=\"https:\/\/e-doc.univ-avignon.fr\/affaires-juridiques\/wp-content\/uploads\/sites\/11\/2025\/03\/Arrete-n\u00b02025-25-DAJI-du-18mars2025_DS-Dir-comm_signe-et-date.pdf\">ARR\u00caT\u00c9 n\u00b02025-25-DAJI du 18 mars 2025<\/a> portant d\u00e9l\u00e9gation de signature \u00e0 la directrice de la communication<\/li>\n<li><a href=\"https:\/\/e-doc.univ-avignon.fr\/affaires-juridiques\/wp-content\/uploads\/sites\/11\/2025\/03\/Arrete-n\u00b02025-26-DAJI-du-18mars2025_DS-Dir.culture_signe-et-date.pdf\">ARR\u00caT\u00c9 n\u00b02025-26-DAJI du 18 mars 2025<\/a> portant d\u00e9l\u00e9gation de signature \u00e0 la directrice de la culture et de la vie du campus<\/li>\n<li><a href=\"https:\/\/e-doc.univ-avignon.fr\/affaires-juridiques\/wp-content\/uploads\/sites\/11\/2025\/03\/Arrete-n\u00b02025-27-DAJI-du-18mars2025_DS-DOSI_signe-et-date.pdf\">ARR\u00caT\u00c9 n\u00b02025-27-DAJI du 18 mars 2025<\/a> portant d\u00e9l\u00e9gation de signature au directeur de la DOSI<\/li>\n<li><a href=\"https:\/\/e-doc.univ-avignon.fr\/affaires-juridiques\/wp-content\/uploads\/sites\/11\/2025\/03\/Arrete-n\u00b02025-28-DAJI-du-18mars2025_DS-DPAC_signe-et-date.pdf\">ARR\u00caT\u00c9 n\u00b02025-28-DAJI du 18 mars 2025<\/a> portant d\u00e9l\u00e9gation de signature \u00e0 la directrice de la DPAC<\/li>\n<li><a href=\"https:\/\/e-doc.univ-avignon.fr\/affaires-juridiques\/wp-content\/uploads\/sites\/11\/2025\/03\/Arrete-n\u00b02025-29-DAJI-du-18mars2025_DS-DPI_signe-et-date.pdf\">ARR\u00caT\u00c9 n\u00b02025-29-DAJI du 18 mars 2025<\/a> portant d\u00e9l\u00e9gation de signature au directeur de la DPI<\/li>\n<li><a href=\"https:\/\/e-doc.univ-avignon.fr\/affaires-juridiques\/wp-content\/uploads\/sites\/11\/2025\/03\/Arrete-n\u00b02025-30-DAJI-du-18mars2025_DS-DRH_signe-et-date.pdf\">ARR\u00caT\u00c9 n\u00b02025-30-DAJI du 18 mars 2025<\/a> portant d\u00e9l\u00e9gation de signature \u00e0 la directrice de la DRH<\/li>\n<li><a href=\"https:\/\/e-doc.univ-avignon.fr\/affaires-juridiques\/wp-content\/uploads\/sites\/11\/2025\/03\/Arrete-n\u00b02025-31-DAJI-du-18mars2025_DS-Agent-comptable_signe-et-date.pdf\">ARR\u00caT\u00c9 n\u00b02025-31-DAJI du 18 mars 2025<\/a> portant d\u00e9l\u00e9gation de signature \u00e0 l\u2019agent comptable\u00a0<\/li>\n<li><a href=\"https:\/\/e-doc.univ-avignon.fr\/affaires-juridiques\/wp-content\/uploads\/sites\/11\/2025\/03\/Arrete-n\u00b02025-32-DAJI-du-19mars2025_DS-DCAVIS_signe-et-date.pdf\">ARR\u00caT\u00c9 n\u00b02025-32-DAJI du 19 mars 2025<\/a> portant d\u00e9l\u00e9gation de signature pour la direction de la DCAVIS<\/li>\n<\/ul>\n<p>&nbsp;<\/p>\n<p><strong>ORDRES DE MISSION AU SEIN DES UNIT\u00c9S DE RECHERCHE :<br \/><\/strong><\/p>\n<ul>\n<li><a href=\"https:\/\/e-doc.univ-avignon.fr\/affaires-juridiques\/wp-content\/uploads\/sites\/11\/2025\/03\/Arrete-n\u00b02025-20-DAJI-du-18mars2025_DS-Labos_signe-et-date.pdf\">ARR\u00caT\u00c9 n\u00b02025-20-DAJI du 18 mars 2025<\/a> portant d\u00e9l\u00e9gation de signature pour les ordres de mission au sein des Unit\u00e9s de Recherche<\/li>\n<\/ul>\n<p style=\"text-align: justify\">\u00a0<\/p>\n\n\n<p><\/p>\n","protected":false},"excerpt":{"rendered":"<p>Rappel des dispositions r\u00e8glementaires concernant les d\u00e9l\u00e9gations de signature : Aux termes de l&rsquo;article L. 712-2 du code de l&rsquo;\u00e9ducation \u00ab\u00a0Le pr\u00e9sident peut d\u00e9l\u00e9guer sa signature \u00e0 des agents plac\u00e9s sous son autorit\u00e9.\u00a0\u00bb TEXTES DE R\u00c9F\u00c9RENCE : code de l&rsquo;\u00e9ducation, statuts de l&rsquo;universit\u00e9. Attention cette page n&rsquo;est pas actualis\u00e9e.\u00a0A compter de l\u2019ann\u00e9e 2026, les d\u00e9l\u00e9gations &hellip; <a href=\"https:\/\/e-doc.univ-avignon.fr\/affaires-juridiques\/delegation-signature\/\" class=\"more-link\">Continuer la lecture de <span class=\"screen-reader-text\">D\u00e9l\u00e9gations de signature<\/span><\/a><\/p>\n","protected":false},"author":1,"featured_media":0,"parent":0,"menu_order":0,"comment_status":"closed","ping_status":"closed","template":"","meta":{"footnotes":""},"class_list":["post-4","page","type-page","status-publish","hentry"],"_links":{"self":[{"href":"https:\/\/e-doc.univ-avignon.fr\/affaires-juridiques\/wp-json\/wp\/v2\/pages\/4","targetHints":{"allow":["GET"]}}],"collection":[{"href":"https:\/\/e-doc.univ-avignon.fr\/affaires-juridiques\/wp-json\/wp\/v2\/pages"}],"about":[{"href":"https:\/\/e-doc.univ-avignon.fr\/affaires-juridiques\/wp-json\/wp\/v2\/types\/page"}],"author":[{"embeddable":true,"href":"https:\/\/e-doc.univ-avignon.fr\/affaires-juridiques\/wp-json\/wp\/v2\/users\/1"}],"replies":[{"embeddable":true,"href":"https:\/\/e-doc.univ-avignon.fr\/affaires-juridiques\/wp-json\/wp\/v2\/comments?post=4"}],"version-history":[{"count":189,"href":"https:\/\/e-doc.univ-avignon.fr\/affaires-juridiques\/wp-json\/wp\/v2\/pages\/4\/revisions"}],"predecessor-version":[{"id":7492,"href":"https:\/\/e-doc.univ-avignon.fr\/affaires-juridiques\/wp-json\/wp\/v2\/pages\/4\/revisions\/7492"}],"wp:attachment":[{"href":"https:\/\/e-doc.univ-avignon.fr\/affaires-juridiques\/wp-json\/wp\/v2\/media?parent=4"}],"curies":[{"name":"wp","href":"https:\/\/api.w.org\/{rel}","templated":true}]}}