{"id":5698,"date":"2022-09-14T10:23:23","date_gmt":"2022-09-14T09:23:23","guid":{"rendered":"https:\/\/e-doc.univ-avignon.fr\/affaires-juridiques\/?page_id=5698"},"modified":"2023-01-06T11:35:32","modified_gmt":"2023-01-06T10:35:32","slug":"arretes-du-president-2022-dagap","status":"publish","type":"page","link":"https:\/\/e-doc.univ-avignon.fr\/affaires-juridiques\/actes-reglementaires\/arretes-du-president-2022-dagap\/","title":{"rendered":"Arr\u00eat\u00e9s du pr\u00e9sident 2022 DAGAP"},"content":{"rendered":"\n<ul class=\"wp-block-list\">\n<li><a href=\"https:\/\/e-doc.univ-avignon.fr\/affaires-juridiques\/wp-content\/uploads\/sites\/11\/2022\/01\/Arrete-n\u00b02022-01-DAGAP-du-3janv2022-deleg-signature-ERIT-EPRI.pdf\">Arr\u00eat\u00e9 n\u00b02022-01-DAGAP du 3 janvier 2022<\/a> : portant d\u00e9l\u00e9gations de signature pour les affaires concernant les \u00e9quipes de recherche et d&rsquo;innovation th\u00e9matiques (ERIT) de l&rsquo;unit\u00e9 propre de recherche et d&rsquo;innovation (UPRI).<\/li>\n\n\n\n<li><a href=\"https:\/\/e-doc.univ-avignon.fr\/affaires-juridiques\/wp-content\/uploads\/sites\/11\/2022\/01\/Arrete-n\u00b02022-02-DAGAP-7janv2022-proclam-resultats-CR-Usagers-5et6janv2022.pdf\">Arr\u00eat\u00e9 n\u00b02022-02-DAGAP du 7 janvier 2022<\/a> : portant proclamation des r\u00e9sultats du scrutin des 5 et 6 janvier 2022 pour le renouvellement des repr\u00e9sentants des usagers \u00e0 la commission de la recherche (CR) du conseil acad\u00e9mique (CAC).<\/li>\n\n\n\n<li><a href=\"https:\/\/e-doc.univ-avignon.fr\/affaires-juridiques\/wp-content\/uploads\/sites\/11\/2022\/01\/Arrete-n\u00b02022-03-DAGAP-du-24janv2022-Deleg-signat-F.MONNET-Adm-provisoire-SFTLV.pdf\">Arr\u00eat\u00e9 n\u00b02022-03-DAGAP du 24 janvier 2022<\/a> : portant d\u00e9l\u00e9gation de signature \u00e0 l&rsquo;administrateur provisoire du SFTLV.<\/li>\n\n\n\n<li><a href=\"https:\/\/e-doc.univ-avignon.fr\/gouvernance\/wp-content\/uploads\/sites\/2\/2022\/02\/Arrete-DAGAP-n%C2%B02022-04-Election-VPE-CAC-27.01.2022.pdf\">Arr\u00eat\u00e9 n\u00b02022-04-DAGAP du 1er f\u00e9vrier 2022<\/a> : portant nomination du vice-pr\u00e9sident \u00e9tudiant.<\/li>\n\n\n\n<li><a href=\"https:\/\/e-doc.univ-avignon.fr\/gouvernance\/wp-content\/uploads\/sites\/2\/2022\/02\/Arrete-DAGAP-n%C2%B02022-05-Election-des-representants-des-usagers-a-la-SD-usagers-CAC-27.01.2022.pdf\">Arr\u00eat\u00e9 n\u00b02022-05-DAGAP du 1er f\u00e9vrier 2022<\/a> : portant modification de la composition de la section disciplinaire du conseil acad\u00e9mique comp\u00e9tente \u00e0 l&rsquo;\u00e9gard des usagers (acc\u00e8s r\u00e9serv\u00e9).<\/li>\n\n\n\n<li><a href=\"https:\/\/e-doc.univ-avignon.fr\/affaires-juridiques\/wp-content\/uploads\/sites\/11\/2022\/04\/Arrete-n\u00b02022-06-DAGAP-du-8-avril-2022.pdf\">Arr\u00eat\u00e9 n\u00b0 2022-06-DAGAP du 8 avril 2022<\/a> : modifiant les d\u00e9l\u00e9gations de signature donn\u00e9es aux responsables d&rsquo;unit\u00e9s de recherche par les arr\u00eat\u00e9s n\u00b02020-21 et 22-DAGAP du 3 d\u00e9cembre 2020.<\/li>\n\n\n\n<li><a href=\"https:\/\/e-doc.univ-avignon.fr\/affaires-juridiques\/wp-content\/uploads\/sites\/11\/2022\/04\/Arrete-n\u00b0-2022-07-DAGAP-du-11-avril-2022.pdf\">Arr\u00eat\u00e9 n\u00b0 2022-07-DAGAP du 11 avril 2022<\/a> : portant organisation d&rsquo;une \u00e9lection partielle pour le remplacement de repr\u00e9sentants des personnels du coll\u00e8ge B au conseil d&rsquo;UFR Sciences, Technologies, Sant\u00e9 (STS).<\/li>\n\n\n\n<li><a href=\"https:\/\/e-doc.univ-avignon.fr\/affaires-juridiques\/wp-content\/uploads\/sites\/11\/2022\/04\/Arrete-n\u00b02022-08-DAGAP-du-14avril2022-modif-deleg-signature-Sces-Communs-.pdf\">Arr\u00eat\u00e9 n\u00b02022-08-DAGAP du 14 avril 2022<\/a> : portant abrogation de l&rsquo;arr\u00eat\u00e9 n\u00b02022-03-DAGAP du 24 janvier 2022 et modifiant l&rsquo;arr\u00eat\u00e9 n\u00b02021-45-DAGAP du 7 mai 2021 portant d\u00e9l\u00e9gation de signature pour les affaires concernant les services communs.<\/li>\n\n\n\n<li><a href=\"https:\/\/e-doc.univ-avignon.fr\/affaires-juridiques\/wp-content\/uploads\/sites\/11\/2022\/05\/Arrete-n\u00b02022-09-DAGAP-6-mai-2022.pdf\">Arr\u00eat\u00e9 n\u00b02022-09-DAGAP du 6 mai 2022<\/a> : portant composition du bureau de vote scrutin du 10 mai 2022 \u00e9lection partielle pour le remplacement de repr\u00e9sentants des personnels du coll\u00e8ge B au conseil d&rsquo;UFR Sciences, Technologies, Sant\u00e9 (STS).<\/li>\n\n\n\n<li><a href=\"https:\/\/e-doc.univ-avignon.fr\/affaires-juridiques\/wp-content\/uploads\/sites\/11\/2022\/05\/Arrete-n\u00b02022-10-DAGAP-12-mai-2022.pdf\">Arr\u00eat\u00e9 n\u00b02022-10-DAGAP du 12 mai 2022<\/a> :  portant proclamation des r\u00e9sultats de l&rsquo;\u00e9lection partielle pour le remplacement de repr\u00e9sentants des personnels du coll\u00e8ge B au conseil d&rsquo;UFR Sciences, Technologies, Sant\u00e9 (STS).<\/li>\n\n\n\n<li><a href=\"https:\/\/e-doc.univ-avignon.fr\/affaires-juridiques\/wp-content\/uploads\/sites\/11\/2022\/07\/Arrete-n\u00b02022-11-DAGAP-12juillet2022.pdf\">Arr\u00eat\u00e9 n\u00b02022-11-DAGAP du 12 juillet 2022<\/a> : modifiant l&rsquo;arr\u00eat\u00e9 n\u00b02021-52-DAGAP du 17 septembre 2021 portant d\u00e9l\u00e9gation de signature au directeur g\u00e9n\u00e9ral des services (DGS) et abrogeant l&rsquo;arr\u00eat\u00e9 n\u00b02021-44-DAGAP du 7 mai 2022.<\/li>\n\n\n\n<li> <a href=\"https:\/\/e-doc.univ-avignon.fr\/affaires-juridiques\/wp-content\/uploads\/sites\/11\/2022\/09\/Arrete-n\u00b02022-12-DAGAP-modifiant-la-composition-du-comite-Electoral-Consultatif.pdf\">Arr\u00eat\u00e9 n\u00b02022-12-DAGAP<\/a> du 2 septembre 2022 : modifiant la composition du comit\u00e9 \u00e9lectoral consultatif.<\/li>\n\n\n\n<li><a href=\"https:\/\/e-doc.univ-avignon.fr\/affaires-juridiques\/wp-content\/uploads\/sites\/11\/2022\/09\/Arrete-n\u00b02022-13-DAGAP-du-12sept2022-modif-deleg-signature-resp-UMR-EMMAH.pdf\">Arr\u00eat\u00e9 n\u00b02022-13-DAGAP du 12sept2022 <\/a>: portant modification des d\u00e9l\u00e9gations de signature donn\u00e9es aux responsables de l&rsquo;UMR 1114 EMMAH.<\/li>\n\n\n\n<li><a href=\"https:\/\/e-doc.univ-avignon.fr\/affaires-juridiques\/wp-content\/uploads\/sites\/11\/2022\/09\/Arrete-n\u00b02022-14-du-20sept2022.pdf\">Arr\u00eat\u00e9 n\u00b02022-14-DAGAP du 20 septembre 2022 <\/a>: portant organisation d\u2019une \u00e9lection partielle pour le remplacement d\u2019un repr\u00e9sentant des personnels du coll\u00e8ge B \u00e0 la CFVU du CAC.<\/li>\n\n\n\n<li><a href=\"https:\/\/e-doc.univ-avignon.fr\/affaires-juridiques\/wp-content\/uploads\/sites\/11\/2022\/09\/Arrete-2022-15-DAGAP-du-23sept2022.pdf\">Arr\u00eat\u00e9 n\u00b02022-15-DAGAP du 23 septembre 2022<\/a> :&nbsp;relatif \u00e0 l&rsquo;organisation des \u00e9lections pour le renouvellement des repr\u00e9sentants des personnels au conseil de l&rsquo;IUT &#8211; scrutins des 22 et 23 novembre 2022 par vote \u00e9lectronique.<\/li>\n\n\n\n<li><a href=\"https:\/\/e-doc.univ-avignon.fr\/affaires-juridiques\/wp-content\/uploads\/sites\/11\/2022\/09\/Arrete-2022-16-DAGAP-du-23sept2022.pdf\">Arr\u00eat\u00e9 n\u00b02022-16-DAGAP du 23 septembre 2022<\/a> : relatif \u00e0 l&rsquo;organisation des \u00e9lections pour le renouvellement des repr\u00e9sentants des usagers des 4 d\u00e9partements (GB-PEC-STID et TC) au conseil de l&rsquo;IUT &#8211; scrutins des 22 et 23 novembre 2022 par vote \u00e9lectronique.<\/li>\n\n\n\n<li><a href=\"https:\/\/e-doc.univ-avignon.fr\/affaires-juridiques\/wp-content\/uploads\/sites\/11\/2022\/09\/Arrete-n\u00b02022-17-DAGAP-modifiant-la-composition-du-Comite-Electoral-Consultatif.pdf\">Arr\u00eat\u00e9 n\u00b02022-17-DAGAP  du 27 septembre 2022<\/a> : modifiant la composition du comit\u00e9 \u00e9lectoral consultatif.<\/li>\n\n\n\n<li> <a href=\"https:\/\/e-doc.univ-avignon.fr\/affaires-juridiques\/wp-content\/uploads\/sites\/11\/2022\/10\/Arrete-n\u00b02022-18-DAGAP-du-5oct2022-modif-arrete-n\u00b02022-14-DAGAP-du-20sept2022.pdf\">Arr\u00eat\u00e9 n\u00b02022-18-DAGAP du 5 octobre 2022<\/a> : modifiant l&rsquo;arr\u00eat\u00e9 n\u00b02022-14-DAGAP du 20 septembre 2022 \u00c9lection partielle &#8211; scrutin du mardi 18 octobre 2022 &#8211; remplacement d&rsquo;un repr\u00e9sentant des personnels du coll\u00e8ge B \u00e0 la CFVU du CAC.<\/li>\n\n\n\n<li><a href=\"https:\/\/e-doc.univ-avignon.fr\/affaires-juridiques\/wp-content\/uploads\/sites\/11\/2022\/10\/Arrete-n\u00b02022-19-DAGAP-du-6oct-2022-deleg-VP-CA-S.PRISO-ESSAWE.pdf\">Arr\u00eat\u00e9 n\u00b02022-19-DAGAP du 6 octobre 2022<\/a> : portant d\u00e9l\u00e9gation de signature au vice-pr\u00e9sident du conseil d&rsquo;administration.<\/li>\n\n\n\n<li><a href=\"https:\/\/e-doc.univ-avignon.fr\/affaires-juridiques\/wp-content\/uploads\/sites\/11\/2022\/10\/Arrete-n\u00b02022-20-DAGAP-du-13oct2022-Compo-BV-Partielle-B-CFVU-18oct2022.pdf\">Arr\u00eat\u00e9 n\u00b02022-20-DAGAP du 13 octobre 2022<\/a> : portant composition du bureau de vote &#8211; \u00e9lection partielle scrutin du mardi 18 octobre 2022 pour le remplacement d&rsquo;un repr\u00e9sentant des personnels du coll\u00e8ge B \u00e0 la commission de la formation et de la vie universitaire (CFVU) du conseil acad\u00e9mique (CAC).<\/li>\n\n\n\n<li> <a href=\"https:\/\/e-doc.univ-avignon.fr\/affaires-juridiques\/wp-content\/uploads\/sites\/11\/2022\/10\/Arrete-n\u00b02022-21-DAGAP-du-18oct2022-Proclam-resultats-Partielle-B-CFVU.pdf\">Arr\u00eat\u00e9 n\u00b02022-21-DAGAP du 18 octobre 2022<\/a> : portant proclamation des r\u00e9sultats de l&rsquo;\u00e9lection partielle pour le remplacement d&rsquo;un repr\u00e9sentant du coll\u00e8ge B \u00e0 la commission de la formation et de la vie universitaire (CFVU) du conseil acad\u00e9mique (CAC) &#8211; scrutin du 18 octobre 2022.<\/li>\n\n\n\n<li><a href=\"https:\/\/e-doc.univ-avignon.fr\/affaires-juridiques\/wp-content\/uploads\/sites\/11\/2022\/10\/Arrete-DAGAP-n\u00b02022-22-Election-presidence-SD-usagers-18.10.22.pdf\">Arr\u00eat\u00e9 n\u00b02022-22-DAGAP du 19 octobre 2022<\/a> : portant r\u00e9sultats de l&rsquo;\u00e9lection \u00e0 la pr\u00e9sidence de la section disciplinaire du Conseil acad\u00e9mique comp\u00e9tente \u00e0 l&rsquo;\u00e9gard des usagers (acc\u00e8s r\u00e9serv\u00e9).<\/li>\n\n\n\n<li><a href=\"https:\/\/e-doc.univ-avignon.fr\/affaires-juridiques\/wp-content\/uploads\/sites\/11\/2022\/11\/Arrete-n\u00b02022-23-DAGAP-du-7-nov-2022-compo-bur-vote-Pers-et-Usagers-IUT.pdf\">Arr\u00eat\u00e9 n\u00b02022-23-DAGAP du 7 novembre 2022<\/a> : portant composition des bureaux de vote scrutins des 22 et 23 novembre 2022 par voie \u00e9lectronique pour le renouvellement des repr\u00e9sentants des personnels et des usagers au conseil de l&rsquo;IUT.<\/li>\n\n\n\n<li><a href=\"https:\/\/e-doc.univ-avignon.fr\/affaires-juridiques\/wp-content\/uploads\/sites\/11\/2022\/11\/Arrete-n\u00b02022-24-DAGAP-du-21nov2022-modif-compo-BV-scrutins-IUT-22-et-23-nov-2022.pdf\">Arr\u00eat\u00e9 n\u00b02022-24-DAGAP du 21 novembre 2022<\/a> : modifiant la composition des bureaux de vote pr\u00e9vue pour les scrutins de l&rsquo;IUT des 22 et 23 novembre 2022.<\/li>\n\n\n\n<li><a href=\"https:\/\/e-doc.univ-avignon.fr\/affaires-juridiques\/wp-content\/uploads\/sites\/11\/2022\/11\/Arrete-n\u00b02022-25-DAGAP-24nov2022-Proclamation-resultats-scrutins-Pers-IUT-22et23nov2022.pdf\">Arr\u00eat\u00e9 n\u00b02022-25-DAGAP du 24 novembre 2022<\/a> : portant proclamation des r\u00e9sultats des scrutins des 22 et 23 novembre 2022 pour le renouvellement des repr\u00e9sentants des personnels au conseil de l&rsquo;IUT.<\/li>\n\n\n\n<li> <a href=\"https:\/\/e-doc.univ-avignon.fr\/affaires-juridiques\/wp-content\/uploads\/sites\/11\/2022\/11\/Arrete-n\u00b02022-26-DAGAP-24nov2022-Proclamation-resultats-scrutins-Usagers-IUT-22et23nov2022.pdf\">Arr\u00eat\u00e9 n\u00b02022-26-DAGAP du 24 novembre 2022<\/a> : portant proclamation des r\u00e9sultats des scrutins des 22 et 23 novembre 2022 pour le renouvellement des repr\u00e9sentants des usagers au conseil de l&rsquo;IUT.<\/li>\n\n\n\n<li><a href=\"https:\/\/e-doc.univ-avignon.fr\/affaires-juridiques\/wp-content\/uploads\/sites\/11\/2022\/11\/Arrete-n\u00b0-2022-27-DAGAP-28nov2022.pdf\">Arr\u00eat\u00e9 n\u00b02022-27-DAGAP du 28 novembre 2022 <\/a>: modifiant la d\u00e9l\u00e9gation de signature pour les affaires concernant l&rsquo;IUT.<\/li>\n\n\n\n<li><a href=\"https:\/\/e-doc.univ-avignon.fr\/affaires-juridiques\/wp-content\/uploads\/sites\/11\/2022\/11\/Arrete-n\u00b02022-28-DAGAP-du-28nov2022.pdf\">Arr\u00eat\u00e9 n\u00b02022-28-DAGAP du 28 novembre 2022<\/a> : modifiant les d\u00e9l\u00e9gations de signature pour les affaires concernant les services communs.<\/li>\n\n\n\n<li><a href=\"https:\/\/e-doc.univ-avignon.fr\/affaires-juridiques\/wp-content\/uploads\/sites\/11\/2022\/11\/Arrete-n\u00b02022-29-DAGAP-du-28nov2022.pdf\">Arr\u00eat\u00e9 n\u00b02022-29-DAGAP du 28 novembre 2022<\/a> : modifiant la d\u00e9l\u00e9gation de signature au directeur g\u00e9n\u00e9ral des services (DGS).<\/li>\n\n\n\n<li><a href=\"https:\/\/e-doc.univ-avignon.fr\/affaires-juridiques\/wp-content\/uploads\/sites\/11\/2022\/11\/Arrete-n\u00b02022-30-DAGAP-du-28nov2022.pdf\">Arr\u00eat\u00e9 n\u00b02022-30-DAGAP du 28 novembre 2022<\/a> : modifiant les d\u00e9l\u00e9gations de signature pour les affaires concernant le centre de responsabilit\u00e9 budg\u00e9taire \u00ab\u00a0recherche\u00a0\u00bb.<\/li>\n\n\n\n<li><a href=\"https:\/\/e-doc.univ-avignon.fr\/affaires-juridiques\/wp-content\/uploads\/sites\/11\/2022\/11\/Arrete-n\u00b02022-31-DAGAP-du-28nov2022.pdf\">Arr\u00eat\u00e9 n\u00b02022-31-DAGAP du 28 novembre 2022<\/a> : modifiant les d\u00e9l\u00e9gations de signature pour les affaires concernant les unit\u00e9s de formation et de recherche (UFR).<\/li>\n\n\n\n<li><a href=\"https:\/\/e-doc.univ-avignon.fr\/affaires-juridiques\/wp-content\/uploads\/sites\/11\/2023\/01\/Arrete-DAGAP-n\u00b02022-32-Election-des-representants-des-usagers-a-la-SD-usagers-CAC-01.12.2022.pdf\">Arr\u00eat\u00e9 n\u00b02022-32-DAGAP du 5 d\u00e9cembre 2022<\/a> : portant modification de l\u2019arr\u00eat\u00e9 n\u00b02022-05-DAGAP relatif \u00e0 la composition de la section disciplinaire du conseil acad\u00e9mique comp\u00e9tente \u00e0 l\u2019\u00e9gard des usagers (acc\u00e8s r\u00e9serv\u00e9)<\/li>\n\n\n\n<li><a href=\"https:\/\/e-doc.univ-avignon.fr\/affaires-juridiques\/wp-content\/uploads\/sites\/11\/2022\/12\/Arrete-n\u00b02022-33-DAGAP-du-7dec.2022.pdf\">Arr\u00eat\u00e9 n\u00b02022-33-DAGAP du 7 d\u00e9cembre 2022<\/a> : relatif \u00e0 l&rsquo;organisation des \u00e9lections par voie \u00e9lectronique pour le renouvellement des repr\u00e9sentants des personnels aux conseils des UFR ALL, SHS et STS.<\/li>\n<\/ul>\n\n\n\n<p><\/p>\n\n\n\n<p><\/p>\n","protected":false},"excerpt":{"rendered":"","protected":false},"author":30,"featured_media":0,"parent":1714,"menu_order":0,"comment_status":"closed","ping_status":"closed","template":"","meta":{"footnotes":""},"class_list":["post-5698","page","type-page","status-publish","hentry"],"_links":{"self":[{"href":"https:\/\/e-doc.univ-avignon.fr\/affaires-juridiques\/wp-json\/wp\/v2\/pages\/5698","targetHints":{"allow":["GET"]}}],"collection":[{"href":"https:\/\/e-doc.univ-avignon.fr\/affaires-juridiques\/wp-json\/wp\/v2\/pages"}],"about":[{"href":"https:\/\/e-doc.univ-avignon.fr\/affaires-juridiques\/wp-json\/wp\/v2\/types\/page"}],"author":[{"embeddable":true,"href":"https:\/\/e-doc.univ-avignon.fr\/affaires-juridiques\/wp-json\/wp\/v2\/users\/30"}],"replies":[{"embeddable":true,"href":"https:\/\/e-doc.univ-avignon.fr\/affaires-juridiques\/wp-json\/wp\/v2\/comments?post=5698"}],"version-history":[{"count":44,"href":"https:\/\/e-doc.univ-avignon.fr\/affaires-juridiques\/wp-json\/wp\/v2\/pages\/5698\/revisions"}],"predecessor-version":[{"id":6037,"href":"https:\/\/e-doc.univ-avignon.fr\/affaires-juridiques\/wp-json\/wp\/v2\/pages\/5698\/revisions\/6037"}],"up":[{"embeddable":true,"href":"https:\/\/e-doc.univ-avignon.fr\/affaires-juridiques\/wp-json\/wp\/v2\/pages\/1714"}],"wp:attachment":[{"href":"https:\/\/e-doc.univ-avignon.fr\/affaires-juridiques\/wp-json\/wp\/v2\/media?parent=5698"}],"curies":[{"name":"wp","href":"https:\/\/api.w.org\/{rel}","templated":true}]}}