{"id":5701,"date":"2022-09-14T10:29:54","date_gmt":"2022-09-14T09:29:54","guid":{"rendered":"https:\/\/e-doc.univ-avignon.fr\/affaires-juridiques\/?page_id=5701"},"modified":"2022-12-05T14:53:37","modified_gmt":"2022-12-05T13:53:37","slug":"anterieurs-a-2022","status":"publish","type":"page","link":"https:\/\/e-doc.univ-avignon.fr\/affaires-juridiques\/actes-reglementaires\/anterieurs-a-2022\/","title":{"rendered":"Ant\u00e9rieurs \u00e0 2022"},"content":{"rendered":"\n<h2 class=\"wp-block-heading\"> Arr\u00eat\u00e9s \u00e9lectoraux du pr\u00e9sident :<\/h2>\n\n\n\n<ul class=\"wp-block-list\">\n<li><a href=\"https:\/\/e-doc.univ-avignon.fr\/affaires-juridiques\/arretes-electoraux-du-president-2021\/\">Ann\u00e9e 2021<\/a><\/li>\n\n\n\n<li><a href=\"https:\/\/e-doc.univ-avignon.fr\/affaires-juridiques\/actes-reglementaires\/arretes-electoraux-du-president-2020\/\">Ann\u00e9e 2020<\/a><\/li>\n\n\n\n<li><a href=\"https:\/\/e-doc.univ-avignon.fr\/affaires-juridiques\/actes-reglementaires\/arretes-electoraux-du-president-2019\/\">Ann\u00e9e 2019<\/a><\/li>\n\n\n\n<li><a href=\"http:\/\/e-doc.univ-avignon.fr\/affaires-juridiques\/actes-reglementaires\/arretes-electoraux-du-president-2018\/\">Ann\u00e9e 2018<\/a><\/li>\n\n\n\n<li><a href=\"http:\/\/e-doc.univ-avignon.fr\/affaires-juridiques\/actes-reglementaires\/arretes-electoraux-du-president\/\">Ann\u00e9e 2017<\/a><\/li>\n\n\n\n<li><a href=\"http:\/\/e-doc.univ-avignon.fr\/affaires-juridiques\/actes-reglementaires\/arretes-electoraux-du-president-2016\/\">Ann\u00e9e 2016<\/a><\/li>\n\n\n\n<li><a href=\"http:\/\/e-doc.univ-avignon.fr\/affaires-juridiques\/actes-reglementaires\/arretes-electoraux-du-president-2015\/\">Ann\u00e9e 2015<\/a><\/li>\n\n\n\n<li><a href=\"http:\/\/e-doc.univ-avignon.fr\/affaires-juridiques\/actes-reglementaires\/arretes-electoraux-du-president-2014\/\">Ann\u00e9e 2014<\/a><\/li>\n\n\n\n<li><a href=\"http:\/\/e-doc.univ-avignon.fr\/affaires-juridiques\/actes-reglementaires\/arretes-electoraux-du-president-anterieurs-a-2014\/\">Ant\u00e9rieurs \u00e0 2014<\/a><\/li>\n<\/ul>\n\n\n\n<h2 class=\"wp-block-heading\">Autres arr\u00eat\u00e9s du pr\u00e9sident :<\/h2>\n\n\n\n<ul class=\"wp-block-list\">\n<li><a href=\"https:\/\/e-doc.univ-avignon.fr\/affaires-juridiques\/autres-arretes-du-president-2021\/\">Ann\u00e9e 2021<\/a><\/li>\n\n\n\n<li><a href=\"https:\/\/e-doc.univ-avignon.fr\/affaires-juridiques\/actes-reglementaires\/autres-arretes-du-president-2020\/\">Ann\u00e9e 2020<\/a><\/li>\n\n\n\n<li><a href=\"https:\/\/e-doc.univ-avignon.fr\/affaires-juridiques\/actes-reglementaires\/autres-arretes-du-president-2019\/\">Ann\u00e9e 2019<\/a><\/li>\n\n\n\n<li><a href=\"http:\/\/e-doc.univ-avignon.fr\/affaires-juridiques\/actes-reglementaires\/autres-arretes-du-president-2018\/\">Ann\u00e9e 2018<\/a><\/li>\n\n\n\n<li><a href=\"http:\/\/e-doc.univ-avignon.fr\/affaires-juridiques\/actes-reglementaires\/autres-arretes-du-president\/\">Ann\u00e9e 2017<\/a><\/li>\n\n\n\n<li><a href=\"http:\/\/e-doc.univ-avignon.fr\/affaires-juridiques\/actes-reglementaires\/autres-arretes-du-president-2016\/\">Ann\u00e9e 2016<\/a><\/li>\n\n\n\n<li><a href=\"http:\/\/e-doc.univ-avignon.fr\/affaires-juridiques\/actes-reglementaires\/autres-arretes-du-president-2015\/\">Ann\u00e9e 2015<\/a><\/li>\n<\/ul>\n\n\n\n<p><\/p>\n\n\n\n<h2 class=\"wp-block-heading\">Arr\u00eat\u00e9s de d\u00e9l\u00e9gations de signature :<\/h2>\n\n\n\n<ul class=\"wp-block-list\">\n<li><strong>DGS \/ DGSA \/ Responsables des Services Centraux<\/strong> : <a href=\"https:\/\/e-doc.univ-avignon.fr\/affaires-juridiques\/wp-content\/uploads\/sites\/11\/2021\/09\/Arrete-n\u00b02021-52-DAGAP-17sept2021-deleg-signature-DGS-S.Bourdageau.pdf\">Arr\u00eat\u00e9 n\u00b02021-52-DAGAP du 17 septembre 2021<\/a>abrogeant l&rsquo;<a href=\"https:\/\/e-doc.univ-avignon.fr\/affaires-juridiques\/wp-content\/uploads\/sites\/11\/2021\/05\/Arrete-n\u00b02021-44-DAGAP-7mail2021-deleg-signature-DGS-S.Bourdageau.pdf\">Arr\u00eat\u00e9 n\u00b02021-44-DAGAP du 7 mai 2021.<\/a> modifi\u00e9 par l&rsquo;<a href=\"https:\/\/e-doc.univ-avignon.fr\/affaires-juridiques\/wp-content\/uploads\/sites\/11\/2022\/07\/Arrete-n\u00b02022-11-DAGAP-12juillet2022.pdf\">Arr\u00eat\u00e9 n\u00b02022-11-DAGAP du 12 juillet 2022<\/a><\/li>\n\n\n\n<li><strong>UFR<\/strong> (Directeurs et Responsables administratifs : <a href=\"https:\/\/e-doc.univ-avignon.fr\/affaires-juridiques\/wp-content\/uploads\/sites\/11\/2021\/05\/Arrete-n\u00b02021-46-DAGAP-7mai2021-deleg-signature-UFR.pdf\">Arr\u00eat\u00e9 n\u00b02021-46-DAGAP du 7 mai 2021<\/a>. &nbsp;<a href=\"https:\/\/e-doc.univ-avignon.fr\/affaires-juridiques\/wp-content\/uploads\/sites\/11\/2020\/12\/Arrete-n\u00b02020-20-DAGAP-du-3dec2020-deleg-UFR.pdf\">arr\u00eat\u00e9 n\u00b02020-20-DAGAP du 3\/12\/2020 <\/a>modifi\u00e9 par l&rsquo;<a href=\"https:\/\/e-doc.univ-avignon.fr\/affaires-juridiques\/wp-content\/uploads\/sites\/11\/2021\/02\/Arrete-n\u00b02021-17-DAGAP-11fev2021-modif-deleg-sigature-UFR.pdf\">arr\u00eat\u00e9 n\u00b02021-17-DAGAP du 11 f\u00e9vrier 2021<\/a>.<\/li>\n\n\n\n<li>IUT (Directrice) : <a href=\"https:\/\/e-doc.univ-avignon.fr\/affaires-juridiques\/wp-content\/uploads\/sites\/11\/2020\/01\/Arr\u00eat\u00e9-n\u00b02020-01-DAGAP-7janv2020-d\u00e9l\u00e9g-signatrue-Ch.DRANSART-dir-IUT-et-J.J.COLIN-dir-adm.pdf\">arr\u00eat\u00e9 n\u00b02020-01-DAGAP du 7\/01\/2020<\/a><\/li>\n\n\n\n<li><strong>Services Communs<\/strong> (Directeurs \/ Adjoints ou Responsable administratif : <a href=\"https:\/\/e-doc.univ-avignon.fr\/affaires-juridiques\/wp-content\/uploads\/sites\/11\/2021\/05\/Arrete-n\u00b02021-45-DAGAP-7mai2021-deleg-signature-Sces-Communs.pdf\">arr\u00eat\u00e9 n\u00b02021-45-DAGAP du 7 mai 2021 <\/a>modifi\u00e9 par <a href=\"https:\/\/e-doc.univ-avignon.fr\/affaires-juridiques\/wp-content\/uploads\/sites\/11\/2021\/10\/Arrete-n\u00b02021-58-DAGAP-11oct2021-modif-deleg-signature-Sces-Communs.pdf\">l&rsquo;arr\u00eat\u00e9 n\u00b02021-58-DAGAP du 11 octobre 2021<\/a> modifi\u00e9 par l&rsquo;<a href=\"https:\/\/e-doc.univ-avignon.fr\/affaires-juridiques\/wp-content\/uploads\/sites\/11\/2022\/04\/Arrete-n\u00b02022-08-DAGAP-du-14avril2022-modif-deleg-signature-Sces-Communs-.pdf\">Arr\u00eat\u00e9 n\u00b02022-08-DAGAP du 14 avril 2022<\/a>, <a href=\"https:\/\/e-doc.univ-avignon.fr\/affaires-juridiques\/wp-content\/uploads\/sites\/11\/2020\/12\/Arrete-n\u00b02020-19-DAGAP-du-3dec2020-deleg-Sces-Communs.pdf\">arr\u00eat\u00e9 n\u00b02020-19-DAGAP du 3\/12\/2020.<\/a><\/li>\n\n\n\n<li><strong>Centre de Responsabilit\u00e9 Budg\u00e9taire \u00ab\u00a0Recherche\u00a0\u00bb<\/strong> :<a href=\"https:\/\/e-doc.univ-avignon.fr\/affaires-juridiques\/wp-content\/uploads\/sites\/11\/2020\/12\/Arrete-n\u00b02020-21-DAGAP-du-3dec2020-deleg-CRB-Rech.pdf\"> arr\u00eat\u00e9 n\u00b02020-21-DAGAP du 3\/12\/2020<\/a> modifi\u00e9 par <a href=\"https:\/\/e-doc.univ-avignon.fr\/affaires-juridiques\/wp-content\/uploads\/sites\/11\/2021\/04\/Arrete-n\u00b02021-32-DAGAP-1eravril-2021-modif-deleg-resp-unites-recherche.pdf\">l&rsquo;arr\u00eat\u00e9 n\u00b02021-32-DAGAP<\/a> du 1er avril 2021, l&rsquo; <a href=\"https:\/\/e-doc.univ-avignon.fr\/affaires-juridiques\/wp-content\/uploads\/sites\/11\/2021\/05\/Arrete-n\u00b02021-48-DAGAP-7mai2021-deleg-signature-CRB-Rech.pdf\">arr\u00eat\u00e9 n\u00b02021-48-DAGAP du 7 mai 2021<\/a>, <a href=\"https:\/\/e-doc.univ-avignon.fr\/affaires-juridiques\/wp-content\/uploads\/sites\/11\/2021\/09\/Arrete-n\u00b02021-53-DAGAP-17sept2021-modif-deleg-signature-UMR-8562-CNE.pdf\">l&rsquo;arr\u00eat\u00e9 n\u00b02021-53-DAGAP du 17 septembre 2021, <\/a><\/li>\n<\/ul>\n\n\n\n<h2 class=\"wp-block-heading\">Arr\u00eat\u00e9s du Directeur G\u00e9n\u00e9ral des Services : <\/h2>\n\n\n\n<ul class=\"wp-block-list\">\n<li><a href=\"https:\/\/e-doc.univ-avignon.fr\/affaires-juridiques\/wp-content\/uploads\/sites\/11\/2019\/11\/Arr\u00eat\u00e9-n\u00b02019-43-DAGAP-du-8nov2019-Election-pr\u00e9sidence-univ.-scrutin-4d\u00e9c2019-en-CA.pdf\">Arr\u00eat\u00e9 n\u00b02019-43-DAGAP du 8 novembre 2019<\/a> portant organisation de l&rsquo;\u00e9lection \u00e0 la pr\u00e9sidence d&rsquo;Avignon Universit\u00e9 &#8211; scrutin du 4 d\u00e9cembre 2019 en conseil d&rsquo;administration<\/li>\n\n\n\n<li><a href=\"https:\/\/e-doc.univ-avignon.fr\/affaires-juridiques\/wp-content\/uploads\/sites\/11\/2019\/11\/Arr\u00eat\u00e9-DGS-n\u00b02019-44-DAGAP-du-22-novembre-2019-portant-d\u00e9signation-des-4-PEX.pdf\">Arr\u00eat\u00e9 n\u00b02019-44-DAGAP du 22 novembre 2019<\/a> portant d\u00e9signation des personnalit\u00e9s ext\u00e9rieures du conseil d&rsquo;administration.<\/li>\n<\/ul>\n\n\n\n<h2 class=\"wp-block-heading\" id=\"arretes-du-president-periode-covid-19\">Arr\u00eat\u00e9s du Pr\u00e9sident p\u00e9riode Covid-19<\/h2>\n\n\n<ul>\n<li><a href=\"https:\/\/e-doc.univ-avignon.fr\/affaires-juridiques\/wp-content\/uploads\/sites\/11\/2020\/05\/2020-010-Arrete-portant-cr\u00e9ation-Commission-Bourses-Mobilit\u00e9-COVID-19.pdf\">Arr\u00eat\u00e9 Pr\u00e9sidence n\u00b02020-010 du 20 avril 2020<\/a> portant cr\u00e9ation d&rsquo;une Commission de bourses de mobilit\u00e9 exceptionnelle et temporaire<\/li>\n<li><a href=\"https:\/\/e-doc.univ-avignon.fr\/affaires-juridiques\/wp-content\/uploads\/sites\/11\/2020\/05\/2020-011-Arrete-portant-cr\u00e9ation-CCVEC-exceptionnelle-COVID-19.pdf\">Arr\u00eat\u00e9 Pr\u00e9sidence n\u00b02020-011 du 20 avril 2020<\/a> portant cr\u00e9ation d&rsquo;une Commission Contribution de Vie \u00c9tudiante et de Campus (CVEC) exceptionnelle et temporaire<\/li>\n<li><a href=\"https:\/\/e-doc.univ-avignon.fr\/affaires-juridiques\/wp-content\/uploads\/sites\/11\/2020\/08\/2020-013-COVID19-Arrete-portant-limitation-acces-enceintes-Avignon-Universite.pdf\">Arr\u00eat\u00e9 Pr\u00e9sidence n\u00b02020-013 du 24 ao\u00fbt 2020<\/a> portant limitation de l&rsquo;acc\u00e8s aux enceintes et locaux d&rsquo;Avignon Universit\u00e9<\/li>\n<li><a href=\"https:\/\/e-doc.univ-avignon.fr\/affaires-juridiques\/wp-content\/uploads\/sites\/11\/2022\/07\/2022-012-COVID19-Arrete-portant-abrogation-de-larrete-2020-013-du-24-aout-2020.pdf\" target=\"_blank\" rel=\"noopener\">Arr\u00eat\u00e9 Pr\u00e9sidence n\u00b02022-012 du 13 juillet 2022<\/a> portant abrogation de l&rsquo;arr\u00eat\u00e9 pr\u00e9sidence n\u00b02020-013 du 24 ao\u00fbt 2020<\/li>\n<li>\n<p><strong>D\u00e9l\u00e9gations de signature pour justificatifs de d\u00e9placement<\/strong><strong>&nbsp; professionnel Covid-19<\/strong> <span id=\"OBJ_PREFIX_DWT81_com_zimbra_date\" class=\"Object\" role=\"link\"><span id=\"OBJ_PREFIX_DWT83_com_zimbra_date\" class=\"Object\" role=\"link\"><\/span><\/span><\/p>\n<p><span id=\"OBJ_PREFIX_DWT81_com_zimbra_date\" class=\"Object\" role=\"link\"><span id=\"OBJ_PREFIX_DWT83_com_zimbra_date\" class=\"Object\" role=\"link\"><a href=\"https:\/\/e-doc.univ-avignon.fr\/affaires-juridiques\/wp-content\/uploads\/sites\/11\/2021\/05\/Arrete-2021-47-DAGAP-7mai2021-deleg-signature-justificatifs-deplacement-professionnel.pdf\">Arr\u00eat\u00e9 n\u00b02021-47-DAGAP du 7 mai 2021.<\/a><\/span><\/span><\/p>\n<p><span id=\"OBJ_PREFIX_DWT81_com_zimbra_date\" class=\"Object\" role=\"link\"><span id=\"OBJ_PREFIX_DWT83_com_zimbra_date\" class=\"Object\" role=\"link\">Arr\u00eat\u00e9s ant\u00e9rieurs :&nbsp;<a href=\"https:\/\/e-doc.univ-avignon.fr\/affaires-juridiques\/wp-content\/uploads\/sites\/11\/2020\/11\/COVID-19-Arrete-2020-14-DAGAP-Delegation-signature-justificatifs-deplacement.pdf\">arr\u00eat\u00e9 n\u00b0 2020-14-DAGAP du 30 octobre 2020<\/a> modifi\u00e9 par l\u2019<a href=\"https:\/\/e-doc.univ-avignon.fr\/affaires-juridiques\/wp-content\/uploads\/sites\/11\/2020\/11\/COVID-19-Arrete-2020-16-DAGAP-modifiant-arrete-2020-14-DAGAP.pdf\">arr\u00eat\u00e9 n\u00b0 2020-16-DAGAP du 5 novembre 2020<\/a> et l\u2019<a href=\"https:\/\/e-doc.univ-avignon.fr\/affaires-juridiques\/wp-content\/uploads\/sites\/11\/2021\/02\/Arrete-n\u00b02021-13-DAGAP-2fev2021-modifiant-deleg-signature-justif-deplact-pro.pdf\">arr\u00eat\u00e9 n\u00b02020-13-DAGAP du 2 f\u00e9vrier 2021.<\/a><\/span><\/span><\/p>\n<\/li>\n<\/ul>\n\n\n<p> <\/p>\n\n\n\n<p> <\/p>\n","protected":false},"excerpt":{"rendered":"<p>Arr\u00eat\u00e9s \u00e9lectoraux du pr\u00e9sident : Autres arr\u00eat\u00e9s du pr\u00e9sident : Arr\u00eat\u00e9s de d\u00e9l\u00e9gations de signature : Arr\u00eat\u00e9s du Directeur G\u00e9n\u00e9ral des Services : Arr\u00eat\u00e9s du Pr\u00e9sident p\u00e9riode Covid-19 Arr\u00eat\u00e9 Pr\u00e9sidence n\u00b02020-010 du 20 avril 2020 portant cr\u00e9ation d&rsquo;une Commission de bourses de mobilit\u00e9 exceptionnelle et temporaire Arr\u00eat\u00e9 Pr\u00e9sidence n\u00b02020-011 du 20 avril 2020 portant cr\u00e9ation &hellip; <a href=\"https:\/\/e-doc.univ-avignon.fr\/affaires-juridiques\/actes-reglementaires\/anterieurs-a-2022\/\" class=\"more-link\">Continuer la lecture de <span class=\"screen-reader-text\">Ant\u00e9rieurs \u00e0 2022<\/span><\/a><\/p>\n","protected":false},"author":30,"featured_media":0,"parent":1714,"menu_order":0,"comment_status":"closed","ping_status":"closed","template":"","meta":{"footnotes":""},"class_list":["post-5701","page","type-page","status-publish","hentry"],"_links":{"self":[{"href":"https:\/\/e-doc.univ-avignon.fr\/affaires-juridiques\/wp-json\/wp\/v2\/pages\/5701","targetHints":{"allow":["GET"]}}],"collection":[{"href":"https:\/\/e-doc.univ-avignon.fr\/affaires-juridiques\/wp-json\/wp\/v2\/pages"}],"about":[{"href":"https:\/\/e-doc.univ-avignon.fr\/affaires-juridiques\/wp-json\/wp\/v2\/types\/page"}],"author":[{"embeddable":true,"href":"https:\/\/e-doc.univ-avignon.fr\/affaires-juridiques\/wp-json\/wp\/v2\/users\/30"}],"replies":[{"embeddable":true,"href":"https:\/\/e-doc.univ-avignon.fr\/affaires-juridiques\/wp-json\/wp\/v2\/comments?post=5701"}],"version-history":[{"count":20,"href":"https:\/\/e-doc.univ-avignon.fr\/affaires-juridiques\/wp-json\/wp\/v2\/pages\/5701\/revisions"}],"predecessor-version":[{"id":6002,"href":"https:\/\/e-doc.univ-avignon.fr\/affaires-juridiques\/wp-json\/wp\/v2\/pages\/5701\/revisions\/6002"}],"up":[{"embeddable":true,"href":"https:\/\/e-doc.univ-avignon.fr\/affaires-juridiques\/wp-json\/wp\/v2\/pages\/1714"}],"wp:attachment":[{"href":"https:\/\/e-doc.univ-avignon.fr\/affaires-juridiques\/wp-json\/wp\/v2\/media?parent=5701"}],"curies":[{"name":"wp","href":"https:\/\/api.w.org\/{rel}","templated":true}]}}