{"id":6038,"date":"2023-01-09T11:50:57","date_gmt":"2023-01-09T10:50:57","guid":{"rendered":"https:\/\/e-doc.univ-avignon.fr\/affaires-juridiques\/?page_id=6038"},"modified":"2023-12-20T09:54:52","modified_gmt":"2023-12-20T08:54:52","slug":"annee-2023","status":"publish","type":"page","link":"https:\/\/e-doc.univ-avignon.fr\/affaires-juridiques\/annee-2023\/","title":{"rendered":"Arr\u00eat\u00e9s du pr\u00e9sident 2023 DAGAP"},"content":{"rendered":"\n<ul class=\"wp-block-list\">\n<li><a href=\"https:\/\/e-doc.univ-avignon.fr\/affaires-juridiques\/wp-content\/uploads\/sites\/11\/2023\/01\/Arrete-n\u00b02023-01-DAGAP-du-5janv2023.pdf\">Arr\u00eat\u00e9 n\u00b02023-01-DAGAP du 5 janvier 2023<\/a> : modifiant l\u2019arr\u00eat\u00e9 n\u00b02022-29-DAGAP du 28 novembre 2022 concernant la d\u00e9l\u00e9gation de signature donn\u00e9e au DGS.<\/li>\n\n\n\n<li><a href=\"https:\/\/e-doc.univ-avignon.fr\/gouvernance\/wp-content\/uploads\/sites\/2\/2023\/01\/Arrete-DAGAP-n\u00b02023-2-Election-dun-membre-a-la-SD-usagers-CAC-05.01.2023.pdf\">Arr\u00eat\u00e9 n\u00b02023-02-DAGAP du 6 janvier 2023 <\/a>: portant modification de l&rsquo;arr\u00eat\u00e9 n\u00b02022-32-DAGAP relatif \u00e0 la composition de la section disciplinaire du Conseil acad\u00e9mique comp\u00e9tente \u00e0 l&rsquo;\u00e9gard des usagers (acc\u00e8s r\u00e9serv\u00e9).<\/li>\n\n\n\n<li><a href=\"https:\/\/e-doc.univ-avignon.fr\/gouvernance\/wp-content\/uploads\/sites\/2\/2023\/01\/Arrete-DAGAP-n\u00b02023-3-Election-dun-membre-a-la-SD-EC-E-CAC-05.01.2023.pdf\">Arr\u00eat\u00e9 n\u00b02023-03-DAGAP du 6 janvier 2023<\/a> : portant modification de l&rsquo;arr\u00eat\u00e9 n\u00b02020-13-DAGAP relatif \u00e0 la composition de la section disciplinaire du Conseil acad\u00e9mique comp\u00e9tente \u00e0 l&rsquo;\u00e9gard des enseignants-chercheurs et des enseignants (acc\u00e8s r\u00e9serv\u00e9).<\/li>\n\n\n\n<li><a href=\"https:\/\/e-doc.univ-avignon.fr\/affaires-juridiques\/wp-content\/uploads\/sites\/11\/2023\/01\/Arrete-n\u00b02023-04-DAGAP-du-19-janvier-2023.pdf\">Arr\u00eat\u00e9 n\u00b02023-04-DAGAP du 19 janvier 2023<\/a> : portant composition des bureaux de vote scrutins des 8 et 9 f\u00e9vrier 2023 par voie \u00e9lectronique &#8211; renouvellement des repr\u00e9sentants des personnels aux conseils des UFR ALL, SHS et STS.<\/li>\n\n\n\n<li><a href=\"https:\/\/e-doc.univ-avignon.fr\/affaires-juridiques\/wp-content\/uploads\/sites\/11\/2023\/01\/Arrete-n\u00b02023-05-DAGAP-du-19-janvier-2023.pdf\">Arr\u00eat\u00e9 n\u00b02023-05-DAGAP du 19 janvier 2023<\/a> : portant localisation de salles \u00e9quip\u00e9es du mat\u00e9riel informatique pour les scrutins des 8 et 9 f\u00e9vrier 2023 relatifs au renouvellement des repr\u00e9sentants des personnels aux conseils des UFR ALL, SHS et STS.<\/li>\n\n\n\n<li><a href=\"https:\/\/e-doc.univ-avignon.fr\/affaires-juridiques\/wp-content\/uploads\/sites\/11\/2023\/02\/Arrete-n\u00b02023-06-DAGAP-9-fevrier-2023-1.pdf\">Arr\u00eat\u00e9 n\u00b02023-06-DAGAP du 9 f\u00e9vrier 2023<\/a> : portant proclamation des r\u00e9sultats des scrutins des 8 et 9 f\u00e9vrier 2023 pour le renouvellement des repr\u00e9sentants des personnels aux conseils des UFR ALL, SHS et STS.<\/li>\n\n\n\n<li><a href=\"https:\/\/e-doc.univ-avignon.fr\/affaires-juridiques\/wp-content\/uploads\/sites\/11\/2023\/03\/Arrete-n\u00b02023-07-DAGAP-du-28-fev.-2023.pdf\">Arr\u00eat\u00e9 n\u00b02023-07-DAGAP du 28 f\u00e9vrier 2023<\/a> : relatif \u00e0 l\u2019organisation d\u2019\u00e9lections par voie \u00e9lectronique pour le renouvellement des repr\u00e9sentants des usagers aux conseils des UFR ALL, SHS ET STS &#8211; <a href=\"https:\/\/e-doc.univ-avignon.fr\/affaires-juridiques\/wp-content\/uploads\/sites\/11\/2023\/03\/Membres-des-BVE-delegues-de-liste.pdf\">Annexe \u00ab\u00a0Membres des BVE &#8211; D\u00e9l\u00e9gu\u00e9s de liste\u00a0\u00bb<\/a>.<\/li>\n\n\n\n<li><a href=\"https:\/\/e-doc.univ-avignon.fr\/affaires-juridiques\/wp-content\/uploads\/sites\/11\/2023\/03\/Arrete-n\u00b02023-08-DAGAP-du-13mars2023.pdf\">Arr\u00eat\u00e9 n\u00b0 2023-08-DAGAP du 13 mars 2023<\/a> relatif \u00e0 la d\u00e9signation des grands \u00e9lecteurs pour l\u2019\u00e9lection des repr\u00e9sentants des \u00e9tudiants au CNESER.<\/li>\n\n\n\n<li><a href=\"https:\/\/e-doc.univ-avignon.fr\/affaires-juridiques\/wp-content\/uploads\/sites\/11\/2023\/03\/Arrete-n\u00b0-2023-09-DAGAP-du-13-mars-2023.pdf\">Arr\u00eat\u00e9 n\u00b02023-09-DAGAP du 13 mars 2023<\/a> portant organisation des \u00e9lections pour le renouvellement des repr\u00e9sentants des doctorants aux conseils des \u00e9coles doctorales (ED 536 et ED 537).<\/li>\n\n\n\n<li><a href=\"https:\/\/e-doc.univ-avignon.fr\/affaires-juridiques\/wp-content\/uploads\/sites\/11\/2023\/03\/Arrete-n\u00b02023-10-DAGAP-du-23-mars-2023.pdf\">Arr\u00eat\u00e9 n\u00b02023-10-DAGAP du 23 mars 2023<\/a> portant organisation d\u2019une \u00e9lection partielle pour le remplacement d\u2019un repr\u00e9sentant des personnels du coll\u00e8ge B \u00e0 la commission de la recherche du conseil acad\u00e9mique.<\/li>\n\n\n\n<li><a href=\"https:\/\/e-doc.univ-avignon.fr\/affaires-juridiques\/wp-content\/uploads\/sites\/11\/2023\/04\/Arrete-n\u00b02023-11-DAGAP-du-13-avril-2023.pdf\">Arr\u00eat\u00e9 n\u00b02023-11-DAGAP du 13 avril 2023<\/a> portant proclamation des r\u00e9sultats du scrutin du 13 avril 2023 relatif \u00e0 la d\u00e9signation des grands \u00e9lecteurs pour l\u2019\u00e9lection des repr\u00e9sentants des \u00e9tudiants CNESER.<\/li>\n\n\n\n<li><a href=\"https:\/\/e-doc.univ-avignon.fr\/affaires-juridiques\/wp-content\/uploads\/sites\/11\/2023\/04\/Arrete-n\u00b02023-12-DAGAP-du-13-avril-2023-1.pdf\">Arr\u00eat\u00e9 n\u00b02023-12-DAGAP du 13 avril 2023<\/a> portant proclamation des r\u00e9sultats des scrutins des 12 et 13 avril 2023 pour le renouvellement des repr\u00e9sentants des usagers aux conseils d\u2019UFR ALL, SHS et STS.<\/li>\n\n\n\n<li><a href=\"https:\/\/e-doc.univ-avignon.fr\/affaires-juridiques\/wp-content\/uploads\/sites\/11\/2023\/04\/Arrete-n\u00b0-2023-13-DAGAP-du-25-avril-2023.pdf\">Arr\u00eat\u00e9 n\u00b02023-13-DAGAP du 25 avril 2023<\/a> mettant fin au processus \u00e9lectoral relatif \u00e0 l\u2019\u00e9lection du 3 mai 2023 pour le renouvellement des repr\u00e9sentants des usagers au conseil de l\u2019\u00c9cole Doctorale 537 (ED 537).<\/li>\n\n\n\n<li><a href=\"https:\/\/e-doc.univ-avignon.fr\/affaires-juridiques\/wp-content\/uploads\/sites\/11\/2023\/05\/Arrete-n\u00b0-2023-14-DAGAP-du-4-mai-2023.pdf\">Arr\u00eat\u00e9 n\u00b0 2023-14-DAGAP du 4 mai 2023<\/a> portant proclamation des r\u00e9sultats de l\u2019\u00e9lection pour le renouvellement des repr\u00e9sentants des doctorants au conseil de l\u2019\u00c9cole Doctorale 536 (ED 536).<\/li>\n\n\n\n<li><a href=\"https:\/\/e-doc.univ-avignon.fr\/affaires-juridiques\/wp-content\/uploads\/sites\/11\/2023\/05\/Arrete-n\u00b0-2023-15-DAGAP-du-9-mai-2023.pdf\">Arr\u00eat\u00e9 n\u00b02023-15-DAGAP du 9 mai 2023<\/a> portant organisation de l\u2019\u00e9lection pour le renouvellement des repr\u00e9sentants des doctorants au conseil de l\u2019\u00c9cole Doctorale \u00abCulture et Patrimoine\u00bb (ED 537).<\/li>\n\n\n\n<li><a href=\"https:\/\/e-doc.univ-avignon.fr\/affaires-juridiques\/wp-content\/uploads\/sites\/11\/2023\/05\/Arrete-n\u00b0-2023-16-DAGAP-du-9-mai-2023.pdf\">Arr\u00eat\u00e9 n\u00b02023-16-DAGAP du 9 mai 2023<\/a> relatif \u00e0 l\u2019organisation de l\u2019\u00e9lection du doyen de l\u2019UFR Arts, Lettres et Langues (ALL) &#8211; modifi\u00e9 par l&rsquo;arr\u00eat\u00e9 n\u00b02023-18-DAGAP du 16 mai 2023 ci-dessous.<\/li>\n\n\n\n<li><a href=\"https:\/\/e-doc.univ-avignon.fr\/affaires-juridiques\/wp-content\/uploads\/sites\/11\/2023\/05\/Arrete-n\u00b02023-17-DAGAP-du-11-mai-2023.pdf\">Arr\u00eat\u00e9 n 2023-17-DAGAP du 11 mai 2023<\/a> portant composition du bureau de vote \u00e9lection partielle &#8211; scrutin du mardi 23 mai 2023 pour le remplacement d\u2019un repr\u00e9sentant des personnels du coll\u00e8ge B \u00e0 la CR du CAC.<\/li>\n\n\n\n<li><a href=\"https:\/\/e-doc.univ-avignon.fr\/affaires-juridiques\/wp-content\/uploads\/sites\/11\/2023\/05\/Arrete-n\u00b0-2023-18-DAGAP-du-16-mai-2023.pdf\" data-type=\"URL\" data-id=\"https:\/\/e-doc.univ-avignon.fr\/affaires-juridiques\/wp-content\/uploads\/sites\/11\/2023\/05\/Arrete-n\u00b0-2023-18-DAGAP-du-16-mai-2023.pdf\">Arr\u00eat\u00e9 n\u00b02023-18-DAGAP du 16 mai 2023<\/a> modifiant l\u2019arr\u00eat\u00e9 n\u00b02023-16-DAGAP du 9 mai 2023 relatif \u00e0 l\u2019organisation de l\u2019\u00e9lection du doyen de l\u2019UFR Arts, Lettres et Langues (ALL).<\/li>\n\n\n\n<li><a href=\"https:\/\/e-doc.univ-avignon.fr\/affaires-juridiques\/wp-content\/uploads\/sites\/11\/2023\/05\/Arrete-n\u00b02023-19-DAGAP-du-23-mai-2023.pdf\">Arr\u00eat\u00e9 n\u00b02023-19-2023 du 23 mai 2023<\/a> portant proclamation des r\u00e9sultats de l\u2019\u00e9lection partielle pour le remplacement d\u2019un repr\u00e9sentant des personnels du coll\u00e8ge B \u00e0 la Commission de la Recherche (CR) du Conseil Acad\u00e9mique (CAC).<\/li>\n\n\n\n<li><a href=\"https:\/\/e-doc.univ-avignon.fr\/affaires-juridiques\/wp-content\/uploads\/sites\/11\/2023\/06\/Arrete-n\u00b02023-20-DAGAP-du-1er-juin-2023.pdf\">Arr\u00eat\u00e9 n\u00b0 2023-20-DAGAP du 1er juin 2023<\/a> portant organisation des \u00e9lections partielles pour le remplacement de repr\u00e9sentants des personnels de la Biblioth\u00e8que Universitaire au Conseil Documentaire de la Biblioth\u00e8que Universitaire.<\/li>\n\n\n\n<li><a href=\"https:\/\/e-doc.univ-avignon.fr\/affaires-juridiques\/wp-content\/uploads\/sites\/11\/2023\/06\/Arrete-n\u00b02023-21-DAGAP-du-14-juin-2023.pdf\">Arr\u00eat\u00e9 n\u00b02023-21-DAGAP du 14 juin 2023<\/a> portant d\u00e9l\u00e9gation de signature pour certains actes concernant les refus d\u2019inscription en master.<\/li>\n\n\n\n<li><a href=\"https:\/\/e-doc.univ-avignon.fr\/affaires-juridiques\/wp-content\/uploads\/sites\/11\/2023\/06\/Arrete-n\u00b0-2023-22-DAGAP-du-28-juin-2023.pdf\">Arr\u00eat\u00e9 n\u00b02023-22-DAGAP du 28 juin 2023<\/a> portant r\u00e9sultats de l\u2019\u00e9lection du doyen de l\u2019UFR Arts, Lettres et Langues (ALL).<\/li>\n\n\n\n<li><a href=\"https:\/\/e-doc.univ-avignon.fr\/affaires-juridiques\/wp-content\/uploads\/sites\/11\/2023\/06\/Arrete-n\u00b0-2023-23-DAGAP-du-29-juin-2023.pdf\">Arr\u00eat\u00e9 n\u00b02023-23-DAGAP du 29 juin 2023 <\/a>portant proclamation des r\u00e9sultats de l\u2019\u00e9lection pour le renouvellement des repr\u00e9sentants des doctorants au conseil de l\u2019\u00c9cole Doctorale 537 (ED 537).<\/li>\n\n\n\n<li><a href=\"https:\/\/e-doc.univ-avignon.fr\/affaires-juridiques\/wp-content\/uploads\/sites\/11\/2023\/07\/Arrete-n\u00b02023-24-DAGAP-du-3-juillet-2023.pdf\">Arr\u00eat\u00e9 n\u00b02023-24-DAGAP du 3 juillet 2023<\/a> portant proclamation des r\u00e9sultats des \u00e9lections partielles pour le remplacement de repr\u00e9sentants des personnels de la Biblioth\u00e8que Universitaire au Conseil Documentaire &#8211; scrutins du 29 juin 2023.<\/li>\n\n\n\n<li><a href=\"https:\/\/e-doc.univ-avignon.fr\/affaires-juridiques\/wp-content\/uploads\/sites\/11\/2023\/07\/Arrete-n\u00b02023-25-DAGAP-du-18juillet2023.pdf\">Arr\u00eat\u00e9 n\u00b02023-25-DAGAP du 18 juillet 2023<\/a> modifiant la d\u00e9l\u00e9gation de signature pour les affaires concernant l\u2019UMR 8562 CNE.<\/li>\n\n\n\n<li><a href=\"https:\/\/e-doc.univ-avignon.fr\/affaires-juridiques\/wp-content\/uploads\/sites\/11\/2023\/09\/Arrete-n\u00b02023-26-DAGAP-du-31aout-2023.pdf\">Arr\u00eat\u00e9 n\u00b02023-26-DAGAP du 31 ao\u00fbt 2023<\/a> modifiant l\u2019arr\u00eat\u00e9 n\u00b0 2022-01-DAGAP du 3 janvier 2022 portant d\u00e9l\u00e9gations de signature pour les affaires concernant les ERIT de l\u2019UPRI.<\/li>\n\n\n\n<li><a href=\"https:\/\/e-doc.univ-avignon.fr\/affaires-juridiques\/wp-content\/uploads\/sites\/11\/2023\/09\/Arrete-n\u00b02023-27-DAGAP-du-31aout2023.pdf\">Arr\u00eat\u00e9 n\u00b02023-27-DAGAP du 31 ao\u00fbt 2023<\/a> modifiant la d\u00e9l\u00e9gation de signature pr\u00e9vue par l\u2019arr\u00eat\u00e9 n\u00b0 2022-31-DAGAP du 28 novembre 2022 pour les affaires concernant l\u2019UFR ALL.<\/li>\n\n\n\n<li><a href=\"https:\/\/e-doc.univ-avignon.fr\/affaires-juridiques\/wp-content\/uploads\/sites\/11\/2023\/09\/Arrete-n\u00b02023-28-DAGAP-du-19sept.2023.pdf\">Arr\u00eat\u00e9 n\u00b02023-28-DAGAP du 19 septembre 2023<\/a> relatif \u00e0 l\u2019organisation des \u00e9lections pour le renouvellement des repr\u00e9sentants des personnels (enseignants et BIATSS) au CA, \u00e0 la CFVU et \u00e0 la CR du CAC &#8211; <a href=\"https:\/\/e-doc.univ-avignon.fr\/affaires-juridiques\/wp-content\/uploads\/sites\/11\/2023\/10\/Membres-des-BVE-delegues-de-liste-candidats.pdf\">Annexe \u00ab&nbsp;Membres des BVE \u2013 D\u00e9l\u00e9gu\u00e9s de liste et candidats&nbsp;\u00bb.<\/a><\/li>\n\n\n\n<li><a href=\"https:\/\/e-doc.univ-avignon.fr\/affaires-juridiques\/wp-content\/uploads\/sites\/11\/2023\/09\/Arrete-n\u00b02023-29-DAGAP-du-19sept.2023.pdf\">Arr\u00eat\u00e9 n\u00b02023-29-DAGAP du 19 septembre 2023<\/a> relatif \u00e0 l\u2019organisation des \u00e9lections pour le renouvellement des repr\u00e9sentants des usagers au CA, \u00e0 la CFVU et \u00e0 la CR du CAC &#8211;<a href=\"https:\/\/e-doc.univ-avignon.fr\/affaires-juridiques\/wp-content\/uploads\/sites\/11\/2023\/10\/Membres-des-BVE-delegues-de-liste.pdf\"> Annexe \u00ab&nbsp;Membres des BVE \u2013 D\u00e9l\u00e9gu\u00e9s de liste&nbsp;\u00bb<\/a>.<\/li>\n\n\n\n<li><a href=\"https:\/\/e-doc.univ-avignon.fr\/affaires-juridiques\/wp-content\/uploads\/sites\/11\/2023\/09\/Arrete-n\u00b02023-30-DAGAP-du-19sept.2023.pdf\">Arr\u00eat\u00e9 n\u00b02023-30-DAGAP du 19 septembre 2023<\/a> relatif \u00e0 l\u2019organisation d\u2019une \u00e9lection par voie \u00e9lectronique pour le renouvellement des repr\u00e9sentants des usagers au conseil d\u2019UFR Droit, \u00c9conomie, Gestion (DEG) &#8211; <a href=\"https:\/\/e-doc.univ-avignon.fr\/affaires-juridiques\/wp-content\/uploads\/sites\/11\/2023\/10\/Membre-BVE-delegue-de-liste.pdf\">Annexe \u00ab\u00a0Membre du BVE &#8211; d\u00e9l\u00e9gu\u00e9 de liste\u00a0\u00bb<\/a><\/li>\n\n\n\n<li><a href=\"https:\/\/e-doc.univ-avignon.fr\/affaires-juridiques\/wp-content\/uploads\/sites\/11\/2023\/09\/Arrete-n\u00b02023-31-DAGAP-du-19sept.2023.pdf\">Arr\u00eat\u00e9 n\u00b02023-31-DAGAP du 19 septembre 2023<\/a> portant organisation d\u2019une \u00e9lection partielle pour le remplacement d\u2019un repr\u00e9sentant des personnels du coll\u00e8ge A au conseil d\u2019UFR DEG.<\/li>\n\n\n\n<li><a href=\"https:\/\/e-doc.univ-avignon.fr\/affaires-juridiques\/wp-content\/uploads\/sites\/11\/2023\/10\/Arrete-n\u00b02023-32-DAGAP-du-3oct.2023.pdf\">Arr\u00eat\u00e9 n\u00b02023-32-DAGAP du 3 octobre 2023<\/a> modifiant la d\u00e9l\u00e9gation de signature pour les affaires concernant l&rsquo;UMR 408 SQPOV et l\u2019UPR 4128 LIA.<\/li>\n\n\n\n<li><a href=\"https:\/\/e-doc.univ-avignon.fr\/affaires-juridiques\/wp-content\/uploads\/sites\/11\/2023\/10\/Arrete-n\u00b02023-33-DAGAP-portant-modification-de-la-composition-du-CEC.pdf\">Arr\u00eat\u00e9 n\u00b02023-33-DAGAP du 4 octobre 2023<\/a> modifiant la composition du comit\u00e9 \u00e9lectoral consultatif<\/li>\n\n\n\n<li><a href=\"https:\/\/e-doc.univ-avignon.fr\/affaires-juridiques\/wp-content\/uploads\/sites\/11\/2023\/10\/Arrete-n\u00b02023-34-DAGAP-du-10oct.2023.pdf\">Arr\u00eat\u00e9 n\u00b02023-34-DAGAP du 10 octobre 2023<\/a> portant composition du bureau de vote scrutin du 17 octobre 2023 \u00e9lection partielle pour le remplacement d\u2019un repr\u00e9sentant des personnels du coll\u00e8ge A au conseil d\u2019UFR DEG.<\/li>\n\n\n\n<li><a href=\"https:\/\/e-doc.univ-avignon.fr\/affaires-juridiques\/wp-content\/uploads\/sites\/11\/2023\/10\/Arrete-n\u00b02023-35-DAGAP-du-17oct.2023.pdf\">Arr\u00eat\u00e9 n\u00b02023-35-DAGAP du 17 octobre 2023<\/a> portant proclamation des r\u00e9sultats de l\u2019\u00e9lection partielle pour le remplacement d\u2019un repr\u00e9sentant des personnels du coll\u00e8ge A au Conseil d&rsquo;UFR DEG.<\/li>\n\n\n\n<li><a href=\"https:\/\/e-doc.univ-avignon.fr\/affaires-juridiques\/wp-content\/uploads\/sites\/11\/2023\/11\/Arrete-n\u00b02023-37-DAGAP-du-9nov.2023.pdf\">Arr\u00eat\u00e9 n\u00b02023-37-DAGAP du 9 novembre 2023<\/a> portant proclamation des r\u00e9sultats des scrutins des 7 et 8 novembre 2023.<\/li>\n\n\n\n<li><a href=\"https:\/\/e-doc.univ-avignon.fr\/affaires-juridiques\/wp-content\/uploads\/sites\/11\/2023\/12\/Arrete-n\u00b02023-38-DAGAP-du-5dec.2023.pdf\">ARR\u00caT\u00c9 n\u00b0 2023-38-DAGAP du 5 d\u00e9cembre 2023<\/a> portant d\u00e9l\u00e9gation de signature au Directeur G\u00e9n\u00e9ral des Services (DGS).<\/li>\n\n\n\n<li><a href=\"https:\/\/e-doc.univ-avignon.fr\/affaires-juridiques\/wp-content\/uploads\/sites\/11\/2023\/12\/Arrete-n\u00b02023-39-DAGAP-du-5dec.2023.pdf\">ARR\u00caT\u00c9 n\u00b0 2023-39-DAGAP du 5 d\u00e9cembre 2023<\/a> portant d\u00e9l\u00e9gations de signature pour les affaires concernant les services communs.<\/li>\n\n\n\n<li><a href=\"https:\/\/e-doc.univ-avignon.fr\/affaires-juridiques\/wp-content\/uploads\/sites\/11\/2023\/12\/Arrete-n\u00b02023-40-DAGAP-du-5dec.2023.pdf\">ARR\u00caT\u00c9 n\u00b0 2023-40-DAGAP du 5 d\u00e9cembre 2023<\/a> portant d\u00e9l\u00e9gation de signature \u00e0 la directrice de la Maison de l\u2019International.<\/li>\n\n\n\n<li><a href=\"https:\/\/e-doc.univ-avignon.fr\/affaires-juridiques\/wp-content\/uploads\/sites\/11\/2023\/12\/Arrete-n\u00b02023-41-DAGAP-du-5dec.2023-1.pdf\">ARR\u00caT\u00c9 n\u00b0 2023-41-DAGAP du 5 d\u00e9cembre 2023<\/a> portant d\u00e9l\u00e9gations de signature pour les affaires concernant les Unit\u00e9s de Formation et de Recherche (UFR).<\/li>\n\n\n\n<li><a href=\"https:\/\/e-doc.univ-avignon.fr\/affaires-juridiques\/wp-content\/uploads\/sites\/11\/2023\/12\/Arrete-n\u00b02023-42-DAGAP-du-5dec.2023.pdf\">ARR\u00caT\u00c9 n\u00b0 2023-42-DAGAP du 5 d\u00e9cembre 2023<\/a> portant d\u00e9l\u00e9gation de signature pour les affaires concernant l\u2019Institut Universitaire de Technologie (IUT).<\/li>\n\n\n\n<li><a href=\"https:\/\/e-doc.univ-avignon.fr\/affaires-juridiques\/wp-content\/uploads\/sites\/11\/2023\/12\/Arrete-n\u00b02023-43-DAGAP-du-5dec.2023-1.pdf\">ARR\u00caT\u00c9 n\u00b0 2023-43-DAGAP du 5 d\u00e9cembre 2023<\/a> portant d\u00e9l\u00e9gation de pouvoir au Directeur G\u00e9n\u00e9ral des Services pour le maintien de l\u2019ordre.<\/li>\n\n\n\n<li><a href=\"https:\/\/e-doc.univ-avignon.fr\/affaires-juridiques\/wp-content\/uploads\/sites\/11\/2023\/12\/Arrete-n\u00b02023-44-DAGAP-du-6dec.2023.pdf\">ARR\u00caT\u00c9 n\u00b0 2023-44-DAGAP du 6 d\u00e9cembre 2023<\/a> portant d\u00e9l\u00e9gation de signature au Vice-Pr\u00e9sident du Conseil d\u2019Administration.<\/li>\n\n\n\n<li><a href=\"https:\/\/e-doc.univ-avignon.fr\/affaires-juridiques\/wp-content\/uploads\/sites\/11\/2023\/12\/Arrete-n\u00b02023-45-DAGAP-du-6dec.2023.pdf\">ARR\u00caT\u00c9 n\u00b0 2023-45-DAGAP du 6 d\u00e9cembre 2023<\/a> portant d\u00e9l\u00e9gation de signature \u00e0 la Vice-Pr\u00e9sidente de la Commission de la Recherche du Conseil Acad\u00e9mique.<\/li>\n\n\n\n<li><a href=\"https:\/\/e-doc.univ-avignon.fr\/affaires-juridiques\/wp-content\/uploads\/sites\/11\/2023\/12\/Arrete-n\u00b02023-46-DAGAP-du-6dec.2023.pdf\">ARR\u00caT\u00c9 n\u00b0 2023-46-DAGAP du 6 d\u00e9cembre 2023 <\/a>portant d\u00e9l\u00e9gations de signature pour les affaires concernant le CRB \u00abRecherche\u00bb et pour les ordres de mission au sein des unit\u00e9s de recherche.<\/li>\n\n\n\n<li><a href=\"https:\/\/e-doc.univ-avignon.fr\/affaires-juridiques\/wp-content\/uploads\/sites\/11\/2023\/12\/Arrete-n\u00b02023-47-DAGAP-du-11dec.2023.pdf\">ARR\u00caT\u00c9 n\u00b0 2023-47-DAGAP du 11 d\u00e9cembre 2023<\/a> portant d\u00e9l\u00e9gations de signature pour les affaires concernant l\u2019Unit\u00e9 Propre de Recherche et d\u2019Innovation (UPRI).<\/li>\n\n\n\n<li><a href=\"https:\/\/e-doc.univ-avignon.fr\/affaires-juridiques\/wp-content\/uploads\/sites\/11\/2023\/12\/Arrete-n\u00b02023-48-DAGAP-du-18dec.2023.pdf\">ARR\u00caT\u00c9 n\u00b0 2023-48-DAGAP du 18 d\u00e9cembre 2023<\/a> portant pr\u00e9cision sur le p\u00e9rim\u00e8tre de la d\u00e9l\u00e9gation de signature donn\u00e9e \u00e0 la DRH adjointe en cas d\u2019absence ou d\u2019emp\u00eachement du DGS.<\/li>\n\n\n\n<li><a href=\"https:\/\/e-doc.univ-avignon.fr\/affaires-juridiques\/wp-content\/uploads\/sites\/11\/2023\/12\/Arrete-n\u00b02023-49-DAGAP-du-18dec.2023.pdf\">ARR\u00caT\u00c9 n\u00b0 2023-49-DAGAP du 18 d\u00e9cembre 2023<\/a> modifiant l\u2019arr\u00eat\u00e9 portant d\u00e9l\u00e9gation de signature pour les affaires concernant l\u2019Institut Universitaire de Technologie (IUT).<\/li>\n\n\n\n<li><a href=\"https:\/\/e-doc.univ-avignon.fr\/affaires-juridiques\/wp-content\/uploads\/sites\/11\/2023\/12\/Arrete-n\u00b02023-50-DAGAP-du-18dec.2023.pdf\">ARR\u00caT\u00c9 n\u00b0 2023-50-DAGAP du 18 d\u00e9cembre 2023<\/a> portant d\u00e9l\u00e9gation de signature pour certains actes concernant les refus d\u2019inscription en master<\/li>\n\n\n\n<li><a href=\"https:\/\/e-doc.univ-avignon.fr\/affaires-juridiques\/wp-content\/uploads\/sites\/11\/2023\/12\/Arrete-n\u00b02023-51-DAGAP-du-18dec.2023.pdf\">ARR\u00caT\u00c9 n\u00b0 2023-51-DAGAP du 18 d\u00e9cembre 2023<\/a> portant d\u00e9l\u00e9gation de signature au Directeur G\u00e9n\u00e9ral des Services (DGS).<\/li>\n<\/ul>\n\n\n\n<p><\/p>\n","protected":false},"excerpt":{"rendered":"","protected":false},"author":276,"featured_media":0,"parent":0,"menu_order":0,"comment_status":"closed","ping_status":"closed","template":"","meta":{"footnotes":""},"class_list":["post-6038","page","type-page","status-publish","hentry"],"_links":{"self":[{"href":"https:\/\/e-doc.univ-avignon.fr\/affaires-juridiques\/wp-json\/wp\/v2\/pages\/6038","targetHints":{"allow":["GET"]}}],"collection":[{"href":"https:\/\/e-doc.univ-avignon.fr\/affaires-juridiques\/wp-json\/wp\/v2\/pages"}],"about":[{"href":"https:\/\/e-doc.univ-avignon.fr\/affaires-juridiques\/wp-json\/wp\/v2\/types\/page"}],"author":[{"embeddable":true,"href":"https:\/\/e-doc.univ-avignon.fr\/affaires-juridiques\/wp-json\/wp\/v2\/users\/276"}],"replies":[{"embeddable":true,"href":"https:\/\/e-doc.univ-avignon.fr\/affaires-juridiques\/wp-json\/wp\/v2\/comments?post=6038"}],"version-history":[{"count":53,"href":"https:\/\/e-doc.univ-avignon.fr\/affaires-juridiques\/wp-json\/wp\/v2\/pages\/6038\/revisions"}],"predecessor-version":[{"id":6611,"href":"https:\/\/e-doc.univ-avignon.fr\/affaires-juridiques\/wp-json\/wp\/v2\/pages\/6038\/revisions\/6611"}],"wp:attachment":[{"href":"https:\/\/e-doc.univ-avignon.fr\/affaires-juridiques\/wp-json\/wp\/v2\/media?parent=6038"}],"curies":[{"name":"wp","href":"https:\/\/api.w.org\/{rel}","templated":true}]}}