{"id":6615,"date":"2024-01-08T09:51:42","date_gmt":"2024-01-08T08:51:42","guid":{"rendered":"https:\/\/e-doc.univ-avignon.fr\/affaires-juridiques\/?page_id=6615"},"modified":"2025-01-06T09:29:36","modified_gmt":"2025-01-06T08:29:36","slug":"arretes-du-president-2024-dagap","status":"publish","type":"page","link":"https:\/\/e-doc.univ-avignon.fr\/affaires-juridiques\/arretes-du-president-2024-dagap\/","title":{"rendered":"Arr\u00eat\u00e9s du pr\u00e9sident 2024 DAGAP-DAJI"},"content":{"rendered":"\n<ul class=\"wp-block-list\">\n<li><a href=\"https:\/\/e-doc.univ-avignon.fr\/affaires-juridiques\/wp-content\/uploads\/sites\/11\/2024\/01\/Arrete-n\u00b02024-01-DAGAP-du-8janv.2024.pdf\">ARR\u00caT\u00c9 n\u00b0 2024-01-DAGAP du 8 janvier 2024<\/a> modifiant l&rsquo;arr\u00eat\u00e9 portant d\u00e9l\u00e9gation de signature au Directeur G\u00e9n\u00e9ral des Services (DGS).<\/li>\n\n\n\n<li><a href=\"https:\/\/e-doc.univ-avignon.fr\/affaires-juridiques\/wp-content\/uploads\/sites\/11\/2024\/10\/Arrete-n\u00b02024-02-DAGAP-portant-composition-du-CEC.pdf\">ARR\u00caT\u00c9 n\u00b02024-02-DAGAP du 16 janvier 2024<\/a> portant composition du CEC<\/li>\n\n\n\n<li><a href=\"https:\/\/e-doc.univ-avignon.fr\/affaires-juridiques\/wp-content\/uploads\/sites\/11\/2024\/01\/Arrete-n\u00b02024-03-DAGAP-du-25-janv.-2024.pdf\">ARR\u00caT\u00c9 n\u00b0 2024-03-DAGAP du 25 janvier 2024<\/a> relatif \u00e0 l\u2019organisation des \u00e9lections des repr\u00e9sentants des personnels et des usagers aux conseils des composantes par voie \u00e9lectronique.<\/li>\n\n\n\n<li><a href=\"https:\/\/e-doc.univ-avignon.fr\/affaires-juridiques\/wp-content\/uploads\/sites\/11\/2024\/02\/Arrete-DAGAP-n\u00b02024-04-Election-VPE-CAC-25.01.2024.pdf\" data-type=\"link\" data-id=\"https:\/\/e-doc.univ-avignon.fr\/affaires-juridiques\/wp-content\/uploads\/sites\/11\/2024\/02\/Arrete-DAGAP-n\u00b02024-04-Election-VPE-CAC-25.01.2024.pdf\">ARR\u00caT\u00c9 n\u00b0 2024-04-DAGAP du 26 janvier 2024<\/a> portant nomination de la Vice-pr\u00e9sidente \u00e9tudiante<\/li>\n\n\n\n<li><a href=\"https:\/\/e-doc.univ-avignon.fr\/affaires-juridiques\/wp-content\/uploads\/sites\/11\/2024\/02\/Arrete-n\u00b02024-05-DAGAP-du-31-janv.2024.pdf\">ARR\u00caT\u00c9 n\u00b0 2024-05-DAGAP du 31 janvier 2024<\/a> modifiant la d\u00e9l\u00e9gation de signature pour les affaires concernant l\u2019UMR 95 QUALISUD.<\/li>\n\n\n\n<li><a href=\"https:\/\/e-doc.univ-avignon.fr\/affaires-juridiques\/wp-content\/uploads\/sites\/11\/2024\/02\/Arrete-n\u00b02024-06-DAGAP-du-19fev.2024.pdf\">ARR\u00caT\u00c9 n\u00b0 2024-06-DAGAP du 19 f\u00e9vrier 2024<\/a> relatif \u00e0 l\u2019organisation de l\u2019\u00e9lection du directeur du Centre d\u2019Enseignement et de Recherche en Informatique (CERI).<\/li>\n\n\n\n<li><a href=\"https:\/\/e-doc.univ-avignon.fr\/affaires-juridiques\/wp-content\/uploads\/sites\/11\/2024\/03\/Arrete-n\u00b02024-07-DAGAP-du-11mars2024.pdf\">ARR\u00caT\u00c9 n\u00b0 2024-07-DAGAP du 11 mars 2024<\/a> modifiant la d\u00e9l\u00e9gation de signature pour les affaires concernant l\u2019UMR 7300 ESPACE.<\/li>\n\n\n\n<li><a href=\"https:\/\/e-doc.univ-avignon.fr\/affaires-juridiques\/wp-content\/uploads\/sites\/11\/2024\/03\/Arrete-n\u00b02024-08-DAGAP-du-11mars2024.pdf\">ARR\u00caT\u00c9 n\u00b0 2024-08-DAGAP du 11 mars 2024<\/a> portant d\u00e9l\u00e9gation de signature au VP CFVU.<\/li>\n\n\n\n<li><a href=\"https:\/\/e-doc.univ-avignon.fr\/affaires-juridiques\/wp-content\/uploads\/sites\/11\/2024\/03\/Arrete-n\u00b02024-09-DAGAP-du-11mars2024.pdf\">ARR\u00caT\u00c9 n\u00b0 2024-09-DAGAP du 11 mars 2024 <\/a>portant d\u00e9l\u00e9gation de signature au DGS.<\/li>\n\n\n\n<li><a href=\"https:\/\/e-doc.univ-avignon.fr\/affaires-juridiques\/wp-content\/uploads\/sites\/11\/2024\/03\/Arrete-n\u00b02024-10-DAGAP-du-13-mars-2024.pdf\">ARR\u00caT\u00c9 n\u00b0 2024-10-DAGAP du 13 mars 2024<\/a> portant proclamation des r\u00e9sultats des \u00e9lections des repr\u00e9sentants des personnels et des usagers aux conseils des composantes scrutins des 12 et 13 mars 2024.<\/li>\n\n\n\n<li><a href=\"https:\/\/e-doc.univ-avignon.fr\/affaires-juridiques\/wp-content\/uploads\/sites\/11\/2024\/04\/Arrete-n\u00b02024-11-DAGAP-du-28mars.2024.pdf\">ARR\u00caT\u00c9 n\u00b02024-11-DAGAP du 28 mars 2024 <\/a>portant r\u00e9sultats de l\u2019\u00e9lection du directeur du Centre d\u2019Enseignement et de Recherche en Informatique (CERI).<\/li>\n\n\n\n<li><a href=\"https:\/\/e-doc.univ-avignon.fr\/affaires-juridiques\/wp-content\/uploads\/sites\/11\/2024\/04\/Arrete-n\u00b02024-12-DAGAP-du-5-avril-2024.pdf\">ARR\u00caT\u00c9 n\u00b0 2024-12-DAGAP du 5 avril 2024<\/a> portant d\u00e9l\u00e9gations de signature pour les affaires concernant les composantes (Instituts et CERI).<\/li>\n\n\n\n<li><a href=\"https:\/\/e-doc.univ-avignon.fr\/affaires-juridiques\/wp-content\/uploads\/sites\/11\/2024\/06\/Arrete-n\u00b02024-13-DAGAP-du-10juin2024.pdf\">ARR\u00caT\u00c9 n\u00b0 2024-13-DAGAP du 10 juin 2024<\/a> portant d\u00e9l\u00e9gations de signature pour les affaires concernant les services communs.<\/li>\n\n\n\n<li><a href=\"https:\/\/e-doc.univ-avignon.fr\/affaires-juridiques\/wp-content\/uploads\/sites\/11\/2024\/09\/Arrete-n\u00b02024-14-DAJI-du-10sept.2024.pdf\">ARR\u00caT\u00c9 n\u00b02024-14-DAJI du 10 septembre 2024<\/a> portant organisation de l\u2019\u00e9lection du directeur de l\u2019Institut Universitaire de Technologie.<\/li>\n\n\n\n<li><a href=\"https:\/\/e-doc.univ-avignon.fr\/affaires-juridiques\/wp-content\/uploads\/sites\/11\/2024\/09\/Arrete-n\u00b02024-15-DAJI-du-10sept.2024.pdf\">ARR\u00caT\u00c9 n\u00b0 2024-15-DAJI du 10 septembre 2024<\/a> portant organisation des \u00e9lections partielles aux conseils centraux.<\/li>\n\n\n\n<li><a href=\"https:\/\/e-doc.univ-avignon.fr\/affaires-juridiques\/wp-content\/uploads\/sites\/11\/2024\/09\/Arrete-n\u00b02024-16-DAJI-du-10sept.2024.pdf\">ARR\u00caT\u00c9 n\u00b0 2024-16-DAJI du 10 septembre 2024<\/a> relatif \u00e0 l\u2019organisation des \u00e9lections pour le renouvellement des repr\u00e9sentants des usagers des 4 d\u00e9partements (GB \u2013 PEC- SD et TC) au conseil de l\u2019IUT.<\/li>\n\n\n\n<li><a href=\"https:\/\/e-doc.univ-avignon.fr\/affaires-juridiques\/wp-content\/uploads\/sites\/11\/2024\/09\/Arrete-n\u00b02024-17-DAGAP-du-23sept.2024.pdf\">ARR\u00caT\u00c9 n\u00b0 2024-17-DAJI du 23 septembre 2024<\/a> modifiant la d\u00e9l\u00e9gation de signature pour les affaires concernant l\u2019UPR 4277 ICTT.<\/li>\n\n\n\n<li><a href=\"https:\/\/e-doc.univ-avignon.fr\/affaires-juridiques\/wp-content\/uploads\/sites\/11\/2024\/09\/Arrete-n\u00b02024-18-DAJI-du-24sept.2024-modif-AgES-deleg-signat_Dir_composantes.pdf\">ARR\u00caT\u00c9 n\u00b02024-18-DAJI du 24 septembre 2024 <\/a> modifiant l&rsquo;arr\u00eat\u00e9 n\u00b02024-12-DAGAP du 5 avril 2024 portant d\u00e9l\u00e9gations de signature pour les affaires concernant les composantes (instituts et CERI).<\/li>\n\n\n\n<li><a href=\"https:\/\/e-doc.univ-avignon.fr\/affaires-juridiques\/wp-content\/uploads\/sites\/11\/2024\/10\/Arrete-n\u00b02024-19-DAGAP-portant-modification-de-la-composition-du-CEC.pdf\">ARR\u00caT\u00c9 n\u00b02024-19-DAGAP du 30 septembre 2024<\/a> modifiant la composition du CEC.<\/li>\n\n\n\n<li><a href=\"https:\/\/e-doc.univ-avignon.fr\/affaires-juridiques\/wp-content\/uploads\/sites\/11\/2024\/10\/Arrete-n\u00b02024-20-DAJI-du-3-oct.-2024-modif.-deleg-signature-UPRI-ERIT.pdf\">ARR\u00caT\u00c9 n\u00b02024-20-DAJI du 3 octobre 2024<\/a> modifiant l&rsquo;arr\u00eat\u00e9 n\u00b02024-47-DAGAP du 11 d\u00e9cembre 2023 portant d\u00e9l\u00e9gations de signature pour les affaires concernant l&rsquo;UPRI-ERIT.<\/li>\n\n\n\n<li><a href=\"https:\/\/e-doc.univ-avignon.fr\/affaires-juridiques\/wp-content\/uploads\/sites\/11\/2024\/10\/Arrete-n\u00b02024-21-DAJI-du-9-octobre2024.pdf\">ARR\u00caT\u00c9 n\u00b02024-21-DAJI du 9 octobre 2024<\/a> mettant fin au processus \u00e9lectoral relatif \u00e0 l&rsquo;\u00e9lection partielle au conseil d&rsquo;administration (CA).<\/li>\n\n\n\n<li><a href=\"https:\/\/e-doc.univ-avignon.fr\/affaires-juridiques\/wp-content\/uploads\/sites\/11\/2024\/10\/Arrete-n\u00b02024-22-DAJI-du-18-octobre2024.pdf\">ARR\u00caT\u00c9 n\u00b02024-22-DAJI du 18 octobre 2024<\/a> portant proclamation des r\u00e9sultats des \u00e9lections partielles aux conseils centraux.<\/li>\n\n\n\n<li><a href=\"https:\/\/e-doc.univ-avignon.fr\/affaires-juridiques\/wp-content\/uploads\/sites\/11\/2024\/10\/Arrete-n\u00b02024-23-DAJI-du-23-oct.-2024.pdf\">ARR\u00caT\u00c9 n\u00b02024-23-DAJI du 23 octobre 2024<\/a> portant organisation d&rsquo;une \u00e9lection partielle pour le remplacement d&rsquo;un repr\u00e9sentant des personnels du coll\u00e8ge A de l&rsquo;Institut CPSN<\/li>\n\n\n\n<li><a href=\"https:\/\/e-doc.univ-avignon.fr\/affaires-juridiques\/wp-content\/uploads\/sites\/11\/2024\/11\/Arrete-n\u00b02024-24-DAJI-du-4nov.2024.pdf\">ARR\u00caT\u00c9 n\u00b02024-24-DAJI du 4 novembre 2024<\/a> modifiant les arr\u00eat\u00e9s portant d\u00e9l\u00e9gations de signature<\/li>\n\n\n\n<li><a href=\"https:\/\/e-doc.univ-avignon.fr\/affaires-juridiques\/wp-content\/uploads\/sites\/11\/2024\/11\/Arrete-n\u00b02024-25-DAJI-du-12nov.2024-Partielle-CA-B-10dec.2024_signe.pdf\">ARR\u00caT\u00c9 n\u00b02024-25-DAJI du 12 novembre 2024<\/a> portant organisation d&rsquo;une \u00e9lection partielle au Conseil d&rsquo;Administration (CA)<\/li>\n\n\n\n<li><a href=\"https:\/\/e-doc.univ-avignon.fr\/affaires-juridiques\/wp-content\/uploads\/sites\/11\/2024\/11\/Arrete-n\u00b02024-26-DAJI-du-12nov.2024-CR-Usagers-scrutin-10dec.224_signe.pdf\">ARR\u00caT\u00c9 n\u00b02024-26-DAJI du 12 novembre 2024<\/a> portant organisation d&rsquo;une \u00e9lection partielle au sein de la Commission de la Recherche (CR) du Conseil Acad\u00e9mique (CAC)<\/li>\n\n\n\n<li><a href=\"https:\/\/e-doc.univ-avignon.fr\/affaires-juridiques\/wp-content\/uploads\/sites\/11\/2024\/11\/Arrete-n\u00b02024-27-DAJI-du-27-nov.-2024-Proclam.-Partielle-A-ICPSN-scrutin-26nov.2024_signe.pdf\">ARR\u00caT\u00c9 n\u00b02024-27-DAJI du 27 novembre 2024<\/a> portant proclamation des r\u00e9sultats de l&rsquo;\u00e9lection partielle pour le remplacement d&rsquo;un repr\u00e9sentant des personnels du coll\u00e8ge A du conseil de l&rsquo;Institut CPSN<\/li>\n\n\n\n<li><a href=\"https:\/\/e-doc.univ-avignon.fr\/affaires-juridiques\/wp-content\/uploads\/sites\/11\/2024\/11\/Arrete-n\u00b02024-28-DAJI-du-28nov2024-Proclamation-scrutins-26-et-27-nov.2024_signe.pdf\">ARR\u00caT\u00c9 n\u00b02024-28-DAJI du 28 novembre 2024<\/a> portant proclamation des r\u00e9sultats des \u00e9lections pour le renouvellement des repr\u00e9sentants des usagers au sein du conseil de l&rsquo;institut <\/li>\n\n\n\n<li><a href=\"https:\/\/e-doc.univ-avignon.fr\/affaires-juridiques\/wp-content\/uploads\/sites\/11\/2024\/11\/Arrete-n\u00b02024-29-DAJI-du-28nov2024-fin-processus-CR_signe.pdf\">ARR\u00caT\u00c9 n\u00b02024-29-DAJI du 28 novembre 2024<\/a> mettant fin au processus \u00e9lectoral relatif \u00e0 l&rsquo;\u00e9lection partielle \u00e0 la Commission de la Recherche (CR) du Conseil Acad\u00e9mique (CAC)<\/li>\n\n\n\n<li><a href=\"https:\/\/e-doc.univ-avignon.fr\/affaires-juridiques\/wp-content\/uploads\/sites\/11\/2024\/11\/Arrete-n\u00b02024-30-DAGAP-du-28nov.2024-deleg-signat-adm.provis.-IAgES_signe.pdf\">ARR\u00caT\u00c9 n\u00b02024-30-DAJI du 28 novembre 2024 <\/a>portant d\u00e9l\u00e9gation de signature \u00e0 l&rsquo;administrateur provisoire de l&rsquo;Institut AgES<\/li>\n\n\n\n<li><a href=\"https:\/\/e-doc.univ-avignon.fr\/affaires-juridiques\/wp-content\/uploads\/sites\/11\/2024\/12\/Arrete-n\u00b02024-31-DAJI-06dec.2024-Proclamation-result-2024.pdf\">ARR\u00caT\u00c9 n\u00b02024-31-DAJI du 6 d\u00e9cembre 2024<\/a> portant r\u00e9sultats de l&rsquo;\u00e9lection du directeur de l&rsquo;Institut Universitaire de Technologie (IUT)<\/li>\n\n\n\n<li><a href=\"https:\/\/e-doc.univ-avignon.fr\/affaires-juridiques\/wp-content\/uploads\/sites\/11\/2024\/12\/Arrete-n\u00b02024-32-DAJI-portant-modification-de-la-composition-du-CEC.pdf\">ARR\u00caT\u00c9 n\u00b02024-32-DAJI du 9 d\u00e9cembre 2024<\/a> modifiant la composition du Comit\u00e9 \u00c9lectoral Consultatif (CEC)<\/li>\n\n\n\n<li><a href=\"https:\/\/e-doc.univ-avignon.fr\/affaires-juridiques\/wp-content\/uploads\/sites\/11\/2024\/12\/Arrete-n\u00b02024-33-DAJI-du-10-dec.2024-Proclamation.pdf\">ARR\u00caT\u00c9 n\u00b02024-33-DAJI du 10 d\u00e9cembre 2024<\/a> proclamant les r\u00e9sultats de l&rsquo;\u00e9lection partielle au Conseil d&rsquo;Administration<\/li>\n\n\n\n<li><a href=\"https:\/\/e-doc.univ-avignon.fr\/affaires-juridiques\/wp-content\/uploads\/sites\/11\/2025\/01\/Arrete-n\u00b02024-34-DAJI-du-19dec.2024-CR-Usagers-S28janv.2025_signe.pdf\">ARR\u00caT\u00c9 n\u00b02024-34-DAJI du 19 d\u00e9cembre 2024<\/a> portant organisation d&rsquo;une \u00e9lection partielle au sein de la Commission de la Recherche (CR) du Conseil Acad\u00e9mique (CAC)<\/li>\n<\/ul>\n\n\n\n<p><\/p>\n","protected":false},"excerpt":{"rendered":"","protected":false},"author":276,"featured_media":0,"parent":0,"menu_order":0,"comment_status":"closed","ping_status":"closed","template":"","meta":{"footnotes":""},"class_list":["post-6615","page","type-page","status-publish","hentry"],"_links":{"self":[{"href":"https:\/\/e-doc.univ-avignon.fr\/affaires-juridiques\/wp-json\/wp\/v2\/pages\/6615","targetHints":{"allow":["GET"]}}],"collection":[{"href":"https:\/\/e-doc.univ-avignon.fr\/affaires-juridiques\/wp-json\/wp\/v2\/pages"}],"about":[{"href":"https:\/\/e-doc.univ-avignon.fr\/affaires-juridiques\/wp-json\/wp\/v2\/types\/page"}],"author":[{"embeddable":true,"href":"https:\/\/e-doc.univ-avignon.fr\/affaires-juridiques\/wp-json\/wp\/v2\/users\/276"}],"replies":[{"embeddable":true,"href":"https:\/\/e-doc.univ-avignon.fr\/affaires-juridiques\/wp-json\/wp\/v2\/comments?post=6615"}],"version-history":[{"count":34,"href":"https:\/\/e-doc.univ-avignon.fr\/affaires-juridiques\/wp-json\/wp\/v2\/pages\/6615\/revisions"}],"predecessor-version":[{"id":6980,"href":"https:\/\/e-doc.univ-avignon.fr\/affaires-juridiques\/wp-json\/wp\/v2\/pages\/6615\/revisions\/6980"}],"wp:attachment":[{"href":"https:\/\/e-doc.univ-avignon.fr\/affaires-juridiques\/wp-json\/wp\/v2\/media?parent=6615"}],"curies":[{"name":"wp","href":"https:\/\/api.w.org\/{rel}","templated":true}]}}