{"id":6981,"date":"2025-01-07T12:52:16","date_gmt":"2025-01-07T11:52:16","guid":{"rendered":"https:\/\/e-doc.univ-avignon.fr\/affaires-juridiques\/?page_id=6981"},"modified":"2026-01-26T08:01:57","modified_gmt":"2026-01-26T07:01:57","slug":"arretes-du-president-2025-daji","status":"publish","type":"page","link":"https:\/\/e-doc.univ-avignon.fr\/affaires-juridiques\/arretes-du-president-2025-daji\/","title":{"rendered":"Arr\u00eat\u00e9s du pr\u00e9sident 2025 DAJI"},"content":{"rendered":"\n<ul class=\"wp-block-list\">\n<li><a href=\"https:\/\/e-doc.univ-avignon.fr\/affaires-juridiques\/wp-content\/uploads\/sites\/11\/2025\/01\/Arrete-n\u00b0-2025-01-DAJI-6janv.2025-Dir_IUT-Mme-MAURAND-VALET.pdf\">ARR\u00caT\u00c9 n\u00b02025-01-DAJI du 6 janvier 2025<\/a> portant d\u00e9l\u00e9gation de signature pour les affaires concernant l&rsquo;IUT<\/li>\n\n\n\n<li><a href=\"https:\/\/e-doc.univ-avignon.fr\/affaires-juridiques\/wp-content\/uploads\/sites\/11\/2025\/01\/Arrete-n\u00b02025-02-DAJI-du-14-janv.2025-deleg-signat_Dir_composantes_signe-et-date.pdf\">ARR\u00caT\u00c9 n\u00b02025-02-DAJI du 14 janvier 2025<\/a> portant d\u00e9l\u00e9gations de signature pour les affaires concernant les composantes (Instituts et CERI)<\/li>\n\n\n\n<li><a href=\"https:\/\/e-doc.univ-avignon.fr\/affaires-juridiques\/wp-content\/uploads\/sites\/11\/2025\/01\/Arrete-n\u00b02025-03-DAJI-du-14-janv.2025-modif-deleg.CRB-recherche_signe-et-date.pdf\">ARR\u00caT\u00c9 n\u00b02025-03-DAJI du 14 janvier 2025<\/a> modifiant l&rsquo;arr\u00eat\u00e9 n\u00b02023-46-DAGAP du 6 d\u00e9cembre 2023<\/li>\n\n\n\n<li><a href=\"https:\/\/e-doc.univ-avignon.fr\/affaires-juridiques\/wp-content\/uploads\/sites\/11\/2025\/01\/Arrete-n\u00b02025-04-DAJI-du-14-janv.-2025-deleg-signature-DGS-S.-Bourdageau_signe-et-date.pdf\">ARR\u00caT\u00c9 n\u00b02025-04-DAJI du 14 janvier 2025<\/a> portant d\u00e9l\u00e9gations de signature au directeur g\u00e9n\u00e9ral des services<\/li>\n\n\n\n<li><a href=\"https:\/\/e-doc.univ-avignon.fr\/affaires-juridiques\/wp-content\/uploads\/sites\/11\/2025\/01\/Arrete-n\u00b02025-05-DAJI-du-14-janv.-2025-deleg-signat_Dir_Sces-Communs_signe-et-date.pdf\">ARR\u00caT\u00c9 n\u00b02025-05-DAJI du 14 janvier 2025<\/a> portant d\u00e9l\u00e9gations de signature pour les affaires concernant les services communs<\/li>\n\n\n\n<li><a href=\"https:\/\/e-doc.univ-avignon.fr\/affaires-juridiques\/wp-content\/uploads\/sites\/11\/2025\/01\/Arrete-n\u00b02025-06-DAJI-du-20janv.-2025-modif.deleg-signature-DGS_signe-et-date.pdf\">ARR\u00caT\u00c9 n\u00b02025-06-DAJI du 20 janvier 2025<\/a> modifiant l&rsquo;article 4 de l&rsquo;arr\u00eat\u00e9 du pr\u00e9sidant n\u00b02025-04-DAJI du 14 janvier 2025<\/li>\n\n\n\n<li><a href=\"https:\/\/e-doc.univ-avignon.fr\/affaires-juridiques\/wp-content\/uploads\/sites\/11\/2025\/01\/Arrete-n\u00b02025-07-DAJI-du-28janv.2025-CR-Usagers-S28janv.2025-proclam_signe-et-date.pdf\">ARR\u00caT\u00c9 n\u00b02025-07-DAJI du 28 janvier 2025<\/a> proclamant les r\u00e9sultats de l&rsquo;\u00e9lection partielle du coll\u00e8ge usagers de la Commission de la Recherche<\/li>\n\n\n\n<li><a href=\"https:\/\/e-doc.univ-avignon.fr\/affaires-juridiques\/wp-content\/uploads\/sites\/11\/2025\/02\/Arrete-n\u00b02025-08-DAJI-10fev.2025-CNESER-Grands-Electeurs-scrutin-13mars2025_signe-et-date.pdf\">ARR\u00caT\u00c9 n\u00b02025-08-DAJI du 10 f\u00e9vrier 2025<\/a> relatif \u00e0 la d\u00e9signation des grands \u00e9lecteurs pour l&rsquo;\u00e9lection des repr\u00e9sentants des \u00e9tudiants au CNESER<\/li>\n\n\n\n<li><a href=\"https:\/\/e-doc.univ-avignon.fr\/affaires-juridiques\/wp-content\/uploads\/sites\/11\/2025\/02\/Arrete-n\u00b02025-09-DAJI-du-27fev.2025-deleg-signature-affaires-financieres_signe-et-date.pdf\">ARR\u00caT\u00c9 n\u00b02025-09-DAJI du 27 f\u00e9vrier 2025<\/a> portant d\u00e9l\u00e9gations de signature concernant les affaires financi\u00e8res<\/li>\n\n\n\n<li><a href=\"https:\/\/e-doc.univ-avignon.fr\/affaires-juridiques\/wp-content\/uploads\/sites\/11\/2025\/03\/Arrete-n\u00b02025-10-DAJI-13mars2025Proclam-result-CNESER_signe-et-date.pdf\">ARR\u00caT\u00c9 n\u00b02025-10-DAJI du 13 mars 2025<\/a> portant proclamation des r\u00e9sultats relatif \u00e0 la d\u00e9signation des grands \u00e9lecteurs pour l&rsquo;\u00e9lection des repr\u00e9sentants des \u00e9tudiants au CNESER<\/li>\n\n\n\n<li><a href=\"https:\/\/e-doc.univ-avignon.fr\/affaires-juridiques\/wp-content\/uploads\/sites\/11\/2025\/03\/Arrete-n\u00b02025-11-DAJI-du-18mars2025_DS-Dir-AgES_signe-et-date.pdf\">ARR\u00caT\u00c9 n\u00b02025-11-DAJI du 18 mars 2025<\/a> portant d\u00e9l\u00e9gation de signature pour les affaires concernant l&rsquo;institut AgES<\/li>\n\n\n\n<li><a href=\"https:\/\/e-doc.univ-avignon.fr\/affaires-juridiques\/wp-content\/uploads\/sites\/11\/2025\/03\/Arrete-n\u00b02025-12-DAJI-du-18mars2025_DS-Dir-ICPSN_signe-et-date.pdf\">ARR\u00caT\u00c9 n\u00b02025-12-DAJI du 18 mars 2025<\/a> portant d\u00e9l\u00e9gation de signature pour les affaires concernant l&rsquo;institut CPSN<\/li>\n\n\n\n<li><a href=\"https:\/\/e-doc.univ-avignon.fr\/affaires-juridiques\/wp-content\/uploads\/sites\/11\/2025\/03\/Arrete-n\u00b02025-13-DAJI-du-18mars2025_DS-Dir-CERI_signe-et-date.pdf\">ARR\u00caT\u00c9 n\u00b02025-13-DAJI du 18 mars 2025<\/a> portant d\u00e9l\u00e9gation de signature pour les affaires concernant le CERI<\/li>\n\n\n\n<li><a href=\"https:\/\/e-doc.univ-avignon.fr\/affaires-juridiques\/wp-content\/uploads\/sites\/11\/2025\/03\/Arrete-n\u00b02025-14-DAJI-du-18mars2025_DS-DRI_signe-et-date.pdf\">ARR\u00caT\u00c9 n\u00b02025-14-DAJI du 18 mars 2025<\/a> portant d\u00e9l\u00e9gation de signature \u00e0 la directrice des relations internationales<\/li>\n\n\n\n<li><a href=\"https:\/\/e-doc.univ-avignon.fr\/affaires-juridiques\/wp-content\/uploads\/sites\/11\/2025\/03\/Arrete-n\u00b02025-15-DAJI-du-18mars2025_DS-SAFIRE_signe-et-date.pdf\">ARR\u00caT\u00c9 n\u00b02025-15-DAJI du 18 mars 2025<\/a> portant d\u00e9l\u00e9gation de signature \u00e0 la direction du SAFIRE<\/li>\n\n\n\n<li><a href=\"https:\/\/e-doc.univ-avignon.fr\/affaires-juridiques\/wp-content\/uploads\/sites\/11\/2025\/03\/Arrete-n\u00b02025-16-DAJI-du-18mars2025_DS-SFTLV_signe-et-date.pdf\">ARR\u00caT\u00c9 n\u00b02025-16-DAJI du 18 mars 2025<\/a> portant d\u00e9l\u00e9gation de signature \u00e0 la direction du SFTLV<\/li>\n\n\n\n<li><a href=\"https:\/\/e-doc.univ-avignon.fr\/affaires-juridiques\/wp-content\/uploads\/sites\/11\/2025\/03\/Arrete-n\u00b02025-17-DAJI-du-18mars2025_DS-SSE_signe-et-date.pdf\">ARR\u00caT\u00c9 n\u00b02025-17-DAJI du 18 mars 2025<\/a> portant d\u00e9l\u00e9gation de signature \u00e0 la directrice du SSE<\/li>\n\n\n\n<li><a href=\"https:\/\/e-doc.univ-avignon.fr\/affaires-juridiques\/wp-content\/uploads\/sites\/11\/2025\/03\/Arrete-n\u00b02025-18-DAJI-du-18mars2025_DS-SUAPS_signe-et-date.pdf\">ARR\u00caT\u00c9 n\u00b02025-18-DAJI du 18 mars 2025<\/a> portant d\u00e9l\u00e9gation de signature au directeur du SUAPS<\/li>\n\n\n\n<li><a href=\"https:\/\/e-doc.univ-avignon.fr\/affaires-juridiques\/wp-content\/uploads\/sites\/11\/2025\/03\/Arrete-n\u00b02025-19-DAJI-du-18mars2025_DS-BU_signe-et-date.pdf\">ARR\u00caT\u00c9 n\u00b02025-19-DAJI du 18 mars 2025<\/a> portant d\u00e9l\u00e9gation de signature au directeur de la BU<\/li>\n\n\n\n<li><a href=\"https:\/\/e-doc.univ-avignon.fr\/affaires-juridiques\/wp-content\/uploads\/sites\/11\/2025\/03\/Arrete-n\u00b02025-20-DAJI-du-18mars2025_DS-Labos_signe-et-date.pdf\">ARR\u00caT\u00c9 n\u00b02025-20-DAJI du 18 mars 2025<\/a> portant d\u00e9l\u00e9gation de signature pour les ordres de mission au sein des Unit\u00e9s de Recherche<\/li>\n\n\n\n<li><a href=\"https:\/\/e-doc.univ-avignon.fr\/affaires-juridiques\/wp-content\/uploads\/sites\/11\/2025\/03\/Arrete-n\u00b02025-21-DAJI-du-18mars2025_DS-DAF_signe-et-date.pdf\">ARR\u00caT\u00c9 n\u00b02025-21-DAJI du 18 mars 2025<\/a> portant d\u00e9l\u00e9gation de signature \u00e0 la directrice de la DAF<\/li>\n\n\n\n<li><a href=\"https:\/\/e-doc.univ-avignon.fr\/affaires-juridiques\/wp-content\/uploads\/sites\/11\/2025\/03\/Arrete-n\u00b02025-22-DAJI-du-18mars2025_DS-DAJI_signe-et-date.pdf\">ARR\u00caT\u00c9 n\u00b02025-22-DAJI du 18 mars 2025<\/a> portant d\u00e9l\u00e9gation de signature \u00e0 la directrice de la DAJI<\/li>\n\n\n\n<li><a href=\"https:\/\/e-doc.univ-avignon.fr\/affaires-juridiques\/wp-content\/uploads\/sites\/11\/2025\/03\/Arrete-n\u00b02025-23-DAJI-du-18mars2025_DS-DARI_signe-et-date.pdf\">ARR\u00caT\u00c9 n\u00b02025-23-DAJI du 18 mars 2025<\/a> portant d\u00e9l\u00e9gation de signature \u00e0 la directrice de la DARI<\/li>\n\n\n\n<li><a href=\"https:\/\/e-doc.univ-avignon.fr\/affaires-juridiques\/wp-content\/uploads\/sites\/11\/2025\/03\/Arrete-n\u00b02025-24-DAJI-du-18mars2025_DS-DES_signe-et-date.pdf\">ARR\u00caT\u00c9 n\u00b02025-24-DAJI du 18 mars 2025<\/a> portant d\u00e9l\u00e9gation de signature \u00e0 la directrice de la DES<\/li>\n\n\n\n<li><a href=\"https:\/\/e-doc.univ-avignon.fr\/affaires-juridiques\/wp-content\/uploads\/sites\/11\/2025\/03\/Arrete-n\u00b02025-25-DAJI-du-18mars2025_DS-Dir-comm_signe-et-date.pdf\">ARR\u00caT\u00c9 n\u00b02025-25-DAJI du 18 mars 2025<\/a> portant d\u00e9l\u00e9gation de signature \u00e0 la directrice de la communication<\/li>\n\n\n\n<li><a href=\"https:\/\/e-doc.univ-avignon.fr\/affaires-juridiques\/wp-content\/uploads\/sites\/11\/2025\/03\/Arrete-n\u00b02025-26-DAJI-du-18mars2025_DS-Dir.culture_signe-et-date.pdf\">ARR\u00caT\u00c9 n\u00b02025-26-DAJI du 18 mars 2025<\/a> portant d\u00e9l\u00e9gation de signature \u00e0 la directrice de la culture et de la vie du campus<\/li>\n\n\n\n<li><a href=\"https:\/\/e-doc.univ-avignon.fr\/affaires-juridiques\/wp-content\/uploads\/sites\/11\/2025\/03\/Arrete-n\u00b02025-27-DAJI-du-18mars2025_DS-DOSI_signe-et-date.pdf\">ARR\u00caT\u00c9 n\u00b02025-27-DAJI du 18 mars 2025<\/a> portant d\u00e9l\u00e9gation de signature au directeur de la DOSI<\/li>\n\n\n\n<li><a href=\"https:\/\/e-doc.univ-avignon.fr\/affaires-juridiques\/wp-content\/uploads\/sites\/11\/2025\/03\/Arrete-n\u00b02025-28-DAJI-du-18mars2025_DS-DPAC_signe-et-date.pdf\">ARR\u00caT\u00c9 n\u00b02025-28-DAJI du 18 mars 2025<\/a> portant d\u00e9l\u00e9gation de signature \u00e0 la directrice de la DPAC<\/li>\n\n\n\n<li><a href=\"https:\/\/e-doc.univ-avignon.fr\/affaires-juridiques\/wp-content\/uploads\/sites\/11\/2025\/03\/Arrete-n\u00b02025-29-DAJI-du-18mars2025_DS-DPI_signe-et-date.pdf\">ARR\u00caT\u00c9 n\u00b02025-29-DAJI du 18 mars 2025<\/a> portant d\u00e9l\u00e9gation de signature au directeur de la DPI<\/li>\n\n\n\n<li><a href=\"https:\/\/e-doc.univ-avignon.fr\/affaires-juridiques\/wp-content\/uploads\/sites\/11\/2025\/03\/Arrete-n\u00b02025-30-DAJI-du-18mars2025_DS-DRH_signe-et-date.pdf\">ARR\u00caT\u00c9 n\u00b02025-30-DAJI du 18 mars 2025<\/a> portant d\u00e9l\u00e9gation de signature \u00e0 la directrice de la DRH<\/li>\n\n\n\n<li><a href=\"https:\/\/e-doc.univ-avignon.fr\/affaires-juridiques\/wp-content\/uploads\/sites\/11\/2025\/03\/Arrete-n\u00b02025-31-DAJI-du-18mars2025_DS-Agent-comptable_signe-et-date.pdf\">ARR\u00caT\u00c9 n\u00b02025-31-DAJI du 18 mars 2025<\/a> portant d\u00e9l\u00e9gation de signature \u00e0 l&rsquo;agent comptable <\/li>\n\n\n\n<li><a href=\"https:\/\/e-doc.univ-avignon.fr\/affaires-juridiques\/wp-content\/uploads\/sites\/11\/2025\/03\/Arrete-n\u00b02025-32-DAJI-du-19mars2025_DS-DCAVIS_signe-et-date.pdf\">ARR\u00caT\u00c9 n\u00b02025-32-DAJI du 19 mars 2025<\/a> portant d\u00e9l\u00e9gation de signature pour la direction de la DCAVIS<\/li>\n\n\n\n<li><a href=\"https:\/\/e-doc.univ-avignon.fr\/affaires-juridiques\/wp-content\/uploads\/sites\/11\/2025\/04\/Arrete-n\u00b02025-33-DAJI-du-22avril2025-Conseils-ED-renouvellement-doctorants_signe-et-date.pdf\">ARR\u00caT\u00c9 n\u00b02025-33-DAJI du 22 avril 2025<\/a> portant organisation des \u00e9lections pour le renouvellement des repr\u00e9sentants des doctorants aux conseils des ED<\/li>\n\n\n\n<li><a href=\"https:\/\/e-doc.univ-avignon.fr\/affaires-juridiques\/wp-content\/uploads\/sites\/11\/2025\/05\/Arrete-n\u00b02025-34-DAJI-du-5mai2025-modificatif-n\u00b02025-33-DAJI-du-22avril2025-Conseils-ED-renouvellement-doctorants_signe-et-date.pdf\">ARR\u00caT\u00c9 n\u00b02025-34-DAJI du 5 mai 2025<\/a> modifiant l&rsquo;arr\u00eat\u00e9 n\u00b02025-33-DAJI du 22 avril 2025<\/li>\n\n\n\n<li><a href=\"https:\/\/e-doc.univ-avignon.fr\/affaires-juridiques\/wp-content\/uploads\/sites\/11\/2025\/06\/Arrete-n\u00b02025-35-DAJI-du-18-juin-2025-proclamation-ED_signe-et-date.pdf\">ARR\u00caT\u00c9 n\u00b02025-35-DAJI du 18 juin 2025<\/a> portant proclamation des r\u00e9sultats des \u00e9lections pour le renouvellement des repr\u00e9sentants des doctorants aux conseils des ED<\/li>\n\n\n\n<li><a href=\"https:\/\/e-doc.univ-avignon.fr\/affaires-juridiques\/wp-content\/uploads\/sites\/11\/2025\/09\/Arrete-n\u00b02025-36-DAJI-du-25aout.2025_signe-et-date.pdf\">ARR\u00caT\u00c9 n\u00b02025-36-DAJI du 25 ao\u00fbt 2025<\/a> portant d\u00e9l\u00e9gation de signature au vice-pr\u00e9sident du conseil d&rsquo;administration<\/li>\n\n\n\n<li><a href=\"https:\/\/e-doc.univ-avignon.fr\/affaires-juridiques\/wp-content\/uploads\/sites\/11\/2025\/09\/Arrete-n\u00b02025-37-DAJI-9-sept2025-renouv-Usagers-CA-CFVU-CR-signe-et-date.pdf\">ARR\u00caT\u00c9 n\u00b02025-37-DAJI du 9 septembre 2025<\/a> portant organisation des \u00e9lections pour le renouvellement des repr\u00e9sentants des usagers aux conseils centraux<\/li>\n\n\n\n<li><a href=\"https:\/\/e-doc.univ-avignon.fr\/affaires-juridiques\/wp-content\/uploads\/sites\/11\/2025\/09\/Arrete-n\u00b02025-38-DAJI-du-9sept2025-modif.-DS-Dir-AgES_signe-et-date.pdf\">ARR\u00caT\u00c9 n\u00b02025-38-DAJI du 9 septembre 2025<\/a> portant d\u00e9l\u00e9gation de signature pour les affaires concernant l&rsquo;institut AgES<\/li>\n\n\n\n<li><a href=\"https:\/\/e-doc.univ-avignon.fr\/affaires-juridiques\/wp-content\/uploads\/sites\/11\/2025\/09\/Arrete-n\u00b02025-39-DAJI-du-9sept2025-modif.DS-Dir-CERI_signe-et-date.pdf\">ARR\u00caT\u00c9 n\u00b02025-39-DAJI du 9 septembre 2025<\/a> portant d\u00e9l\u00e9gation de signature pour les affaires concernant le CERI<\/li>\n\n\n\n<li><a href=\"https:\/\/e-doc.univ-avignon.fr\/affaires-juridiques\/wp-content\/uploads\/sites\/11\/2025\/09\/Arrete-n\u00b02025-40-DAJI-du-9sept2025-modif.DS-Dir-ICPSN_signe-et-date.pdf\">ARR\u00caT\u00c9 n\u00b02025-40-DAJI du 9 septembre 2025<\/a> portant d\u00e9l\u00e9gation de signature pour les affaires concernant l&rsquo;ICPSN<\/li>\n\n\n\n<li><a href=\"https:\/\/e-doc.univ-avignon.fr\/affaires-juridiques\/wp-content\/uploads\/sites\/11\/2025\/09\/Arrete-n\u00b02025-41-DAJI-du-9sept.2025-modif.DS-BU_signe-et-date.pdf\">ARR\u00caT\u00c9 n\u00b02025-41-DAJI du 9 septembre 2025<\/a> portant d\u00e9l\u00e9gation de signature au directeur de la BU<\/li>\n\n\n\n<li><a href=\"https:\/\/e-doc.univ-avignon.fr\/affaires-juridiques\/wp-content\/uploads\/sites\/11\/2025\/09\/Arrete-n\u00b02025-42-DAJI-du-9sept.2025-modif.DS-SAFIRE_signe-et-date.pdf\">ARR\u00caT\u00c9 n\u00b02025-42-DAJI du 9 septembre 2025<\/a> portant d\u00e9l\u00e9gation de signature \u00e0 la direction du SAFIRE<\/li>\n\n\n\n<li><a href=\"https:\/\/e-doc.univ-avignon.fr\/affaires-juridiques\/wp-content\/uploads\/sites\/11\/2025\/09\/Arrete-n\u00b02025-43-DAJI-du-9sept.2025-modif.DS-SFTLV_signe-et-date.pdf\">ARR\u00caT\u00c9 n\u00b02025-43-DAJI du 9 septembre 2025<\/a> portant d\u00e9l\u00e9gation de signature \u00e0 la directrice du SFTLV<\/li>\n\n\n\n<li><a href=\"https:\/\/e-doc.univ-avignon.fr\/affaires-juridiques\/wp-content\/uploads\/sites\/11\/2025\/09\/Arrete-n\u00b02025-44-DAJI-du-9sept.2025-modif.DS-SSE_signe-et-date.pdf\">ARR\u00caT\u00c9 n\u00b02025-44-DAJI du 9 septembre 2025<\/a> portant d\u00e9l\u00e9gation de signature \u00e0 la directrice du SSE<\/li>\n\n\n\n<li><a href=\"https:\/\/e-doc.univ-avignon.fr\/affaires-juridiques\/wp-content\/uploads\/sites\/11\/2025\/09\/Arrete-n\u00b02025-45-DAJI-du-9sept.2025-modif.DS-SUAPS_signe-et-date.pdf\">ARR\u00caT\u00c9 n\u00b02025-45-DAJI du 9 septembre 2025<\/a> portant d\u00e9l\u00e9gation de signature au directeur du SUAPS<\/li>\n\n\n\n<li><a href=\"https:\/\/e-doc.univ-avignon.fr\/affaires-juridiques\/wp-content\/uploads\/sites\/11\/2025\/10\/Arrete-n\u00b02025-47-DAJI-du-29sept.2025.pdf\">ARR\u00caT\u00c9 n\u00b02025-47-DAJI du 29 septembre 2025<\/a> portant d\u00e9l\u00e9gation de signature au vice-pr\u00e9sident du conseil d&rsquo;administration<\/li>\n\n\n\n<li><a href=\"https:\/\/e-doc.univ-avignon.fr\/affaires-juridiques\/wp-content\/uploads\/sites\/11\/2025\/10\/Arrete-n\u00b02025-48-DAJI-20oct2025-recevabilite-candidatures-Usagers-CA-CFVU-CR_signe-et-date.pdf\">ARR\u00caT\u00c9 n\u00b02025-48-DAJI du 20 octobre 2025<\/a> portant recevabilit\u00e9 des candidatures dans le cadre des \u00e9lections pour le renouvellement des repr\u00e9sentants des usagers aux conseils centraux<\/li>\n\n\n\n<li><a href=\"https:\/\/e-doc.univ-avignon.fr\/affaires-juridiques\/wp-content\/uploads\/sites\/11\/2025\/11\/Arrete-n\u00b02025-49-DAGAP-du-6nov.2025-Proclamation_signe-et-date.pdf\">ARR\u00caT\u00c9 n\u00b02025-49-DAJI du 6 novembre 2025<\/a> portant proclamation des r\u00e9sultats dans le cadre des \u00e9lections pour le renouvellement des repr\u00e9sentants des usagers aux conseils centraux<\/li>\n\n\n\n<li><a href=\"https:\/\/e-doc.univ-avignon.fr\/affaires-juridiques\/wp-content\/uploads\/sites\/11\/2025\/11\/Arrete-n\u00b02025-50-DAJI-du-14nov.2025-Proclam-resultats-Election-Pers-BU-13nov.2025_signe-et-date.pdf\">ARR\u00caT\u00c9 n\u00b02025-50-DAJI du 14 novembre 2025<\/a> portant proclamation des r\u00e9sultats dans le cadre des \u00e9lections pour le renouvellement des repr\u00e9sentants du personnel de la Biblioth\u00e8que Universitaire au conseil documentaire de la BU<\/li>\n\n\n\n<li><a href=\"https:\/\/e-doc.univ-avignon.fr\/affaires-juridiques\/wp-content\/uploads\/sites\/11\/2025\/12\/Arrete-n\u00b02025-51-DAJI-portant-modification-de-la-composition-du-CEC_signe-et-date.pdf\">ARR\u00caT\u00c9 n\u00b02025-51-DAJI du 8 d\u00e9cembre 2025<\/a> portant modification de la composition du Comit\u00e9 \u00c9lectoral Consultatif<\/li>\n\n\n\n<li><a href=\"https:\/\/e-doc.univ-avignon.fr\/affaires-juridiques\/wp-content\/uploads\/sites\/11\/2025\/12\/Arrete-n\u00b02025-52-DAJI-du-09dec.2025-CR-Usagers-S.27janv.2026_signe-et-date.pdf\">ARR\u00caT\u00c9 n\u00b02025-52-DAJI du 9 d\u00e9cembre 2025<\/a> portant organisation d&rsquo;une \u00e9lection pour le renouvellement des repr\u00e9sentants des usagers \u00e0 la CR<\/li>\n<\/ul>\n\n\n\n<p><\/p>\n","protected":false},"excerpt":{"rendered":"","protected":false},"author":8656,"featured_media":0,"parent":0,"menu_order":0,"comment_status":"closed","ping_status":"closed","template":"","meta":{"footnotes":""},"class_list":["post-6981","page","type-page","status-publish","hentry"],"_links":{"self":[{"href":"https:\/\/e-doc.univ-avignon.fr\/affaires-juridiques\/wp-json\/wp\/v2\/pages\/6981","targetHints":{"allow":["GET"]}}],"collection":[{"href":"https:\/\/e-doc.univ-avignon.fr\/affaires-juridiques\/wp-json\/wp\/v2\/pages"}],"about":[{"href":"https:\/\/e-doc.univ-avignon.fr\/affaires-juridiques\/wp-json\/wp\/v2\/types\/page"}],"author":[{"embeddable":true,"href":"https:\/\/e-doc.univ-avignon.fr\/affaires-juridiques\/wp-json\/wp\/v2\/users\/8656"}],"replies":[{"embeddable":true,"href":"https:\/\/e-doc.univ-avignon.fr\/affaires-juridiques\/wp-json\/wp\/v2\/comments?post=6981"}],"version-history":[{"count":21,"href":"https:\/\/e-doc.univ-avignon.fr\/affaires-juridiques\/wp-json\/wp\/v2\/pages\/6981\/revisions"}],"predecessor-version":[{"id":7475,"href":"https:\/\/e-doc.univ-avignon.fr\/affaires-juridiques\/wp-json\/wp\/v2\/pages\/6981\/revisions\/7475"}],"wp:attachment":[{"href":"https:\/\/e-doc.univ-avignon.fr\/affaires-juridiques\/wp-json\/wp\/v2\/media?parent=6981"}],"curies":[{"name":"wp","href":"https:\/\/api.w.org\/{rel}","templated":true}]}}