{"id":772,"date":"2016-03-07T14:36:32","date_gmt":"2016-03-07T13:36:32","guid":{"rendered":"http:\/\/e-doc.univ-avignon.fr\/affaires-juridiques\/?page_id=772"},"modified":"2022-10-31T08:33:23","modified_gmt":"2022-10-31T07:33:23","slug":"arretes-electoraux-du-president","status":"publish","type":"page","link":"https:\/\/e-doc.univ-avignon.fr\/affaires-juridiques\/actes-reglementaires\/arretes-electoraux-du-president\/","title":{"rendered":"Arr\u00eat\u00e9s \u00e9lectoraux du Pr\u00e9sident &#8211; 2017"},"content":{"rendered":"<p class=\"bodytext\">&#8211; <a href=\"http:\/\/e-doc.univ-avignon.fr\/affaires-juridiques\/wp-content\/uploads\/sites\/11\/2016\/03\/Arr\u00eat\u00e9-\u00e9lectoral-saj-n\u00b02017-01-du-26janv2017-pers-BU-au-CD-BU.pdf\">Arr\u00eat\u00e9 SAJ n\u00b02017-01 du 26 janvier 2017<\/a> : Portant organisation d&rsquo;une \u00e9lection pour le renouvellement des repr\u00e9sentants des personnels de la biblioth\u00e8que universitaire au conseil documentaire de la biblioth\u00e8que universitaire &#8211; scrutin du 7 mars 2017.<\/p>\n<p>&#8211; <a href=\"http:\/\/e-doc.univ-avignon.fr\/affaires-juridiques\/wp-content\/uploads\/sites\/11\/2016\/03\/Arr\u00eat\u00e9-\u00e9lectoral-SAJ-n\u00b02017-02-du-13mars2017-doctorants-conseils-ED-scrutins-24avril2017pdf.pdf\">Arr\u00eat\u00e9 SAJ n\u00b02017-02 du 13 mars 2017<\/a> : Portant organisation des \u00e9lections pour le renouvellement des repr\u00e9sentants doctorants aux conseils des \u00e9coles doctorales (ED 536 et ED 537) &#8211; scrutins du 24 avril 2017.<\/p>\n<p><a href=\"http:\/\/e-doc.univ-avignon.fr\/affaires-juridiques\/wp-content\/uploads\/sites\/11\/2016\/03\/Arr\u00eat\u00e9-\u00e9lectoral-SAJ-n\u00b02017-03-du-24mars2017-d\u00e9signation-grands-\u00e9lecteurs-CNESER-scrutin-du-6avril2017.pdf\">&#8211; Arr\u00eat\u00e9 SAJ n\u00b02017-03 du 24 mars 2017<\/a> : Portant organisation d&rsquo;une \u00e9lection pour la d\u00e9signation des grands \u00e9lecteurs de l&rsquo;UAPV (scrutin du 6 avril 2017) en vue de l&rsquo;\u00e9lection organis\u00e9e par le minist\u00e8re de l&rsquo;\u00e9ducation nationale, de l&rsquo;enseignement sup\u00e9rieur et de la recherche pour le renouvellement des repr\u00e9sentants \u00e9tudiants au CNESER.<\/p>\n<p><a href=\"http:\/\/e-doc.univ-avignon.fr\/affaires-juridiques\/wp-content\/uploads\/sites\/11\/2016\/03\/Arr\u00eat\u00e9-\u00e9lectoral-SAJ-n\u00b02017-04-du-7sept-2017-\u00e9lection-partielle-A-UFR-DEG-scrutin-du-28sept2017.pdf\">&#8211; Arr\u00eat\u00e9 SAJ n\u00b02017-04 du 7 septembre 2017<\/a> : portant organisation d&rsquo;une \u00e9lection partielle pour le remplacement de deux repr\u00e9sentants des personnels du coll\u00e8ge A au conseil d&rsquo;UFR Droit, \u00c9conomie, Gestion &#8211; scrutin du 28 septembre 2017.<\/p>\n<p>&#8211; <a href=\"http:\/\/e-doc.univ-avignon.fr\/affaires-juridiques\/wp-content\/uploads\/sites\/11\/2016\/01\/Arr\u00eat\u00e9-\u00e9lectoral-SAJ-n\u00b02017-05-du-22sept2017-abrogation-arr\u00eat\u00e9-\u00e9lection-UFR-DEG-A-scrutin-28sept2017.pdf\">Arr\u00eat\u00e9 SAJ n\u00b02017-05 du 22 septembre 2017<\/a> : portant abrogation de l&rsquo;arr\u00eat\u00e9 \u00e9lectoral SAJ n\u00b02017-04 du 7 septembre 2017 concernant l&rsquo;\u00e9lection partielle pour le remplacement de deux repr\u00e9sentants des personnels du coll\u00e8ge A au conseil d&rsquo;UFR Droit, \u00c9conomie, Gestion &#8211; scrutin du 28 septembre 2017.<\/p>\n<p>&#8211; <a href=\"http:\/\/e-doc.univ-avignon.fr\/affaires-juridiques\/wp-content\/uploads\/sites\/11\/2017\/09\/Arr\u00eat\u00e9-\u00e9lectoral-SAJ-n\u00b02017-06-du-25sept2017-USAGERS-CA-CFVU-CR-scrutins-9nov2017.pdf\">Arr\u00eat\u00e9 SAJ n\u00b02017-06 du 25 septembre 2017<\/a> : relatif \u00e0 l&rsquo;organisation des \u00e9lections pour le renouvellement des repr\u00e9sentants du coll\u00e8ge des usagers au conseil d&rsquo;administration (CA), \u00e0 la commission de la formation et de la vie universitaire (CFVU) et \u00e0 la commission de la recherche (CR) du conseil acad\u00e9mique (CAC) &#8211; scrutins du 9 novembre 2017.<\/p>\n<p>&#8211; <a href=\"http:\/\/e-doc.univ-avignon.fr\/affaires-juridiques\/wp-content\/uploads\/sites\/11\/2016\/03\/Arr\u00eat\u00e9-\u00e9lectoral-SAJ-n\u00b02017-07-du-27sept2017-modif-annexe-2-scrutins-usagers.pdf\">Arr\u00eat\u00e9 SAJ n\u00b02017-07 du 27 septembre 2017<\/a> : modifiant l&rsquo;annexe 2 (lieux de vote et sites d&rsquo;affichage) de l&rsquo;arr\u00eat\u00e9 \u00e9lectoral SAJ n\u00b02017-06 du 25 septembre 2017 concernant les scrutins du 9 novembre 2017 pour le renouvellement des repr\u00e9sentants des usagers au conseil d&rsquo;administration (CA), \u00e0 la commission de la formation et de la vie universitaire (CFVU) et \u00e0 la commission de la recherche (CR) du conseil acad\u00e9mique (CAC).<\/p>\n<p>&#8211; <a href=\"http:\/\/e-doc.univ-avignon.fr\/affaires-juridiques\/wp-content\/uploads\/sites\/11\/2016\/03\/Arr\u00eat\u00e9-\u00e9lectoral-SAJ-n\u00b02017-08-du-18oct2017-Pers-DEG-scrutin-28nov2017.pdf\">Arr\u00eat\u00e9 SAJ n\u00b02017-08 du 18 octobre 2017<\/a> : relatif \u00e0 l&rsquo;organisation des \u00e9lections pour le renouvellement des repr\u00e9sentants des personnels au conseil d&rsquo;UFR Droit, \u00c9conomie, Gestion (DEG) &#8211; scrutins du 28 novembre 2017.<\/p>\n<p>&#8211; <a href=\"http:\/\/e-doc.univ-avignon.fr\/affaires-juridiques\/wp-content\/uploads\/sites\/11\/2016\/03\/Arr\u00eat\u00e9-\u00e9lectoral-SAJ-n\u00b02017-09-du-18oct2017-Usagers-DEG-scrutin-28nov2017.pdf\">Arr\u00eat\u00e9 \u00e9lectoral SAJ n\u00b02017-09 du 18oct2017 Usagers DEG scrutin 28nov2017<\/a> : relatif \u00e0 l&rsquo;organisation d&rsquo;une \u00e9lection pour le renouvellement des repr\u00e9sentants des usagers au conseil d&rsquo;UFR Droit, \u00c9conomie, Gestion (DEG) &#8211; scrutin du 28 novembre 2017.<\/p>\n<p>&#8211; <a href=\"http:\/\/e-doc.univ-avignon.fr\/affaires-juridiques\/wp-content\/uploads\/sites\/11\/2016\/03\/Arr\u00eat\u00e9-\u00e9lectoral-SAJ-n\u00b02017-10-du-18oct2017-Partielle-A-UFR-ALL-scrutin-30nov2017.pdf\">Arr\u00eat\u00e9 SAJ n\u00b02017-10 du 18 octobre 2017<\/a> : relatif \u00e0 l&rsquo;organisation d&rsquo;une \u00e9lection partielle pour le remplacement d&rsquo;un repr\u00e9sentant des personnels du coll\u00e8ge A au conseil d&rsquo;UFR Arts, Lettres, Langues (ALL) &#8211; scrutin du 30 novembre 2017.<\/p>\n<p>&#8211; <a href=\"http:\/\/e-doc.univ-avignon.fr\/affaires-juridiques\/wp-content\/uploads\/sites\/11\/2016\/03\/Arr\u00eat\u00e9-\u00e9lectoral-SAJ-n\u00b02017-11-du-18oct2017-Partielle-Usagers-ALL-scrutin-28nov2017.pdf\">Arr\u00eat\u00e9 SAJ n\u00b02017-11 du 18 octobre 2017<\/a> : relatif \u00e0 l&rsquo;organisation d&rsquo;une \u00e9lection partielle pour le remplacement d&rsquo;un repr\u00e9sentant des usagers au conseil d&rsquo;UFR Arts, Lettres, Langues (ALL) &#8211; scrutin du 28 novembre 2017.<\/p>\n<p>&#8211; <a href=\"http:\/\/e-doc.univ-avignon.fr\/affaires-juridiques\/wp-content\/uploads\/sites\/11\/2016\/03\/Arr\u00eat\u00e9-\u00e9lectoral-SAJ-n\u00b02017-12-du-18oct2017-Partielle-coll\u00e8ge-A-SHS-scrutin-30nov2017.pdf\">Arr\u00eat\u00e9 SAJ n\u00b02017-12 du 18 octobre 2017<\/a> : relatif \u00e0 l&rsquo;organisation d&rsquo;une \u00e9lection partielle pour le remplacement d&rsquo;un repr\u00e9sentants des personnels du coll\u00e8ge A au conseil d&rsquo;UFR Sciences Humaines et Sociales (SHS) &#8211; scrutin du 30 novembre 2017.<\/p>\n<p>&#8211; <a href=\"http:\/\/e-doc.univ-avignon.fr\/affaires-juridiques\/wp-content\/uploads\/sites\/11\/2016\/03\/Arr\u00eat\u00e9-\u00e9lectoral-SAJ-n\u00b02017-13-du-18oct2017-Usagers-UFR-STS-scrutin-28nov2017.pdf\">Arr\u00eat\u00e9 SAJ n\u00b02017-13 du 18 octobre 2017<\/a> : relatif \u00e0 l&rsquo;organisation d&rsquo;une \u00e9lection partielle pour le remplacement de repr\u00e9sentants des usagers au conseil d&rsquo;UFR Sciences, Technologies, Sant\u00e9 (STS) &#8211; scrutin du 28 novembre 2017.<\/p>\n<p>&#8211; <a href=\"http:\/\/e-doc.univ-avignon.fr\/affaires-juridiques\/wp-content\/uploads\/sites\/11\/2016\/03\/Arr\u00eat\u00e9-\u00e9lectoral-SAJ-n\u00b02017-14-du-18oct2017-Partielle-BIATSS-STS-scrutin-28nov2017.pdf\">Arr\u00eat\u00e9 SAJ n\u00b02017-14 du 18 octobre 2017<\/a> : relatif \u00e0 l&rsquo;organisation d&rsquo;une \u00e9lection partielle pour le remplacement d&rsquo;un repr\u00e9sentant des personnels du coll\u00e8ge BIATSS au conseil d&rsquo;UFR Sciences, Technologies, Sant\u00e9 (STS) &#8211; scrutin du 28 novembre 2017.<\/p>\n<p>&#8211; <a href=\"http:\/\/e-doc.univ-avignon.fr\/affaires-juridiques\/wp-content\/uploads\/sites\/11\/2017\/09\/Arr\u00eat\u00e9-\u00e9lectoral-SAJ-n\u00b02017-15-du-27oct2017-fin-processus-\u00e9lect-CR-USAGERS-scrutin-9nov2017.pdf\">Arr\u00eat\u00e9 SAJ n\u00b02017-15 du 27 octobre 2017<\/a> : mettant fin au processus \u00e9lectoral relatif \u00e0 l&rsquo;\u00e9lection du 9 novembre 2017 pour le renouvellement des repr\u00e9sentants du coll\u00e8ge des usagers \u00e0 la commission de la recherche du conseil acad\u00e9mique.<\/p>\n<p>&#8211; <a href=\"http:\/\/e-doc.univ-avignon.fr\/affaires-juridiques\/wp-content\/uploads\/sites\/11\/2017\/09\/Arr\u00eat\u00e9-\u00e9lectoral-SAJ-n\u00b02017-16-du-27oct2017-Compo-bur-vote-USAGERS-CA-CFVU-CR-scrutins-9nov2017.pdf\">Arr\u00eat\u00e9 SAJ n\u00b02017-16 du 27 octobre 2017<\/a> : portant composition des bureaux de vote pour les scrutins du 9 novembre 2017 concernant le renouvellement des repr\u00e9sentants des usagers au conseil d&rsquo;administration (CA) et \u00e0 la commission de la formation et de la vie universitaire (CFVU) du conseil acad\u00e9mique (CAC).<\/p>\n<p>&#8211; <a href=\"https:\/\/e-doc.univ-avignon.fr\/affaires-juridiques\/wp-content\/uploads\/sites\/11\/2016\/03\/Arr\u00eat\u00e9-proclamation-r\u00e9sult-CA-CFVU-usagers-scrutins-9nov2017.pdf\">Arr\u00eat\u00e9 SAJ n\u00b02017-17 du 10 novembre 2017<\/a> : portant proclamation des r\u00e9sultats des \u00e9lections pour le renouvellement des repr\u00e9sentants du coll\u00e8ge des usagers au conseil d&rsquo;administration (CA) et \u00e0 la commission de la formation et de la vie universitaire (CFVU) du conseil acad\u00e9mique (CAC) &#8211; Scrutins du 9 novembre 2017.<span style=\"color: #808080\"><em><br \/>\n<\/em><\/span><\/p>\n<p>&#8211; <a href=\"http:\/\/e-doc.univ-avignon.fr\/affaires-juridiques\/wp-content\/uploads\/sites\/11\/2017\/11\/Arr\u00eat\u00e9-\u00e9lectoral-SAJ-n\u00b02017-18-du-13nov2017-USAGERS-CR-scrutin-14d\u00e9c2017.pdf\">Arr\u00eat\u00e9 SAJ n\u00b02017-18 du 13 novembre 2017<\/a> : relatif \u00e0 l&rsquo;organisation d&rsquo;une \u00e9lection pour le renouvellement des repr\u00e9sentants du coll\u00e8ge des usagers \u00e0 la commission de la recherche (CR) du conseil acad\u00e9mique (CAC) &#8211; Scrutin du 14 d\u00e9cembre 2017.<\/p>\n<p>&#8211; <a href=\"http:\/\/e-doc.univ-avignon.fr\/affaires-juridiques\/wp-content\/uploads\/sites\/11\/2016\/03\/Arr\u00eat\u00e9-\u00e9lectoral-SAJ-n\u00b02017-19-du-20nov2017-Bur-vote-Pers-UFR-DEG-scrutins-28nov2017.pdf\">Arr\u00eat\u00e9 SAJ n\u00b02017-19 du 20 novembre 2017<\/a> : portant composition du bureau de vote pour les scrutins du mardi 28 novembre 2017 relatifs au renouvellement des repr\u00e9sentants des personnels au conseil d&rsquo;UFR Droit, \u00c9conomie, Gestion (DEG).<\/p>\n<p>&#8211; <a href=\"http:\/\/e-doc.univ-avignon.fr\/affaires-juridiques\/wp-content\/uploads\/sites\/11\/2016\/03\/Arr\u00eat\u00e9-\u00e9lectoral-SAJ-n\u00b02017-20-du-20nov2017-Bureau-vote-Usagers-UFR-DEG-scrutins-28nov2017.pdf\">Arr\u00eat\u00e9 SAJ n\u00b02017-20 du 20 novembre 2017<\/a> : portant composition du bureau de vote pour le scrutin du mardi 28 novembre 2017 relatif au renouvellement des repr\u00e9sentants des usagers au conseil d&rsquo;UFR Droit, \u00c9conomie, Gestion (DEG).<\/p>\n<p>&#8211; <a href=\"http:\/\/e-doc.univ-avignon.fr\/affaires-juridiques\/wp-content\/uploads\/sites\/11\/2016\/03\/Arr\u00eat\u00e9-\u00e9lectoral-SAJ-n\u00b02017-21-du-20nov2017-Bur-vote-Partielle-A-UFR-ALL-scrutin-30nov2017.pdf\">Arr\u00eat\u00e9 SAJ n\u00b02017-21 du 20 novembre 2017<\/a> : portant composition du bureau de vote pour le scrutin du jeudi 30 novembre 2017 relatif au remplacement d&rsquo;un repr\u00e9sentant des personnels du coll\u00e8ge A au conseil d&rsquo;UFR Arts, Lettres et Langues (ALL).<\/p>\n<p>&#8211; <a href=\"http:\/\/e-doc.univ-avignon.fr\/affaires-juridiques\/wp-content\/uploads\/sites\/11\/2016\/03\/Arr\u00eat\u00e9-\u00e9lectoral-SAJ-n\u00b02017-22-du-20nov2017-Bur-vote-Partielle-A-UFR-SHS-scrutin-30nov2017.pdf\">Arr\u00eat\u00e9 SAJ n\u00b02017-22 du 20 novembre 2017<\/a> : portant composition du bureau de vote pour le scrutin du jeudi 30 novembre 2017 relatif au remplacement d&rsquo;un repr\u00e9sentant des personnels du coll\u00e8ge A au conseil d&rsquo;UFR Sciences Humaines et Sociales (SHS).<\/p>\n<p>&#8211; <a href=\"http:\/\/e-doc.univ-avignon.fr\/affaires-juridiques\/wp-content\/uploads\/sites\/11\/2016\/03\/Arrr\u00eat\u00e9-\u00e9lectoral-SAJ-n\u00b02017-23-du-20-nov2017-Bur-vote-Partielle-Usagers-UFR-STS-scrutin-du-28nov2017.pdf\">Arr\u00eat\u00e9 SAJ n\u00b02017-23 du 20 novembre 2017<\/a> : portant composition du bureau de vote \/ section de vote pour le scrutin du mardi 28 novembre 2017 relatif au remplacement de repr\u00e9sentants des usagers au conseil d&rsquo;UFR Sciences, Technologies, Sant\u00e9 (STS).<\/p>\n<p>&#8211; <a href=\"http:\/\/e-doc.univ-avignon.fr\/affaires-juridiques\/wp-content\/uploads\/sites\/11\/2016\/03\/Arr\u00eat\u00e9-\u00e9lectoral-SAJ-n\u00b02017-24-du-20nov2017-Bur-vote-Partielle-Usagers-ALL-scrutin-28nov2017.pdf\">Arr\u00eat\u00e9 SAJ n\u00b02017-24 du 20 novembre 2017<\/a> : portant composition du bureau de vote pour le scrutin du mardi 28 novembre 2017 relatif au remplacement d&rsquo;un repr\u00e9sentant des usagers au conseil d&rsquo;UFR Arts, Lettres et Langues (ALL).<\/p>\n<p>&#8211; <a href=\"http:\/\/e-doc.univ-avignon.fr\/affaires-juridiques\/wp-content\/uploads\/sites\/11\/2016\/03\/Arrr\u00eat\u00e9-\u00e9lectoral-SAJ-n\u00b02017-25-du-20-nov2017-Bur-vote-Partielle-BIATSS-UFR-STS-scrutin-du-28nov2017.pdf\">Arr\u00eat\u00e9 SAJ n\u00b02017-25 du 20 novembre 2017<\/a> : portant composition du bureau de vote pour le scrutin du mardi 28 novembre 2017 relatif au remplacement d&rsquo;un repr\u00e9sentant des personnels du coll\u00e8ge BIATSS au conseil d&rsquo;UFR Sciences, Technologies, Sant\u00e9 (STS).<\/p>\n<p>&#8211; <a href=\"http:\/\/e-doc.univ-avignon.fr\/affaires-juridiques\/wp-content\/uploads\/sites\/11\/2017\/12\/Arr\u00eat\u00e9-\u00e9lectoral-SAJ-n\u00b02017-26-du-30nov2017-proclam-r\u00e9sult-Partielle-Biatss-UFR-STS-scrutin-28nov2017.pdf\">Arr\u00eat\u00e9 SAJ n\u00b02017-26 du 30 novembre 2017<\/a> : portant proclamation des r\u00e9sultats de l&rsquo;\u00e9lection partielle pour le remplacement d&rsquo;un repr\u00e9sentant des personnels du coll\u00e8ge BIATSS au conseil d&rsquo;UFR Sciences, Technologies, Sant\u00e9 (STS) &#8211; scrutin du 28 novembre 2017.<\/p>\n<p>&#8211; <a href=\"http:\/\/e-doc.univ-avignon.fr\/affaires-juridiques\/wp-content\/uploads\/sites\/11\/2017\/12\/Arr\u00eat\u00e9-\u00e9lectoral-SAJ-n\u00b02017-27-du-30nov2017-proclam-r\u00e9sult-Partielle-Usagers-UFR-STS-scrutin-28nov2017.pdf\">Arr\u00eat\u00e9 SAJ n\u00b02017-27 du 30 novembre 2017<\/a> : portant proclamation des r\u00e9sultats de l&rsquo;\u00e9lection partielle pour le remplacement de repr\u00e9sentants des usagers au conseil d&rsquo;UFR Sciences, Technologies, Sant\u00e9 (STS) &#8211; scrutin du 28 novembre 2017.<\/p>\n<p><a href=\"http:\/\/e-doc.univ-avignon.fr\/affaires-juridiques\/wp-content\/uploads\/sites\/11\/2017\/12\/Arr\u00eat\u00e9-\u00e9lectoral-SAJ-n\u00b02017-28-du-30nov2017-proclam-r\u00e9sult-Partielle-Usagers-UFR-ALL-scrutin-28nov2017.pdf\">&#8211; Arr\u00eat\u00e9 SAJ n\u00b02017-28 du 30 novembre 2017<\/a> : portant proclamation des r\u00e9sultats de l&rsquo;\u00e9lection partielle pour le remplacement d&rsquo;un repr\u00e9sentant des usagers au conseil d&rsquo;UFR Arts, Lettres et Langues (ALL) &#8211; scrutin du 28 novembre 2017.<\/p>\n<p>&#8211; <a href=\"http:\/\/e-doc.univ-avignon.fr\/affaires-juridiques\/wp-content\/uploads\/sites\/11\/2017\/12\/Arr\u00eat\u00e9-\u00e9lectoral-SAJ-n\u00b02017-29-du-30nov2017-proclam-r\u00e9sult-UFR-DEG-Usagers-scrutin-28nov2017.pdf\">Arr\u00eat\u00e9 SAJ n\u00b02017-29 du 30 novembre 2017<\/a> : portant proclamation des r\u00e9sultats de l&rsquo;\u00e9lection pour le renouvellement des repr\u00e9sentants des usagers au conseil d&rsquo;UFR Droit, \u00c9conomie, Gestion (DEG) &#8211; scrutin du 28 novembre 2017.<\/p>\n<p>&#8211; <a href=\"http:\/\/e-doc.univ-avignon.fr\/affaires-juridiques\/wp-content\/uploads\/sites\/11\/2017\/12\/Arr\u00eat\u00e9-\u00e9lectoral-SAJ-n\u00b02017-30-du-30nov2017-proclam-r\u00e9sult-UFR-DEG-Pers-scrutins-28nov2017.pdf\">Arr\u00eat\u00e9 SAJ n\u00b02017-30 du 30 novembre 2017<\/a>\u00a0 et <a href=\"http:\/\/e-doc.univ-avignon.fr\/affaires-juridiques\/wp-content\/uploads\/sites\/11\/2017\/12\/Rectificatif-Arr\u00eat\u00e9-\u00e9lectoral-SAJ-n\u00b02017-30-du-30nov2017-proclamamtion-UFR-DEG-pers-rectif-col-B.pdf\">rectificatif du 6 d\u00e9cembre 2017<\/a> : portant proclamation des r\u00e9sultats des \u00e9lections pour le renouvellement des repr\u00e9sentants des personnels au conseil d&rsquo;UFR Droit, \u00c9conomie, Gestion (DEG) &#8211; scrutin du 28 novembre 2017.<\/p>\n<p>&#8211; <a href=\"http:\/\/e-doc.univ-avignon.fr\/affaires-juridiques\/wp-content\/uploads\/sites\/11\/2017\/12\/Arr\u00eat\u00e9-\u00e9lectoral-SAJ-n\u00b02017-31-du-1erd\u00e9c2017-proclam-r\u00e9sult-Partielle-A-UFR-SHS-scrutin-30nov2017.pdf\">Arr\u00eat\u00e9 SAJ n\u00b02017-31 du 1er d\u00e9cembre 2017<\/a> : portant proclamation des r\u00e9sultats de l&rsquo;\u00e9lection partielle pour le remplacement d&rsquo;un repr\u00e9sentant des personnels du coll\u00e8ge A au conseil d&rsquo;UFR Sciences Humaines et Sociales (SHS) &#8211; scrutin du 30 novembre 2017.<\/p>\n<p>&#8211; <a href=\"http:\/\/e-doc.univ-avignon.fr\/affaires-juridiques\/wp-content\/uploads\/sites\/11\/2017\/12\/Arr\u00eat\u00e9-\u00e9lectoral-SAJ-n\u00b02017-32-du-1erd\u00e9c2017-proclam-r\u00e9sult-Partielle-A-UFR-ALL-scrutin-30nov2017.pdf\">Arr\u00eat\u00e9 SAJ n\u00b02017-32 du 1er d\u00e9cembre 2017<\/a> : portant proclamation des r\u00e9sultats de l&rsquo;\u00e9lection partielle pour le remplacement d&rsquo;un repr\u00e9sentant des personnels du coll\u00e8ge A au conseil d&rsquo;UFR Arts, Lettres et Langues (ALL) &#8211; scrutin du 30 novembre 2017.<\/p>\n<p>&#8211; <a href=\"http:\/\/e-doc.univ-avignon.fr\/affaires-juridiques\/wp-content\/uploads\/sites\/11\/2017\/12\/Arr\u00eat\u00e9-\u00e9lectoral-SAJ-n\u00b02017-33-du-6d\u00e9c2017-Compo-bur-vote-USAGERS-CR-scrutin-14d\u00e9c2017.pdf\">Arr\u00eat\u00e9 SAJ n\u00b02017-33 du 6 d\u00e9cembre 2017<\/a> : portant composition du bureau de vote pour le scrutin du jeudi 14 d\u00e9cembre 2017 relatif au renouvellement des repr\u00e9sentants des usagers \u00e0 la commission de la recherche (CR) du conseil acad\u00e9mique (CAC).<\/p>\n<p>&#8211; <a href=\"http:\/\/e-doc.univ-avignon.fr\/affaires-juridiques\/wp-content\/uploads\/sites\/11\/2017\/12\/Arr\u00eat\u00e9-proclam-r\u00e9sultats-CR-usagers-scrutin-14d\u00e9c2017.pdf\">Arr\u00eat\u00e9 SAJ n\u00b02017-34 du 15 d\u00e9cembre 2017<\/a> : portant proclamation des r\u00e9sultats de l&rsquo;\u00e9lection pour le renouvellement des repr\u00e9sentants du coll\u00e8ge des usagers \u00e0 la commission de la recherche (CR) du conseil acad\u00e9mique (CAC) &#8211; scrutin du 14 d\u00e9cembre 2017.<\/p>\n<p>&#8211; <a href=\"http:\/\/e-doc.univ-avignon.fr\/affaires-juridiques\/wp-content\/uploads\/sites\/11\/2017\/12\/Arr\u00eat\u00e9-SAJ-n\u00b02017-35-du-19d\u00e9c2017-Partielle-A-UFR-ALL-scrutin-30janv2018.pdf\">Arr\u00eat\u00e9 SAJ n\u00b02017-35 du 19 d\u00e9cembre 2017<\/a> : relatif \u00e0 l&rsquo;organisation d&rsquo;une \u00e9lection partielle pour le remplacement d&rsquo;un repr\u00e9sentant des personnels du coll\u00e8ge A au conseil d&rsquo;UFR Arts, Lettres et Langues (ALL) &#8211; scrutin du 30 janvier 2018.<\/p>\n<table class=\"csc-uploads csc-uploads-0\">\n<tbody>\n<tr class=\"tr-even\">\n<td class=\"csc-uploads-fileName\"><\/td>\n<\/tr>\n<tr class=\"tr-odd\">\n<td class=\"csc-uploads-fileName\"><\/td>\n<\/tr>\n<tr class=\"tr-even\">\n<td class=\"csc-uploads-fileName\"><\/td>\n<\/tr>\n<tr class=\"tr-odd\">\n<td class=\"csc-uploads-fileName\"><\/td>\n<\/tr>\n<\/tbody>\n<\/table>\n","protected":false},"excerpt":{"rendered":"<p>&#8211; Arr\u00eat\u00e9 SAJ n\u00b02017-01 du 26 janvier 2017 : Portant organisation d&rsquo;une \u00e9lection pour le renouvellement des repr\u00e9sentants des personnels de la biblioth\u00e8que universitaire au conseil documentaire de la biblioth\u00e8que universitaire &#8211; scrutin du 7 mars 2017. &#8211; Arr\u00eat\u00e9 SAJ n\u00b02017-02 du 13 mars 2017 : Portant organisation des \u00e9lections pour le renouvellement des repr\u00e9sentants &hellip; <a href=\"https:\/\/e-doc.univ-avignon.fr\/affaires-juridiques\/actes-reglementaires\/arretes-electoraux-du-president\/\" class=\"more-link\">Continuer la lecture de <span class=\"screen-reader-text\">Arr\u00eat\u00e9s \u00e9lectoraux du Pr\u00e9sident &#8211; 2017<\/span><\/a><\/p>\n","protected":false},"author":1,"featured_media":0,"parent":1714,"menu_order":0,"comment_status":"closed","ping_status":"closed","template":"","meta":{"footnotes":""},"class_list":["post-772","page","type-page","status-publish","hentry"],"_links":{"self":[{"href":"https:\/\/e-doc.univ-avignon.fr\/affaires-juridiques\/wp-json\/wp\/v2\/pages\/772","targetHints":{"allow":["GET"]}}],"collection":[{"href":"https:\/\/e-doc.univ-avignon.fr\/affaires-juridiques\/wp-json\/wp\/v2\/pages"}],"about":[{"href":"https:\/\/e-doc.univ-avignon.fr\/affaires-juridiques\/wp-json\/wp\/v2\/types\/page"}],"author":[{"embeddable":true,"href":"https:\/\/e-doc.univ-avignon.fr\/affaires-juridiques\/wp-json\/wp\/v2\/users\/1"}],"replies":[{"embeddable":true,"href":"https:\/\/e-doc.univ-avignon.fr\/affaires-juridiques\/wp-json\/wp\/v2\/comments?post=772"}],"version-history":[{"count":37,"href":"https:\/\/e-doc.univ-avignon.fr\/affaires-juridiques\/wp-json\/wp\/v2\/pages\/772\/revisions"}],"predecessor-version":[{"id":5866,"href":"https:\/\/e-doc.univ-avignon.fr\/affaires-juridiques\/wp-json\/wp\/v2\/pages\/772\/revisions\/5866"}],"up":[{"embeddable":true,"href":"https:\/\/e-doc.univ-avignon.fr\/affaires-juridiques\/wp-json\/wp\/v2\/pages\/1714"}],"wp:attachment":[{"href":"https:\/\/e-doc.univ-avignon.fr\/affaires-juridiques\/wp-json\/wp\/v2\/media?parent=772"}],"curies":[{"name":"wp","href":"https:\/\/api.w.org\/{rel}","templated":true}]}}