{"id":868,"date":"2016-04-07T14:52:54","date_gmt":"2016-04-07T13:52:54","guid":{"rendered":"http:\/\/e-doc.univ-avignon.fr\/affaires-juridiques\/?page_id=868"},"modified":"2017-12-01T10:57:52","modified_gmt":"2017-12-01T09:57:52","slug":"autres-arretes-du-president","status":"publish","type":"page","link":"https:\/\/e-doc.univ-avignon.fr\/affaires-juridiques\/actes-reglementaires\/autres-arretes-du-president\/","title":{"rendered":"Autres arr\u00eat\u00e9s du Pr\u00e9sident &#8211; 2017"},"content":{"rendered":"<p>&#8211;\u00a0<a href=\"http:\/\/e-doc.univ-avignon.fr\/affaires-juridiques\/wp-content\/uploads\/sites\/11\/2016\/04\/Arr\u00eat\u00e9-SAJ-n\u00b02017-01-du-19janv2017-modif-compo-CPE.pdf\">Arr\u00eat\u00e9 SAJ n\u00b02017-01 du 19 janvier 2017<\/a> : modifiant la composition de la commission paritaire d&rsquo;\u00e9tablissement (CPE).<\/p>\n<p>&#8211; <a href=\"http:\/\/e-doc.univ-avignon.fr\/affaires-juridiques\/wp-content\/uploads\/sites\/11\/2016\/04\/Arr\u00eat\u00e9-saj-n\u00b02017-02-du-19janv2017-modif-compo-CCP-ANT.pdf\">Arr\u00eat\u00e9 SAJ n\u00b02017-02 du 19 janvier 2017<\/a> : modifiant la composition de la commission consultative paritaire comp\u00e9tente \u00e0 l&rsquo;\u00e9gard des agents non titulaires (CCP ANT).<\/p>\n<p>&#8211; <a href=\"http:\/\/e-doc.univ-avignon.fr\/affaires-juridiques\/wp-content\/uploads\/sites\/11\/2016\/04\/Arr\u00eat\u00e9-SAJ-n\u00b02017-03-du-27mars2017-modif-compo-CHSCT.pdf\">Arr\u00eat\u00e9 SAJ n\u00b02017-03 du 27 mars 2017<\/a> : modifiant la composition du comit\u00e9 d&rsquo;hygi\u00e8ne et de s\u00e9curit\u00e9 et des conditions de travail (CHSCT).<\/p>\n<p>&#8211; <a href=\"http:\/\/e-doc.univ-avignon.fr\/affaires-juridiques\/wp-content\/uploads\/sites\/11\/2016\/04\/Arr\u00eat\u00e9-SAJ-n\u00b02017-04-du-3juillet2017-compo-CEC.pdf\">Arr\u00eat\u00e9 SAJ n\u00b02017-04 du 3 juillet 2017<\/a> : portant composition du nouveau Comit\u00e9 \u00c9lectoral Consultatif (CEC).<\/p>\n<p>&#8211; <a href=\"http:\/\/e-doc.univ-avignon.fr\/affaires-juridiques\/wp-content\/uploads\/sites\/11\/2016\/04\/Arr\u00eat\u00e9-SAJ-n\u00b02017-05-du-13sept2017modif-compo-CEC.pdf\">Arr\u00eat\u00e9 SAJ n\u00b02017-05 du 13 septembre 2017<\/a> : modifiant la composition du Comit\u00e9 \u00c9lectoral Consultatif (CEC).<\/p>\n<p>&#8211; <a href=\"http:\/\/e-doc.univ-avignon.fr\/affaires-juridiques\/wp-content\/uploads\/sites\/11\/2016\/04\/Arr\u00eat\u00e9-SAJ-n\u00b02017-06-contr\u00f4le-personnes-effets-personnels-rentr\u00e9e-2017.pdf\">Arr\u00eat\u00e9 SAJ n\u00b02017-06 du 13 septembre 2017<\/a> : mesures de contr\u00f4le d&rsquo;acc\u00e8s aux enceintes et b\u00e2timents de l&rsquo;UAPV (Vigipirate \u00ab\u00a0rentr\u00e9e 2017\u00a0\u00bb).<\/p>\n<p>&#8211; <a href=\"http:\/\/e-doc.univ-avignon.fr\/affaires-juridiques\/wp-content\/uploads\/sites\/11\/2016\/04\/Arr\u00eat\u00e9-SAJ-n\u00b0-2017-07-mesures-de-controle-acces_renr\u00e9e-2017.pdf\">Arr\u00eat\u00e9 SAJ n\u00b02017-07 du 13 septembre 2017<\/a> : mesure de contr\u00f4le d&rsquo;acc\u00e8s des personnels et des \u00e9tudiants de l&rsquo;UAPV, des personnels du CROUS et des personnes ext\u00e9rieures \u00e0 l&rsquo;universit\u00e9 (Vigipirate \u00ab\u00a0rentr\u00e9e 2017\u00a0\u00bb).<\/p>\n<p>&#8211; <a href=\"http:\/\/e-doc.univ-avignon.fr\/affaires-juridiques\/wp-content\/uploads\/sites\/11\/2016\/04\/Arr\u00eat\u00e9-SAJ-n\u00b02017-08-du-18oct2017-propagande-maintien-ordre-\u00e9lections-conseils.pdf\">Arr\u00eat\u00e9 SAJ n\u00b02017-08 du 18 octobre 2017<\/a> : propagande et maintien de l&rsquo;ordre dans le cadre des \u00e9lections aux conseils centraux (CA, CFVU et CR du CAC) et des conseils des composantes.<\/p>\n<p>&#8211;\u00a0<a href=\"http:\/\/e-doc.univ-avignon.fr\/affaires-juridiques\/wp-content\/uploads\/sites\/11\/2017\/12\/Arr\u00eat\u00e9-SAGI-n\u00b02017-09-du-28-novembre-2017-modifiant-la-composition-du-CEC-vcorrig\u00e9e.pdf\">Arr\u00eat\u00e9 SAGI n\u00b02017-09 du 28 novembre 2017<\/a> :\u00a0modifiant la composition du Comit\u00e9 \u00c9lectoral Consultatif (CEC).<\/p>\n<p>&nbsp;<\/p>\n<p class=\"bodytext\">\n","protected":false},"excerpt":{"rendered":"<p>&#8211;\u00a0Arr\u00eat\u00e9 SAJ n\u00b02017-01 du 19 janvier 2017 : modifiant la composition de la commission paritaire d&rsquo;\u00e9tablissement (CPE). &#8211; Arr\u00eat\u00e9 SAJ n\u00b02017-02 du 19 janvier 2017 : modifiant la composition de la commission consultative paritaire comp\u00e9tente \u00e0 l&rsquo;\u00e9gard des agents non titulaires (CCP ANT). &#8211; Arr\u00eat\u00e9 SAJ n\u00b02017-03 du 27 mars 2017 : modifiant la composition &hellip; <a href=\"https:\/\/e-doc.univ-avignon.fr\/affaires-juridiques\/actes-reglementaires\/autres-arretes-du-president\/\" class=\"more-link\">Continuer la lecture de <span class=\"screen-reader-text\">Autres arr\u00eat\u00e9s du Pr\u00e9sident &#8211; 2017<\/span><\/a><\/p>\n","protected":false},"author":1,"featured_media":0,"parent":1714,"menu_order":0,"comment_status":"closed","ping_status":"closed","template":"","meta":{"footnotes":""},"class_list":["post-868","page","type-page","status-publish","hentry"],"_links":{"self":[{"href":"https:\/\/e-doc.univ-avignon.fr\/affaires-juridiques\/wp-json\/wp\/v2\/pages\/868","targetHints":{"allow":["GET"]}}],"collection":[{"href":"https:\/\/e-doc.univ-avignon.fr\/affaires-juridiques\/wp-json\/wp\/v2\/pages"}],"about":[{"href":"https:\/\/e-doc.univ-avignon.fr\/affaires-juridiques\/wp-json\/wp\/v2\/types\/page"}],"author":[{"embeddable":true,"href":"https:\/\/e-doc.univ-avignon.fr\/affaires-juridiques\/wp-json\/wp\/v2\/users\/1"}],"replies":[{"embeddable":true,"href":"https:\/\/e-doc.univ-avignon.fr\/affaires-juridiques\/wp-json\/wp\/v2\/comments?post=868"}],"version-history":[{"count":26,"href":"https:\/\/e-doc.univ-avignon.fr\/affaires-juridiques\/wp-json\/wp\/v2\/pages\/868\/revisions"}],"predecessor-version":[{"id":2443,"href":"https:\/\/e-doc.univ-avignon.fr\/affaires-juridiques\/wp-json\/wp\/v2\/pages\/868\/revisions\/2443"}],"up":[{"embeddable":true,"href":"https:\/\/e-doc.univ-avignon.fr\/affaires-juridiques\/wp-json\/wp\/v2\/pages\/1714"}],"wp:attachment":[{"href":"https:\/\/e-doc.univ-avignon.fr\/affaires-juridiques\/wp-json\/wp\/v2\/media?parent=868"}],"curies":[{"name":"wp","href":"https:\/\/api.w.org\/{rel}","templated":true}]}}