{"id":946,"date":"2016-03-24T16:08:37","date_gmt":"2016-03-24T15:08:37","guid":{"rendered":"http:\/\/e-doc.univ-avignon.fr\/affaires-juridiques\/?page_id=946"},"modified":"2026-01-06T14:36:45","modified_gmt":"2026-01-06T13:36:45","slug":"statuts-et-reglement-interieur-de-luapv","status":"publish","type":"page","link":"https:\/\/e-doc.univ-avignon.fr\/affaires-juridiques\/statuts-et-reglement-interieur-de-luapv\/","title":{"rendered":"Statuts et r\u00e8glement int\u00e9rieur de l&rsquo;universit\u00e9"},"content":{"rendered":"<ul>\n<li><a href=\"https:\/\/e-doc.univ-avignon.fr\/affaires-juridiques\/wp-content\/uploads\/sites\/11\/2025\/10\/STATUTS-Avignon-Universite-7oct.2025.pdf\">Statuts de l&rsquo;universit\u00e9<\/a>(.pdf)<\/li>\n<li><a href=\"https:\/\/e-doc.univ-avignon.fr\/affaires-juridiques\/wp-content\/uploads\/sites\/11\/2025\/03\/RI-AU-mars-2025.pdf\">R\u00e8glement int\u00e9rieur de l&rsquo;universit\u00e9\u00a0<\/a>(.pdf) et ses annexes :<\/li>\n<\/ul>\n<p><span style=\"color: #ffffff\"><span style=\"color: #000000\">* <\/span><\/span><em><a href=\"http:\/\/e-doc.univ-avignon.fr\/affaires-juridiques\/wp-content\/uploads\/sites\/11\/2016\/03\/Charte_des_Associations_2015-UAPV.pdf\">Charte des associations<\/a><\/em> (.pdf)<\/p>\n<p><span style=\"color: #ffffff\"><span style=\"color: #000000\">* <\/span><\/span><em><a href=\"http:\/\/e-doc.univ-avignon.fr\/affaires-juridiques\/wp-content\/uploads\/sites\/11\/2016\/03\/Charte_Universite-Handicap_4_mai_2012.pdf\">Charte du handicap<\/a><\/em> (.pdf)<\/p>\n<p><span style=\"color: #ffffff\"><span style=\"color: #000000\">* <\/span><\/span><em><a href=\"http:\/\/e-doc.univ-avignon.fr\/affaires-juridiques\/wp-content\/uploads\/sites\/11\/2016\/03\/Charte-pour-l\u00aegalit\u00ae-entre-femmes-et-hommes_UAPV.pdf\">Charte pour l&rsquo;\u00e9galit\u00e9 entre les femmes et les hommes dans les \u00e9tablissements d&rsquo;enseignement sup\u00e9rieur et de recherche<\/a><\/em> (.pdf)<\/p>\n<p>* <em><a href=\"http:\/\/e-doc.univ-avignon.fr\/affaires-juridiques\/wp-content\/uploads\/sites\/11\/2016\/03\/Charte-pour-lusage-du-SI-et-des-services-num\u00e9riques-adopt\u00e9e-en-CA-le-26-septembre-2017.pdf\">Charte pour l&rsquo;usage du syst\u00e8me d&rsquo;information et des services num\u00e9riques<\/a> (.pdf)<\/em><\/p>\n<p><span style=\"color: #ffffff\"><span style=\"color: #000000\">* <\/span><\/span><em><a href=\"http:\/\/e-doc.univ-avignon.fr\/affaires-juridiques\/wp-content\/uploads\/sites\/11\/2016\/03\/guide-CPU-web.pdf\">Guide de la la\u00efcit\u00e9 dans l&rsquo;enseignement sup\u00e9rieur<\/a><\/em> (.pdf)<\/p>\n<p>* <a href=\"https:\/\/e-doc.univ-avignon.fr\/affaires-juridiques\/wp-content\/uploads\/sites\/11\/2025\/05\/Charte-alimentation-responsable-AU-CA-10.09.2024.pdf\">Charte alimentation responsable <\/a>(.pdf)<\/p>\n<p>* <a href=\"https:\/\/e-doc.univ-avignon.fr\/affaires-juridiques\/wp-content\/uploads\/sites\/11\/2025\/05\/328195__Charte_goodies_durables_AU___Approuvee_CA_17.12.2024_complet.pdf\">Charte des objets publicitaires\/goodies durables<\/a> (.pdf)<\/p>\n<p>* <a href=\"https:\/\/e-doc.univ-avignon.fr\/affaires-juridiques\/wp-content\/uploads\/sites\/11\/2025\/11\/Instruction-sante-securite-au-travail_approuvee-en-CA-le-26.06.2025.pdf\">Instruction g\u00e9n\u00e9rale relative \u00e0 la sant\u00e9 et la s\u00e9curit\u00e9 au travail<\/a> (.pdf)<\/p>\n","protected":false},"excerpt":{"rendered":"<p>Statuts de l&rsquo;universit\u00e9(.pdf) R\u00e8glement int\u00e9rieur de l&rsquo;universit\u00e9\u00a0(.pdf) et ses annexes : * Charte des associations (.pdf) * Charte du handicap (.pdf) * Charte pour l&rsquo;\u00e9galit\u00e9 entre les femmes et les hommes dans les \u00e9tablissements d&rsquo;enseignement sup\u00e9rieur et de recherche (.pdf) * Charte pour l&rsquo;usage du syst\u00e8me d&rsquo;information et des services num\u00e9riques (.pdf) * Guide de &hellip; <a href=\"https:\/\/e-doc.univ-avignon.fr\/affaires-juridiques\/statuts-et-reglement-interieur-de-luapv\/\" class=\"more-link\">Continuer la lecture de <span class=\"screen-reader-text\">Statuts et r\u00e8glement int\u00e9rieur de l&rsquo;universit\u00e9<\/span><\/a><\/p>\n","protected":false},"author":30,"featured_media":0,"parent":0,"menu_order":0,"comment_status":"closed","ping_status":"closed","template":"","meta":{"footnotes":""},"class_list":["post-946","page","type-page","status-publish","hentry"],"_links":{"self":[{"href":"https:\/\/e-doc.univ-avignon.fr\/affaires-juridiques\/wp-json\/wp\/v2\/pages\/946","targetHints":{"allow":["GET"]}}],"collection":[{"href":"https:\/\/e-doc.univ-avignon.fr\/affaires-juridiques\/wp-json\/wp\/v2\/pages"}],"about":[{"href":"https:\/\/e-doc.univ-avignon.fr\/affaires-juridiques\/wp-json\/wp\/v2\/types\/page"}],"author":[{"embeddable":true,"href":"https:\/\/e-doc.univ-avignon.fr\/affaires-juridiques\/wp-json\/wp\/v2\/users\/30"}],"replies":[{"embeddable":true,"href":"https:\/\/e-doc.univ-avignon.fr\/affaires-juridiques\/wp-json\/wp\/v2\/comments?post=946"}],"version-history":[{"count":32,"href":"https:\/\/e-doc.univ-avignon.fr\/affaires-juridiques\/wp-json\/wp\/v2\/pages\/946\/revisions"}],"predecessor-version":[{"id":7480,"href":"https:\/\/e-doc.univ-avignon.fr\/affaires-juridiques\/wp-json\/wp\/v2\/pages\/946\/revisions\/7480"}],"wp:attachment":[{"href":"https:\/\/e-doc.univ-avignon.fr\/affaires-juridiques\/wp-json\/wp\/v2\/media?parent=946"}],"curies":[{"name":"wp","href":"https:\/\/api.w.org\/{rel}","templated":true}]}}