{"id":222,"date":"2020-01-28T09:50:10","date_gmt":"2020-01-28T08:50:10","guid":{"rendered":"https:\/\/e-doc.univ-avignon.fr\/bu\/?page_id=222"},"modified":"2022-04-05T13:06:50","modified_gmt":"2022-04-05T12:06:50","slug":"bilan-du-departement-2018","status":"publish","type":"page","link":"https:\/\/e-doc.univ-avignon.fr\/bu\/bilan-du-departement-2018\/","title":{"rendered":"Bilan du d\u00e9partement \u2013 2018"},"content":{"rendered":"\n<p><strong>Chiffres cl\u00e9s<\/strong><br><br> \u2714 335 719 entr\u00e9es \u00e0 la biblioth\u00e8que Maurice Agulhon<br> \u2714 37 028 entr\u00e9es \u00e0 la biblioth\u00e8que Agroparc<br> \u2714 2 272 usagers ayant emprunt\u00e9 au moins un document sur l\u2019ann\u00e9e<br> universitaire<br> Une biblioth\u00e8que attractive sur le territoire<br> La Biblioth\u00e8que Universitaire offre un acc\u00e8s libre, gratuit et ouvert \u00e0 tous.<br> En compl\u00e9ment de la communaut\u00e9 universitaire qu\u2019elle dessert (\u00e9tudiants,<br> enseignants-chercheurs et autres personnels de l\u2019universit\u00e9), elle a inscrit 789<br> usagers ext\u00e9rieurs. Lyc\u00e9ens, \u00e9tudiants de la r\u00e9gion, professionnels et demandeurs d\u2019emploi\u2026 ils repr\u00e9sentent 20 % des emprunteurs.<br><\/p>\n\n\n\n<p><strong>L\u2019offre de services<\/strong><br><br><strong> Chiffres cl\u00e9s<\/strong><br> \u2714 690 places assises \u00e0 la BU Maurice Agulhon<br> \u2714 89 places assises \u00e0 la BU Agroparc<br><br> <strong>Une offre de services sur place et \u00e0 distance<\/strong><br>La biblioth\u00e8que offre \u00e0 ses publics un ensemble de services accessibles sur place :<br> \u2714 Espaces de travail individuel et en groupe<br> \u2714 Pr\u00eat de documents<br> \u2714 Ordinateurs et acc\u00e8s au Wifi<br> \u2714 Imprimantes et photocopieurs<br> \u2714 Scanner haute r\u00e9solution<br> Mais aussi \u00e0 distance :<br> \u2714 Demande de navette documentaire et de pr\u00eat entre biblioth\u00e8ques<br> \u2714 Suggestions d\u2019acquisition<br> \u2714 Service de vid\u00e9o \u00e0 la demande<br> \u2714 Service de renseignement \u00e0 distance (Ubib)<br> \u2714 Demande de rendez-vous avec un biblioth\u00e9caire<br><br><strong> Simplification et diversification de l\u2019offre de services<\/strong><br><br> La Biblioth\u00e8que Universitaire a entrepris de diversifier son offre de services non documentaires.<br> Ainsi, depuis 2018 \u00e0 la biblioth\u00e8que Maurice Agulhon, les services suivants sont propos\u00e9s :<br> \u2714 Mise \u00e0 disposition de trois fontaines \u00e0 eau<br> \u2714 Pr\u00eat de micros utilisables dans les amphith\u00e9\u00e2tres du campus Hannah Arendt<br><br>L\u2019am\u00e9lioration de l\u2019offre de services passe \u00e9galement par la simplification de celle-ci :<br> \u2714 Harmonisation de la politique de pr\u00eat pour tous les types de documents<br> (livres, vid\u00e9os, revues, bandes dessin\u00e9es\u2026) avec une dur\u00e9e de pr\u00eat port\u00e9e \u00e0 28 jours, renouvelable de 14 jours.<br> \u2714 Centralisation dans un espace unique de tous les appareils de reprographie<\/p>\n\n\n\n<p><strong>L\u2019accueil des publics<\/strong><br><br> <strong>Chiffres cl\u00e9s :<\/strong><br> \u2714 60,5 heures d\u2019ouverture hebdomadaire \u00e0 la BU Maurice Agulhon<br> \u2714 50 heures d\u2019ouverture hebdomadaire \u00e0 la BU Agroparc<br> Am\u00e9lioration des conditions d\u2019\u00e9tude et de la qualit\u00e9 de l\u2019accueil<br> La biblioth\u00e8que est engag\u00e9e dans une d\u00e9marche d\u2019am\u00e9lioration des conditions<br> d\u2019\u00e9tude. Suite aux r\u00e9sultats de l\u2019enqu\u00eate de satisfaction LibQual+ men\u00e9e en 2016, elle a mis en \u0153uvre :<br> \u2714 un zonage des espaces de la BU Maurice Agulhon, distinguant lieux de<br> silence et espaces de discussion \u00e0 voix basse.<br> \u2714 des actions de m\u00e9diation d\u2019un volontaire en service civique en vue de<br> sensibiliser le public \u00e0 la politesse, \u00e0 la courtoisie et au respect.<br> La qualit\u00e9 de l\u2019accueil a quant \u00e0 elle \u00e9t\u00e9 r\u00e9compens\u00e9e par le barom\u00e8tre Marianne qui lui attribue une note de 8\/10, en augmentation d\u2019un point par rapport \u00e0 2017.<\/p>\n\n\n\n<p><strong>La formation des publics<\/strong><br><br> <strong>Chiffres cl\u00e9s<\/strong> :<br> \u2714 835 heures de formation dispens\u00e9es<br> \u2714 3869 usagers form\u00e9s<br><strong><br> D\u00e9veloppement de l\u2019offre de formations \u00e0 destination des doctorants et<br> des enseignants-chercheurs<\/strong><br> S\u2019appuyant sur une \u00e9quipe de quatre titulaires et de dix \u00e9tudiants vacataires, le service de Formation des publics poursuit son action en direction des \u00e9tudiants de<br> niveau Licence et de niveau Master :<br> \u2714 3 heures de formation documentaire obligatoire en L1<br> \u2714 9 heures en L2<br> \u2714 co-construction d\u2019une offre avec les enseignants pour le niveau Master<br> Pour la deuxi\u00e8me ann\u00e9e cons\u00e9cutive, un cycle d\u2019ateliers sp\u00e9cifiquement d\u00e9di\u00e9s aux doctorants a \u00e9galement \u00e9t\u00e9 propos\u00e9 dans le but d\u2019apporter \u00e0 ceux-ci les comp\u00e9tences informationnelles utiles \u00e0 la r\u00e9ussite de leur doctorat.<br> L\u2019offre de formation \u00e0 destination des chercheurs inclut \u00e9galement les \u00ab Journ\u00e9es Urfist \u00bb qui se sont d\u00e9roul\u00e9es sur les deux campus autour de la th\u00e9matique<br> \u00ab Am\u00e9liorer la visibilit\u00e9 de sa production scientifique \u00bb.<br><br>Lancement d\u2019un groupe de travail au sein de l\u2019association Aix-Marseille-<br> Provence-M\u00e9diterran\u00e9e<br> La Biblioth\u00e8que Universitaire d&rsquo;Avignon a particip\u00e9 au premier groupe de travail sur la documentation mis en place en 2018.<br> Cibl\u00e9 sur la formation des usagers, ce groupe a pour objectifs :<br> \u2714 la production de ressources p\u00e9dagogiques communes<br> \u2714 le d\u00e9veloppement de pratiques de p\u00e9dagogie innovante.<br> Le travail de ce groupe a conduit \u00e0 la formalisation d&rsquo;un projet s\u00e9lectionn\u00e9 dans le cadre de l&rsquo;AMI 2019 du minist\u00e8re de l&rsquo;enseignement sup\u00e9rieur et de la recherche<br> \u00ab\u00a0Transformation p\u00e9dagogique et num\u00e9rique\u00a0\u00bb (projet Eurek@Doc).<br> Par ailleurs, il a donn\u00e9 lieu \u00e0 des \u00e9changes de pratiques sur la formation des doctorants et des enseignants-chercheurs, ainsi qu&rsquo;\u00e0 la conception d&rsquo;un jeu d\u2019\u00e9vasion propos\u00e9 dans le cadre des Journ\u00e9es Europ\u00e9ennes du Patrimoine.<\/p>\n\n\n\n<p><strong>Le pr\u00eat entre biblioth\u00e8ques<br><br> Chiffres cl\u00e9s<\/strong> : <br> \u2714 665 documents d\u2019autres biblioth\u00e8ques demand\u00e9s par les publics de la<br> biblioth\u00e8que<br> \u2714 224 documents de la biblioth\u00e8que demand\u00e9s par les publics d\u2019autres<br> biblioth\u00e8ques<br> Un service appr\u00e9ci\u00e9 par les enseignants-chercheurs<br> Malgr\u00e9 une diminution constat\u00e9e du nombre de demandes, le service de Pr\u00eat entre<br> Biblioth\u00e8ques reste un service tr\u00e8s appr\u00e9ci\u00e9 des enseignants-chercheurs et des \u00e9tudiants de niveau avanc\u00e9, comme en t\u00e9moignent les groupes de discussion men\u00e9s avec des usagers de la biblioth\u00e8que au printemps 2019.<br> Le pourcentage de demandes de pr\u00eat entre biblioth\u00e8ques satisfaites est en<br> augmentation constante depuis plusieurs ann\u00e9es et il repr\u00e9sente 97 % du nombre total de demandes en 2018. Quant au d\u00e9lai moyen de fourniture des documents, il est d\u2019environ 8 jours lorsque les monographies ou les reproductions proviennent du r\u00e9seau fran\u00e7ais.<\/p>\n\n\n\n<p><strong>L\u2019action culturelle, scientifique et technique<\/strong><br><strong><br> Chiffres cl\u00e9s<\/strong> : <br> \u2714 11 expositions<br> \u2714 8 manifestations culturelles (conf\u00e9rences, projections, ateliers, lectures,<br> discussions litt\u00e9raires, etc.)<br> Une offre culturelle croissante<br> L\u2019offre de manifestations culturelles tend \u00e0 augmenter depuis plusieurs<br> ann\u00e9es. Celles-ci s\u2019inscrivent pour partie dans le cadre de grands<br> \u00e9v\u00e9nements nationaux ou territoriaux :<br> \u2714 Printemps des po\u00e8tes<br> \u2714 Mois du film documentaire<br> \u2714 Journ\u00e9es Europ\u00e9ennes du Patrimoine<br> \u2714 Festival d\u2019Avignon<br> \u2714 Semaine italienne \u00e0 Avignon<br> Elles privil\u00e9gient \u00e9galement les partenariats avec les enseignants, chercheurs,<br> services et composantes d\u2019Avignon Universit\u00e9.<br> En 2018, L\u2019exposition Patrimoine de la R\u00e9publique : \u201cLibert\u00e9, \u00c9galit\u00e9, Fraternit\u00e9, mots  et images d\u2019une devise\u201d a constitu\u00e9 un temps fort de la programmation culturelle.<\/p>\n\n\n\n<p><\/p>\n\n\n\n<p><br> \/<\/p>\n\n\n\n<p><\/p>\n\n\n\n<p><\/p>\n","protected":false},"excerpt":{"rendered":"<p>Chiffres cl\u00e9s \u2714 335 719 entr\u00e9es \u00e0 la biblioth\u00e8que Maurice Agulhon \u2714 37 028 entr\u00e9es \u00e0 la biblioth\u00e8que Agroparc \u2714 2 272 usagers ayant emprunt\u00e9 au moins un document sur l\u2019ann\u00e9e universitaire Une biblioth\u00e8que attractive sur le territoire La Biblioth\u00e8que Universitaire offre un acc\u00e8s libre, gratuit et ouvert \u00e0 tous. En compl\u00e9ment de la communaut\u00e9 &hellip; <a href=\"https:\/\/e-doc.univ-avignon.fr\/bu\/bilan-du-departement-2018\/\" class=\"more-link\">Continuer la lecture de <span class=\"screen-reader-text\">Bilan du d\u00e9partement \u2013 2018<\/span><\/a><\/p>\n","protected":false},"author":478,"featured_media":0,"parent":0,"menu_order":0,"comment_status":"closed","ping_status":"closed","template":"","meta":{"footnotes":""},"class_list":["post-222","page","type-page","status-publish","hentry"],"_links":{"self":[{"href":"https:\/\/e-doc.univ-avignon.fr\/bu\/wp-json\/wp\/v2\/pages\/222","targetHints":{"allow":["GET"]}}],"collection":[{"href":"https:\/\/e-doc.univ-avignon.fr\/bu\/wp-json\/wp\/v2\/pages"}],"about":[{"href":"https:\/\/e-doc.univ-avignon.fr\/bu\/wp-json\/wp\/v2\/types\/page"}],"author":[{"embeddable":true,"href":"https:\/\/e-doc.univ-avignon.fr\/bu\/wp-json\/wp\/v2\/users\/478"}],"replies":[{"embeddable":true,"href":"https:\/\/e-doc.univ-avignon.fr\/bu\/wp-json\/wp\/v2\/comments?post=222"}],"version-history":[{"count":2,"href":"https:\/\/e-doc.univ-avignon.fr\/bu\/wp-json\/wp\/v2\/pages\/222\/revisions"}],"predecessor-version":[{"id":224,"href":"https:\/\/e-doc.univ-avignon.fr\/bu\/wp-json\/wp\/v2\/pages\/222\/revisions\/224"}],"wp:attachment":[{"href":"https:\/\/e-doc.univ-avignon.fr\/bu\/wp-json\/wp\/v2\/media?parent=222"}],"curies":[{"name":"wp","href":"https:\/\/api.w.org\/{rel}","templated":true}]}}