{"id":2,"date":"2015-11-02T14:31:37","date_gmt":"2015-11-02T13:31:37","guid":{"rendered":"http:\/\/e-doc.univ-avignon.fr\/caspua\/?page_id=2"},"modified":"2022-03-31T16:41:09","modified_gmt":"2022-03-31T15:41:09","slug":"page-d-exemple","status":"publish","type":"page","link":"https:\/\/e-doc.univ-avignon.fr\/caspua\/","title":{"rendered":"CASPUA"},"content":{"rendered":"<h4>Comit\u00e9 Associatif des Personnels de l\u2019Universit\u00e9 d\u2019Avignon<\/h4>\n<p>Le Comit\u00e9 Associatif des Personnels de l\u2019Universit\u00e9 d\u2019Avignon est une association loi 1901 subventionn\u00e9e par Avignon Universit\u00e9 proposant des services de loisirs culturels, sportifs ou touristique \u00e0 son personnel.<br \/>Pour \u00e9largir le champs des propositions et des prestations, le CASPUA adh\u00e8re \u00e0 Acc\u00e8s CE qui propose aux adh\u00e9rents de b\u00e9n\u00e9ficier de nombreux tarifs pr\u00e9f\u00e9rentiels sur les loisirs, sports, entr\u00e9es de parc, vacances, spectacles, prestation de bien-\u00eatre&#8230; avec une gestion billetterie totalement externalis\u00e9e. Toutes les prestations avec Acc\u00e8s CE se font uniquement par internet : <a href=\"https:\/\/acces-ce.fr\/\">https:\/\/acces-ce.fr\/<\/a><\/p>\n<p>\u00a0<\/p>\n<p>\u00a0<\/p>\n\n\n<p><\/p>\n","protected":false},"excerpt":{"rendered":"<p>Comit\u00e9 Associatif des Personnels de l\u2019Universit\u00e9 d\u2019Avignon Le Comit\u00e9 Associatif des Personnels de l\u2019Universit\u00e9 d\u2019Avignon est une association loi 1901 subventionn\u00e9e par Avignon Universit\u00e9 proposant des services de loisirs culturels, sportifs ou touristique \u00e0 son personnel.Pour \u00e9largir le champs des propositions et des prestations, le CASPUA adh\u00e8re \u00e0 Acc\u00e8s CE qui propose aux adh\u00e9rents de &hellip; <a href=\"https:\/\/e-doc.univ-avignon.fr\/caspua\/\" class=\"more-link\">Continuer la lecture de <span class=\"screen-reader-text\">CASPUA<\/span><\/a><\/p>\n","protected":false},"author":1,"featured_media":0,"parent":0,"menu_order":0,"comment_status":"closed","ping_status":"open","template":"","meta":{"footnotes":""},"class_list":["post-2","page","type-page","status-publish","hentry"],"_links":{"self":[{"href":"https:\/\/e-doc.univ-avignon.fr\/caspua\/wp-json\/wp\/v2\/pages\/2","targetHints":{"allow":["GET"]}}],"collection":[{"href":"https:\/\/e-doc.univ-avignon.fr\/caspua\/wp-json\/wp\/v2\/pages"}],"about":[{"href":"https:\/\/e-doc.univ-avignon.fr\/caspua\/wp-json\/wp\/v2\/types\/page"}],"author":[{"embeddable":true,"href":"https:\/\/e-doc.univ-avignon.fr\/caspua\/wp-json\/wp\/v2\/users\/1"}],"replies":[{"embeddable":true,"href":"https:\/\/e-doc.univ-avignon.fr\/caspua\/wp-json\/wp\/v2\/comments?post=2"}],"version-history":[{"count":13,"href":"https:\/\/e-doc.univ-avignon.fr\/caspua\/wp-json\/wp\/v2\/pages\/2\/revisions"}],"predecessor-version":[{"id":234,"href":"https:\/\/e-doc.univ-avignon.fr\/caspua\/wp-json\/wp\/v2\/pages\/2\/revisions\/234"}],"wp:attachment":[{"href":"https:\/\/e-doc.univ-avignon.fr\/caspua\/wp-json\/wp\/v2\/media?parent=2"}],"curies":[{"name":"wp","href":"https:\/\/api.w.org\/{rel}","templated":true}]}}