{"id":369,"date":"2019-02-18T18:11:01","date_gmt":"2019-02-18T17:11:01","guid":{"rendered":"https:\/\/e-doc.univ-avignon.fr\/maison-de-la-communication\/?page_id=369"},"modified":"2022-01-21T15:58:08","modified_gmt":"2022-01-21T14:58:08","slug":"courrier","status":"publish","type":"page","link":"https:\/\/e-doc.univ-avignon.fr\/direction-de-la-communication\/charte-graphique-de-luniversite\/courrier\/","title":{"rendered":"Papiers en-t\u00eate &#8211; services"},"content":{"rendered":"<p>Des mod\u00e8les de courrier sur papier \u00e0 en-t\u00eate ont \u00e9t\u00e9 cr\u00e9\u00e9s sous Word et sont d\u00e9clin\u00e9s par service et selon les usages (num\u00e9riques ou \u00e0 imprimer).<\/p>\n<p>Pour Libre Office, il vous suffit d&rsquo;ouvrir le document Word directement sous Libre Office (ou Open Office) et d&rsquo;enregistrer en .odt.<\/p>\n<p>Nous vous conseillons d&rsquo;enregistrer les 2 types de documents comme mod\u00e8le :<br \/>\n<em>&gt;&gt;&gt; Fichier &gt; Enregistrer comme mod\u00e8le<br \/>\n<\/em>Cela vous permettra de les retrouver plus facilement.<em><br \/>\n<\/em><\/p>\n<p>Si vous rencontrez des probl\u00e8mes, merci de nous contacter par <a href=\"https:\/\/www.appigs.univ-avignon.fr\/extranet\/assistance.html\">Ticket d&rsquo;assistance Communication<\/a>.<\/p>\n<p><strong>Mod\u00e8le \u00e0 imprimer (sans fond)<br \/>\n<\/strong><\/p>\n<p><strong><img loading=\"lazy\" decoding=\"async\" class=\"alignnone size-medium wp-image-459\" src=\"https:\/\/e-doc.univ-avignon.fr\/maison-de-la-communication\/wp-content\/uploads\/sites\/9\/2019\/03\/Capture-sansfond-213x300.png\" alt=\"\" width=\"213\" height=\"300\" srcset=\"https:\/\/e-doc.univ-avignon.fr\/direction-de-la-communication\/wp-content\/uploads\/sites\/9\/2019\/03\/Capture-sansfond-213x300.png 213w, https:\/\/e-doc.univ-avignon.fr\/direction-de-la-communication\/wp-content\/uploads\/sites\/9\/2019\/03\/Capture-sansfond.png 448w\" sizes=\"auto, (max-width: 213px) 100vw, 213px\" \/>\u00a0<\/strong><\/p>\n<p><em>Mod\u00e8le \u00e0 imprimer sans fond et papier pr\u00e9-imprim\u00e9<br \/>\n<\/em><\/p>\n<p>Un fond de papier \u00e0 en-t\u00eate a \u00e9t\u00e9 imprim\u00e9 et livr\u00e9 dans chaque service.<br \/>\nIl vous suffit d&rsquo;\u00e9crire sur le mod\u00e8le Word \u00ab\u00a0sans fond\u00a0\u00bb de votre service et d&rsquo;imprimer ensuite sur le papier pr\u00e9alablement livr\u00e9.<\/p>\n<hr \/>\n<p><strong>Mod\u00e8le pour usage num\u00e9rique<\/strong><\/p>\n<p><em>Mod\u00e8le num\u00e9rique avec fond<\/em><\/p>\n<p>Si vous souhaitez transmettre un courrier par courriel (pdf ou autre), merci d&rsquo;utiliser le papier \u00ab\u00a0avec fond\u00a0\u00bb et d&rsquo;exporter ensuite votre document en pdf ou de le laisser en .doc ou .odt.<\/p>\n<p><span style=\"color: #ff6600\"><strong>Attention : <span style=\"text-decoration: underline\">Ce papier num\u00e9rique ne peut pas \u00eatre imprim\u00e9<\/span> car il ne doit pas avoir de marge.<br \/>\nMerci d&rsquo;utiliser le mod\u00e8le \u00ab\u00a0\u00e0 imprimer\u00a0\u00bb (sans fond) si vous souhaitez imprimer votre document et avoir un rendu optimis\u00e9.<\/strong><\/span><\/p>\n<h2 id=\"tablepress-6-name\" class=\"tablepress-table-name tablepress-table-name-id-6\">Services centraux<\/h2>\n\n<table id=\"tablepress-6\" class=\"tablepress tablepress-id-6\" aria-labelledby=\"tablepress-6-name\">\n<thead>\n<tr class=\"row-1\">\n\t<th class=\"column-1\">Service \/ Composante<\/th><th class=\"column-2\">Mod\u00e8le Word - avec fond (usage num\u00e9rique)<\/th><th class=\"column-3\">Mod\u00e8le Word - sans fond (usage imprim\u00e9)<\/th>\n<\/tr>\n<\/thead>\n<tbody class=\"row-striping row-hover\">\n<tr class=\"row-2\">\n\t<td class=\"column-1\">Agence comptable<\/td><td class=\"column-2\"><a href=\"https:\/\/e-doc.univ-avignon.fr\/direction-de-la-communication\/wp-content\/uploads\/sites\/9\/2022\/01\/TDL-AgenceComptable.docx\">t\u00e9l\u00e9charger<\/a><\/td><td class=\"column-3\"><a href=\"https:\/\/e-doc.univ-avignon.fr\/direction-de-la-communication\/wp-content\/uploads\/sites\/9\/2019\/03\/TDL-sansfond-services.docx\">t\u00e9l\u00e9charger<\/a><\/td>\n<\/tr>\n<tr class=\"row-3\">\n\t<td class=\"column-1\">DAJI<\/td><td class=\"column-2\"><a href=\"https:\/\/e-doc.univ-avignon.fr\/direction-de-la-communication\/wp-content\/uploads\/sites\/9\/2024\/06\/TDL-Direction-des-Affaires-Juridiques-et-Institutionnelles.docx\">t\u00e9l\u00e9charger<\/a><\/td><td class=\"column-3\"><a href=\"https:\/\/e-doc.univ-avignon.fr\/direction-de-la-communication\/wp-content\/uploads\/sites\/9\/2019\/03\/TDL-sansfond-services.docx\">t\u00e9l\u00e9charger<\/a><\/td>\n<\/tr>\n<tr class=\"row-4\">\n\t<td class=\"column-1\">DPAC<\/td><td class=\"column-2\"><a href=\"https:\/\/e-doc.univ-avignon.fr\/direction-de-la-communication\/wp-content\/uploads\/sites\/9\/2024\/06\/TDL-Direction-du-Pilotage-et-de-lAmelioration-Continue.docx\">t\u00e9l\u00e9charger<\/a><\/td><td class=\"column-3\"><a href=\"https:\/\/e-doc.univ-avignon.fr\/direction-de-la-communication\/wp-content\/uploads\/sites\/9\/2019\/03\/TDL-sansfond-services.docx\">t\u00e9l\u00e9charger<\/a><\/td>\n<\/tr>\n<tr class=\"row-5\">\n\t<td class=\"column-1\">DAF<\/td><td class=\"column-2\"><a href=\"https:\/\/e-doc.univ-avignon.fr\/direction-de-la-communication\/wp-content\/uploads\/sites\/9\/2025\/05\/TDL-Direction-des-Affaires-Financieres.docx\">t\u00e9l\u00e9charger<\/a><br \/>\n<\/td><td class=\"column-3\"><a href=\"https:\/\/e-doc.univ-avignon.fr\/direction-de-la-communication\/wp-content\/uploads\/sites\/9\/2019\/03\/TDL-sansfond-services.docx\">t\u00e9l\u00e9charger<\/a><\/td>\n<\/tr>\n<tr class=\"row-6\">\n\t<td class=\"column-1\">DOSI<\/td><td class=\"column-2\"><a href=\"https:\/\/e-doc.univ-avignon.fr\/direction-de-la-communication\/wp-content\/uploads\/sites\/9\/2022\/01\/TDL-DOSI.docx\">t\u00e9l\u00e9charger<\/a><\/td><td class=\"column-3\"><a href=\"https:\/\/e-doc.univ-avignon.fr\/direction-de-la-communication\/wp-content\/uploads\/sites\/9\/2019\/03\/TDL-sansfond-services.docx\">t\u00e9l\u00e9charger<\/a><\/td>\n<\/tr>\n<tr class=\"row-7\">\n\t<td class=\"column-1\">DRH<\/td><td class=\"column-2\"><a href=\"https:\/\/e-doc.univ-avignon.fr\/maison-de-la-communication\/wp-content\/uploads\/sites\/9\/2022\/01\/TDL-DRH.docx\">t\u00e9l\u00e9charger<\/a><\/td><td class=\"column-3\"><a href=\"https:\/\/e-doc.univ-avignon.fr\/maison-de-la-communication\/wp-content\/uploads\/sites\/9\/2019\/03\/TDL-sansfond-services.docx\">t\u00e9l\u00e9charger<\/a><\/td>\n<\/tr>\n<tr class=\"row-8\">\n\t<td class=\"column-1\">Direction d'Appui \u00e0 la Recherche et \u00e0 l'Innovation<\/td><td class=\"column-2\"><a href=\"https:\/\/e-doc.univ-avignon.fr\/direction-de-la-communication\/wp-content\/uploads\/sites\/9\/2022\/01\/TDL-DARI.docx\">t\u00e9l\u00e9charger<\/a><\/td><td class=\"column-3\"><a href=\"https:\/\/e-doc.univ-avignon.fr\/direction-de-la-communication\/wp-content\/uploads\/sites\/9\/2019\/03\/TDL-sansfond-services.docx\">t\u00e9l\u00e9charger<\/a><\/td>\n<\/tr>\n<tr class=\"row-9\">\n\t<td class=\"column-1\">Maison de la Culture et de la Vie de Campus<\/td><td class=\"column-2\"><a href=\"https:\/\/e-doc.univ-avignon.fr\/direction-de-la-communication\/wp-content\/uploads\/sites\/9\/2022\/01\/TDL-MaisondelaCultureetViedeCampus.docx\">t\u00e9l\u00e9charger<\/a><\/td><td class=\"column-3\"><a href=\"https:\/\/e-doc.univ-avignon.fr\/direction-de-la-communication\/wp-content\/uploads\/sites\/9\/2019\/03\/TDL-sansfond-services.docx\">t\u00e9l\u00e9charger<\/a><\/td>\n<\/tr>\n<tr class=\"row-10\">\n\t<td class=\"column-1\">Direction de la Communication<\/td><td class=\"column-2\"><a href=\"https:\/\/e-doc.univ-avignon.fr\/direction-de-la-communication\/wp-content\/uploads\/sites\/9\/2022\/01\/TDL-MaisondelaCommunication.docx\">t\u00e9l\u00e9charger<\/a><\/td><td class=\"column-3\"><a href=\"https:\/\/e-doc.univ-avignon.fr\/direction-de-la-communication\/wp-content\/uploads\/sites\/9\/2019\/03\/TDL-sansfond-services.docx\">t\u00e9l\u00e9charger<\/a><\/td>\n<\/tr>\n<tr class=\"row-11\">\n\t<td class=\"column-1\">Direction du cadre de Vie et de la S\u00e9curit\u00e9<\/td><td class=\"column-2\"><a href=\"https:\/\/e-doc.univ-avignon.fr\/direction-de-la-communication\/wp-content\/uploads\/sites\/9\/2023\/01\/TDL-DCAViS.docx\">t\u00e9l\u00e9charger<\/a><\/td><td class=\"column-3\"><a href=\"https:\/\/e-doc.univ-avignon.fr\/direction-de-la-communication\/wp-content\/uploads\/sites\/9\/2019\/03\/TDL-sansfond-services.docx\">t\u00e9l\u00e9charger<\/a><\/td>\n<\/tr>\n<tr class=\"row-12\">\n\t<td class=\"column-1\">Direction des Etudes et de la scolarit\u00e9<\/td><td class=\"column-2\"><a href=\"https:\/\/e-doc.univ-avignon.fr\/direction-de-la-communication\/wp-content\/uploads\/sites\/9\/2022\/01\/TDL-DirectiondesEtudeetdelaScolarite.docx\">t\u00e9l\u00e9charger<\/a><\/td><td class=\"column-3\"><a href=\"https:\/\/e-doc.univ-avignon.fr\/direction-de-la-communication\/wp-content\/uploads\/sites\/9\/2019\/03\/TDL-sansfond-services.docx\">t\u00e9l\u00e9charger<\/a><\/td>\n<\/tr>\n<tr class=\"row-13\">\n\t<td class=\"column-1\">Direction du Patrimoine Immobilier<\/td><td class=\"column-2\"><a href=\"https:\/\/e-doc.univ-avignon.fr\/direction-de-la-communication\/wp-content\/uploads\/sites\/9\/2022\/01\/TDL-DPI.docx\">t\u00e9l\u00e9charger<\/a><\/td><td class=\"column-3\"><a href=\"https:\/\/e-doc.univ-avignon.fr\/direction-de-la-communication\/wp-content\/uploads\/sites\/9\/2019\/03\/TDL-sansfond-services.docx\">t\u00e9l\u00e9charger<\/a><\/td>\n<\/tr>\n<\/tbody>\n<\/table>\n<!-- #tablepress-6 from cache -->\n<h2 id=\"tablepress-2-name\" class=\"tablepress-table-name tablepress-table-name-id-2\">Services communs<\/h2>\n\n<table id=\"tablepress-2\" class=\"tablepress tablepress-id-2\" aria-labelledby=\"tablepress-2-name\">\n<thead>\n<tr class=\"row-1\">\n\t<th class=\"column-1\">Service \/ Composante<\/th><th class=\"column-2\">Mod\u00e8le Word - avec fond (usage num\u00e9rique)<\/th><th class=\"column-3\">Mod\u00e8le Word - sans fond (usage imprim\u00e9)<\/th>\n<\/tr>\n<\/thead>\n<tbody class=\"row-striping row-hover\">\n<tr class=\"row-2\">\n\t<td class=\"column-1\">Direction des relations internationales <\/td><td class=\"column-2\"><a href=\"https:\/\/e-doc.univ-avignon.fr\/direction-de-la-communication\/wp-content\/uploads\/sites\/9\/2024\/10\/305406_TDL_DRI.docx\">t\u00e9l\u00e9charger<\/a><\/td><td class=\"column-3\"><a href=\"https:\/\/e-doc.univ-avignon.fr\/direction-de-la-communication\/wp-content\/uploads\/sites\/9\/2019\/03\/TDL-sansfond-services.docx\">t\u00e9l\u00e9charger<\/a><\/td>\n<\/tr>\n<tr class=\"row-3\">\n\t<td class=\"column-1\">SUAPS<\/td><td class=\"column-2\"><a href=\"https:\/\/e-doc.univ-avignon.fr\/direction-de-la-communication\/wp-content\/uploads\/sites\/9\/2022\/01\/TDL-SUAPS.docx\">t\u00e9l\u00e9charger<\/a><\/td><td class=\"column-3\"><a href=\"https:\/\/e-doc.univ-avignon.fr\/direction-de-la-communication\/wp-content\/uploads\/sites\/9\/2019\/03\/TDL-sansfond-services.docx\">t\u00e9l\u00e9charger<\/a><\/td>\n<\/tr>\n<tr class=\"row-4\">\n\t<td class=\"column-1\">Biblioth\u00e8que universitaire<\/td><td class=\"column-2\"><a href=\"https:\/\/e-doc.univ-avignon.fr\/direction-de-la-communication\/wp-content\/uploads\/sites\/9\/2022\/01\/TDL-BU.docx\">t\u00e9l\u00e9charger<\/a><\/td><td class=\"column-3\"><a href=\"https:\/\/e-doc.univ-avignon.fr\/direction-de-la-communication\/wp-content\/uploads\/sites\/9\/2019\/03\/TDL-sansfond-services.docx\">t\u00e9l\u00e9charger<\/a><\/td>\n<\/tr>\n<tr class=\"row-5\">\n\t<td class=\"column-1\">Service d'accompagnement \u00e0 la formation, l'insertion, la r\u00e9ussite et l'entrepreneuriat<\/td><td class=\"column-2\"><a href=\"https:\/\/e-doc.univ-avignon.fr\/direction-de-la-communication\/wp-content\/uploads\/sites\/9\/2022\/01\/TDL-SAFIRE.docx\">t\u00e9l\u00e9charger<\/a><\/td><td class=\"column-3\"><a href=\"https:\/\/e-doc.univ-avignon.fr\/direction-de-la-communication\/wp-content\/uploads\/sites\/9\/2019\/03\/TDL-sansfond-services.docx\">t\u00e9l\u00e9charger<\/a><\/td>\n<\/tr>\n<tr class=\"row-6\">\n\t<td class=\"column-1\">Service FTLV<\/td><td class=\"column-2\"><a href=\"https:\/\/e-doc.univ-avignon.fr\/direction-de-la-communication\/wp-content\/uploads\/sites\/9\/2022\/01\/TDL-SFTLV.docx\">t\u00e9l\u00e9charger<\/a><\/td><td class=\"column-3\"><a href=\"https:\/\/e-doc.univ-avignon.fr\/direction-de-la-communication\/wp-co<br \/>\nntent\/uploads\/sites\/9\/2019\/03\/TDL-sansfond-formations.docx\">t\u00e9l\u00e9charger<\/a><\/td>\n<\/tr>\n<tr class=\"row-7\">\n\t<td class=\"column-1\">Service de Sant\u00e9 Etudiante<\/td><td class=\"column-2\"><a href=\"https:\/\/e-doc.univ-avignon.fr\/direction-de-la-communication\/wp-content\/uploads\/sites\/9\/2025\/05\/TDL-Service-de-Sante-etudiante.docx\">t\u00e9l\u00e9charger<\/a><\/td><td class=\"column-3\"><a href=\"https:\/\/e-doc.univ-avignon.fr\/direction-de-la-communication\/wp-co<br \/>\nntent\/uploads\/sites\/9\/2019\/03\/TDL-sansfond-formations.docx\">t\u00e9l\u00e9charger<\/a><\/td>\n<\/tr>\n<\/tbody>\n<\/table>\n<!-- #tablepress-2 from cache -->\n<hr \/>\n","protected":false},"excerpt":{"rendered":"<p>Des mod\u00e8les de courrier sur papier \u00e0 en-t\u00eate ont \u00e9t\u00e9 cr\u00e9\u00e9s sous Word et sont d\u00e9clin\u00e9s par service et selon les usages (num\u00e9riques ou \u00e0 imprimer). Pour Libre Office, il vous suffit d&rsquo;ouvrir le document Word directement sous Libre Office (ou Open Office) et d&rsquo;enregistrer en .odt. Nous vous conseillons d&rsquo;enregistrer les 2 types de &hellip; <a href=\"https:\/\/e-doc.univ-avignon.fr\/direction-de-la-communication\/charte-graphique-de-luniversite\/courrier\/\" class=\"more-link\">Continuer la lecture de <span class=\"screen-reader-text\">Papiers en-t\u00eate &#8211; services<\/span><\/a><\/p>\n","protected":false},"author":140,"featured_media":0,"parent":30,"menu_order":0,"comment_status":"closed","ping_status":"closed","template":"","meta":{"footnotes":""},"class_list":["post-369","page","type-page","status-publish","hentry"],"_links":{"self":[{"href":"https:\/\/e-doc.univ-avignon.fr\/direction-de-la-communication\/wp-json\/wp\/v2\/pages\/369","targetHints":{"allow":["GET"]}}],"collection":[{"href":"https:\/\/e-doc.univ-avignon.fr\/direction-de-la-communication\/wp-json\/wp\/v2\/pages"}],"about":[{"href":"https:\/\/e-doc.univ-avignon.fr\/direction-de-la-communication\/wp-json\/wp\/v2\/types\/page"}],"author":[{"embeddable":true,"href":"https:\/\/e-doc.univ-avignon.fr\/direction-de-la-communication\/wp-json\/wp\/v2\/users\/140"}],"replies":[{"embeddable":true,"href":"https:\/\/e-doc.univ-avignon.fr\/direction-de-la-communication\/wp-json\/wp\/v2\/comments?post=369"}],"version-history":[{"count":22,"href":"https:\/\/e-doc.univ-avignon.fr\/direction-de-la-communication\/wp-json\/wp\/v2\/pages\/369\/revisions"}],"predecessor-version":[{"id":732,"href":"https:\/\/e-doc.univ-avignon.fr\/direction-de-la-communication\/wp-json\/wp\/v2\/pages\/369\/revisions\/732"}],"up":[{"embeddable":true,"href":"https:\/\/e-doc.univ-avignon.fr\/direction-de-la-communication\/wp-json\/wp\/v2\/pages\/30"}],"wp:attachment":[{"href":"https:\/\/e-doc.univ-avignon.fr\/direction-de-la-communication\/wp-json\/wp\/v2\/media?parent=369"}],"curies":[{"name":"wp","href":"https:\/\/api.w.org\/{rel}","templated":true}]}}