{"id":13,"date":"2023-12-15T16:38:09","date_gmt":"2023-12-15T15:38:09","guid":{"rendered":"https:\/\/e-doc.univ-avignon.fr\/durabilite\/?page_id=13"},"modified":"2025-04-08T16:24:49","modified_gmt":"2025-04-08T14:24:49","slug":"schema-directeur-durabilite","status":"publish","type":"page","link":"https:\/\/e-doc.univ-avignon.fr\/durabilite\/schema-directeur-durabilite\/","title":{"rendered":"Sch\u00e9ma Directeur Durabilit\u00e9 &#8211; SDD"},"content":{"rendered":"\n<p>L&rsquo;universit\u00e9 \u00e9labore sa strat\u00e9gie pour faire face aux enjeux de durabilit\u00e9. Le sch\u00e9ma directeur durabilit\u00e9 est compos\u00e9 de 4 axes d\u00e9clin\u00e9s en plus de 60 actions. Il est \u00e9volutif et \u00e0 affiner au fil de la d\u00e9marche et de fa\u00e7on coll\u00e9giale. Nous avons 5 ans pour r\u00e9aliser nos objectifs.<\/p>\n\n\n\n<p>Pr\u00e9sent\u00e9 en CSA, CAc et CA, il a \u00e9t\u00e9 approuv\u00e9 par ce dernier le 23 f\u00e9vrier 2024. La mise \u00e0 jour (V2) a \u00e9t\u00e9 approuv\u00e9e le 1er avril 2025 :<\/p>\n\n\n\n<ul class=\"wp-block-list\">\n<li><a href=\"https:\/\/e-doc.univ-avignon.fr\/durabilite\/wp-content\/uploads\/sites\/52\/2024\/06\/2024-06-Avignon-Universite-Schema-directeur-version-web-A4-double-page.pdf\">Plaquette SDD<\/a><\/li>\n\n\n\n<li><strong>Version 2<\/strong> mis \u00e0 jour en avril 2025\n<ul class=\"wp-block-list\">\n<li>SDD approuv\u00e9 au CA du 01.04.25 (.<a href=\"https:\/\/e-doc.univ-avignon.fr\/durabilite\/wp-content\/uploads\/sites\/52\/2025\/04\/2025-030_Deliberation_annexe_Pt-A.4.1_Actualisation-schema-directeur-durabilite-V2_CA-01.04.2025.pdf\">pdf<\/a>)<\/li>\n\n\n\n<li>D\u00e9lib\u00e9ration (.<a href=\"https:\/\/e-doc.univ-avignon.fr\/durabilite\/wp-content\/uploads\/sites\/52\/2025\/04\/Releve-de-decisions-CA-01.04.2025_signe.pdf\">pdf<\/a>)<\/li>\n\n\n\n<li>Fiches actions SDD au 01.04.25\n<ul class=\"wp-block-list\">\n<li><strong>Axe 1<\/strong> : Structurer une politique de durabilit\u00e9 int\u00e9gr\u00e9e \u00e0 l&rsquo;\u00e9chelle de l&rsquo;\u00e9tablissement (.<a href=\"https:\/\/e-doc.univ-avignon.fr\/durabilite\/wp-content\/uploads\/sites\/52\/2025\/04\/SDD_fiches_action_axe1_2025-V2-validees.pdf\">pdf<\/a>)<\/li>\n\n\n\n<li><strong>Axe 2<\/strong> : Mettre en place une vie de campus \u00e9co-responsable (.<a href=\"https:\/\/e-doc.univ-avignon.fr\/durabilite\/wp-content\/uploads\/sites\/52\/2025\/04\/SDD_fiches_action_axe2_2025-V2-validees.pdf\">pdf<\/a>)<\/li>\n\n\n\n<li><strong>Axe 3<\/strong> : Accompagner les \u00e9quipes de recherche dans l&rsquo;\u00e9volution de leurs activit\u00e9s (.<a href=\"https:\/\/e-doc.univ-avignon.fr\/durabilite\/wp-content\/uploads\/sites\/52\/2025\/04\/SDD_fiches_action_axe3_2025-V2-validees.pdf\">pdf<\/a>)<\/li>\n\n\n\n<li><strong>Axe 4<\/strong> : Sensibiliser et former aux enjeux durabilit\u00e9 (.<a href=\"https:\/\/e-doc.univ-avignon.fr\/durabilite\/wp-content\/uploads\/sites\/52\/2025\/04\/SDD_fiches_action_axe4_2025-V2-validees.pdf\">pdf<\/a>)<\/li>\n<\/ul>\n<\/li>\n<\/ul>\n<\/li>\n<\/ul>\n\n\n\n<p>&#8212;&#8212;&#8212;&#8212;&#8212;&#8212;&#8212;&#8212;&#8212;&#8212;&#8212;&#8212;&#8212;&#8212;&#8212;&#8212;&#8212;&#8212;&#8212;&#8212;&#8212;&#8212;&#8212;&#8212;&#8212;&#8212;&#8212;&#8212;&#8212;&#8212;&#8212;&#8212;&#8212;&#8212;&#8212;&#8212;&#8212;&#8212;&#8211;<\/p>\n\n\n\n<p><\/p>\n\n\n\n<ul class=\"wp-block-list\">\n<li><em><strong>Version 1<\/strong> approuv\u00e9 au CA du 23.02.24 <\/em>\n<ul class=\"wp-block-list\">\n<li><em>SDD (.<a href=\"https:\/\/e-doc.univ-avignon.fr\/durabilite\/wp-content\/uploads\/sites\/52\/2024\/03\/Projet-SD-Durabilite-approuve-CA-23.02.2024.pdf\">pdf<\/a>) &#8211; Version transmise au minist\u00e8re (.<a href=\"https:\/\/e-doc.univ-avignon.fr\/durabilite\/wp-content\/uploads\/sites\/52\/2025\/02\/AU-SDD-2024-2029-V1.pdf\">pdf<\/a>)<\/em><\/li>\n\n\n\n<li><em>D\u00e9lib\u00e9ration Sch\u00e9ma directeur durabilit\u00e9 (.<a href=\"https:\/\/e-doc.univ-avignon.fr\/durabilite\/wp-content\/uploads\/sites\/52\/2024\/03\/2024-007_Deliberation_Pt-exclusif_Schema-directeur-durabilite.pdf\">pdf<\/a>)<\/em><\/li>\n\n\n\n<li><em>Fiches actions SDD au 23.02.24 :<\/em>\n<ul class=\"wp-block-list\">\n<li><em><strong><a href=\"https:\/\/e-doc.univ-avignon.fr\/durabilite\/wp-content\/uploads\/sites\/52\/2024\/03\/Fiches-actions-axe1.pdf\">Axe 1<\/a><\/strong> : Structurer une politique de durabilit\u00e9 int\u00e9gr\u00e9e \u00e0 l&rsquo;\u00e9chelle de l&rsquo;\u00e9tablissement (.pdf)<\/em><\/li>\n\n\n\n<li><em><strong><a href=\"https:\/\/e-doc.univ-avignon.fr\/durabilite\/wp-content\/uploads\/sites\/52\/2024\/03\/Fiches-actions-axe2.pdf\">Axe 2<\/a><\/strong> : Mettre en place une vie de campus \u00e9co-responsable (.pdf)<\/em><\/li>\n\n\n\n<li><em><a href=\"https:\/\/e-doc.univ-avignon.fr\/durabilite\/wp-content\/uploads\/sites\/52\/2024\/03\/Fiches-actions-axe3.pdf\"><strong>Axe 3<\/strong><\/a> : Accompagner les \u00e9quipes de recherche dans l&rsquo;\u00e9volution de leurs activit\u00e9s (.pdf)<\/em><\/li>\n\n\n\n<li><em><a href=\"https:\/\/e-doc.univ-avignon.fr\/durabilite\/wp-content\/uploads\/sites\/52\/2024\/03\/Fiches-actions-axe4.pdf\"><strong>Axe 4<\/strong><\/a> : Sensibiliser et former aux enjeux durabilit\u00e9 (.pdf)<\/em><\/li>\n<\/ul>\n<\/li>\n<\/ul>\n<\/li>\n<\/ul>\n\n\n\n<ul class=\"wp-block-list\">\n<li><a href=\"https:\/\/e-doc.univ-avignon.fr\/durabilite\/wp-content\/uploads\/sites\/52\/2024\/02\/2023-11-Presentation-SD-Consultation.pdf\">Pr\u00e9sentation <\/a>de la d\u00e9marche et des principaux axes de travail (.pdf) utilis\u00e9e comme support lors de la consultation publique de Novembre 2023<\/li>\n<\/ul>\n\n\n\n<figure class=\"wp-block-image size-full\"><img loading=\"lazy\" decoding=\"async\" width=\"700\" height=\"270\" src=\"https:\/\/e-doc.univ-avignon.fr\/durabilite\/wp-content\/uploads\/sites\/52\/2023\/12\/Logo-SD-AU.png\" alt=\"\" class=\"wp-image-14\" srcset=\"https:\/\/e-doc.univ-avignon.fr\/durabilite\/wp-content\/uploads\/sites\/52\/2023\/12\/Logo-SD-AU.png 700w, https:\/\/e-doc.univ-avignon.fr\/durabilite\/wp-content\/uploads\/sites\/52\/2023\/12\/Logo-SD-AU-300x116.png 300w\" sizes=\"auto, (max-width: 700px) 100vw, 700px\" \/><\/figure>\n","protected":false},"excerpt":{"rendered":"<p>L&rsquo;universit\u00e9 \u00e9labore sa strat\u00e9gie pour faire face aux enjeux de durabilit\u00e9. Le sch\u00e9ma directeur durabilit\u00e9 est compos\u00e9 de 4 axes d\u00e9clin\u00e9s en plus de 60 actions. Il est \u00e9volutif et \u00e0 affiner au fil de la d\u00e9marche et de fa\u00e7on coll\u00e9giale. Nous avons 5 ans pour r\u00e9aliser nos objectifs. Pr\u00e9sent\u00e9 en CSA, CAc et CA, &hellip; <a href=\"https:\/\/e-doc.univ-avignon.fr\/durabilite\/schema-directeur-durabilite\/\" class=\"more-link\">Continuer la lecture de <span class=\"screen-reader-text\">Sch\u00e9ma Directeur Durabilit\u00e9 &#8211; SDD<\/span><\/a><\/p>\n","protected":false},"author":1089,"featured_media":0,"parent":0,"menu_order":0,"comment_status":"closed","ping_status":"closed","template":"","meta":{"footnotes":""},"class_list":["post-13","page","type-page","status-publish","hentry"],"_links":{"self":[{"href":"https:\/\/e-doc.univ-avignon.fr\/durabilite\/wp-json\/wp\/v2\/pages\/13","targetHints":{"allow":["GET"]}}],"collection":[{"href":"https:\/\/e-doc.univ-avignon.fr\/durabilite\/wp-json\/wp\/v2\/pages"}],"about":[{"href":"https:\/\/e-doc.univ-avignon.fr\/durabilite\/wp-json\/wp\/v2\/types\/page"}],"author":[{"embeddable":true,"href":"https:\/\/e-doc.univ-avignon.fr\/durabilite\/wp-json\/wp\/v2\/users\/1089"}],"replies":[{"embeddable":true,"href":"https:\/\/e-doc.univ-avignon.fr\/durabilite\/wp-json\/wp\/v2\/comments?post=13"}],"version-history":[{"count":26,"href":"https:\/\/e-doc.univ-avignon.fr\/durabilite\/wp-json\/wp\/v2\/pages\/13\/revisions"}],"predecessor-version":[{"id":169,"href":"https:\/\/e-doc.univ-avignon.fr\/durabilite\/wp-json\/wp\/v2\/pages\/13\/revisions\/169"}],"wp:attachment":[{"href":"https:\/\/e-doc.univ-avignon.fr\/durabilite\/wp-json\/wp\/v2\/media?parent=13"}],"curies":[{"name":"wp","href":"https:\/\/api.w.org\/{rel}","templated":true}]}}