{"id":2,"date":"2023-12-04T16:23:01","date_gmt":"2023-12-04T15:23:01","guid":{"rendered":"https:\/\/e-doc.univ-avignon.fr\/durabilite\/?page_id=2"},"modified":"2026-01-22T12:11:49","modified_gmt":"2026-01-22T11:11:49","slug":"durabilite","status":"publish","type":"page","link":"https:\/\/e-doc.univ-avignon.fr\/durabilite\/","title":{"rendered":"Durabilit\u00e9"},"content":{"rendered":"\n<p>Cette section regroupe diff\u00e9rents documents relatifs au sch\u00e9ma directeur durabilit\u00e9 de l&rsquo;\u00e9tablissement<\/p>\n\n\n\n<ul class=\"wp-block-list\">\n<li>Lien vers la page <a href=\"https:\/\/e-doc.univ-avignon.fr\/durabilite\/schema-directeur-durabilite\/\">Sch\u00e9ma directeur durabilit\u00e9<\/a><\/li>\n\n\n\n<li>Lien vers la page <a href=\"https:\/\/e-doc.univ-avignon.fr\/durabilite\/demarche-bilan-carbonne\/\">D\u00e9marche bilan carbone<\/a><\/li>\n<\/ul>\n\n\n\n<p><strong>Composition de l&rsquo;\u00e9quipe :<\/strong><\/p>\n\n\n\n<ul class=\"wp-block-list\">\n<li>Vice-pr\u00e9sidente d\u00e9l\u00e9gu\u00e9e \u00e0 la transition environnementale : C\u00e9line Bourgeois &#8211; vp-transition@univ-avignon.fr<\/li>\n\n\n\n<li>Charg\u00e9s de mission :\n<ul class=\"wp-block-list\">\n<li>Biodiversit\u00e9 : Joffrey Moiroux<\/li>\n\n\n\n<li>Mobilit\u00e9s : St\u00e9phane Sammartino<\/li>\n\n\n\n<li>Bilan carbone : Naomi Mazzilli<\/li>\n<\/ul>\n<\/li>\n\n\n\n<li>R\u00e9f\u00e9rents composantes :\n<ul class=\"wp-block-list\">\n<li>IAgES : Joffrey Moiroux<\/li>\n\n\n\n<li>ICPSN : Emilie Pamart<\/li>\n\n\n\n<li>IUT : Marthe Lucas<\/li>\n\n\n\n<li>CERI : Rachid Elazouzi<\/li>\n<\/ul>\n<\/li>\n\n\n\n<li>Expert (\u00e9conome de flux) : Olivier Platon<\/li>\n\n\n\n<li>Charg\u00e9e d&rsquo;accompagnement : Aude Favre<\/li>\n<\/ul>\n","protected":false},"excerpt":{"rendered":"<p>Cette section regroupe diff\u00e9rents documents relatifs au sch\u00e9ma directeur durabilit\u00e9 de l&rsquo;\u00e9tablissement Composition de l&rsquo;\u00e9quipe :<\/p>\n","protected":false},"author":9548,"featured_media":0,"parent":0,"menu_order":0,"comment_status":"closed","ping_status":"closed","template":"","meta":{"footnotes":""},"class_list":["post-2","page","type-page","status-publish","hentry"],"_links":{"self":[{"href":"https:\/\/e-doc.univ-avignon.fr\/durabilite\/wp-json\/wp\/v2\/pages\/2","targetHints":{"allow":["GET"]}}],"collection":[{"href":"https:\/\/e-doc.univ-avignon.fr\/durabilite\/wp-json\/wp\/v2\/pages"}],"about":[{"href":"https:\/\/e-doc.univ-avignon.fr\/durabilite\/wp-json\/wp\/v2\/types\/page"}],"author":[{"embeddable":true,"href":"https:\/\/e-doc.univ-avignon.fr\/durabilite\/wp-json\/wp\/v2\/users\/9548"}],"replies":[{"embeddable":true,"href":"https:\/\/e-doc.univ-avignon.fr\/durabilite\/wp-json\/wp\/v2\/comments?post=2"}],"version-history":[{"count":24,"href":"https:\/\/e-doc.univ-avignon.fr\/durabilite\/wp-json\/wp\/v2\/pages\/2\/revisions"}],"predecessor-version":[{"id":203,"href":"https:\/\/e-doc.univ-avignon.fr\/durabilite\/wp-json\/wp\/v2\/pages\/2\/revisions\/203"}],"wp:attachment":[{"href":"https:\/\/e-doc.univ-avignon.fr\/durabilite\/wp-json\/wp\/v2\/media?parent=2"}],"curies":[{"name":"wp","href":"https:\/\/api.w.org\/{rel}","templated":true}]}}