{"id":3,"date":"2016-01-29T12:10:59","date_gmt":"2016-01-29T11:10:59","guid":{"rendered":"http:\/\/e-doc.univ-avignon.fr\/espase-evaluation-accreditation\/?page_id=3"},"modified":"2016-10-10T15:33:22","modified_gmt":"2016-10-10T14:33:22","slug":"espace-evaluation-et-accreditation","status":"publish","type":"page","link":"https:\/\/e-doc.univ-avignon.fr\/espace-evaluation-accreditation-formation\/","title":{"rendered":"Espace \u00c9valuation et Accr\u00e9ditation de l\u2019offre de formation"},"content":{"rendered":"<p>Cet espace a pour but de diffuser \u00e0 tous les contributeurs et r\u00e9dacteurs des dossiers d&rsquo;\u00e9valuation et d&rsquo;accr\u00e9ditation des formations, les informations n\u00e9cessaires \u00e0 leur constitution.<\/p>\n<p>Vous trouverez ci-apr\u00e8s l&rsquo;ensemble des documents relatifs aux processus d&rsquo;\u00e9valuation et d&rsquo;accr\u00e9ditation de l&rsquo;offre de formation de l&rsquo;\u00e9tablissement.<\/p>\n<p>En raison de l&rsquo;enrichissement permanent de cet espace, vous \u00eates invit\u00e9s \u00e0 le consulter r\u00e9guli\u00e8rement.<\/p>\n<p>&nbsp;<\/p>\n<p>Pour toute question relative \u00e0 l&rsquo;auto\u00e9valuation des formations et \u00e0 l&rsquo;accr\u00e9ditation de l&rsquo;offre de formation, merci d&rsquo;adresser votre demande \u00e0 la liste de diffusion <span style=\"text-decoration: underline\"><span style=\"color: #0000ff;text-decoration: underline\">evaluation-accreditation@listes.univ-avignon.fr<\/span><\/span> , compos\u00e9e des membres des comit\u00e9s de r\u00e9daction et de suivi du processus d&rsquo;auto-\u00e9valuation et d&rsquo;accr\u00e9ditation de l&rsquo;universit\u00e9.<\/p>\n<p>&nbsp;<\/p>\n<p>&nbsp;<\/p>\n","protected":false},"excerpt":{"rendered":"<p>Cet espace a pour but de diffuser \u00e0 tous les contributeurs et r\u00e9dacteurs des dossiers d&rsquo;\u00e9valuation et d&rsquo;accr\u00e9ditation des formations, les informations n\u00e9cessaires \u00e0 leur constitution. Vous trouverez ci-apr\u00e8s l&rsquo;ensemble des documents relatifs aux processus d&rsquo;\u00e9valuation et d&rsquo;accr\u00e9ditation de l&rsquo;offre de formation de l&rsquo;\u00e9tablissement. En raison de l&rsquo;enrichissement permanent de cet espace, vous \u00eates invit\u00e9s &hellip; <a href=\"https:\/\/e-doc.univ-avignon.fr\/espace-evaluation-accreditation-formation\/\" class=\"more-link\">Continuer la lecture de <span class=\"screen-reader-text\">Espace \u00c9valuation et Accr\u00e9ditation de l\u2019offre de formation<\/span><\/a><\/p>\n","protected":false},"author":1,"featured_media":0,"parent":0,"menu_order":0,"comment_status":"closed","ping_status":"closed","template":"","meta":{"footnotes":""},"class_list":["post-3","page","type-page","status-publish","hentry"],"_links":{"self":[{"href":"https:\/\/e-doc.univ-avignon.fr\/espace-evaluation-accreditation-formation\/wp-json\/wp\/v2\/pages\/3","targetHints":{"allow":["GET"]}}],"collection":[{"href":"https:\/\/e-doc.univ-avignon.fr\/espace-evaluation-accreditation-formation\/wp-json\/wp\/v2\/pages"}],"about":[{"href":"https:\/\/e-doc.univ-avignon.fr\/espace-evaluation-accreditation-formation\/wp-json\/wp\/v2\/types\/page"}],"author":[{"embeddable":true,"href":"https:\/\/e-doc.univ-avignon.fr\/espace-evaluation-accreditation-formation\/wp-json\/wp\/v2\/users\/1"}],"replies":[{"embeddable":true,"href":"https:\/\/e-doc.univ-avignon.fr\/espace-evaluation-accreditation-formation\/wp-json\/wp\/v2\/comments?post=3"}],"version-history":[{"count":40,"href":"https:\/\/e-doc.univ-avignon.fr\/espace-evaluation-accreditation-formation\/wp-json\/wp\/v2\/pages\/3\/revisions"}],"predecessor-version":[{"id":597,"href":"https:\/\/e-doc.univ-avignon.fr\/espace-evaluation-accreditation-formation\/wp-json\/wp\/v2\/pages\/3\/revisions\/597"}],"wp:attachment":[{"href":"https:\/\/e-doc.univ-avignon.fr\/espace-evaluation-accreditation-formation\/wp-json\/wp\/v2\/media?parent=3"}],"curies":[{"name":"wp","href":"https:\/\/api.w.org\/{rel}","templated":true}]}}