{"id":2,"date":"2016-03-17T17:48:41","date_gmt":"2016-03-17T16:48:41","guid":{"rendered":"http:\/\/e-doc.univ-avignon.fr\/espace-evaluation-ur\/?page_id=2"},"modified":"2016-04-13T08:19:44","modified_gmt":"2016-04-13T07:19:44","slug":"page-d-exemple","status":"publish","type":"page","link":"https:\/\/e-doc.univ-avignon.fr\/espace-evaluation-ur\/","title":{"rendered":"Espace Evaluation des Unit\u00e9s de Recherche"},"content":{"rendered":"<p>Cet espace a pour but de diffuser \u00e0 tous les contributeurs et r\u00e9dacteurs des dossiers d\u2019\u00e9valuation des unit\u00e9s de recherche et structures f\u00e9d\u00e9ratives, les informations n\u00e9cessaires \u00e0 leur constitution.<\/p>\n<p>Vous trouverez ci-dessous l&rsquo;ensemble des documents relatifs aux processus d&rsquo;\u00e9valuation des entit\u00e9s de recherche de l&rsquo;\u00e9tablissement.<\/p>\n<p>En raison de l&rsquo;enrichissement permanent de cet espace, vous \u00eates invit\u00e9s \u00e0 le consulter r\u00e9guli\u00e8rement.<\/p>\n<ul>\n<li><a href=\"http:\/\/e-doc.univ-avignon.fr\/espace-evaluation-ur\/wp-content\/uploads\/sites\/20\/2016\/03\/RECH_0_3_liste-des-entites-a-evaluer-UAPV-24.03.2016.xlsx\" rel=\"\">Liste pr\u00e9visionnelle des unit\u00e9s de recherche et structures f\u00e9d\u00e9ratives \u00e0 \u00e9valuer<\/a><\/li>\n<li><a href=\"http:\/\/e-doc.univ-avignon.fr\/espace-evaluation-ur\/wp-content\/uploads\/sites\/20\/2016\/03\/RECH_0_1_presentation_generale_evaluation.pdf\" rel=\"\">Evaluation des entit\u00e9s de recherche_pr\u00e9sentation g\u00e9n\u00e9rale<\/a><\/li>\n<li><a href=\"http:\/\/www.hceres.fr\/content\/download\/25409\/394989\/file\/R%C3%A9f%C3%A9rentiel%20AERES-Entit%C3%A9s%20de%20Recherche%20septembre%202015.pdf\" target=\"_self\">Crit\u00e8res d&rsquo;\u00e9valuation des entit\u00e9s de recherche, le r\u00e9f\u00e9rentiel<\/a><\/li>\n<\/ul>\n<p>&nbsp;<\/p>\n<p><strong>Unit\u00e9s de recherche :<\/strong><\/p>\n<ul>\n<li><a title=\"Aide \u00e0 la r\u00e9daction du dossier d\u2019\u00e9valuation d'une unit\u00e9 de recherche (PDF)\" href=\"http:\/\/www.hceres.fr\/content\/download\/25609\/396963\/file\/RECH_1_1_UR_aide_redaction-15-12-2015.pdf\">Aide \u00e0 la r\u00e9daction du dossier d\u2019\u00e9valuation d&rsquo;une unit\u00e9 de recherche <\/a><\/li>\n<li><a href=\"http:\/\/e-doc.univ-avignon.fr\/espace-evaluation-ur\/wp-content\/uploads\/sites\/20\/2016\/03\/RECH_1_1_UR_UK_aide_redaction-16-12-2015.pdf\" rel=\"\">Aide \u00e0 la r\u00e9daction du dossier d&rsquo;\u00e9valuation d&rsquo;une unit\u00e9 de recherche (anglais)<\/a><\/li>\n<li><a title=\"Dossier d\u2019\u00e9valuation d'une unit\u00e9 de recherche - UR (Word)\" href=\"http:\/\/www.hceres.fr\/content\/download\/25616\/397026\/file\/RECH_1_2_UR_dossier_evaluation-15-12-2015.doc\">Dossier d\u2019\u00e9valuation d&rsquo;une unit\u00e9 de recherche<\/a><\/li>\n<li><a href=\"http:\/\/e-doc.univ-avignon.fr\/espace-evaluation-ur\/wp-content\/uploads\/sites\/20\/2016\/03\/RECH_1_2_UR_UK_dossier_evaluation-16-12-2015.doc\" rel=\"\">Dossier d&rsquo;\u00e9valuation d&rsquo;une unit\u00e9 de recherche (anglais)<\/a><\/li>\n<li><a title=\"Pr\u00e9sentation synth\u00e9tique de l\u2019entit\u00e9 - UR (Word)\" href=\"http:\/\/www.hceres.fr\/content\/download\/25614\/397008\/file\/RECH_1_3_UR_presentation_synthetique-15-12-2015.doc\">Pr\u00e9sentation synth\u00e9tique de l\u2019entit\u00e9<\/a><\/li>\n<li><a href=\"http:\/\/e-doc.univ-avignon.fr\/espace-evaluation-ur\/wp-content\/uploads\/sites\/20\/2016\/03\/RECH_1_3_UR_UK_presentation_synthetique-15-12-2015.doc\" rel=\"\">Pr\u00e9sentation synth\u00e9tique de l&rsquo;entit\u00e9 (anglais)<\/a><\/li>\n<li><a title=\"Donn\u00e9es du contrat en cours - UR (Excel)\" href=\"http:\/\/www.hceres.fr\/content\/download\/25613\/396999\/file\/RECH_1_4_UR_donnees_du_contrat_en_cours-21-12-2015.xlsx\">Donn\u00e9es du contrat en cours <\/a><\/li>\n<li class=\"puce-orange\"><a title=\"Donn\u00e9es du prochain contrat- UR (Excel)\" href=\"http:\/\/www.hceres.fr\/content\/download\/25611\/396981\/file\/RECH_1_5_UR_donnees_du_prochain_contrat-21-12-2015.xlsx\">Donn\u00e9es du prochain contrat<\/a><\/li>\n<\/ul>\n<p>&nbsp;<\/p>\n<p><strong>Structures f\u00e9d\u00e9ratives :<\/strong><\/p>\n<ul>\n<li><a title=\"Dossier d\u2019\u00e9valuation d'une structure f\u00e9d\u00e9rative - SF (Word)\" href=\"http:\/\/www.hceres.fr\/content\/download\/25622\/397080\/file\/RECH_3_1_SF_dossier_evaluation-16-12-2015.doc\">Dossier d\u2019\u00e9valuation d&rsquo;une structure f\u00e9d\u00e9rative<\/a><\/li>\n<li><a title=\"Pr\u00e9sentation synth\u00e9tique de l'entit\u00e9 - SF (Word)\" href=\"http:\/\/www.hceres.fr\/content\/download\/25623\/397089\/file\/RECH_3_2_SF_presentation_synthetique-16-12-2015.doc\">Pr\u00e9sentation synth\u00e9tique de l&rsquo;entit\u00e9<\/a><\/li>\n<\/ul>\n<p>&nbsp;<\/p>\n<p>Pour toute question relative \u00e0 l\u2019auto\u00e9valuation des structures de recherche, merci d\u2019adresser votre demande \u00e0 la liste de diffusion <span style=\"text-decoration: underline\"><span style=\"color: #0000ff;text-decoration: underline\">evaluation-ur@listes.univ-avignon.fr<\/span><\/span> , compos\u00e9e des directeurs des unit\u00e9s de recherche et de composantes ainsi que des responsables d&rsquo;\u00e9quipes.<\/p>\n<p>&nbsp;<\/p>\n<p>&#8230;<\/p>\n<p>&nbsp;<\/p>\n","protected":false},"excerpt":{"rendered":"<p>Cet espace a pour but de diffuser \u00e0 tous les contributeurs et r\u00e9dacteurs des dossiers d\u2019\u00e9valuation des unit\u00e9s de recherche et structures f\u00e9d\u00e9ratives, les informations n\u00e9cessaires \u00e0 leur constitution. Vous trouverez ci-dessous l&rsquo;ensemble des documents relatifs aux processus d&rsquo;\u00e9valuation des entit\u00e9s de recherche de l&rsquo;\u00e9tablissement. En raison de l&rsquo;enrichissement permanent de cet espace, vous \u00eates &hellip; <a href=\"https:\/\/e-doc.univ-avignon.fr\/espace-evaluation-ur\/\" class=\"more-link\">Continuer la lecture de <span class=\"screen-reader-text\">Espace Evaluation des Unit\u00e9s de Recherche<\/span><\/a><\/p>\n","protected":false},"author":1,"featured_media":0,"parent":0,"menu_order":0,"comment_status":"closed","ping_status":"open","template":"","meta":{"footnotes":""},"class_list":["post-2","page","type-page","status-publish","hentry"],"_links":{"self":[{"href":"https:\/\/e-doc.univ-avignon.fr\/espace-evaluation-ur\/wp-json\/wp\/v2\/pages\/2","targetHints":{"allow":["GET"]}}],"collection":[{"href":"https:\/\/e-doc.univ-avignon.fr\/espace-evaluation-ur\/wp-json\/wp\/v2\/pages"}],"about":[{"href":"https:\/\/e-doc.univ-avignon.fr\/espace-evaluation-ur\/wp-json\/wp\/v2\/types\/page"}],"author":[{"embeddable":true,"href":"https:\/\/e-doc.univ-avignon.fr\/espace-evaluation-ur\/wp-json\/wp\/v2\/users\/1"}],"replies":[{"embeddable":true,"href":"https:\/\/e-doc.univ-avignon.fr\/espace-evaluation-ur\/wp-json\/wp\/v2\/comments?post=2"}],"version-history":[{"count":15,"href":"https:\/\/e-doc.univ-avignon.fr\/espace-evaluation-ur\/wp-json\/wp\/v2\/pages\/2\/revisions"}],"predecessor-version":[{"id":28,"href":"https:\/\/e-doc.univ-avignon.fr\/espace-evaluation-ur\/wp-json\/wp\/v2\/pages\/2\/revisions\/28"}],"wp:attachment":[{"href":"https:\/\/e-doc.univ-avignon.fr\/espace-evaluation-ur\/wp-json\/wp\/v2\/media?parent=2"}],"curies":[{"name":"wp","href":"https:\/\/api.w.org\/{rel}","templated":true}]}}