{"id":3,"date":"2015-11-03T16:21:26","date_gmt":"2015-11-03T15:21:26","guid":{"rendered":"http:\/\/e-doc.univ-avignon.fr\/etude-et-scolarite\/?page_id=3"},"modified":"2025-04-07T09:34:35","modified_gmt":"2025-04-07T08:34:35","slug":"etude-et-scolarite","status":"publish","type":"page","link":"https:\/\/e-doc.univ-avignon.fr\/etude-et-scolarite\/","title":{"rendered":"Direction des \u00c9tudes et de la Scolarit\u00e9"},"content":{"rendered":"<p>La Direction des \u00c9tudes et de la Scolarit\u00e9 (DES) est compos\u00e9e de 13 agents et organis\u00e9e en <strong>deux bureaux<\/strong>, celui de <strong>la gestion des \u00e9tudes<\/strong> et celui du <strong>d\u00e9ploiement et de l&rsquo;accompagnement des outils de la formation.<\/strong><\/p>\n<p>Le bureau de la gestion des \u00e9tudes d\u00e9livre les attestations de r\u00e9ussite et les dipl\u00f4mes. Horaires d\u2019ouverture: du lundi au vendredi de 8h30 \u00e0 11h30 et de 13h30 \u00e0 16h30.<\/p>\n<p>Le bureau<strong> du d\u00e9ploiement et de l&rsquo;accompagnement des outils de la formation<\/strong> est charg\u00e9 de la mise en \u0153uvre et du bon fonctionnement des formations propos\u00e9es aux \u00e9tudiants. Elle veille aussi \u00e0 assurer un accompagnement des services et \u00e9quipes p\u00e9dagogiques dans le d\u00e9ploiement des outils de la formation.<\/p>\n<p><a href=\"https:\/\/e-doc.univ-avignon.fr\/etude-et-scolarite\/wp-content\/uploads\/sites\/15\/2025\/03\/Organigramme-DES1.pdf\" target=\"_blank\" rel=\"noopener\">Organigramme<\/a><\/p>\n\n\n<p><\/p>\n","protected":false},"excerpt":{"rendered":"<p>La Direction des \u00c9tudes et de la Scolarit\u00e9 (DES) est compos\u00e9e de 13 agents et organis\u00e9e en deux bureaux, celui de la gestion des \u00e9tudes et celui du d\u00e9ploiement et de l&rsquo;accompagnement des outils de la formation. Le bureau de la gestion des \u00e9tudes d\u00e9livre les attestations de r\u00e9ussite et les dipl\u00f4mes. Horaires d\u2019ouverture: du &hellip; <a href=\"https:\/\/e-doc.univ-avignon.fr\/etude-et-scolarite\/\" class=\"more-link\">Continuer la lecture de <span class=\"screen-reader-text\">Direction des \u00c9tudes et de la Scolarit\u00e9<\/span><\/a><\/p>\n","protected":false},"author":1,"featured_media":0,"parent":0,"menu_order":0,"comment_status":"closed","ping_status":"closed","template":"","meta":{"footnotes":""},"class_list":["post-3","page","type-page","status-publish","hentry"],"_links":{"self":[{"href":"https:\/\/e-doc.univ-avignon.fr\/etude-et-scolarite\/wp-json\/wp\/v2\/pages\/3","targetHints":{"allow":["GET"]}}],"collection":[{"href":"https:\/\/e-doc.univ-avignon.fr\/etude-et-scolarite\/wp-json\/wp\/v2\/pages"}],"about":[{"href":"https:\/\/e-doc.univ-avignon.fr\/etude-et-scolarite\/wp-json\/wp\/v2\/types\/page"}],"author":[{"embeddable":true,"href":"https:\/\/e-doc.univ-avignon.fr\/etude-et-scolarite\/wp-json\/wp\/v2\/users\/1"}],"replies":[{"embeddable":true,"href":"https:\/\/e-doc.univ-avignon.fr\/etude-et-scolarite\/wp-json\/wp\/v2\/comments?post=3"}],"version-history":[{"count":43,"href":"https:\/\/e-doc.univ-avignon.fr\/etude-et-scolarite\/wp-json\/wp\/v2\/pages\/3\/revisions"}],"predecessor-version":[{"id":1500,"href":"https:\/\/e-doc.univ-avignon.fr\/etude-et-scolarite\/wp-json\/wp\/v2\/pages\/3\/revisions\/1500"}],"wp:attachment":[{"href":"https:\/\/e-doc.univ-avignon.fr\/etude-et-scolarite\/wp-json\/wp\/v2\/media?parent=3"}],"curies":[{"name":"wp","href":"https:\/\/api.w.org\/{rel}","templated":true}]}}