{"id":4,"date":"2018-11-27T14:47:14","date_gmt":"2018-11-27T13:47:14","guid":{"rendered":"https:\/\/e-doc.univ-avignon.fr\/ferc-sup-cgt\/?page_id=4"},"modified":"2024-01-10T15:20:58","modified_gmt":"2024-01-10T14:20:58","slug":"maintenance","status":"publish","type":"page","link":"https:\/\/e-doc.univ-avignon.fr\/ferc-sup-cgt\/","title":{"rendered":"CGT-UAPV FERC-SUP-CGT"},"content":{"rendered":"<p><img loading=\"lazy\" decoding=\"async\" class=\"transparent\" src=\"http:\/\/cgt.fercsup.net\/IMG\/siteon0.png?1480409362\" alt=\"http:\/\/cgt.fercsup.net\/IMG\/siteon0.png?1480409362\" width=\"99\" height=\"121\"><\/p>\n<div><strong>Syndicat d&rsquo;etablissement la CGT UAPV est affili\u00e9 \u00e0 la FERC-SUP CGT.<\/strong><\/div>\n<p>Adresse mel du syndicat: <a class=\"mailto\">cgt-uapv@univ-avignon.fr<\/a><\/p>\n<p>Nom du repr\u00e9sentant: <strong>daniel.sudreau<\/strong><br \/>\nMel: <a class=\"mailto\">daniel.sudreau@univ-avignon.fr<\/a> t\u00e9l professionnel <strong>04 90 16 26 21<\/strong><br \/>\nAdresse site FERC-SUP CGT<br \/>\n<a class=\"lien_externe\" href=\"http:\/\/cgt.fercsup.net\/\">http:\/\/cgt.fercsup.net\/<\/a><\/p>\n","protected":false},"excerpt":{"rendered":"<p>Syndicat d&rsquo;etablissement la CGT UAPV est affili\u00e9 \u00e0 la FERC-SUP CGT. Adresse mel du syndicat: cgt-uapv@univ-avignon.fr Nom du repr\u00e9sentant: daniel.sudreau Mel: daniel.sudreau@univ-avignon.fr t\u00e9l professionnel 04 90 16 26 21 Adresse site FERC-SUP CGT http:\/\/cgt.fercsup.net\/<\/p>\n","protected":false},"author":2127,"featured_media":0,"parent":0,"menu_order":0,"comment_status":"closed","ping_status":"closed","template":"","meta":{"footnotes":""},"class_list":["post-4","page","type-page","status-publish","hentry"],"_links":{"self":[{"href":"https:\/\/e-doc.univ-avignon.fr\/ferc-sup-cgt\/wp-json\/wp\/v2\/pages\/4","targetHints":{"allow":["GET"]}}],"collection":[{"href":"https:\/\/e-doc.univ-avignon.fr\/ferc-sup-cgt\/wp-json\/wp\/v2\/pages"}],"about":[{"href":"https:\/\/e-doc.univ-avignon.fr\/ferc-sup-cgt\/wp-json\/wp\/v2\/types\/page"}],"author":[{"embeddable":true,"href":"https:\/\/e-doc.univ-avignon.fr\/ferc-sup-cgt\/wp-json\/wp\/v2\/users\/2127"}],"replies":[{"embeddable":true,"href":"https:\/\/e-doc.univ-avignon.fr\/ferc-sup-cgt\/wp-json\/wp\/v2\/comments?post=4"}],"version-history":[{"count":6,"href":"https:\/\/e-doc.univ-avignon.fr\/ferc-sup-cgt\/wp-json\/wp\/v2\/pages\/4\/revisions"}],"predecessor-version":[{"id":16,"href":"https:\/\/e-doc.univ-avignon.fr\/ferc-sup-cgt\/wp-json\/wp\/v2\/pages\/4\/revisions\/16"}],"wp:attachment":[{"href":"https:\/\/e-doc.univ-avignon.fr\/ferc-sup-cgt\/wp-json\/wp\/v2\/media?parent=4"}],"curies":[{"name":"wp","href":"https:\/\/api.w.org\/{rel}","templated":true}]}}