{"id":1065,"date":"2017-06-19T10:16:12","date_gmt":"2017-06-19T09:16:12","guid":{"rendered":"http:\/\/e-doc.univ-avignon.fr\/gouvernance\/?page_id=1065"},"modified":"2026-04-22T09:31:27","modified_gmt":"2026-04-22T08:31:27","slug":"deliberations-de-la-cfvu_annee-2017","status":"publish","type":"page","link":"https:\/\/e-doc.univ-avignon.fr\/gouvernance\/deliberations-de-la-cfvu_annee-2017\/","title":{"rendered":"D\u00e9lib\u00e9rations de la CFVU"},"content":{"rendered":"\n<p><strong>Les d\u00e9lib\u00e9rations sont d\u00e9sormais archiv\u00e9es sur le Catalogue des services<\/strong> <a href=\"https:\/\/services.univ-avignon.fr\/des\/question\/recueil-des-actes-reglementaires\/commission-de-la-formation-et-de-la-vie-universitaire-cfvu\/cfvu-proces-verbaux-releves-de-decisions-deliberations\/\">(Cliquer ici)<\/a><\/p>\n\n\n\n<h2 class=\"wp-block-heading\">2026<\/h2>\n\n\n\n<ul class=\"wp-block-list\">\n<li><a href=\"https:\/\/e-doc.univ-avignon.fr\/gouvernance\/wp-content\/uploads\/sites\/2\/2026\/02\/Deliberations-annexes-CFVU-22-janv-2026.7z\" data-type=\"link\" data-id=\"https:\/\/e-doc.univ-avignon.fr\/gouvernance\/wp-content\/uploads\/sites\/2\/2025\/03\/Deliberations-CFVU-du-27-02-25.7z\">D\u00e9lib\u00e9rations de la CFVU &#8211; S\u00e9ance du 22 janvier 2026<\/a><\/li>\n<\/ul>\n\n\n\n<h2 class=\"wp-block-heading\"><strong>2025<\/strong><\/h2>\n\n\n\n<ul class=\"wp-block-list\">\n<li><a href=\"https:\/\/e-doc.univ-avignon.fr\/gouvernance\/wp-content\/uploads\/sites\/2\/2025\/03\/Deliberations-CFVU-du-27-02-25.7z\" data-type=\"link\" data-id=\"https:\/\/e-doc.univ-avignon.fr\/gouvernance\/wp-content\/uploads\/sites\/2\/2025\/03\/Deliberations-CFVU-du-27-02-25.7z\">D\u00e9lib\u00e9rations de la CFVU &#8211; S\u00e9ance du 27 f\u00e9vrier 2025<\/a><\/li>\n\n\n\n<li><a href=\"https:\/\/e-doc.univ-avignon.fr\/gouvernance\/wp-content\/uploads\/sites\/2\/2025\/04\/CFVU-du-27-mars-2025-Deliberations-et-Annexes.7z\">D\u00e9lib\u00e9rations de la CFVU &#8211; S\u00e9ance du 27 mars 2025<\/a><\/li>\n\n\n\n<li><a href=\"https:\/\/e-doc.univ-avignon.fr\/gouvernance\/wp-content\/uploads\/sites\/2\/2025\/05\/CFVU-du-24-avril-2025-Deliberations-et-Annexes.7z\">D\u00e9lib\u00e9rations de la CFVU &#8211; S\u00e9ance du 24 avril 2025<\/a><\/li>\n\n\n\n<li><a href=\"https:\/\/e-doc.univ-avignon.fr\/gouvernance\/wp-content\/uploads\/sites\/2\/2025\/05\/Deliberation-et-annexe-CFVU-du-15-mai-2025.7z\" data-type=\"link\" data-id=\"https:\/\/e-doc.univ-avignon.fr\/gouvernance\/wp-content\/uploads\/sites\/2\/2025\/05\/Deliberation-et-annexe-CFVU-du-15-mai-2025.7z\">D\u00e9lib\u00e9ration de la CFVU -S\u00e9ance du 15 mai 2025<\/a><\/li>\n\n\n\n<li><a href=\"https:\/\/e-doc.univ-avignon.fr\/gouvernance\/wp-content\/uploads\/sites\/2\/2025\/07\/Deliberations-et-annexes-CFVU-du-19-juin-2025.7z\">D\u00e9lib\u00e9rations de la CFVU &#8211; S\u00e9ance du 19 juin 2025<\/a><\/li>\n\n\n\n<li><a href=\"https:\/\/e-doc.univ-avignon.fr\/gouvernance\/wp-content\/uploads\/sites\/2\/2025\/10\/CFVU-du-25-septembre-2025-Deliberations-et-annexes.7z\">D\u00e9lib\u00e9rations de la CFVU &#8211; S\u00e9ance du 25 septembre 2025<\/a><\/li>\n\n\n\n<li><a href=\"https:\/\/e-doc.univ-avignon.fr\/gouvernance\/wp-content\/uploads\/sites\/2\/2025\/11\/Deliberations-et-annexes-CFVU-du-23-octobre-2025.7z\">D\u00e9lib\u00e9rations de la CFVU &#8211; S\u00e9ance du 23 octobre 2025<\/a><\/li>\n\n\n\n<li><a href=\"https:\/\/e-doc.univ-avignon.fr\/gouvernance\/wp-content\/uploads\/sites\/2\/2025\/12\/Deliberations-et-annexes-CFVU-du-20-novembre-2025.7z\">D\u00e9lib\u00e9rations de la CFVU &#8211; S\u00e9ance du 20 novembre 2025<\/a><\/li>\n\n\n\n<li><a href=\"https:\/\/e-doc.univ-avignon.fr\/gouvernance\/wp-content\/uploads\/sites\/2\/2025\/12\/Deliberations-et-annexes-CFVU-du-4-decembre-2025.7z\">D\u00e9lib\u00e9rations de la CFVU &#8211; S\u00e9ance du 4 d\u00e9cembre 2025<\/a><\/li>\n<\/ul>\n\n\n<h4><strong>2024<\/strong><\/h4>\n<ul>\n<li><a href=\"https:\/\/e-doc.univ-avignon.fr\/gouvernance\/wp-content\/uploads\/sites\/2\/2024\/03\/Deliberations-et-annexes-CFVU-15-02-2024.zip\" target=\"_blank\" rel=\"noopener\">D\u00e9lib\u00e9rations de la CFVU &#8211; S\u00e9ance du 15 f\u00e9vrier 2024<\/a><\/li>\n<li><a href=\"https:\/\/e-doc.univ-avignon.fr\/gouvernance\/wp-content\/uploads\/sites\/2\/2024\/04\/Deliberations-et-annexes-CFVU-14-03-24-1.zip\" target=\"_blank\" rel=\"noopener\">D\u00e9lib\u00e9rations de la CFVU &#8211; S\u00e9ance du 14 mars 2024<\/a><\/li>\n<li><a href=\"https:\/\/e-doc.univ-avignon.fr\/gouvernance\/wp-content\/uploads\/sites\/2\/2024\/04\/Deliberations-CFVU-extraordinaire-28-03-24.zip\" target=\"_blank\" rel=\"noopener\">D\u00e9lib\u00e9rations de la CFVU &#8211; S\u00e9ance extraordinaire du 28 mars 2024<\/a><\/li>\n<li><a href=\"https:\/\/e-doc.univ-avignon.fr\/gouvernance\/wp-content\/uploads\/sites\/2\/2024\/05\/Deliberations-annexes-1.7z\" target=\"_blank\" rel=\"noopener\">D\u00e9lib\u00e9rations de la CFVU &#8211; S\u00e9ance du 11 avril 2024<\/a><\/li>\n<li><a href=\"https:\/\/e-doc.univ-avignon.fr\/gouvernance\/wp-content\/uploads\/sites\/2\/2024\/07\/e-doc.7z\" target=\"_blank\" rel=\"noopener\">D\u00e9lib\u00e9rations de la CFVU &#8211; S\u00e9ance du 16 mai 2024<\/a><\/li>\n<li><a href=\"https:\/\/e-doc.univ-avignon.fr\/gouvernance\/wp-content\/uploads\/sites\/2\/2024\/07\/Deliberations-et-annexes-CFVU-130624.zip\" target=\"_blank\" rel=\"noopener\">D\u00e9lib\u00e9rations de la CFVU &#8211; S\u00e9ance du 13 juin 2024<\/a><\/li>\n<li><a href=\"https:\/\/e-doc.univ-avignon.fr\/gouvernance\/wp-content\/uploads\/sites\/2\/2024\/11\/Deliberations-CFVU-26-09-2024.zip\" target=\"_blank\" rel=\"noopener\">D\u00e9lib\u00e9rations de la CFVU &#8211; S\u00e9ance du 26 septembre 2024<\/a><\/li>\n<li><a href=\"https:\/\/e-doc.univ-avignon.fr\/gouvernance\/wp-content\/uploads\/sites\/2\/2024\/12\/Deliberation-CFVU-du-24-10-24.7z\">D\u00e9lib\u00e9rations de la CFVU &#8211; S\u00e9ance du 24 octobre 2024<\/a><\/li>\n<li><a href=\"https:\/\/e-doc.univ-avignon.fr\/gouvernance\/wp-content\/uploads\/sites\/2\/2024\/12\/Deliberation-CFVU-du-21-11-2024.7z\">D\u00e9lib\u00e9rations de la CFVU &#8211; S\u00e9ance du 21 novembre 202<\/a>4<\/li>\n<li><a href=\"https:\/\/e-doc.univ-avignon.fr\/gouvernance\/wp-content\/uploads\/sites\/2\/2025\/02\/Deliberations-CFVU-du-12-12-2024.7z\">D\u00e9lib\u00e9rations de la CFVU &#8211; S\u00e9ance du 12 d\u00e9cembre 2024<\/a><\/li>\n<\/ul>\n<h4><strong>2023<\/strong><\/h4>\n<ul>\n<li><a href=\"https:\/\/e-doc.univ-avignon.fr\/gouvernance\/wp-content\/uploads\/sites\/2\/2023\/01\/Deliberations-et-annexes-CFVU-19.01.2023.zip\">D\u00e9lib\u00e9rations de la CFVU &#8211; S\u00e9ance du 19 janvier 2023<\/a><\/li>\n<li><a href=\"https:\/\/e-doc.univ-avignon.fr\/gouvernance\/wp-content\/uploads\/sites\/2\/2023\/03\/Deliberations-et-annexes-CFVU-16.02.2023.zip\">D\u00e9lib\u00e9rations de la CFVU &#8211; S\u00e9ance du 16 f\u00e9vrier 2023<\/a><\/li>\n<li><a href=\"https:\/\/e-doc.univ-avignon.fr\/gouvernance\/wp-content\/uploads\/sites\/2\/2023\/03\/Deliberations-et-annexes-CFVU-23.03.2023.zip\">D\u00e9lib\u00e9rations de la CFVU &#8211; S\u00e9ance du 23 mars 2023<\/a><\/li>\n<li><a href=\"https:\/\/e-doc.univ-avignon.fr\/gouvernance\/wp-content\/uploads\/sites\/2\/2023\/05\/Deliberations-et-annexes-CFVU-20.04.2023-1.zip\">D\u00e9lib\u00e9rations de la CFVU &#8211; S\u00e9ance du 20 avril 2023<\/a><\/li>\n<li><a href=\"https:\/\/e-doc.univ-avignon.fr\/gouvernance\/wp-content\/uploads\/sites\/2\/2023\/06\/Deliberations-et-annexes-CFVU-25.05.2023.zip\">D\u00e9lib\u00e9rations de la CFVU &#8211; S\u00e9ance du 25 mai 2023<\/a><\/li>\n<li><a href=\"https:\/\/e-doc.univ-avignon.fr\/gouvernance\/wp-content\/uploads\/sites\/2\/2023\/06\/Deliberations-et-annexes-CFVU-22.06.2023-e-Doc-2.zip\">D\u00e9lib\u00e9rations de la CFVU &#8211; S\u00e9ance du 22 juin 2023<\/a><\/li>\n<li><a href=\"https:\/\/e-doc.univ-avignon.fr\/gouvernance\/wp-content\/uploads\/sites\/2\/2023\/10\/Deliberations-et-annexes-CFVU-28.09.2023-e-Doc.zip\">D\u00e9lib\u00e9rations de la CFVU &#8211; S\u00e9ance du 28 septembre 2023<\/a><\/li>\n<li><a href=\"https:\/\/e-doc.univ-avignon.fr\/gouvernance\/wp-content\/uploads\/sites\/2\/2023\/11\/Deliberations-et-annexes-CFVU-19.10.2023-e-Doc.zip\">D\u00e9lib\u00e9rations de la CFVU &#8211; S\u00e9ance du 19 octobre 2023<\/a><\/li>\n<\/ul>\n<h4><strong>2022<\/strong><\/h4>\n<ul>\n<li><a href=\"https:\/\/e-doc.univ-avignon.fr\/gouvernance\/wp-content\/uploads\/sites\/2\/2022\/02\/Deliberations-et-annexes-CFVU-27.01.2022-2.zip\">D\u00e9lib\u00e9rations de la CFVU &#8211; S\u00e9ance du 27 janvier 2022<\/a><\/li>\n<li><a href=\"https:\/\/e-doc.univ-avignon.fr\/gouvernance\/wp-content\/uploads\/sites\/2\/2022\/03\/Deliberations-et-annexes-CFVU-24.02.2022.zip\">D\u00e9lib\u00e9rations de la CFVU &#8211; S\u00e9ance du 24 f\u00e9vrier 2022<\/a><\/li>\n<li><a href=\"https:\/\/e-doc.univ-avignon.fr\/gouvernance\/wp-content\/uploads\/sites\/2\/2022\/04\/Deliberations-et-annexes-CFVU-24.03.2022-1.zip\">D\u00e9lib\u00e9rations de la CFVU &#8211; S\u00e9ance du 24 mars 2022<\/a><\/li>\n<li><a href=\"https:\/\/e-doc.univ-avignon.fr\/gouvernance\/wp-content\/uploads\/sites\/2\/2022\/05\/Deliberations-et-annexes-CFVU-28.04.2022.zip\">D\u00e9lib\u00e9rations de la CFVU &#8211; S\u00e9ance du 28 avril 2022<\/a><\/li>\n<li><a href=\"https:\/\/e-doc.univ-avignon.fr\/gouvernance\/wp-content\/uploads\/sites\/2\/2022\/05\/Deliberations-et-annexes-CFVU-19.05.2022-1.zip\">D\u00e9lib\u00e9rations de la CFVU &#8211; S\u00e9ance du 19 mai 2022<\/a><\/li>\n<li><a href=\"https:\/\/e-doc.univ-avignon.fr\/gouvernance\/wp-content\/uploads\/sites\/2\/2022\/05\/Annexes-deliberation-2022-055.zip\">Annexes d\u00e9lib\u00e9ration n\u00b02022-055 &#8211; Auto-\u00e9valuation des formations &#8211; HCERES<\/a><\/li>\n<li><a href=\"https:\/\/e-doc.univ-avignon.fr\/gouvernance\/wp-content\/uploads\/sites\/2\/2022\/06\/Deliberations-et-annexes-CFVU-16.06.2022.zip\">D\u00e9lib\u00e9rations de la CFVU &#8211; S\u00e9ance du 16 juin 2022<\/a><\/li>\n<li><a href=\"https:\/\/e-doc.univ-avignon.fr\/gouvernance\/wp-content\/uploads\/sites\/2\/2022\/12\/Deliberations-et-annexes-CFVU-29.09.2022.zip\">D\u00e9lib\u00e9rations de la CFVU &#8211; S\u00e9ance du 29 septembre 2022<\/a><\/li>\n<li><a href=\"https:\/\/e-doc.univ-avignon.fr\/gouvernance\/wp-content\/uploads\/sites\/2\/2022\/12\/Deliberations-et-annexes-CFVU-27.10.2022.zip\">D\u00e9lib\u00e9rations de la CFVU &#8211; S\u00e9ance du 27 octobre 2022<\/a><\/li>\n<li><a href=\"https:\/\/e-doc.univ-avignon.fr\/gouvernance\/wp-content\/uploads\/sites\/2\/2022\/12\/Deliberations-et-annexes-CFVU-24.11.2022.zip\">D\u00e9lib\u00e9rations de la CFVU &#8211; S\u00e9ance du 24 novembre 2022<\/a><\/li>\n<li><a href=\"https:\/\/e-doc.univ-avignon.fr\/gouvernance\/wp-content\/uploads\/sites\/2\/2022\/12\/Deliberations-et-annexes-CFVU-08.12.2022.zip\">D\u00e9lib\u00e9rations de la CFVU &#8211; S\u00e9ance du 08 d\u00e9cembre 2022<\/a><\/li>\n<\/ul>\n<h4><strong>2021<\/strong><\/h4>\n<ul>\n<li><a href=\"https:\/\/e-doc.univ-avignon.fr\/gouvernance\/wp-content\/uploads\/sites\/2\/2021\/02\/Deliberations-et-annexes-CFVU-21.01.2021-2.zip\">D\u00e9lib\u00e9rations de la CFVU &#8211; S\u00e9ance du 21 janvier 2021<\/a><\/li>\n<li><a href=\"https:\/\/e-doc.univ-avignon.fr\/gouvernance\/wp-content\/uploads\/sites\/2\/2021\/03\/Deliberations-et-annexes-CFVU-18-fevrier-2021.zip\">D\u00e9lib\u00e9rations de la CFVU &#8211; S\u00e9ance du 18 f\u00e9vrier 2021<\/a><\/li>\n<li><a href=\"https:\/\/e-doc.univ-avignon.fr\/gouvernance\/wp-content\/uploads\/sites\/2\/2021\/03\/Deliberations-et-annexes-CFVU-18-mars-2021.zip\">D\u00e9lib\u00e9rations de la CFVU &#8211; S\u00e9ances du 18 mars 2021<\/a><\/li>\n<li><a href=\"https:\/\/e-doc.univ-avignon.fr\/gouvernance\/wp-content\/uploads\/sites\/2\/2021\/04\/Deliberation-et-annexe-CFVU-extra.-12-avril-2021.zip\">D\u00e9lib\u00e9rations de la CFVU &#8211; S\u00e9ance extra. du 12 avril 2021<\/a><\/li>\n<li><a href=\"https:\/\/e-doc.univ-avignon.fr\/gouvernance\/wp-content\/uploads\/sites\/2\/2021\/05\/Deliberations-et-annexes-CFVU-29-avril-2021.zip\">D\u00e9lib\u00e9rations de la CFVU &#8211; S\u00e9ance du 29 avril 2021<\/a><\/li>\n<li><a href=\"https:\/\/e-doc.univ-avignon.fr\/gouvernance\/wp-content\/uploads\/sites\/2\/2021\/06\/Deliberations-et-annexes-CFVU-20.05.2021-2.zip\">D\u00e9lib\u00e9rations de la CFVU &#8211; S\u00e9ance du 20 mai 2021<\/a><\/li>\n<li><a href=\"https:\/\/e-doc.univ-avignon.fr\/gouvernance\/wp-content\/uploads\/sites\/2\/2021\/07\/Deliberations-et-annexes-CFVU-du-16.06.2021.zip\">D\u00e9lib\u00e9rations de la CFVU &#8211; S\u00e9ance du 16 juin 2021<\/a><\/li>\n<li><a href=\"https:\/\/e-doc.univ-avignon.fr\/gouvernance\/wp-content\/uploads\/sites\/2\/2021\/10\/Deliberations-et-annexes-CFVU-23.09.2021-1.zip\">D\u00e9lib\u00e9rations de la CFVU &#8211; S\u00e9ance du 23 septembre 2021<\/a><\/li>\n<li><a href=\"https:\/\/e-doc.univ-avignon.fr\/gouvernance\/wp-content\/uploads\/sites\/2\/2021\/11\/Deliberations-et-annexes-CFVU-28.10.2021.zip\">D\u00e9lib\u00e9rations de la CFVU &#8211; S\u00e9ance du 28 octobre 2021<\/a><\/li>\n<li><a href=\"https:\/\/e-doc.univ-avignon.fr\/gouvernance\/wp-content\/uploads\/sites\/2\/2021\/12\/Deliberations-et-annexes-CFVU-25.11.2021-2.zip\">D\u00e9lib\u00e9rations de la CFVU &#8211; S\u00e9ance du 25 novembre 2021<\/a><\/li>\n<li><a href=\"https:\/\/e-doc.univ-avignon.fr\/gouvernance\/wp-content\/uploads\/sites\/2\/2022\/02\/Deliberations-et-annexes-CFVU-du-16.12.2021.7z\">D\u00e9lib\u00e9rations de la CFVU &#8211; S\u00e9ance du 16 d\u00e9cembre 2021<\/a><\/li>\n<\/ul>\n<h4><strong>2020<\/strong><\/h4>\n<ul>\n<li><a href=\"https:\/\/e-doc.univ-avignon.fr\/gouvernance\/wp-content\/uploads\/sites\/2\/2020\/02\/CFVU-22.01.2020_Contr\u00f4le-de-l\u00e9galit\u00e9.zip\">D\u00e9lib\u00e9rations de la CFVU &#8211; S\u00e9ance du 22 janvier 2020<\/a><\/li>\n<li><a href=\"https:\/\/e-doc.univ-avignon.fr\/gouvernance\/wp-content\/uploads\/sites\/2\/2020\/02\/CFVU-6.02.2020_Contr\u00f4le-de-l\u00e9galit\u00e9.zip\">D\u00e9lib\u00e9rations de la CFVU &#8211; S\u00e9ance du 6 f\u00e9vrier 2020<\/a><\/li>\n<li><a href=\"https:\/\/e-doc.univ-avignon.fr\/gouvernance\/wp-content\/uploads\/sites\/2\/2020\/10\/Deliberations-CFVU-26.05.2020.zip\">D\u00e9lib\u00e9rations de la CFVU &#8211; S\u00e9ance du 26 mai 2020<\/a><\/li>\n<li><a href=\"https:\/\/e-doc.univ-avignon.fr\/gouvernance\/wp-content\/uploads\/sites\/2\/2020\/10\/Deliberations-CFVU-04.06.2020.zip\">D\u00e9lib\u00e9rations de la CFVU &#8211; S\u00e9ance du 4 juin 2020<\/a><\/li>\n<li><a href=\"https:\/\/e-doc.univ-avignon.fr\/gouvernance\/wp-content\/uploads\/sites\/2\/2020\/10\/Deliberations-CFVU-18.06.2020.zip\">D\u00e9lib\u00e9rations de la CFVU &#8211; S\u00e9ance du 18 juin 2020<\/a><\/li>\n<li><a href=\"https:\/\/e-doc.univ-avignon.fr\/gouvernance\/wp-content\/uploads\/sites\/2\/2020\/10\/Deliberations-CFVU-02.07.2020.zip\">D\u00e9lib\u00e9rations de la CFVU &#8211; S\u00e9ance du 2 juillet 2020<\/a><\/li>\n<li><a href=\"https:\/\/e-doc.univ-avignon.fr\/gouvernance\/wp-content\/uploads\/sites\/2\/2020\/10\/Deliberations-CFVU-24.09.2020.zip\">D\u00e9lib\u00e9rations de la CFVU &#8211; S\u00e9ance du 24 septembre 2020<\/a><\/li>\n<li><a href=\"https:\/\/e-doc.univ-avignon.fr\/gouvernance\/wp-content\/uploads\/sites\/2\/2020\/10\/Deliberations-CFVU-30.09.2020.zip\">D\u00e9lib\u00e9rations de la CFVU &#8211; S\u00e9ance extra. du 30 septembre 2020<\/a><\/li>\n<li><a href=\"https:\/\/e-doc.univ-avignon.fr\/gouvernance\/wp-content\/uploads\/sites\/2\/2020\/10\/Deliberations-CFVU-8.10.2020-1.zip\">D\u00e9lib\u00e9rations de la CFVU &#8211; S\u00e9ance du 8 octobre 2020<\/a><\/li>\n<li><a href=\"https:\/\/e-doc.univ-avignon.fr\/gouvernance\/wp-content\/uploads\/sites\/2\/2020\/12\/Deliberations-et-annexes-CFVU-26.11.2020.zip\">D\u00e9lib\u00e9rations de la CFVU &#8211; S\u00e9ance du 26 novembre 2020<\/a><\/li>\n<li><a href=\"https:\/\/e-doc.univ-avignon.fr\/gouvernance\/wp-content\/uploads\/sites\/2\/2020\/12\/Deliberations-et-annexes-CFVU-10.12.2020.zip\">D\u00e9lib\u00e9rations de la CFVU &#8211; S\u00e9ance du 10 d\u00e9cembre 2020<\/a><\/li>\n<\/ul>\n<h4><span style=\"color: #000000\"><strong>\u00a0<\/strong><\/span><strong>2019<\/strong><\/h4>\n<ul>\n<li><a href=\"https:\/\/e-doc.univ-avignon.fr\/gouvernance\/wp-content\/uploads\/sites\/2\/2019\/03\/D\u00e9lib\u00e9rations_CFVU-31.01.2019_e-Doc-1.zip\">D\u00e9lib\u00e9rations de la CFVU_S\u00e9ance du 31 janvier 2019<\/a><\/li>\n<li><a href=\"https:\/\/e-doc.univ-avignon.fr\/gouvernance\/wp-content\/uploads\/sites\/2\/2019\/03\/D\u00e9lib\u00e9rations_CFVU-28.02.2019_e-Doc.zip\">D\u00e9lib\u00e9rations de la CFVU_S\u00e9ance du 28 f\u00e9vrier 2019<\/a><\/li>\n<li><a href=\"https:\/\/e-doc.univ-avignon.fr\/gouvernance\/wp-content\/uploads\/sites\/2\/2019\/04\/D\u00e9lib\u00e9rations_CFVU-28.03.2019_e-Doc-1.zip\">D\u00e9lib\u00e9rations de la CFVU_S\u00e9ance du 28 mars 2019<\/a><\/li>\n<li><a href=\"https:\/\/e-doc.univ-avignon.fr\/gouvernance\/wp-content\/uploads\/sites\/2\/2019\/06\/D\u00e9lib\u00e9rations_CFVU-25.04.2019_e-Doc.zip\">D\u00e9lib\u00e9rations de la CFVU _S\u00e9ance du 25 avril 2019<\/a><\/li>\n<li><a href=\"https:\/\/e-doc.univ-avignon.fr\/gouvernance\/wp-content\/uploads\/sites\/2\/2019\/06\/D\u00e9lib\u00e9rations_CFVU-16.05.2019_e-Doc.zip\">D\u00e9lib\u00e9rations de la CFVU_S\u00e9ance du 16 mai 2019<\/a><\/li>\n<li><a href=\"https:\/\/e-doc.univ-avignon.fr\/gouvernance\/wp-content\/uploads\/sites\/2\/2019\/06\/D\u00e9lib\u00e9rations_-CFVU-12.06.2019_e-Doc.zip\">D\u00e9lib\u00e9rations de la CFVU_S\u00e9ance du 12 juin 2019<\/a><\/li>\n<li><a href=\"https:\/\/e-doc.univ-avignon.fr\/gouvernance\/wp-content\/uploads\/sites\/2\/2019\/10\/D\u00e9lib\u00e9rations-CFVU-du-19.09.2019_e-Doc.zip\">D\u00e9lib\u00e9rations de la CFVU_S\u00e9ance du 19 septembre 2019<\/a><\/li>\n<li><a href=\"https:\/\/e-doc.univ-avignon.fr\/gouvernance\/wp-content\/uploads\/sites\/2\/2019\/10\/D\u00e9lib\u00e9rations-CFVU-du-10.10.2019_e-doc.zip\">D\u00e9lib\u00e9rations de la CFVU_S\u00e9ance du 10 octobre 2019<\/a><\/li>\n<\/ul>\n<h4><strong>2018<\/strong><\/h4>\n<ul>\n<li><a href=\"http:\/\/e-doc.univ-avignon.fr\/gouvernance\/wp-content\/uploads\/sites\/2\/2018\/02\/D\u00e9lib\u00e9rations-_CFVU-25.01.2018_e-Doc.zip\">D\u00e9lib\u00e9rations de la CFVU_S\u00e9ance du 25 janvier 2018<\/a><\/li>\n<li><a href=\"http:\/\/e-doc.univ-avignon.fr\/gouvernance\/wp-content\/uploads\/sites\/2\/2018\/04\/D\u00e9lib\u00e9rations_CFVU-22.02.2018_e-Doc.zip\">D\u00e9lib\u00e9rations de la CFVU_S\u00e9ance du 22 f\u00e9vrier 2018<\/a><\/li>\n<li><a href=\"http:\/\/e-doc.univ-avignon.fr\/gouvernance\/wp-content\/uploads\/sites\/2\/2018\/05\/D\u00e9lib\u00e9rations_CFVU-22.03.2018_e-Doc.zip\">D\u00e9lib\u00e9rations de la CFVU_S\u00e9ance du 22 mars 2018<\/a><\/li>\n<li><a href=\"https:\/\/e-doc.univ-avignon.fr\/gouvernance\/wp-content\/uploads\/sites\/2\/2019\/01\/D\u00e9lib\u00e9rations_CFVU_24.05.2018_e-Doc.zip\">D\u00e9lib\u00e9rations de la CFVU_S\u00e9ance du 24 mai 2018<\/a><\/li>\n<li><a href=\"http:\/\/e-doc.univ-avignon.fr\/gouvernance\/wp-content\/uploads\/sites\/2\/2018\/07\/D\u00e9lib\u00e9rations_CFVU_14.06.2018_e-Doc.zip\">D\u00e9lib\u00e9rations de la CFVU_S\u00e9ance du 14 juin 2018<\/a><\/li>\n<li><a href=\"https:\/\/e-doc.univ-avignon.fr\/gouvernance\/wp-content\/uploads\/sites\/2\/2019\/01\/D\u00e9lib\u00e9rations_CFVU-20.09.2018_e-Doc-1.zip\">D\u00e9lib\u00e9rations de la CFVU_S\u00e9ance du 20 septembre 2018<\/a><\/li>\n<li><a href=\"https:\/\/e-doc.univ-avignon.fr\/gouvernance\/wp-content\/uploads\/sites\/2\/2019\/01\/D\u00e9lib\u00e9rations_CFVU-25.10.2018_e-Doc.zip\">D\u00e9lib\u00e9rations de la CFVU_S\u00e9ance du 25 octobre 2018<\/a><\/li>\n<li><a href=\"https:\/\/e-doc.univ-avignon.fr\/gouvernance\/wp-content\/uploads\/sites\/2\/2019\/03\/D\u00e9lib\u00e9rations_CFVU-29.11.2018_e-Doc.zip\">D\u00e9lib\u00e9rations de la CFVU_S\u00e9ance du 29 novembre 2018<\/a><\/li>\n<li><a href=\"https:\/\/e-doc.univ-avignon.fr\/gouvernance\/wp-content\/uploads\/sites\/2\/2019\/03\/D\u00e9lib\u00e9rations_CFVU-20.12.2018_e-Doc-1.zip\">D\u00e9lib\u00e9rations de la CFVU_S\u00e9ance du 20 d\u00e9cembre 2018<\/a><\/li>\n<\/ul>\n<h4><strong>2017<\/strong><\/h4>\n<ul>\n<li><a href=\"http:\/\/e-doc.univ-avignon.fr\/gouvernance\/wp-content\/uploads\/sites\/2\/2017\/06\/D\u00e9lib\u00e9rations-de-la-CFVU_S\u00e9ance-du-2-mars-2017.zip\">D\u00e9lib\u00e9rations de la CFVU_S\u00e9ance du 2 mars 2017<\/a><\/li>\n<li><a href=\"http:\/\/e-doc.univ-avignon.fr\/gouvernance\/wp-content\/uploads\/sites\/2\/2017\/06\/D\u00e9lib\u00e9rations-de-la-CFVU_S\u00e9ance-du-6-avril-2017.zip\">D\u00e9lib\u00e9rations de la CFVU_S\u00e9ance du 6 avril 2017<\/a><\/li>\n<li><a href=\"http:\/\/e-doc.univ-avignon.fr\/gouvernance\/wp-content\/uploads\/sites\/2\/2017\/06\/D\u00e9lib\u00e9rations-de-la-CFVU_S\u00e9ance-du-11-mai-2017.zip\">D\u00e9lib\u00e9rations de la CFVU_S\u00e9ance du 11 mai 2017<\/a><\/li>\n<li><a href=\"http:\/\/e-doc.univ-avignon.fr\/gouvernance\/wp-content\/uploads\/sites\/2\/2017\/06\/D\u00e9lib\u00e9rations-de-la-CFVU_S\u00e9ance-du-8-juin-2017.zip\">D\u00e9lib\u00e9rations de la CFVU_S\u00e9ance du 8 juin 2017<\/a><\/li>\n<li><a href=\"http:\/\/e-doc.univ-avignon.fr\/gouvernance\/wp-content\/uploads\/sites\/2\/2017\/06\/D\u00e9lib\u00e9rations-de-la-CFVU_s\u00e9ance-du-28.09.2017.zip\">D\u00e9lib\u00e9rations de la CFVU_S\u00e9ance du 28 septembre 2017<\/a><\/li>\n<li><a href=\"http:\/\/e-doc.univ-avignon.fr\/gouvernance\/wp-content\/uploads\/sites\/2\/2017\/11\/D\u00e9lib\u00e9rations-CFVU_19.10.2017.zip\">D\u00e9lib\u00e9rations de la CFVU_ S\u00e9ance du 19 octobre 2017<\/a><\/li>\n<li><a href=\"http:\/\/e-doc.univ-avignon.fr\/gouvernance\/wp-content\/uploads\/sites\/2\/2017\/12\/2017-031_De\u0301libe\u0301ration_pt2_CFVU_23.11.2017_Proc\u00e9s-verbaux-CFVU.pdf\">D\u00e9lib\u00e9ration de la CFVU_S\u00e9ance du 23 novembre 2017<\/a><\/li>\n<li><a href=\"http:\/\/e-doc.univ-avignon.fr\/gouvernance\/wp-content\/uploads\/sites\/2\/2018\/02\/D\u00e9lib\u00e9rations_CFVU_15.12.2017_e-Doc.zip\">D\u00e9lib\u00e9rations de la CFVU_S\u00e9ance du 15 d\u00e9cembre 2017<\/a><\/li>\n<\/ul>","protected":false},"excerpt":{"rendered":"<p>Les d\u00e9lib\u00e9rations sont d\u00e9sormais archiv\u00e9es sur le Catalogue des services (Cliquer ici) 2026 2025 2024 D\u00e9lib\u00e9rations de la CFVU &#8211; S\u00e9ance du 15 f\u00e9vrier 2024 D\u00e9lib\u00e9rations de la CFVU &#8211; S\u00e9ance du 14 mars 2024 D\u00e9lib\u00e9rations de la CFVU &#8211; S\u00e9ance extraordinaire du 28 mars 2024 D\u00e9lib\u00e9rations de la CFVU &#8211; S\u00e9ance du 11 avril &hellip; <a href=\"https:\/\/e-doc.univ-avignon.fr\/gouvernance\/deliberations-de-la-cfvu_annee-2017\/\" class=\"more-link\">Continuer la lecture de <span class=\"screen-reader-text\">D\u00e9lib\u00e9rations de la CFVU<\/span><\/a><\/p>\n","protected":false},"author":6403,"featured_media":0,"parent":0,"menu_order":0,"comment_status":"closed","ping_status":"closed","template":"","meta":{"footnotes":""},"class_list":["post-1065","page","type-page","status-publish","hentry"],"_links":{"self":[{"href":"https:\/\/e-doc.univ-avignon.fr\/gouvernance\/wp-json\/wp\/v2\/pages\/1065","targetHints":{"allow":["GET"]}}],"collection":[{"href":"https:\/\/e-doc.univ-avignon.fr\/gouvernance\/wp-json\/wp\/v2\/pages"}],"about":[{"href":"https:\/\/e-doc.univ-avignon.fr\/gouvernance\/wp-json\/wp\/v2\/types\/page"}],"author":[{"embeddable":true,"href":"https:\/\/e-doc.univ-avignon.fr\/gouvernance\/wp-json\/wp\/v2\/users\/6403"}],"replies":[{"embeddable":true,"href":"https:\/\/e-doc.univ-avignon.fr\/gouvernance\/wp-json\/wp\/v2\/comments?post=1065"}],"version-history":[{"count":163,"href":"https:\/\/e-doc.univ-avignon.fr\/gouvernance\/wp-json\/wp\/v2\/pages\/1065\/revisions"}],"predecessor-version":[{"id":5945,"href":"https:\/\/e-doc.univ-avignon.fr\/gouvernance\/wp-json\/wp\/v2\/pages\/1065\/revisions\/5945"}],"wp:attachment":[{"href":"https:\/\/e-doc.univ-avignon.fr\/gouvernance\/wp-json\/wp\/v2\/media?parent=1065"}],"curies":[{"name":"wp","href":"https:\/\/api.w.org\/{rel}","templated":true}]}}