{"id":2106,"date":"2019-02-25T12:04:29","date_gmt":"2019-02-25T11:04:29","guid":{"rendered":"https:\/\/e-doc.univ-avignon.fr\/gouvernance\/?page_id=2106"},"modified":"2026-02-17T12:10:24","modified_gmt":"2026-02-17T11:10:24","slug":"deliberations","status":"publish","type":"page","link":"https:\/\/e-doc.univ-avignon.fr\/gouvernance\/deliberations\/","title":{"rendered":"D\u00e9lib\u00e9rations du CA"},"content":{"rendered":"<p><span style=\"color: #ff0000\">Les d\u00e9lib\u00e9rations du Conseil d\u2019administration sont d\u00e9sormais accessibles sur la nouvelle plateforme \u00ab Catalogue de services \u00bb, via le lien ci-apr\u00e8s :\u00a0<\/span><\/p>\n<p><span style=\"color: #ff0000\"><a style=\"color: #ff0000\" href=\"https:\/\/services.univ-avignon.fr\/daji\/question\/recueil-des-actes-administratifs-raa\/conseil-dadministration\/ca-releves-de-decisions\/\">https:\/\/services.univ-avignon.fr\/daji\/question\/recueil-des-actes-administratifs-raa\/conseil-dadministration\/ca-releves-de-decisions\/<\/a><\/span><\/p>\n\n<h3>&gt; D\u00e9lib\u00e9rations du CA pour l&rsquo;ann\u00e9e 2025<\/h3>\n<ul>\n<li><a href=\"https:\/\/e-doc.univ-avignon.fr\/gouvernance\/wp-content\/uploads\/sites\/2\/2025\/02\/Deliberations_annexes-CA-2025-02-06_e-Doc.zip\">D\u00e9lib\u00e9rations du CA &#8211; S\u00e9ance du 6 f\u00e9vrier 2025<\/a><\/li>\n<li><a href=\"https:\/\/e-doc.univ-avignon.fr\/gouvernance\/wp-content\/uploads\/sites\/2\/2025\/03\/Deliberations_annexes-CA-2025-03-06_e-Doc.zip\">D\u00e9lib\u00e9rations du CA &#8211; S\u00e9ance du 6 mars 2025<\/a><\/li>\n<li><a href=\"https:\/\/e-doc.univ-avignon.fr\/gouvernance\/wp-content\/uploads\/sites\/2\/2025\/04\/Deliberations_annexes-CA-2025-04-01_e-Doc.zip\">D\u00e9lib\u00e9rations du CA &#8211; S\u00e9ance du 1er avril 2025<\/a><\/li>\n<li><a href=\"https:\/\/e-doc.univ-avignon.fr\/gouvernance\/wp-content\/uploads\/sites\/2\/2025\/05\/Deliberations_annexes-CA-2025-05-06_e-Doc.zip\">D\u00e9lib\u00e9rations du CA &#8211; S\u00e9ance du 6 mai 2025<\/a><\/li>\n<li><a href=\"https:\/\/e-doc.univ-avignon.fr\/gouvernance\/wp-content\/uploads\/sites\/2\/2025\/06\/Deliberations_annexes-CA-2025-06-10_e-Doc.zip\">D\u00e9lib\u00e9rations du CA &#8211; S\u00e9ance du 10 juin 2025<\/a><\/li>\n<li><a href=\"https:\/\/e-doc.univ-avignon.fr\/gouvernance\/wp-content\/uploads\/sites\/2\/2025\/07\/Deliberations_annexes-CA-2025-06-26_e-Doc.zip\">D\u00e9lib\u00e9rations du CA &#8211; S\u00e9ance du 26 juin 2025<\/a><\/li>\n<li><a href=\"https:\/\/e-doc.univ-avignon.fr\/gouvernance\/wp-content\/uploads\/sites\/2\/2025\/10\/Deliberations_annexes-CA-2025-10-07_e-Doc-1.zip\">D\u00e9lib\u00e9rations du CA &#8211; S\u00e9ance du 7 octobre 2025<\/a><\/li>\n<li><a href=\"https:\/\/e-doc.univ-avignon.fr\/gouvernance\/wp-content\/uploads\/sites\/2\/2025\/11\/Deliberations_annexes-CA-2025-11-18_e-Doc.zip\">D\u00e9lib\u00e9rations du CA &#8211; S\u00e9ance du 18 novembre 2025<\/a><\/li>\n<li><a href=\"https:\/\/e-doc.univ-avignon.fr\/gouvernance\/wp-content\/uploads\/sites\/2\/2026\/01\/Deliberations_annexes-CA-2025-12-16_e-Doc_MAJ-23.01.2026.zip\">D\u00e9lib\u00e9rations du CA &#8211; S\u00e9ance du 16 d\u00e9cembre 2025_MAJ 23.01.2026<\/a><\/li>\n<\/ul>\n<h3>\u00a0<\/h3>\n<h3>&gt; D\u00e9lib\u00e9rations du CA pour l&rsquo;ann\u00e9e 2024<\/h3>\n<ul>\n<li><a href=\"https:\/\/e-doc.univ-avignon.fr\/gouvernance\/wp-content\/uploads\/sites\/2\/2024\/02\/Deliberations-CA-06.02.2024.zip\">D\u00e9lib\u00e9rations du CA &#8211; S\u00e9ance du 6 f\u00e9vrier 2024<\/a><\/li>\n<li><a href=\"https:\/\/e-doc.univ-avignon.fr\/gouvernance\/wp-content\/uploads\/sites\/2\/2024\/03\/Deliberations-CA-23.02.2024-1.zip\">D\u00e9lib\u00e9rations du CA &#8211; S\u00e9ance extraordinaire du 23 f\u00e9vrier 2024<\/a><\/li>\n<li><a href=\"https:\/\/e-doc.univ-avignon.fr\/gouvernance\/wp-content\/uploads\/sites\/2\/2024\/03\/Deliberations-CA-2024-03-12-e-Doc.zip\">D\u00e9lib\u00e9rations du CA \u2013 S\u00e9ance du 12 mars 2024<\/a><\/li>\n<li><a href=\"https:\/\/e-doc.univ-avignon.fr\/gouvernance\/wp-content\/uploads\/sites\/2\/2024\/05\/Deliberations-CA-2024-04-16-e-Doc.zip\">D\u00e9lib\u00e9rations du CA &#8211; S\u00e9ance du 16 avril 2024<\/a><\/li>\n<li><a href=\"https:\/\/e-doc.univ-avignon.fr\/gouvernance\/wp-content\/uploads\/sites\/2\/2024\/06\/Deliberations-CA-2024-05-21-e-Doc.zip\">D\u00e9lib\u00e9rations du CA &#8211; S\u00e9ance du 21 mai 2024<\/a><\/li>\n<li><a href=\"https:\/\/e-doc.univ-avignon.fr\/gouvernance\/wp-content\/uploads\/sites\/2\/2024\/06\/Deliberations-CA-2024-06-06-e-Doc.zip\">D\u00e9lib\u00e9rations du CA &#8211; S\u00e9ance extraordinaire du 6 juin 2024<\/a><\/li>\n<li><a href=\"https:\/\/e-doc.univ-avignon.fr\/gouvernance\/wp-content\/uploads\/sites\/2\/2024\/07\/Deliberations-CA-2024-07-09-e-Doc.zip\">D\u00e9lib\u00e9rations du CA &#8211; S\u00e9ance du 9 juillet 2024<\/a><\/li>\n<li><a href=\"https:\/\/e-doc.univ-avignon.fr\/gouvernance\/wp-content\/uploads\/sites\/2\/2024\/10\/Deliberations-CA-2024-09-10-e-Doc.zip\">D\u00e9lib\u00e9rations du CA &#8211; S\u00e9ance du 10 septembre 2024<\/a><\/li>\n<li><a href=\"https:\/\/e-doc.univ-avignon.fr\/gouvernance\/wp-content\/uploads\/sites\/2\/2024\/10\/Deliberations-CA-2024-10-08-e-Doc.zip\">D\u00e9lib\u00e9rations du CA &#8211; S\u00e9ance du 8 octobre 2024<\/a><\/li>\n<li><a href=\"https:\/\/e-doc.univ-avignon.fr\/gouvernance\/wp-content\/uploads\/sites\/2\/2024\/11\/Deliberations-CA-2024-11-05-e-Doc.zip\">D\u00e9lib\u00e9rations du CA &#8211; S\u00e9ance du 5 novembre 2024<\/a><\/li>\n<li><a href=\"https:\/\/e-doc.univ-avignon.fr\/gouvernance\/wp-content\/uploads\/sites\/2\/2025\/01\/Deliberations-CA-2024-12-17-e-Doc.zip\">D\u00e9lib\u00e9rations du CA &#8211; S\u00e9ance du 17 d\u00e9cembre 2024<\/a><\/li>\n<\/ul>\n<h3>\u00a0<\/h3>\n<h3>&gt; D\u00e9lib\u00e9rations du CA pour l&rsquo;ann\u00e9e 2023<\/h3>\n<ul>\n<li><a href=\"https:\/\/e-doc.univ-avignon.fr\/gouvernance\/wp-content\/uploads\/sites\/2\/2023\/01\/Deliberation-CA-2023-01-06-e-Doc.zip\" target=\"_blank\" rel=\"noopener\">D\u00e9lib\u00e9rations du CA &#8211; S\u00e9ance extraordinaire du 6 janvier 2023<\/a><\/li>\n<li><a href=\"https:\/\/e-doc.univ-avignon.fr\/gouvernance\/wp-content\/uploads\/sites\/2\/2023\/02\/Deliberations-CA-2023-02-14-e-Doc.zip\" target=\"_blank\" rel=\"noopener\">D\u00e9lib\u00e9rations du CA &#8211; S\u00e9ance du 14 f\u00e9vrier 2023<\/a><\/li>\n<li><a href=\"https:\/\/e-doc.univ-avignon.fr\/gouvernance\/wp-content\/uploads\/sites\/2\/2023\/03\/Deliberations-CA-2023-03-09.zip\" target=\"_blank\" rel=\"noopener\">D\u00e9lib\u00e9rations du CA &#8211; S\u00e9ance du 9 mars 2023<\/a><\/li>\n<li><a href=\"https:\/\/e-doc.univ-avignon.fr\/gouvernance\/wp-content\/uploads\/sites\/2\/2023\/03\/Deliberations-CA-2023-03-21.zip\" target=\"_blank\" rel=\"noopener\">D\u00e9lib\u00e9rations du CA &#8211; S\u00e9ance extraordinaire du 21 mars 2023<\/a><\/li>\n<li><a href=\"https:\/\/e-doc.univ-avignon.fr\/gouvernance\/wp-content\/uploads\/sites\/2\/2023\/04\/Deliberations-CA-2023-04-11-e-Doc.zip\" target=\"_blank\" rel=\"noopener\">D\u00e9lib\u00e9rations du CA &#8211; S\u00e9ance du 11 avril 2023<\/a><\/li>\n<li><a href=\"https:\/\/e-doc.univ-avignon.fr\/gouvernance\/wp-content\/uploads\/sites\/2\/2023\/05\/Deliberations-CA-2023-05-16-e-Doc.zip\" target=\"_blank\" rel=\"noopener\">D\u00e9lib\u00e9rations du CA &#8211; S\u00e9ance du 16 mai 2023<\/a><\/li>\n<li><a href=\"https:\/\/e-doc.univ-avignon.fr\/gouvernance\/wp-content\/uploads\/sites\/2\/2023\/07\/Deliberations-CA-2023-06-27-e-Doc.zip\" target=\"_blank\" rel=\"noopener\">D\u00e9lib\u00e9rations du CA &#8211; S\u00e9ance du 27 juin 2023<\/a><\/li>\n<li><a href=\"https:\/\/e-doc.univ-avignon.fr\/gouvernance\/wp-content\/uploads\/sites\/2\/2023\/10\/Deliberations-CA-2023-10-03-e-Doc.zip\" target=\"_blank\" rel=\"noopener\">D\u00e9lib\u00e9rations du CA &#8211; S\u00e9ance du 3 octobre 2023<\/a><\/li>\n<li><a href=\"https:\/\/e-doc.univ-avignon.fr\/gouvernance\/wp-content\/uploads\/sites\/2\/2023\/11\/Deliberations-CA-2023-10-27-e-Doc.zip\" target=\"_blank\" rel=\"noopener\">D\u00e9lib\u00e9rations du CA &#8211; S\u00e9ance extraordinaire du 27 octobre 2023<\/a><\/li>\n<li><a href=\"https:\/\/e-doc.univ-avignon.fr\/gouvernance\/wp-content\/uploads\/sites\/2\/2023\/12\/2023-096_Deliberation_Election-President-Avignon-Universite-CA-04122023.pdf\" target=\"_blank\" rel=\"noopener\">D\u00e9lib\u00e9rations du CA &#8211; S\u00e9ance du 4 d\u00e9cembre 2023<\/a><\/li>\n<li><a href=\"https:\/\/e-doc.univ-avignon.fr\/gouvernance\/wp-content\/uploads\/sites\/2\/2024\/01\/Deliberation-CA-19122023-1.zip\" target=\"_blank\" rel=\"noopener\">D\u00e9lib\u00e9rations du CA &#8211; S\u00e9ance du 19 d\u00e9cembre 2023<\/a><\/li>\n<\/ul>\n<h3>\u00a0<\/h3>\n<h3>&gt; D\u00e9lib\u00e9rations du CA pour l&rsquo;ann\u00e9e 2022<\/h3>\n<ul>\n<li><a href=\"https:\/\/e-doc.univ-avignon.fr\/gouvernance\/wp-content\/uploads\/sites\/2\/2022\/02\/Deliberations-CA-28-01-2022.zip\">D\u00e9lib\u00e9rations du CA &#8211; S\u00e9ance du 28 janvier 2022<\/a><\/li>\n<li><a href=\"https:\/\/e-doc.univ-avignon.fr\/gouvernance\/wp-content\/uploads\/sites\/2\/2022\/02\/Deliberations-CA-08-02-2022.zip\" target=\"_blank\" rel=\"noopener\">D\u00e9lib\u00e9rations du CA &#8211; S\u00e9ance du 8 f\u00e9vrier 2022<\/a><\/li>\n<li><a href=\"https:\/\/e-doc.univ-avignon.fr\/gouvernance\/wp-content\/uploads\/sites\/2\/2022\/03\/Deliberations-CA-15-03-2022-e-Doc.zip\" target=\"_blank\" rel=\"noopener\">D\u00e9lib\u00e9rations du CA &#8211; S\u00e9ance du 15 mars 2022<\/a><\/li>\n<li><a href=\"https:\/\/e-doc.univ-avignon.fr\/gouvernance\/wp-content\/uploads\/sites\/2\/2022\/04\/Deliberations-CA-12-04-2022-e-Doc.zip\" target=\"_blank\" rel=\"noopener\">D\u00e9lib\u00e9rations du CA &#8211; S\u00e9ance du 12 avril 2022<\/a><\/li>\n<li><a href=\"https:\/\/e-doc.univ-avignon.fr\/gouvernance\/wp-content\/uploads\/sites\/2\/2022\/05\/Deliberations-CA-17-05-2022-e-Doc.zip\" target=\"_blank\" rel=\"noopener\">D\u00e9lib\u00e9rations du CA &#8211; S\u00e9ance du 17 mai 2022<\/a><\/li>\n<li><a href=\"https:\/\/e-doc.univ-avignon.fr\/gouvernance\/wp-content\/uploads\/sites\/2\/2022\/06\/Deliberations-CA-10-06-2022.zip\" target=\"_blank\" rel=\"noopener\">D\u00e9lib\u00e9rations du CA &#8211; S\u00e9ance du 10 juin 2022<\/a><\/li>\n<li><a href=\"https:\/\/e-doc.univ-avignon.fr\/gouvernance\/wp-content\/uploads\/sites\/2\/2023\/12\/Deliberations-CA-27-06-2022-e-Doc.zip\" target=\"_blank\" rel=\"noopener\">D\u00e9lib\u00e9rations du CA &#8211; S\u00e9ance du 27 juin 2022<\/a><\/li>\n<li><a href=\"https:\/\/e-doc.univ-avignon.fr\/gouvernance\/wp-content\/uploads\/sites\/2\/2022\/10\/Deliberations-CA-04-10-2022-e-Doc.zip\" target=\"_blank\" rel=\"noopener\">D\u00e9lib\u00e9rations du CA &#8211; S\u00e9ance du 4 octobre 2022<\/a><\/li>\n<li><a href=\"https:\/\/e-doc.univ-avignon.fr\/gouvernance\/wp-content\/uploads\/sites\/2\/2022\/11\/Deliberations-CA-08-11-2022-e-Doc.zip\" target=\"_blank\" rel=\"noopener\">D\u00e9lib\u00e9rations du CA &#8211; S\u00e9ance du 8 novembre 2022<\/a><\/li>\n<li><a href=\"https:\/\/e-doc.univ-avignon.fr\/gouvernance\/wp-content\/uploads\/sites\/2\/2022\/12\/Deliberations-CA-13-12-2022-e-Doc.zip\" target=\"_blank\" rel=\"noopener\">D\u00e9lib\u00e9rations du CA &#8211; S\u00e9ance du 13 d\u00e9cembre 2022<\/a><\/li>\n<\/ul>\n<h3>\u00a0<\/h3>\n<h3>&gt; D\u00e9lib\u00e9rations du CA pour l&rsquo;ann\u00e9e 2021<\/h3>\n<ul>\n<li><a href=\"https:\/\/e-doc.univ-avignon.fr\/gouvernance\/wp-content\/uploads\/sites\/2\/2021\/02\/Deliberations-CA-16-02-2021-e-Doc.zip\">D\u00e9lib\u00e9rations du CA &#8211; S\u00e9ance du 16 f\u00e9vrier 2021<\/a><\/li>\n<li><a href=\"https:\/\/e-doc.univ-avignon.fr\/gouvernance\/wp-content\/uploads\/sites\/2\/2021\/03\/Deliberations-CA-16-03-2021-e-Doc.zip\">D\u00e9lib\u00e9rations du CA &#8211; S\u00e9ance du 16 mars 2021<\/a><\/li>\n<li><a href=\"https:\/\/e-doc.univ-avignon.fr\/gouvernance\/wp-content\/uploads\/sites\/2\/2021\/04\/2021-032_Deliberation_Pt-exclusif_Covid-19-Adaptation-calendrier-peda-20-21-CA-12042021.pdf\">D\u00e9lib\u00e9ration du CA &#8211; S\u00e9ance extraordinaire du 12 avril 2021<\/a><\/li>\n<li><a href=\"https:\/\/e-doc.univ-avignon.fr\/gouvernance\/wp-content\/uploads\/sites\/2\/2021\/05\/Deliberations-CA-27-04-2021-e-Doc.zip\">D\u00e9lib\u00e9rations du CA &#8211; S\u00e9ance du 27 avril 2021<\/a><\/li>\n<li><a href=\"https:\/\/e-doc.univ-avignon.fr\/gouvernance\/wp-content\/uploads\/sites\/2\/2021\/05\/Deliberations-CA-18-05-2021-e-Doc.zip\">D\u00e9lib\u00e9rations du CA &#8211; S\u00e9ance du 18 mai 2021<\/a><\/li>\n<li><a href=\"https:\/\/e-doc.univ-avignon.fr\/gouvernance\/wp-content\/uploads\/sites\/2\/2021\/07\/Deliberations-CA-29-06-2021-e-Doc.zip\">D\u00e9lib\u00e9rations du CA &#8211; S\u00e9ance du 29 juin 2021<\/a><\/li>\n<li><a href=\"https:\/\/e-doc.univ-avignon.fr\/gouvernance\/wp-content\/uploads\/sites\/2\/2021\/09\/Deliberations-CA-21-09-2021-e-Doc.zip\">D\u00e9lib\u00e9rations du CA &#8211; S\u00e9ance du 21 septembre 2021<\/a><\/li>\n<li><a href=\"https:\/\/e-doc.univ-avignon.fr\/gouvernance\/wp-content\/uploads\/sites\/2\/2021\/11\/Deliberations-CA-09-11-2021-e-Doc.zip\">D\u00e9lib\u00e9rations du CA &#8211; S\u00e9ance du 9 novembre 2021<\/a><\/li>\n<li><a href=\"https:\/\/e-doc.univ-avignon.fr\/gouvernance\/wp-content\/uploads\/sites\/2\/2021\/12\/Deliberations-CA-14-12-2021-e-Doc.zip\">D\u00e9lib\u00e9rations du CA &#8211; S\u00e9ance du 14 d\u00e9cembre 2021<\/a><\/li>\n<\/ul>\n<h3>\u00a0<\/h3>\n<h3>&gt; D\u00e9lib\u00e9rations du CA pour l&rsquo;ann\u00e9e 2020<\/h3>\n<ul>\n<li><a href=\"https:\/\/e-doc.univ-avignon.fr\/gouvernance\/wp-content\/uploads\/sites\/2\/2020\/01\/D\u00e9lib\u00e9rations-CA-21-01-2020-e-Doc.zip\">D\u00e9lib\u00e9rations du CA &#8211; S\u00e9ance du 21 janvier 2020<\/a><\/li>\n<li><a href=\"https:\/\/e-doc.univ-avignon.fr\/gouvernance\/wp-content\/uploads\/sites\/2\/2020\/02\/D\u00e9lib\u00e9rations-CA-18-02-2020-e-Doc.zip\">D\u00e9lib\u00e9rations du CA &#8211; S\u00e9ance du 18 f\u00e9vrier 2020<\/a><\/li>\n<li><a href=\"https:\/\/e-doc.univ-avignon.fr\/gouvernance\/wp-content\/uploads\/sites\/2\/2020\/03\/D\u00e9lib\u00e9rations-CA-10-03-2020.zip\">D\u00e9lib\u00e9rations du CA &#8211; S\u00e9ance du 10 mars 2020<\/a><\/li>\n<li><a href=\"https:\/\/e-doc.univ-avignon.fr\/gouvernance\/wp-content\/uploads\/sites\/2\/2020\/06\/D\u00e9lib\u00e9rations-CA-19-05-2020-1.zip\">D\u00e9lib\u00e9rations du CA &#8211; S\u00e9ance du 19 mai 2020<\/a><\/li>\n<li><a href=\"https:\/\/e-doc.univ-avignon.fr\/gouvernance\/wp-content\/uploads\/sites\/2\/2020\/07\/D\u00e9lib\u00e9rations-CA-09-06-2020.zip\">D\u00e9lib\u00e9rations du CA &#8211; S\u00e9ance du 9 juin 2020<\/a><\/li>\n<li><a href=\"https:\/\/e-doc.univ-avignon.fr\/gouvernance\/wp-content\/uploads\/sites\/2\/2020\/07\/D\u00e9lib\u00e9rations-CA-07-07-2020-e-Doc.zip\">D\u00e9lib\u00e9rations du CA &#8211; S\u00e9ance du 7 juillet 2020<\/a><\/li>\n<li><a href=\"https:\/\/e-doc.univ-avignon.fr\/gouvernance\/wp-content\/uploads\/sites\/2\/2020\/10\/Deliberations-CA-22-09-2020-e-Doc.zip\">D\u00e9lib\u00e9rations du CA &#8211; S\u00e9ance du 22 septembre 2020<\/a><\/li>\n<li><a href=\"https:\/\/e-doc.univ-avignon.fr\/gouvernance\/wp-content\/uploads\/sites\/2\/2020\/11\/Deliberations-CA-03-11-2020-e-Doc.zip\">D\u00e9lib\u00e9rations du CA &#8211; S\u00e9ance du 3 novembre 2020<\/a><\/li>\n<li><a href=\"https:\/\/e-doc.univ-avignon.fr\/gouvernance\/wp-content\/uploads\/sites\/2\/2020\/12\/Deliberations-CA-15-12-2020-e-Doc.zip\">D\u00e9lib\u00e9rations du CA &#8211; S\u00e9ance du 15 d\u00e9cembre 2020<\/a><\/li>\n<\/ul>\n<h3>\u00a0<\/h3>\n<h3>&gt; D\u00e9lib\u00e9rations du CA pour l&rsquo;ann\u00e9e 2019<\/h3>\n<ul>\n<li><a href=\"https:\/\/e-doc.univ-avignon.fr\/gouvernance\/wp-content\/uploads\/sites\/2\/2019\/03\/D\u00e9lib\u00e9rations-CA-22-01-2019.zip\">D\u00e9lib\u00e9rations du CA &#8211; S\u00e9ance du 22 janvier 2019<\/a><\/li>\n<li><a href=\"https:\/\/e-doc.univ-avignon.fr\/gouvernance\/wp-content\/uploads\/sites\/2\/2019\/03\/D\u00e9lib\u00e9rations-CA-26-02-2019.zip\">D\u00e9lib\u00e9rations du CA &#8211; S\u00e9ance du 26 f\u00e9vrier 2019<\/a><\/li>\n<li><a href=\"https:\/\/e-doc.univ-avignon.fr\/gouvernance\/wp-content\/uploads\/sites\/2\/2019\/03\/D\u00e9lib\u00e9rations-CA-12-03-2019.zip\">D\u00e9lib\u00e9rations du CA &#8211; S\u00e9ance du 12 mars 2019<\/a><\/li>\n<li><a href=\"https:\/\/e-doc.univ-avignon.fr\/gouvernance\/wp-content\/uploads\/sites\/2\/2019\/05\/D\u00e9lib\u00e9rations-e-Doc-CA-23-04-2019.zip\">D\u00e9lib\u00e9rations du CA &#8211; S\u00e9ance du 23 avril 2019<\/a><\/li>\n<li><a href=\"https:\/\/e-doc.univ-avignon.fr\/gouvernance\/wp-content\/uploads\/sites\/2\/2019\/06\/D\u00e9lib\u00e9rations-e-Doc-CA-21-05-2019.zip\">D\u00e9lib\u00e9rations du CA &#8211; S\u00e9ance du 21 mai 2019<\/a><\/li>\n<li><a href=\"https:\/\/e-doc.univ-avignon.fr\/gouvernance\/wp-content\/uploads\/sites\/2\/2019\/07\/D\u00e9lib\u00e9rations-e-Doc-CA-25-06-2019.zip\">D\u00e9lib\u00e9rations du CA &#8211; S\u00e9ance du 25 juin 2019<\/a><\/li>\n<li><a href=\"https:\/\/e-doc.univ-avignon.fr\/gouvernance\/wp-content\/uploads\/sites\/2\/2019\/10\/D\u00e9lib\u00e9rations-e-Doc-CA-24-09-2019.zip\">D\u00e9lib\u00e9rations du CA\u00a0 &#8211; S\u00e9ance du 24 septembre 2019<\/a><\/li>\n<li><a href=\"https:\/\/e-doc.univ-avignon.fr\/gouvernance\/wp-content\/uploads\/sites\/2\/2019\/11\/D\u00e9lib\u00e9rations-e-Doc-CA-22-10-2019.zip\">D\u00e9lib\u00e9rations du CA &#8211; S\u00e9ance du 22 octobre 2019<\/a><\/li>\n<li><a href=\"https:\/\/e-doc.univ-avignon.fr\/gouvernance\/wp-content\/uploads\/sites\/2\/2019\/12\/2019-111_Deliberation_Election-Pr\u00e9sident-Avignon-Universit\u00e9-CA-04122019-2.pdf\">D\u00e9lib\u00e9ration du CA &#8211; S\u00e9ance du 4 d\u00e9cembre 2019<\/a><\/li>\n<li><a href=\"https:\/\/e-doc.univ-avignon.fr\/gouvernance\/wp-content\/uploads\/sites\/2\/2019\/12\/D\u00e9lib\u00e9rations-e-Doc-CA-17-12-2019.zip\">D\u00e9lib\u00e9rations du CA &#8211; S\u00e9ance du 17 d\u00e9cembre 2019<\/a><\/li>\n<\/ul>\n<h3>\u00a0<\/h3>\n<h3>&gt; D\u00e9lib\u00e9rations du CA pour l&rsquo;ann\u00e9e 2018<\/h3>\n<ul>\n<li><a href=\"https:\/\/e-doc.univ-avignon.fr\/gouvernance\/wp-content\/uploads\/sites\/2\/2023\/02\/Deliberations-CA-23-01-2018-e-Doc.zip\" target=\"_blank\" rel=\"noopener\">D\u00e9lib\u00e9rations du CA &#8211; S\u00e9ance du 23 janvier 2018<\/a><\/li>\n<li><a href=\"https:\/\/e-doc.univ-avignon.fr\/gouvernance\/wp-content\/uploads\/sites\/2\/2023\/02\/Deliberations-CA-20-02-2018-e-Doc.zip\" target=\"_blank\" rel=\"noopener\">D\u00e9lib\u00e9rations du CA &#8211; S\u00e9ance du 20 f\u00e9vrier 2018<\/a><\/li>\n<li><a href=\"https:\/\/e-doc.univ-avignon.fr\/gouvernance\/wp-content\/uploads\/sites\/2\/2023\/02\/Deliberations-CA-13-03-2018-e-Doc.zip\" target=\"_blank\" rel=\"noopener\">D\u00e9lib\u00e9rations du CA &#8211; S\u00e9ance du 13 mars 2018<\/a><\/li>\n<li><a href=\"https:\/\/e-doc.univ-avignon.fr\/gouvernance\/wp-content\/uploads\/sites\/2\/2023\/02\/Deliberations-CA-27-03-2018-e-Doc.zip\" target=\"_blank\" rel=\"noopener\">D\u00e9lib\u00e9rations du CA &#8211; S\u00e9ance du 27 mars 2018<\/a><\/li>\n<li><a href=\"https:\/\/e-doc.univ-avignon.fr\/gouvernance\/wp-content\/uploads\/sites\/2\/2023\/02\/Deliberations-CA-17-04-2018-e-Doc.zip\" target=\"_blank\" rel=\"noopener\">D\u00e9lib\u00e9rations du CA &#8211; S\u00e9ance du 17 avril 2018<\/a><\/li>\n<li><a href=\"https:\/\/e-doc.univ-avignon.fr\/gouvernance\/wp-content\/uploads\/sites\/2\/2023\/02\/Deliberations-CA-15-05-2018-e-Doc.zip\" target=\"_blank\" rel=\"noopener\">D\u00e9lib\u00e9rations du CA &#8211; S\u00e9ance du 15 mai 2018<\/a><\/li>\n<li><a href=\"https:\/\/e-doc.univ-avignon.fr\/gouvernance\/wp-content\/uploads\/sites\/2\/2023\/05\/Deliberations-CA-26-06-2018-e-Doc.zip\" target=\"_blank\" rel=\"noopener\">D\u00e9lib\u00e9rations du CA &#8211; S\u00e9ance du 26 juin 2018<\/a><\/li>\n<li><a href=\"https:\/\/e-doc.univ-avignon.fr\/gouvernance\/wp-content\/uploads\/sites\/2\/2023\/02\/Deliberations-CA-18-09-2018-e-Doc.zip\" target=\"_blank\" rel=\"noopener\">D\u00e9lib\u00e9rations du CA &#8211; S\u00e9ance du 18 septembre 2018<\/a><\/li>\n<li><a href=\"https:\/\/e-doc.univ-avignon.fr\/gouvernance\/wp-content\/uploads\/sites\/2\/2023\/02\/Deliberations-CA-16-10-2018-e-Doc.zip\" target=\"_blank\" rel=\"noopener\">D\u00e9lib\u00e9rations du CA &#8211; S\u00e9ance du 16 octobre 2018<\/a><\/li>\n<li><a href=\"https:\/\/e-doc.univ-avignon.fr\/gouvernance\/wp-content\/uploads\/sites\/2\/2023\/02\/Deliberations-CA-20-11-2018-e-Doc.zip\" target=\"_blank\" rel=\"noopener\">D\u00e9lib\u00e9rations du CA &#8211; S\u00e9ance du 20 novembre 2018<\/a><\/li>\n<li><a href=\"https:\/\/e-doc.univ-avignon.fr\/gouvernance\/wp-content\/uploads\/sites\/2\/2023\/02\/Deliberations-CA-18-12-2018-e-Doc.zip\" target=\"_blank\" rel=\"noopener\">D\u00e9lib\u00e9rations du CA &#8211; S\u00e9ance du 18 d\u00e9cembre 2018<\/a><\/li>\n<\/ul>\n\n\n<p><\/p>\n\n\n\n<p><\/p>\n\n\n\n<p><\/p>\n","protected":false},"excerpt":{"rendered":"<p>Les d\u00e9lib\u00e9rations du Conseil d\u2019administration sont d\u00e9sormais accessibles sur la nouvelle plateforme \u00ab Catalogue de services \u00bb, via le lien ci-apr\u00e8s :\u00a0 https:\/\/services.univ-avignon.fr\/daji\/question\/recueil-des-actes-administratifs-raa\/conseil-dadministration\/ca-releves-de-decisions\/ &gt; D\u00e9lib\u00e9rations du CA pour l&rsquo;ann\u00e9e 2025 D\u00e9lib\u00e9rations du CA &#8211; S\u00e9ance du 6 f\u00e9vrier 2025 D\u00e9lib\u00e9rations du CA &#8211; S\u00e9ance du 6 mars 2025 D\u00e9lib\u00e9rations du CA &#8211; S\u00e9ance du 1er &hellip; <a href=\"https:\/\/e-doc.univ-avignon.fr\/gouvernance\/deliberations\/\" class=\"more-link\">Continuer la lecture de <span class=\"screen-reader-text\">D\u00e9lib\u00e9rations du CA<\/span><\/a><\/p>\n","protected":false},"author":506,"featured_media":0,"parent":0,"menu_order":0,"comment_status":"closed","ping_status":"closed","template":"","meta":{"footnotes":""},"class_list":["post-2106","page","type-page","status-publish","hentry"],"_links":{"self":[{"href":"https:\/\/e-doc.univ-avignon.fr\/gouvernance\/wp-json\/wp\/v2\/pages\/2106","targetHints":{"allow":["GET"]}}],"collection":[{"href":"https:\/\/e-doc.univ-avignon.fr\/gouvernance\/wp-json\/wp\/v2\/pages"}],"about":[{"href":"https:\/\/e-doc.univ-avignon.fr\/gouvernance\/wp-json\/wp\/v2\/types\/page"}],"author":[{"embeddable":true,"href":"https:\/\/e-doc.univ-avignon.fr\/gouvernance\/wp-json\/wp\/v2\/users\/506"}],"replies":[{"embeddable":true,"href":"https:\/\/e-doc.univ-avignon.fr\/gouvernance\/wp-json\/wp\/v2\/comments?post=2106"}],"version-history":[{"count":130,"href":"https:\/\/e-doc.univ-avignon.fr\/gouvernance\/wp-json\/wp\/v2\/pages\/2106\/revisions"}],"predecessor-version":[{"id":5940,"href":"https:\/\/e-doc.univ-avignon.fr\/gouvernance\/wp-json\/wp\/v2\/pages\/2106\/revisions\/5940"}],"wp:attachment":[{"href":"https:\/\/e-doc.univ-avignon.fr\/gouvernance\/wp-json\/wp\/v2\/media?parent=2106"}],"curies":[{"name":"wp","href":"https:\/\/api.w.org\/{rel}","templated":true}]}}