{"id":4,"date":"2015-11-02T14:12:51","date_gmt":"2015-11-02T13:12:51","guid":{"rendered":"http:\/\/e-doc.univ-avignon.fr\/gouvernance\/?page_id=4"},"modified":"2024-06-16T21:43:16","modified_gmt":"2024-06-16T20:43:16","slug":"gouvernance","status":"publish","type":"page","link":"https:\/\/e-doc.univ-avignon.fr\/gouvernance\/","title":{"rendered":"Gouvernance"},"content":{"rendered":"<p>Vous trouverez dans cette rubrique les documents et les liens qui vous informent sur la vie institutionnelle de notre \u00e9tablissement et doivent vous permettre de prendre une part active dans les d\u00e9bats et les \u00e9changes portant sur sa gouvernance.<\/p>\n<p>Tous les comptes-rendus des conseils centraux (<a href=\"http:\/\/e-doc.univ-avignon.fr\/gouvernance\/comptes-rendus-du-ca\/\" target=\"_blank\" rel=\"noopener\">Conseil d&rsquo;Administration<\/a>, <a href=\"http:\/\/e-doc.univ-avignon.fr\/gouvernance\/comptes-rendus-de-la-cr\/\" target=\"_blank\" rel=\"noopener\">Commission de la Recherche<\/a>, <a href=\"http:\/\/e-doc.univ-avignon.fr\/gouvernance\/comptes-rendus-de-la-cfvu\/\" target=\"_blank\" rel=\"noopener\">Commission de la Formation et de la Vie Universitaire<\/a> ) depuis 1999 sont disponibles ici, ainsi que ceux de la Commission Paritaire d&rsquo;Etablissement.<\/p>\n<h2>&gt; Quadriennal<\/h2>\n<ul>\n<li><a href=\"http:\/\/e-doc.univ-avignon.fr\/gouvernance\/wp-content\/uploads\/sites\/2\/2015\/11\/Avignon_Bilan_2004-2007.pdf\" rel=\"\">Bilan d&rsquo;\u00e9tape du contrat 2004-2007<\/a><\/li>\n<li><a href=\"http:\/\/e-doc.univ-avignon.fr\/gouvernance\/wp-content\/uploads\/sites\/2\/2015\/11\/Avignon_Projet_2008-2011.pdf\" rel=\"\">Projet de d\u00e9veloppement 2008-2011<\/a><\/li>\n<li><a href=\"http:\/\/e-doc.univ-avignon.fr\/gouvernance\/wp-content\/uploads\/sites\/2\/2015\/11\/Complement_quadriennal_UAPV.pdf\" rel=\"\">Compl\u00e9ment de projet du contrat quadriennal<\/a><\/li>\n<\/ul>\n<h2>&gt; Plus d&rsquo;informations<\/h2>\n<ul>\n<li><a href=\"http:\/\/e-doc.univ-avignon.fr\/gouvernance\/wp-content\/uploads\/sites\/2\/2015\/11\/Avignon_2.pdf\" rel=\"\">Rapport du Comit\u00e9 National d&rsquo;Evaluation (CNE) sur notre Universit\u00e9<\/a><\/li>\n<li><a href=\"http:\/\/e-doc.univ-avignon.fr\/gouvernance\/wp-content\/uploads\/sites\/2\/2015\/11\/Rapport_AERES_UAPV_2007.pdf\" rel=\"\">Rapport de l&rsquo;AERES sur notre Universit\u00e9 &#8211; Octobre 2007<\/a><\/li>\n<\/ul>\n<ul>\n<li><a href=\"http:\/\/e-doc.univ-avignon.fr\/gouvernance\/wp-content\/uploads\/sites\/2\/2015\/11\/Complement_quadriennal_UAPV.pdf\" rel=\"\">Compl\u00e9ment de projet du contrat quadriennal<\/a><\/li>\n<\/ul>\n<h2>&gt; Calendrier<\/h2>\n<ul>\n<li><a href=\"https:\/\/e-doc.univ-avignon.fr\/gouvernance\/wp-content\/uploads\/sites\/2\/2024\/06\/Calendrier-douverture-et-fermeture-2024-2025.pdf\" target=\"_blank\" rel=\"noopener\">Calendrier d&rsquo;ouverture et de fermeture 2024-2025<\/a><\/li>\n<\/ul>\n","protected":false},"excerpt":{"rendered":"<p>Vous trouverez dans cette rubrique les documents et les liens qui vous informent sur la vie institutionnelle de notre \u00e9tablissement et doivent vous permettre de prendre une part active dans les d\u00e9bats et les \u00e9changes portant sur sa gouvernance. Tous les comptes-rendus des conseils centraux (Conseil d&rsquo;Administration, Commission de la Recherche, Commission de la Formation &hellip; <a href=\"https:\/\/e-doc.univ-avignon.fr\/gouvernance\/\" class=\"more-link\">Continuer la lecture de <span class=\"screen-reader-text\">Gouvernance<\/span><\/a><\/p>\n","protected":false},"author":1,"featured_media":0,"parent":0,"menu_order":0,"comment_status":"closed","ping_status":"closed","template":"","meta":{"footnotes":""},"class_list":["post-4","page","type-page","status-publish","hentry"],"_links":{"self":[{"href":"https:\/\/e-doc.univ-avignon.fr\/gouvernance\/wp-json\/wp\/v2\/pages\/4","targetHints":{"allow":["GET"]}}],"collection":[{"href":"https:\/\/e-doc.univ-avignon.fr\/gouvernance\/wp-json\/wp\/v2\/pages"}],"about":[{"href":"https:\/\/e-doc.univ-avignon.fr\/gouvernance\/wp-json\/wp\/v2\/types\/page"}],"author":[{"embeddable":true,"href":"https:\/\/e-doc.univ-avignon.fr\/gouvernance\/wp-json\/wp\/v2\/users\/1"}],"replies":[{"embeddable":true,"href":"https:\/\/e-doc.univ-avignon.fr\/gouvernance\/wp-json\/wp\/v2\/comments?post=4"}],"version-history":[{"count":7,"href":"https:\/\/e-doc.univ-avignon.fr\/gouvernance\/wp-json\/wp\/v2\/pages\/4\/revisions"}],"predecessor-version":[{"id":5141,"href":"https:\/\/e-doc.univ-avignon.fr\/gouvernance\/wp-json\/wp\/v2\/pages\/4\/revisions\/5141"}],"wp:attachment":[{"href":"https:\/\/e-doc.univ-avignon.fr\/gouvernance\/wp-json\/wp\/v2\/media?parent=4"}],"curies":[{"name":"wp","href":"https:\/\/api.w.org\/{rel}","templated":true}]}}