{"id":4762,"date":"2023-10-30T14:57:17","date_gmt":"2023-10-30T13:57:17","guid":{"rendered":"https:\/\/e-doc.univ-avignon.fr\/gouvernance\/?page_id=4762"},"modified":"2023-10-31T11:06:22","modified_gmt":"2023-10-31T10:06:22","slug":"arretes-et-decisions-du-directeur-general-des-services","status":"publish","type":"page","link":"https:\/\/e-doc.univ-avignon.fr\/gouvernance\/arretes-et-decisions-du-directeur-general-des-services\/","title":{"rendered":"Arr\u00eat\u00e9s et d\u00e9cisions du Directeur g\u00e9n\u00e9ral des services"},"content":{"rendered":"\n<ul class=\"wp-block-list\">\n<li><a href=\"https:\/\/e-doc.univ-avignon.fr\/election-presidence-universite\/wp-content\/uploads\/sites\/40\/2023\/10\/Arrete-n\u00b02023-36-DAGAP-portant-organisation-de-lelection-a-la-presidence.pdf\" data-type=\"link\" data-id=\"https:\/\/e-doc.univ-avignon.fr\/election-presidence-universite\/wp-content\/uploads\/sites\/40\/2023\/10\/Arrete-n\u00b02023-36-DAGAP-portant-organisation-de-lelection-a-la-presidence.pdf\" target=\"_blank\" rel=\"noreferrer noopener\">Arr\u00eat\u00e9 n\u00b02023-36-DAGAP du 30 octobre 2023 portant organisation de l&rsquo;\u00e9lection \u00e0 la pr\u00e9sidence d&rsquo;Avignon Universit\u00e9<\/a><\/li>\n<\/ul>\n","protected":false},"excerpt":{"rendered":"","protected":false},"author":506,"featured_media":0,"parent":0,"menu_order":0,"comment_status":"closed","ping_status":"closed","template":"","meta":{"footnotes":""},"class_list":["post-4762","page","type-page","status-publish","hentry"],"_links":{"self":[{"href":"https:\/\/e-doc.univ-avignon.fr\/gouvernance\/wp-json\/wp\/v2\/pages\/4762","targetHints":{"allow":["GET"]}}],"collection":[{"href":"https:\/\/e-doc.univ-avignon.fr\/gouvernance\/wp-json\/wp\/v2\/pages"}],"about":[{"href":"https:\/\/e-doc.univ-avignon.fr\/gouvernance\/wp-json\/wp\/v2\/types\/page"}],"author":[{"embeddable":true,"href":"https:\/\/e-doc.univ-avignon.fr\/gouvernance\/wp-json\/wp\/v2\/users\/506"}],"replies":[{"embeddable":true,"href":"https:\/\/e-doc.univ-avignon.fr\/gouvernance\/wp-json\/wp\/v2\/comments?post=4762"}],"version-history":[{"count":2,"href":"https:\/\/e-doc.univ-avignon.fr\/gouvernance\/wp-json\/wp\/v2\/pages\/4762\/revisions"}],"predecessor-version":[{"id":4767,"href":"https:\/\/e-doc.univ-avignon.fr\/gouvernance\/wp-json\/wp\/v2\/pages\/4762\/revisions\/4767"}],"wp:attachment":[{"href":"https:\/\/e-doc.univ-avignon.fr\/gouvernance\/wp-json\/wp\/v2\/media?parent=4762"}],"curies":[{"name":"wp","href":"https:\/\/api.w.org\/{rel}","templated":true}]}}