{"id":4,"date":"2015-11-02T15:06:35","date_gmt":"2015-11-02T14:06:35","guid":{"rendered":"http:\/\/e-doc.univ-avignon.fr\/hygiene-securite\/?page_id=4"},"modified":"2025-11-28T10:05:27","modified_gmt":"2025-11-28T09:05:27","slug":"hygiene-et-securite","status":"publish","type":"page","link":"https:\/\/e-doc.univ-avignon.fr\/hygiene-securite\/","title":{"rendered":"Sant\u00e9 et S\u00e9curit\u00e9 au Travail"},"content":{"rendered":"\n<p><\/p>\n\n\n\n<p><strong>Depuis 2025, l&rsquo;\u00e9tablissement a r\u00e9dig\u00e9 une instruction sant\u00e9 s\u00e9curit\u00e9 au travail, annex\u00e9e au r\u00e8glement int\u00e9rieur de l&rsquo;\u00e9tablissement. Ce document d\u00e9crit les r\u00f4les et responsabilit\u00e9s de tous les acteurs de la pr\u00e9vention, les personnels, les encadrants, les outils d\u00e9ploy\u00e9s au sein de l&rsquo;\u00e9tablissement.<\/strong> <a href=\"https:\/\/e-doc.univ-avignon.fr\/hygiene-securite\/wp-content\/uploads\/sites\/6\/2025\/11\/Instruction-sante-securite-au-travail_approuvee-en-CA-le-26.06.2025.pdf\">Lien vers ce document<\/a><\/p>\n\n\n\n<div class=\"wp-block-group\"><div class=\"wp-block-group__inner-container is-layout-flow wp-block-group-is-layout-flow\">\n<div class=\"content_droite\">\n<h2 class=\"bodytext\"><img loading=\"lazy\" decoding=\"async\" class=\"aligncenter\" src=\"https:\/\/e-doc.univ-avignon.fr\/hygiene-securite\/wp-content\/uploads\/sites\/6\/2019\/02\/outil10.jpg\" width=\"250\" height=\"247\" \/><\/h2>\n<\/div>\n<div class=\"content_droite\">\n<p>A consulter \u00e9galement :<\/p>\n<p><a href=\"https:\/\/e-doc.univ-avignon.fr\/hygiene-securite\/wp-content\/uploads\/sites\/6\/2022\/07\/1-Note-engagement-pour-la-prevention-des-risques-pros.pdf\" target=\"_blank\" rel=\"noopener\">Note d&rsquo;engagement du pr\u00e9sident d&rsquo;Avignon Universit\u00e9 pour la pr\u00e9vention des risques professionnels<\/a><\/p>\n<p><a href=\"https:\/\/www.legifrance.gouv.fr\/affichTexte.do?cidTexte=LEGITEXT000006063791\">D\u00e9cret 82-453 relatif \u00e0 l&rsquo;hygi\u00e8ne et \u00e0 la s\u00e9curit\u00e9 dans la fonction publique<\/a><\/p>\n<\/div>\n<\/div><\/div>\n\n\n\n<h2 class=\"wp-block-heading\"><\/h2>\n","protected":false},"excerpt":{"rendered":"<p>Depuis 2025, l&rsquo;\u00e9tablissement a r\u00e9dig\u00e9 une instruction sant\u00e9 s\u00e9curit\u00e9 au travail, annex\u00e9e au r\u00e8glement int\u00e9rieur de l&rsquo;\u00e9tablissement. Ce document d\u00e9crit les r\u00f4les et responsabilit\u00e9s de tous les acteurs de la pr\u00e9vention, les personnels, les encadrants, les outils d\u00e9ploy\u00e9s au sein de l&rsquo;\u00e9tablissement. Lien vers ce document A consulter \u00e9galement : Note d&rsquo;engagement du pr\u00e9sident d&rsquo;Avignon &hellip; <a href=\"https:\/\/e-doc.univ-avignon.fr\/hygiene-securite\/\" class=\"more-link\">Continuer la lecture de <span class=\"screen-reader-text\">Sant\u00e9 et S\u00e9curit\u00e9 au Travail<\/span><\/a><\/p>\n","protected":false},"author":1,"featured_media":0,"parent":0,"menu_order":0,"comment_status":"closed","ping_status":"closed","template":"","meta":{"footnotes":""},"class_list":["post-4","page","type-page","status-publish","hentry"],"_links":{"self":[{"href":"https:\/\/e-doc.univ-avignon.fr\/hygiene-securite\/wp-json\/wp\/v2\/pages\/4","targetHints":{"allow":["GET"]}}],"collection":[{"href":"https:\/\/e-doc.univ-avignon.fr\/hygiene-securite\/wp-json\/wp\/v2\/pages"}],"about":[{"href":"https:\/\/e-doc.univ-avignon.fr\/hygiene-securite\/wp-json\/wp\/v2\/types\/page"}],"author":[{"embeddable":true,"href":"https:\/\/e-doc.univ-avignon.fr\/hygiene-securite\/wp-json\/wp\/v2\/users\/1"}],"replies":[{"embeddable":true,"href":"https:\/\/e-doc.univ-avignon.fr\/hygiene-securite\/wp-json\/wp\/v2\/comments?post=4"}],"version-history":[{"count":58,"href":"https:\/\/e-doc.univ-avignon.fr\/hygiene-securite\/wp-json\/wp\/v2\/pages\/4\/revisions"}],"predecessor-version":[{"id":473,"href":"https:\/\/e-doc.univ-avignon.fr\/hygiene-securite\/wp-json\/wp\/v2\/pages\/4\/revisions\/473"}],"wp:attachment":[{"href":"https:\/\/e-doc.univ-avignon.fr\/hygiene-securite\/wp-json\/wp\/v2\/media?parent=4"}],"curies":[{"name":"wp","href":"https:\/\/api.w.org\/{rel}","templated":true}]}}