{"id":4,"date":"2024-08-27T17:51:00","date_gmt":"2024-08-27T15:51:00","guid":{"rendered":"https:\/\/e-doc.univ-avignon.fr\/institut-agrosciences-environnement-et-sante\/?page_id=4"},"modified":"2026-02-27T10:14:57","modified_gmt":"2026-02-27T09:14:57","slug":"accueil","status":"publish","type":"page","link":"https:\/\/e-doc.univ-avignon.fr\/institut-agrosciences-environnement-et-sante\/","title":{"rendered":"Institut AgES &#8211; Agrosciences, Environnement et Sant\u00e9"},"content":{"rendered":"\n<p>Bienvenue<\/p>\n\n\n\n<p class=\"has-text-align-left has-electric-grass-gradient-background has-background has-small-font-size\"><br>Directeur de l\u2019Institut AgES St\u00e9phane NOTTIN<br>Directrice administrative Fanny ANDRE<br>Assistante de direction Jenny SERON<br>Directrice adjointe aux formations S\u00e9verine SUCHAIL<br>Directrice adjointe relations internationales Val\u00e9rie TOMAO<br>Directeur adjoint \u00e0 la recherche Christine PEPIN<br>Directeur adjoint \u00e0 la professionnalisation Daniel GOURION<br>Contr\u00f4leur de Gestion NN<br>Responsable p\u00f4le gestion des CER Victoria CORBALAN<br>Responsable p\u00f4le gestion des \u00e9tudes Florence LEAUTIER<br>Gestionnaire administrative appui RH Alicia LORRE<\/p>\n\n\n\n<h2 class=\"wp-block-heading has-medium-font-size\" style=\"text-decoration:underline\">Organigramme:<\/h2>\n\n\n\n<ul class=\"wp-block-list\">\n<li>Organigramme mutualis\u00e9 de l&rsquo;Institut AgES<\/li>\n<\/ul>\n\n\n\n<h2 class=\"wp-block-heading has-medium-font-size\" style=\"text-decoration:underline\">Adresses g\u00e9n\u00e9riques :<\/h2>\n\n\n\n<p class=\"has-small-font-size\" style=\"text-decoration:none\"><strong>dir-ages@univ-avignon.fr <\/strong>: jenny.seron@univ-avignon.fr;fanny.andre@univ-avignon.fr;stephane.nottin@univ-avignon.fr<\/p>\n\n\n\n<p class=\"has-small-font-size\" style=\"text-decoration:none\"><strong>equipe-dir-ages@univ-avignon.fr<\/strong> : jenny.seron@univ-avignon.fr; fanny.andre@univ-avignon.fr; severine.suchail@univ-avignon.fr;stephane.nottin@univ-avignon.fr; christine.pepin@univ-avignon.fr;<br>daniel.gourion@univ-avignon.fr; valerie.tomao@univ-avignon.fr<\/p>\n\n\n\n<p class=\"has-luminous-vivid-orange-color has-text-color has-background has-link-color has-medium-font-size wp-elements-311aa33c1f48e6fbc767be15d775fa75\" style=\"background:linear-gradient(135deg,rgb(122,220,180) 0%,rgb(22,140,97) 100%)\"><strong><a href=\"http:\/\/e-doc.univ-avignon.fr\/institut-agrosciences-environnement-et-sante\/wp-content\/uploads\/sites\/56\/2025\/12\/Tableau_responsabilites_AgES_2025-26.pdf\">Tableau R\u00e9capitulatif de l&rsquo;Institut AgES<\/a><\/strong><\/p>\n\n\n\n<p class=\"has-luminous-vivid-orange-color has-vivid-green-cyan-background-color has-text-color has-background has-link-color has-medium-font-size wp-elements-694e728e7e9461ae6e4742bc934558dd\"><strong><a href=\"http:\/\/e-doc.univ-avignon.fr\/institut-agrosciences-environnement-et-sante\/wp-content\/uploads\/sites\/56\/2025\/08\/Memo_AgES_rentree2025.pdf\">M\u00e9mo Institut AgES<\/a><\/strong><\/p>\n\n\n\n<h2 class=\"wp-block-heading has-luminous-vivid-orange-color has-light-green-cyan-background-color has-text-color has-background has-link-color has-medium-font-size wp-elements-6b6417c40eff62573bc7840277f13a79\" style=\"text-decoration:underline\"><a href=\"http:\/\/e-doc.univ-avignon.fr\/institut-agrosciences-environnement-et-sante\/wp-content\/uploads\/sites\/56\/2025\/01\/I.AgES-Serre-file-20252.pdf\">Proc\u00e9dure \u00e9vacuation b\u00e2timent A &amp; B Institut AgES<\/a><\/h2>\n\n\n\n<h2 class=\"wp-block-heading has-luminous-vivid-orange-color has-electric-grass-gradient-background has-text-color has-background has-link-color has-medium-font-size wp-elements-6aeb928ef83e0d414661779b5277f3b7\" style=\"text-decoration:underline\"><a href=\"https:\/\/e-doc.univ-avignon.fr\/ufr-ip-sts\/wp-content\/uploads\/sites\/14\/2025\/04\/procedure-emploi-du-temps-5.pdf\">Proc\u00e9dure validation EDT<\/a><\/h2>\n\n\n\n<p><\/p>\n","protected":false},"excerpt":{"rendered":"<p>Bienvenue Directeur de l\u2019Institut AgES St\u00e9phane NOTTINDirectrice administrative Fanny ANDREAssistante de direction Jenny SERONDirectrice adjointe aux formations S\u00e9verine SUCHAILDirectrice adjointe relations internationales Val\u00e9rie TOMAODirecteur adjoint \u00e0 la recherche Christine PEPINDirecteur adjoint \u00e0 la professionnalisation Daniel GOURIONContr\u00f4leur de Gestion NNResponsable p\u00f4le gestion des CER Victoria CORBALANResponsable p\u00f4le gestion des \u00e9tudes Florence LEAUTIERGestionnaire administrative appui RH Alicia &hellip; <a href=\"https:\/\/e-doc.univ-avignon.fr\/institut-agrosciences-environnement-et-sante\/\" class=\"more-link\">Continuer la lecture de <span class=\"screen-reader-text\">Institut AgES &#8211; Agrosciences, Environnement et Sant\u00e9<\/span><\/a><\/p>\n","protected":false},"author":9548,"featured_media":0,"parent":0,"menu_order":0,"comment_status":"closed","ping_status":"closed","template":"","meta":{"footnotes":""},"class_list":["post-4","page","type-page","status-publish","hentry"],"_links":{"self":[{"href":"https:\/\/e-doc.univ-avignon.fr\/institut-agrosciences-environnement-et-sante\/wp-json\/wp\/v2\/pages\/4","targetHints":{"allow":["GET"]}}],"collection":[{"href":"https:\/\/e-doc.univ-avignon.fr\/institut-agrosciences-environnement-et-sante\/wp-json\/wp\/v2\/pages"}],"about":[{"href":"https:\/\/e-doc.univ-avignon.fr\/institut-agrosciences-environnement-et-sante\/wp-json\/wp\/v2\/types\/page"}],"author":[{"embeddable":true,"href":"https:\/\/e-doc.univ-avignon.fr\/institut-agrosciences-environnement-et-sante\/wp-json\/wp\/v2\/users\/9548"}],"replies":[{"embeddable":true,"href":"https:\/\/e-doc.univ-avignon.fr\/institut-agrosciences-environnement-et-sante\/wp-json\/wp\/v2\/comments?post=4"}],"version-history":[{"count":32,"href":"https:\/\/e-doc.univ-avignon.fr\/institut-agrosciences-environnement-et-sante\/wp-json\/wp\/v2\/pages\/4\/revisions"}],"predecessor-version":[{"id":607,"href":"https:\/\/e-doc.univ-avignon.fr\/institut-agrosciences-environnement-et-sante\/wp-json\/wp\/v2\/pages\/4\/revisions\/607"}],"wp:attachment":[{"href":"https:\/\/e-doc.univ-avignon.fr\/institut-agrosciences-environnement-et-sante\/wp-json\/wp\/v2\/media?parent=4"}],"curies":[{"name":"wp","href":"https:\/\/api.w.org\/{rel}","templated":true}]}}