{"id":4,"date":"2018-11-27T14:37:36","date_gmt":"2018-11-27T13:37:36","guid":{"rendered":"https:\/\/e-doc.univ-avignon.fr\/snptes-unsa-education\/?page_id=4"},"modified":"2022-02-19T17:56:34","modified_gmt":"2022-02-19T16:56:34","slug":"maintenance","status":"publish","type":"page","link":"https:\/\/e-doc.univ-avignon.fr\/snptes-unsa-education\/","title":{"rendered":"SNPTES"},"content":{"rendered":"\n<div class=\"wp-block-image\"><figure class=\"aligncenter size-full\"><img loading=\"lazy\" decoding=\"async\" width=\"558\" height=\"82\" src=\"https:\/\/e-doc.univ-avignon.fr\/snptes-unsa-education\/wp-content\/uploads\/sites\/38\/2022\/02\/Bandeau-1_SNPTES.png\" alt=\"\" class=\"wp-image-12\" srcset=\"https:\/\/e-doc.univ-avignon.fr\/snptes-unsa-education\/wp-content\/uploads\/sites\/38\/2022\/02\/Bandeau-1_SNPTES.png 558w, https:\/\/e-doc.univ-avignon.fr\/snptes-unsa-education\/wp-content\/uploads\/sites\/38\/2022\/02\/Bandeau-1_SNPTES-300x44.png 300w\" sizes=\"auto, (max-width: 558px) 100vw, 558px\" \/><\/figure><\/div>\n\n\n\n<h2 class=\"wp-block-heading\" id=\"delegue-du-snptes\">D\u00e9l\u00e9gu\u00e9 du SNPTES<\/h2>\n\n\n\n<p><strong>D\u00e9l\u00e9gu\u00e9 SNPTES<\/strong><br>Ludovic BERNARD<br>Campus Hannah Arendt<br>Bureau OE03<br>T\u00e9l. 04 90 16 25 03<br><a href=\"melA('ludovic.bernard','','','univ-avignon.fr');\">ludovic.bernard@univ-avignon.fr<\/a> <br><a href=\"melA('snptes','','','univ-avignon.fr ');\">snptes@univ-avignon.fr<\/a><\/p>\n\n\n\n<p><strong>D\u00e9l\u00e9gu\u00e9e adjointe SNPTES<\/strong><br>C\u00e9line JOLIOT<br>Campus Jean-Henri Fabre<br>Bureau B223 (Chimie)<br>T\u00e9l. 04 90 14 44 23<br><a href=\"melA('celine.joliot','','','univ-avignon.fr');\">celine.joliot@univ-avignon.fr<\/a><\/p>\n\n\n\n<p><strong>Secr\u00e9taire acad\u00e9mique adjoint SNPTES<\/strong><br>Emmanuel PETITCOLAS<br>Campus Jean-Henri Fabre<br>Bureau B223 (Chimie)<br>T\u00e9l. 04 90 14 44 56<br><a href=\"melA('emmanuel.petitcolas','','','univ-avignon.fr');\">emmanuel.petitcolas@univ-avignon.fr<\/a><\/p>\n\n\n\n<p><strong>SITE INSTITUTIONNEL :<\/strong> <a href=\"https:\/\/www.snptes.fr\/\">https:\/\/www.snptes.fr\/<\/a><\/p>\n\n\n\n<h2 class=\"wp-block-heading\" id=\"vos-representants\">Vos repr\u00e9sentants :<\/h2>\n\n\n\n<p><strong><em>Conseil d&rsquo;administration (CA) :<\/em><\/strong> Ludovic Bernard \/ Fanny Andr\u00e9<\/p>\n\n\n\n<p><strong><em>Commission recherche (CR) : <\/em><\/strong><br>Coll\u00e8ge E : Sandrine Laurent \/ Emmanuel Petitcolas \/ C\u00e9line Joliot<br>Coll\u00e8ge F : Victoria Videau \/ Virginie Montelle<\/p>\n\n\n\n<p><em><strong>Commission de la Formation et de la Vie Universitaire (CFVU) :<\/strong><\/em> Florence Leautier \/ Herv\u00e9 Ramone<\/p>\n\n\n\n<p><strong><em>Comit\u00e9 technique (CT) :<\/em><\/strong> <br><em>Titulaires :<\/em> Ludovic Bernard \/ Fanny Andr\u00e9 \/ S\u00e9bastien Nion \/ Alexandra Paumier \/ Fabien Monnet \/ Sophie Malbec<br><em>Suppl\u00e9ants : <\/em>Sandrine Gayrard \/ Florence Leautier \/ Cyril Ginoux \/ Margherita Marras \/ Jean-pierre Boumaza \/ Emmanuel Petitcolas<\/p>\n\n\n\n<p><strong><em>Comit\u00e9 d&rsquo;hygi\u00e8ne de s\u00e9curit\u00e9 et des conditions de travail (CHSCT) : <\/em><\/strong><br><em>Titulaire :<\/em> C\u00e9line Joliot \/ S\u00e9bastien Nion \/ Sandrine Gayrard <br><em>Suppl\u00e9ant :<\/em> Sylvie Jouanard \/ Emmanuel Petitcolas \/ Jean-pierre Boumaza<\/p>\n","protected":false},"excerpt":{"rendered":"<p>D\u00e9l\u00e9gu\u00e9 du SNPTES D\u00e9l\u00e9gu\u00e9 SNPTESLudovic BERNARDCampus Hannah ArendtBureau OE03T\u00e9l. 04 90 16 25 03ludovic.bernard@univ-avignon.fr snptes@univ-avignon.fr D\u00e9l\u00e9gu\u00e9e adjointe SNPTESC\u00e9line JOLIOTCampus Jean-Henri FabreBureau B223 (Chimie)T\u00e9l. 04 90 14 44 23celine.joliot@univ-avignon.fr Secr\u00e9taire acad\u00e9mique adjoint SNPTESEmmanuel PETITCOLASCampus Jean-Henri FabreBureau B223 (Chimie)T\u00e9l. 04 90 14 44 56emmanuel.petitcolas@univ-avignon.fr SITE INSTITUTIONNEL : https:\/\/www.snptes.fr\/ Vos repr\u00e9sentants : Conseil d&rsquo;administration (CA) : Ludovic Bernard &hellip; <a href=\"https:\/\/e-doc.univ-avignon.fr\/snptes-unsa-education\/\" class=\"more-link\">Continuer la lecture de <span class=\"screen-reader-text\">SNPTES<\/span><\/a><\/p>\n","protected":false},"author":32,"featured_media":0,"parent":0,"menu_order":0,"comment_status":"closed","ping_status":"closed","template":"","meta":{"footnotes":""},"class_list":["post-4","page","type-page","status-publish","hentry"],"_links":{"self":[{"href":"https:\/\/e-doc.univ-avignon.fr\/snptes-unsa-education\/wp-json\/wp\/v2\/pages\/4","targetHints":{"allow":["GET"]}}],"collection":[{"href":"https:\/\/e-doc.univ-avignon.fr\/snptes-unsa-education\/wp-json\/wp\/v2\/pages"}],"about":[{"href":"https:\/\/e-doc.univ-avignon.fr\/snptes-unsa-education\/wp-json\/wp\/v2\/types\/page"}],"author":[{"embeddable":true,"href":"https:\/\/e-doc.univ-avignon.fr\/snptes-unsa-education\/wp-json\/wp\/v2\/users\/32"}],"replies":[{"embeddable":true,"href":"https:\/\/e-doc.univ-avignon.fr\/snptes-unsa-education\/wp-json\/wp\/v2\/comments?post=4"}],"version-history":[{"count":4,"href":"https:\/\/e-doc.univ-avignon.fr\/snptes-unsa-education\/wp-json\/wp\/v2\/pages\/4\/revisions"}],"predecessor-version":[{"id":15,"href":"https:\/\/e-doc.univ-avignon.fr\/snptes-unsa-education\/wp-json\/wp\/v2\/pages\/4\/revisions\/15"}],"wp:attachment":[{"href":"https:\/\/e-doc.univ-avignon.fr\/snptes-unsa-education\/wp-json\/wp\/v2\/media?parent=4"}],"curies":[{"name":"wp","href":"https:\/\/api.w.org\/{rel}","templated":true}]}}