{"id":448,"date":"2022-10-18T11:37:44","date_gmt":"2022-10-18T09:37:44","guid":{"rendered":"https:\/\/e-doc.univ-avignon.fr\/ufr-ip-deg\/?page_id=448"},"modified":"2022-11-21T10:59:59","modified_gmt":"2022-11-21T09:59:59","slug":"examen-dacces-au-centre-regional-de-formation-professionnelle-d-avocats","status":"publish","type":"page","link":"https:\/\/e-doc.univ-avignon.fr\/ufr-ip-deg\/examen-dacces-au-centre-regional-de-formation-professionnelle-d-avocats\/","title":{"rendered":"Examen d&rsquo;acc\u00e8s au Centre R\u00e9gional de Formation Professionnelle d&rsquo; Avocats 2022"},"content":{"rendered":"\n<p><a href=\"https:\/\/e-doc.univ-avignon.fr\/ufr-ip-deg\/wp-content\/uploads\/sites\/26\/2022\/06\/Arrete-n\u00b02022-01-DEG-portant-nomination-des-membres-du-jury-de-lexamen-dacces-au-CEFPA-session-2022.pdf\">Arr\u00eat\u00e9 n\u00b02022-01-DEG- portant nomination des membres du jury de l&rsquo;examen d&rsquo;acc\u00e8s au CEFPA &#8211;&nbsp;&nbsp; session 2022<\/a><\/p>\n\n\n\n<p><a href=\"https:\/\/e-doc.univ-avignon.fr\/ufr-ip-deg\/wp-content\/uploads\/sites\/26\/2022\/06\/Arrete-n\u00b02022-02-DEG-de-nomination-du-secretariat-du-jury-de-la-session-2022-de-lexamen-dentree-au-CRFPA.pdf\">Arr\u00eat\u00e9 n\u00b02022-02-DEG- de nomination du secr\u00e9tariat du jury de la session 2022 de l&rsquo;examen d&rsquo;entr\u00e9e au CRFPA<\/a><\/p>\n\n\n\n<p><a href=\"https:\/\/e-doc.univ-avignon.fr\/ufr-ip-deg\/wp-content\/uploads\/sites\/26\/2022\/07\/Arrete-n\u00b02022-03-DEG-determinant-les-dates-des-epreuves-dadmission-de-la-session-2022-de-lexamen-dentree-au-CRFPA-.pdf\">Arr\u00eat\u00e9 n\u00b02022-03-DEG d\u00e9terminant les dates des \u00e9preuves d&rsquo;admission de la session 2022 de l&rsquo;examen d&rsquo;entr\u00e9e au CRFPA<\/a><\/p>\n\n\n\n<p><\/p>\n\n\n\n<p><strong>Examen d&rsquo;acc\u00e8s au Centre R\u00e9gional de Formation Professionnelle d&rsquo;Avocats<\/strong> <strong>2021<\/strong><\/p>\n\n\n\n<p><a href=\"https:\/\/e-doc.univ-avignon.fr\/ufr-ip-deg\/wp-content\/uploads\/sites\/26\/2021\/10\/Arrete.n\u00b0-2021-03-DEG-Determinant-les-dates-des-epreuves-dadmission-de-la-session-2021-de-lexamen-dentree-au-CRFPA.pdf\">Arr\u00eat\u00e9 n\u00b0 2021-03-DEG D\u00e9terminant les dates des \u00e9preuves d&rsquo;admission de la session 2021 de l&rsquo;examen d&rsquo;entr\u00e9e au CRFPA<\/a><\/p>\n\n\n\n<p><a href=\"https:\/\/e-doc.univ-avignon.fr\/ufr-ip-deg\/wp-content\/uploads\/sites\/26\/2021\/07\/Arrete-n\u00b02021-02-DEG-relatif-a-la-nomination-du-secretariat-du-jury-de-la-session-2021-de-lexamen-dentree-au-CRFPA.pdf\">Arr\u00eat\u00e9 n\u00b02021-02-DEG relatif \u00e0 la nomination du secr\u00e9tariat du jury de la session 2021 de l&rsquo;examen d&rsquo;entr\u00e9e au CRFPA<\/a><\/p>\n\n\n\n<p><a href=\"https:\/\/e-doc.univ-avignon.fr\/ufr-ip-deg\/wp-content\/uploads\/sites\/26\/2021\/07\/Arrete-n\u00b02021-04-SES-portant-nomination-des-membres-du-jury-dacces-au-CRFPA-session-2021.pdf\">Arr\u00eat\u00e9 n\u00b02021-04-SES portant nomination des membres du jury d&rsquo;acc\u00e8s au CRFPA-session 2021<\/a><\/p>\n","protected":false},"excerpt":{"rendered":"<p>Arr\u00eat\u00e9 n\u00b02022-01-DEG- portant nomination des membres du jury de l&rsquo;examen d&rsquo;acc\u00e8s au CEFPA &#8211;&nbsp;&nbsp; session 2022 Arr\u00eat\u00e9 n\u00b02022-02-DEG- de nomination du secr\u00e9tariat du jury de la session 2022 de l&rsquo;examen d&rsquo;entr\u00e9e au CRFPA Arr\u00eat\u00e9 n\u00b02022-03-DEG d\u00e9terminant les dates des \u00e9preuves d&rsquo;admission de la session 2022 de l&rsquo;examen d&rsquo;entr\u00e9e au CRFPA Examen d&rsquo;acc\u00e8s au Centre R\u00e9gional &hellip; <a href=\"https:\/\/e-doc.univ-avignon.fr\/ufr-ip-deg\/examen-dacces-au-centre-regional-de-formation-professionnelle-d-avocats\/\" class=\"more-link\">Continuer la lecture de <span class=\"screen-reader-text\">Examen d&rsquo;acc\u00e8s au Centre R\u00e9gional de Formation Professionnelle d&rsquo; Avocats 2022<\/span><\/a><\/p>\n","protected":false},"author":591,"featured_media":0,"parent":0,"menu_order":0,"comment_status":"closed","ping_status":"closed","template":"","meta":{"footnotes":""},"class_list":["post-448","page","type-page","status-publish","hentry"],"_links":{"self":[{"href":"https:\/\/e-doc.univ-avignon.fr\/ufr-ip-deg\/wp-json\/wp\/v2\/pages\/448","targetHints":{"allow":["GET"]}}],"collection":[{"href":"https:\/\/e-doc.univ-avignon.fr\/ufr-ip-deg\/wp-json\/wp\/v2\/pages"}],"about":[{"href":"https:\/\/e-doc.univ-avignon.fr\/ufr-ip-deg\/wp-json\/wp\/v2\/types\/page"}],"author":[{"embeddable":true,"href":"https:\/\/e-doc.univ-avignon.fr\/ufr-ip-deg\/wp-json\/wp\/v2\/users\/591"}],"replies":[{"embeddable":true,"href":"https:\/\/e-doc.univ-avignon.fr\/ufr-ip-deg\/wp-json\/wp\/v2\/comments?post=448"}],"version-history":[{"count":4,"href":"https:\/\/e-doc.univ-avignon.fr\/ufr-ip-deg\/wp-json\/wp\/v2\/pages\/448\/revisions"}],"predecessor-version":[{"id":485,"href":"https:\/\/e-doc.univ-avignon.fr\/ufr-ip-deg\/wp-json\/wp\/v2\/pages\/448\/revisions\/485"}],"wp:attachment":[{"href":"https:\/\/e-doc.univ-avignon.fr\/ufr-ip-deg\/wp-json\/wp\/v2\/media?parent=448"}],"curies":[{"name":"wp","href":"https:\/\/api.w.org\/{rel}","templated":true}]}}